{"id":1067,"date":"2025-03-27T14:35:17","date_gmt":"2025-03-27T13:35:17","guid":{"rendered":"https:\/\/chimicalombarda.com\/carbodiimides\/"},"modified":"2025-05-12T10:26:51","modified_gmt":"2025-05-12T08:26:51","slug":"polycarbodiimid","status":"publish","type":"page","link":"https:\/\/chimicalombarda.com\/de\/polycarbodiimid\/","title":{"rendered":"Carbodiimides &#8211; Polycarbodiimid-Vernetzer"},"content":{"rendered":"<div class=\"wpb-content-wrapper\"><p>[vc_row full_width=&#8220;stretch_row_content_no_spaces&#8220; css=&#8220;.vc_custom_1743427819737{background-color: #030F0E !important;}&#8220;][vc_column][video_background_gradient background_type=&#8220;immagine&#8220; gradient_rule=&#8220;radial-gradient(circle, rgba(3,15,14,0.3617822128851541) 0%, rgba(3,15,14,1) 45%)&#8220; background_image=&#8220;549&#8243;][vc_row_inner][vc_column_inner width=&#8220;5\/12&#8243;]<div class=\"empty-space-custom\" data-id=\"empty_space_custom_1\"><\/div><div class=\"label-container  inverted\"><div class=\"label\"><i class=\"fa fa-chevron-right\"><\/i> <span>Polycarbodiimid-Vernetzer<\/span><\/div><\/div><div class=\"empty-space-custom\" data-id=\"empty_space_custom_2\"><\/div><div class=\"testo-responsive-container decorative-border\" data-id=\"responsive_text_1\"><h1 class=\"testo-responsive\"><strong>Polycarbodiimid-Vernetzer: H\u00f6chste Performance bei minimaler Toxizit\u00e4t<\/strong><br>\n<\/h1><\/div><div class=\"empty-space-custom\" data-id=\"empty_space_custom_3\"><\/div>[\/vc_column_inner][vc_column_inner width=&#8220;7\/12&#8243;][\/vc_column_inner][\/vc_row_inner][vc_row_inner][vc_column_inner css=&#8220;.vc_custom_1741773509985{padding-top: 0px !important;padding-bottom: 0px !important;background-color: #FFFFFF1A !important;}&#8220;]<div class=\"empty-space-custom\" data-id=\"empty_space_custom_4\"><\/div>[\/vc_column_inner][\/vc_row_inner]<div class=\"empty-space-custom\" data-id=\"empty_space_custom_5\"><\/div>[\/video_background_gradient][\/vc_column][\/vc_row][vc_row full_width=&#8220;stretch_row&#8220; css=&#8220;.vc_custom_1741629619116{background-color: #030F0E !important;}&#8220;][vc_column width=&#8220;1\/6&#8243;][\/vc_column][vc_column width=&#8220;4\/6&#8243;]<div class=\"label-container text-center inverted\"><div class=\"label\"><i class=\"fa fa-chevron-right\"><\/i> <span>Polycarbodiimidharze auf Wasserbasis<\/span><\/div><\/div><div class=\"empty-space-custom\" data-id=\"empty_space_custom_6\"><\/div><div class=\"testo-responsive-container\" data-id=\"responsive_text_2\"><h3 class=\"testo-responsive\">Die <strong>Carbodiimide von Chimica Lombarda<\/strong> sind wasserbasierte Polycarbodiimid-Harze mit hydrophilen Segmenten und der funktionellen Gruppe <strong>[-N=C=N-]<\/strong>.<br>\nSie sind <strong>hochreaktive Crosslinker mit geringer Toxizit\u00e4t<\/strong>, die mit <strong>Carboxylgruppen<\/strong> reagieren. Die Vernetzung erfolgt bereits bei <strong>Raumtemperatur<\/strong> oder kann durch moderate Hitzeeinwirkung beschleunigt werden.<br>\n<\/h3><\/div><div class=\"empty-space-custom\" data-id=\"empty_space_custom_7\"><\/div><div class=\"testo-responsive-container\" data-id=\"responsive_text_3\"><p class=\"testo-responsive\">Die Vernetzung wird in der Beschichtungsindustrie h\u00e4ufig eingesetzt, um die Verschlei\u00dffestigkeit, Abriebfestigkeit, chemische Best\u00e4ndigkeit und Z\u00e4higkeit zu verbessern. Unsere Carbodiimid-Vernetzer (CDIs) bieten eine nachhaltige und dennoch leistungsstarke Alternative f\u00fcr Formulierer in der Farben- und Lackindustrie, die darauf abzielen, die Umweltbelastung zu reduzieren und gleichzeitig eine au\u00dfergew\u00f6hnliche Leistungsqualit\u00e4t zu erhalten.<br>\n<\/p><\/div><div class=\"empty-space-custom\" data-id=\"empty_space_custom_8\"><\/div>[\/vc_column][vc_column width=&#8220;1\/6&#8243;][\/vc_column][\/vc_row][vc_row full_width=&#8220;stretch_row&#8220; css=&#8220;.vc_custom_1741777323755{background-color: #030F0E !important;}&#8220;][vc_column css=&#8220;.vc_custom_1741778561208{padding-top: 0px !important;}&#8220;]<div class=\"buttons-container\" data-id=\"buttons-container_1\"><a class=\"button  \" data-id=\"button_1\" target=\"\" href=\"\"><img decoding=\"async\" src=\"https:\/\/chimicalombarda.com\/wp-content\/uploads\/2025\/03\/innovazione.svg\" alt=\"icon\" \/><span>Innovation<br>\n<\/span><\/a><a class=\"button  \" data-id=\"button_2\" target=\"\" href=\"\"><img decoding=\"async\" src=\"https:\/\/chimicalombarda.com\/wp-content\/uploads\/2025\/03\/affidabilita.svg\" alt=\"icon\" \/><span>Verl\u00e4sslichkeit<br>\n<\/span><\/a><a class=\"button  \" data-id=\"button_3\" target=\"\" href=\"\"><img decoding=\"async\" src=\"https:\/\/chimicalombarda.com\/wp-content\/uploads\/2025\/03\/performance.svg\" alt=\"icon\" \/><span>Leistung<br>\n<\/span><\/a><\/div><div class=\"empty-space-custom\" data-id=\"empty_space_custom_9\"><\/div>[\/vc_column][\/vc_row][vc_row full_width=&#8220;stretch_row_content_no_spaces&#8220; css=&#8220;.vc_custom_1741805581506{background-color: #030F0E !important;}&#8220;][vc_column][video_background_gradient video_url=&#8220;https:\/\/chimicalombarda.com\/wp-content\/uploads\/2025\/03\/Video_header.mp4&#8243; gradient_rule=&#8220;linear-gradient(0deg, rgba(3,15,14,0.36738445378151263) 0%, rgba(3,15,14,1) 58%)&#8220;]<div class=\"empty-space-custom\" data-id=\"empty_space_custom_10\"><\/div>[vc_row_inner][vc_column_inner width=&#8220;7\/12&#8243;]<div class=\"label-container  inverted\"><div class=\"label\"><i class=\"fa fa-chevron-right\"><\/i> <span>Vorteile<\/span><\/div><\/div><div class=\"empty-space-custom\" data-id=\"empty_space_custom_11\"><\/div><div class=\"testo-responsive-container\" data-id=\"responsive_text_4\"><h2 class=\"testo-responsive\"><br>\n<h2>Vorteile gegen\u00fcber herk\u00f6mmlichen Cross-Linkern<\/h2>\n\n<\/h2><\/div><div class=\"empty-space-custom\" data-id=\"empty_space_custom_12\"><\/div><a class=\"button  \" data-id=\"button_4\" target=\"_blank\" href=\"https:\/\/chimicalombarda.com\/wp-content\/uploads\/2025\/04\/Cross-Linking_Agents_v5_Digital.pdf\"><img decoding=\"async\" src=\"https:\/\/chimicalombarda.com\/wp-content\/uploads\/2025\/03\/world-yellow-1.svg\" alt=\"icon\" \/><span>Pdf herunterladen<br>\n<\/span><\/a>[\/vc_column_inner][vc_column_inner width=&#8220;5\/12&#8243;]<div class=\"padding-container\" data-id=\"padding-container_1\"><div class=\"empty-space-custom\" data-id=\"empty_space_custom_13\"><\/div><div class=\"testo-responsive-container\" data-id=\"responsive_text_5\"><p class=\"testo-responsive\">Im Vergleich zu herk\u00f6mmlichen Vernetzern wie Aziridinen, Isocyanaten und Melaminen bieten Polycarbodiimide mehrere entscheidende Vorteile:<br>\n<\/p><\/div><div class=\"empty-space-custom\" data-id=\"empty_space_custom_14\"><\/div><div class=\"testo-responsive-container\" data-id=\"responsive_text_6\"><div class=\"testo-responsive\"><br>\n<ul>\n<li>Sie sind weit weniger empfindlich gegen\u00fcber Wasser.<\/li>\n<li>Sie erreichen eine l\u00e4ngere Topfzeit.<\/li>\n<\/ul>\n\n<\/div><\/div><\/div>[\/vc_column_inner][\/vc_row_inner][vc_row_inner][vc_column_inner]<div class=\"empty-space-custom\" data-id=\"empty_space_custom_15\"><\/div>[\/vc_column_inner][\/vc_row_inner]<div class=\"empty-space-custom\" data-id=\"empty_space_custom_16\"><\/div>[\/video_background_gradient][\/vc_column][\/vc_row][vc_row][vc_column]<div class=\"empty-space-custom\" data-id=\"empty_space_custom_17\"><\/div>[vc_row_inner el_class=&#8220;d-flex flex-column flex-md-row&#8220;][vc_column_inner el_class=&#8220;order-2 order-md-1&#8243; width=&#8220;1\/2&#8243;]<div class=\"label-container \"><div class=\"label\"><i class=\"fa fa-chevron-right\"><\/i> <span>Anwendung in Beschichtungen:<\/span><\/div><\/div><div class=\"empty-space-custom\" data-id=\"empty_space_custom_18\"><\/div><div class=\"testo-responsive-container\" data-id=\"responsive_text_7\"><p class=\"testo-responsive\">Unsere Carbodiimide sind hochreaktive, wenig toxische Vernetzungsmittel, die mit polymeren Harzen und Bindemitteln reagieren, die Carboxylgruppen enthalten. Sie gew\u00e4hrleisten die Vernetzung bei Raumtemperatur oder h\u00f6her, je nach der gew\u00fcnschten Reaktionsgeschwindigkeit.<br>\n<\/p><\/div><div class=\"empty-space-custom\" data-id=\"empty_space_custom_19\"><\/div><div class=\"testo-responsive-container\" data-id=\"responsive_text_8\"><p class=\"testo-responsive\"><strong>Key Advantages<\/strong><br>\n<\/p><\/div><div class=\"testo-responsive-container\" data-id=\"responsive_text_9\"><p class=\"testo-responsive\">Zu unserem Portfolio geh\u00f6ren auch Carbodiimid-Additive, die die Haftung auf verschiedenen Substraten erh\u00f6hen und die Anti-Hydrolyse-Eigenschaften von Harzen, wie z. B. Polyester und Epoxidharze, verbessern, indem sie sie vor dem Abbau durch Hydrolyse sch\u00fctzen und die Wasseraufnahmef\u00e4higkeit verringern.<br>\n<\/p><\/div>[\/vc_column_inner][vc_column_inner el_class=&#8220;order-1 order-md-2&#8243; width=&#8220;1\/2&#8243;]<div class=\"padding-container\" data-id=\"padding-container_2\"><div class=\" responsive-image\" data-id=\"responsive_image_1\"><div class=\"responsive-image-wrapper\"><img decoding=\"async\" class=\"img-fluid d-none d-sm-inline-block\" src=\"https:\/\/chimicalombarda.com\/wp-content\/uploads\/2025\/03\/Senza-titolo-1.jpg\" alt=\"ACRALINK products\" title=\"ACRALINK products\"><img decoding=\"async\" class=\"img-fluid d-inline-block d-sm-none\" src=\"https:\/\/chimicalombarda.com\/wp-content\/uploads\/2025\/03\/Senza-titolo-1.jpg\" alt=\"ACRALINK products\" title=\"ACRALINK products\"><\/div><\/div><\/div><div class=\"empty-space-custom\" data-id=\"empty_space_custom_20\"><\/div>[\/vc_column_inner][\/vc_row_inner]<div class=\"empty-space-custom\" data-id=\"empty_space_custom_21\"><\/div>[\/vc_column][\/vc_row][vc_row][vc_column]<div class=\"empty-space-custom\" data-id=\"empty_space_custom_22\"><\/div>[vc_row_inner][vc_column_inner width=&#8220;1\/2&#8243;]<div class=\"padding-container\" data-id=\"padding-container_3\"><div class=\" responsive-image\" data-id=\"responsive_image_2\"><div class=\"responsive-image-wrapper\"><img decoding=\"async\" class=\"img-fluid d-none d-sm-inline-block\" src=\"https:\/\/chimicalombarda.com\/wp-content\/uploads\/2025\/03\/water-base.jpg\" alt=\"\" title=\"water-base\"><img decoding=\"async\" class=\"img-fluid d-inline-block d-sm-none\" src=\"https:\/\/chimicalombarda.com\/wp-content\/uploads\/2025\/03\/water-base.jpg\" alt=\"\" title=\"water-base\"><\/div><\/div><\/div><div class=\"empty-space-custom\" data-id=\"empty_space_custom_23\"><\/div>[\/vc_column_inner][vc_column_inner width=&#8220;1\/2&#8243;]<div class=\"label-container \"><div class=\"label\"><i class=\"fa fa-chevron-right\"><\/i> <span>Eigenschaften &amp; Vorteile im \u00dcberblick:<\/span><\/div><\/div><div class=\"empty-space-custom\" data-id=\"empty_space_custom_24\"><\/div><div class=\"testo-responsive-container\" data-id=\"responsive_text_10\"><p class=\"testo-responsive\"><br>\n<ol>\n<li>Nicht toxisch oder nur gering toxisch<\/li>\n<li>Umweltfreundlich (VOC-frei)<\/li>\n<li>Sehr lange Topfzeit (Lagestabilit\u00e4t)<\/li>\n<li>Einfach in der Anwendung (kein Vormischen n\u00f6tig)<\/li>\n<li>Chemikalien- &amp; wasserbest\u00e4ndig<\/li>\n<li>Verbesserte Haftung<\/li>\n<li>Exzellente Hydrolysebest\u00e4ndigkeit<\/li>\n<li>Gute Flexibilit\u00e4t<\/li>\n<\/ol>\n\n<\/p><\/div><div class=\"empty-space-custom\" data-id=\"empty_space_custom_25\"><\/div>[\/vc_column_inner][\/vc_row_inner]<div class=\"empty-space-custom\" data-id=\"empty_space_custom_26\"><\/div>[vc_row_inner][vc_column_inner css=&#8220;.vc_custom_1741804441771{background-color: #FFFFFF1A !important;}&#8220;]<div class=\"empty-space-custom\" data-id=\"empty_space_custom_27\"><\/div>[\/vc_column_inner][\/vc_row_inner][\/vc_column][\/vc_row][vc_row][vc_column]<div class=\"empty-space-custom\" data-id=\"empty_space_custom_28\"><\/div>[vc_row_inner el_class=&#8220;d-flex flex-column flex-md-row&#8220;][vc_column_inner el_class=&#8220;order-2 order-md-1&#8243; width=&#8220;1\/2&#8243;]<div class=\"label-container \"><div class=\"label\"><i class=\"fa fa-chevron-right\"><\/i> <span>Nachhaltige Innovation<\/span><\/div><\/div><div class=\"empty-space-custom\" data-id=\"empty_space_custom_29\"><\/div><div class=\"testo-responsive-container\" data-id=\"responsive_text_11\"><p class=\"testo-responsive\">Wer sich f\u00fcr die Polycarbodiimide von Chimica Lombarda entscheidet, entscheidet sich f\u00fcr ein Produkt, das Innovation, Leistung und Umweltfreundlichkeit vereint. Diese Produkte sind perfekt f\u00fcr die Herausforderungen moderner Anwendungen geeignet und lassen sich an ein breites Spektrum von Industriesektoren anpassen.<br>\nDank ihrer innovativen Formulierung verbinden unsere CDIs die Effizienz der Vernetzung mit einer geringeren Umweltbelastung und tragen so zu nachhaltigen Produktionsprozessen bei, die der Vision unseres Unternehmens entsprechen.<br>\n<\/p><\/div><div class=\"empty-space-custom\" data-id=\"empty_space_custom_30\"><\/div><a class=\"button  \" data-id=\"button_5\" target=\"_blank\" href=\"https:\/\/chimicalombarda.com\/wp-content\/uploads\/2025\/03\/Cross-Linking_Agents.pdf\"><img decoding=\"async\" src=\"https:\/\/chimicalombarda.com\/wp-content\/uploads\/2025\/03\/world-yellow-1.svg\" alt=\"icon\" \/><span>Download pdf<br>\n<\/span><\/a>[\/vc_column_inner][vc_column_inner el_class=&#8220;order-1 order-md-2&#8243; width=&#8220;1\/2&#8243;]<div class=\"padding-container\" data-id=\"padding-container_4\"><div class=\" responsive-image\" data-id=\"responsive_image_3\"><div class=\"responsive-image-wrapper\"><img decoding=\"async\" class=\"img-fluid d-none d-sm-inline-block\" src=\"https:\/\/chimicalombarda.com\/wp-content\/uploads\/2025\/03\/akralink.jpg\" alt=\"\" title=\"akralink\"><img decoding=\"async\" class=\"img-fluid d-inline-block d-sm-none\" src=\"https:\/\/chimicalombarda.com\/wp-content\/uploads\/2025\/03\/akralink.jpg\" alt=\"\" title=\"akralink\"><\/div><\/div><\/div><div class=\"empty-space-custom\" data-id=\"empty_space_custom_31\"><\/div>[\/vc_column_inner][\/vc_row_inner]<div class=\"empty-space-custom\" data-id=\"empty_space_custom_32\"><\/div>[\/vc_column][\/vc_row]<\/p>\n<\/div>","protected":false},"excerpt":{"rendered":"<p>[vc_row full_width=&#8220;stretch_row_content_no_spaces&#8220; css=&#8220;.vc_custom_1743427819737{background-color: #030F0E !important;}&#8220;][vc_column][video_background_gradient background_type=&#8220;immagine&#8220; gradient_rule=&#8220;radial-gradient(circle, rgba(3,15,14,0.3617822128851541) 0%, rgba(3,15,14,1) 45%)&#8220; background_image=&#8220;549&#8243;][vc_row_inner][vc_column_inner width=&#8220;5\/12&#8243;][\/vc_column_inner][vc_column_inner width=&#8220;7\/12&#8243;][\/vc_column_inner][\/vc_row_inner][vc_row_inner][vc_column_inner css=&#8220;.vc_custom_1741773509985{padding-top: 0px !important;padding-bottom: 0px !important;background-color: #FFFFFF1A !important;}&#8220;][\/vc_column_inner][\/vc_row_inner][\/video_background_gradient][\/vc_column][\/vc_row][vc_row full_width=&#8220;stretch_row&#8220; css=&#8220;.vc_custom_1741629619116{background-color: #030F0E !important;}&#8220;][vc_column width=&#8220;1\/6&#8243;][\/vc_column][vc_column width=&#8220;4\/6&#8243;][\/vc_column][vc_column width=&#8220;1\/6&#8243;][\/vc_column][\/vc_row][vc_row full_width=&#8220;stretch_row&#8220; css=&#8220;.vc_custom_1741777323755{background-color: #030F0E !important;}&#8220;][vc_column css=&#8220;.vc_custom_1741778561208{padding-top: 0px !important;}&#8220;][\/vc_column][\/vc_row][vc_row full_width=&#8220;stretch_row_content_no_spaces&#8220; css=&#8220;.vc_custom_1741805581506{background-color: #030F0E !important;}&#8220;][vc_column][video_background_gradient video_url=&#8220;https:\/\/chimicalombarda.com\/wp-content\/uploads\/2025\/03\/Video_header.mp4&#8243; gradient_rule=&#8220;linear-gradient(0deg, rgba(3,15,14,0.36738445378151263) 0%, rgba(3,15,14,1) 58%)&#8220;][vc_row_inner][vc_column_inner width=&#8220;7\/12&#8243;][\/vc_column_inner][vc_column_inner width=&#8220;5\/12&#8243;][\/vc_column_inner][\/vc_row_inner][vc_row_inner][vc_column_inner][\/vc_column_inner][\/vc_row_inner][\/video_background_gradient][\/vc_column][\/vc_row][vc_row][vc_column][vc_row_inner el_class=&#8220;d-flex flex-column flex-md-row&#8220;][vc_column_inner el_class=&#8220;order-2 order-md-1&#8243; width=&#8220;1\/2&#8243;][\/vc_column_inner][vc_column_inner el_class=&#8220;order-1 order-md-2&#8243; [&hellip;]<\/p>\n","protected":false},"author":4,"featured_media":0,"parent":0,"menu_order":0,"comment_status":"closed","ping_status":"closed","template":"","meta":{"_acf_changed":false,"inline_featured_image":false,"footnotes":""},"class_list":["post-1067","page","type-page","status-publish","hentry"],"acf":[],"aioseo_notices":[],"_links":{"self":[{"href":"https:\/\/chimicalombarda.com\/de\/wp-json\/wp\/v2\/pages\/1067","targetHints":{"allow":["GET"]}}],"collection":[{"href":"https:\/\/chimicalombarda.com\/de\/wp-json\/wp\/v2\/pages"}],"about":[{"href":"https:\/\/chimicalombarda.com\/de\/wp-json\/wp\/v2\/types\/page"}],"author":[{"embeddable":true,"href":"https:\/\/chimicalombarda.com\/de\/wp-json\/wp\/v2\/users\/4"}],"replies":[{"embeddable":true,"href":"https:\/\/chimicalombarda.com\/de\/wp-json\/wp\/v2\/comments?post=1067"}],"version-history":[{"count":2,"href":"https:\/\/chimicalombarda.com\/de\/wp-json\/wp\/v2\/pages\/1067\/revisions"}],"predecessor-version":[{"id":1256,"href":"https:\/\/chimicalombarda.com\/de\/wp-json\/wp\/v2\/pages\/1067\/revisions\/1256"}],"wp:attachment":[{"href":"https:\/\/chimicalombarda.com\/de\/wp-json\/wp\/v2\/media?parent=1067"}],"curies":[{"name":"wp","href":"https:\/\/api.w.org\/{rel}","templated":true}]}}