{"id":1069,"date":"2025-03-25T12:28:18","date_gmt":"2025-03-25T11:28:18","guid":{"rendered":"https:\/\/chimicalombarda.com\/certifications\/"},"modified":"2025-05-12T10:26:52","modified_gmt":"2025-05-12T08:26:52","slug":"zertifizierungen","status":"publish","type":"page","link":"https:\/\/chimicalombarda.com\/de\/zertifizierungen\/","title":{"rendered":"Zertifizierungen"},"content":{"rendered":"<div class=\"wpb-content-wrapper\"><p>[vc_row full_width=&#8220;stretch_row_content_no_spaces&#8220; css=&#8220;.vc_custom_1743178615351{background-color: #030F0E !important;}&#8220;][vc_column][video_background_gradient background_type=&#8220;immagine&#8220; background_image=&#8220;203&#8243;][vc_row_inner][vc_column_inner width=&#8220;5\/12&#8243;]<div class=\"empty-space-custom\" data-id=\"empty_space_custom_1\"><\/div><div class=\"label-container  inverted\"><div class=\"label\"><i class=\"fa fa-chevron-right\"><\/i> <span>Zertifizierungen<\/span><\/div><\/div><div class=\"empty-space-custom\" data-id=\"empty_space_custom_2\"><\/div><div class=\"testo-responsive-container decorative-border\" data-id=\"responsive_text_1\"><h1 class=\"testo-responsive\"><br>\n<h2><strong>Unsere Zertifizierungen: Ein Synonym f\u00fcr Exzellenz und st\u00e4ndige Weiterentwicklung<\/strong><\/h2>\n\n<\/h1><\/div><div class=\"empty-space-custom\" data-id=\"empty_space_custom_3\"><\/div>[\/vc_column_inner][vc_column_inner width=&#8220;7\/12&#8243;][\/vc_column_inner][\/vc_row_inner][vc_row_inner][vc_column_inner css=&#8220;.vc_custom_1741773509985{padding-top: 0px !important;padding-bottom: 0px !important;background-color: #FFFFFF1A !important;}&#8220;]<div class=\"empty-space-custom\" data-id=\"empty_space_custom_4\"><\/div>[\/vc_column_inner][\/vc_row_inner]<div class=\"empty-space-custom\" data-id=\"empty_space_custom_5\"><\/div>[\/video_background_gradient][\/vc_column][\/vc_row][vc_row full_width=&#8220;stretch_row&#8220; css=&#8220;.vc_custom_1741629619116{background-color: #030F0E !important;}&#8220;][vc_column width=&#8220;1\/6&#8243;][\/vc_column][vc_column width=&#8220;4\/6&#8243;]<div class=\"label-container  inverted\"><div class=\"label\"><i class=\"fa fa-chevron-right\"><\/i> <span>Wir sind stolz auf unsere ISO 9001-Zertifizierung<\/span><\/div><\/div><div class=\"empty-space-custom\" data-id=\"empty_space_custom_6\"><\/div><div class=\"testo-responsive-container\" data-id=\"responsive_text_2\"><p class=\"testo-responsive\">Zertifizierungen sind f\u00fcr Chimica Lombarda ein <strong>greifbarer Beweis f\u00fcr Qualit\u00e4t und Verl\u00e4sslichkeit<\/strong> \u2013 und ein klares Bekenntnis zu kontinuierlicher Verbesserung.<br>\nWir sind stolz, nach <strong>ISO 9001<\/strong> zertifiziert zu sein \u2013 ein internationaler Standard, der die Qualit\u00e4t unseres Managementsystems und unserer Produktionsprozesse best\u00e4tigt.<br \/>\nDiese Zertifizierung garantiert:<br>\n<ul>\n<li>optimierte Verfahren<\/li>\n<li>strenge Qualit\u00e4tskontrollen<\/li>\n<li>konsequente Kundenorientierung<\/li>\n<\/ul>\n\n<\/p><\/div><div class=\"empty-space-custom\" data-id=\"empty_space_custom_7\"><\/div>[\/vc_column][vc_column width=&#8220;1\/6&#8243;][\/vc_column][\/vc_row][vc_row full_width=&#8220;stretch_row&#8220; css=&#8220;.vc_custom_1741777323755{background-color: #030F0E !important;}&#8220;][vc_column css=&#8220;.vc_custom_1741778561208{padding-top: 0px !important;}&#8220;]<div class=\"buttons-container\" data-id=\"buttons-container_1\"><a class=\"button  \" data-id=\"button_1\" target=\"\" href=\"\"><img decoding=\"async\" src=\"https:\/\/chimicalombarda.com\/wp-content\/uploads\/2025\/03\/innovazione.svg\" alt=\"icon\" \/><span>Innovations<br>\n<\/span><\/a><a class=\"button  \" data-id=\"button_2\" target=\"\" href=\"\"><img decoding=\"async\" src=\"https:\/\/chimicalombarda.com\/wp-content\/uploads\/2025\/03\/affidabilita.svg\" alt=\"icon\" \/><span>Verl\u00e4sslichkeit<br>\n<\/span><\/a><a class=\"button  \" data-id=\"button_3\" target=\"\" href=\"\"><img decoding=\"async\" src=\"https:\/\/chimicalombarda.com\/wp-content\/uploads\/2025\/03\/performance.svg\" alt=\"icon\" \/><span>Leistung<br>\n<\/span><\/a><\/div><div class=\"empty-space-custom\" data-id=\"empty_space_custom_8\"><\/div>[\/vc_column][\/vc_row][vc_row full_width=&#8220;stretch_row&#8220; disable_element=&#8220;yes&#8220; css=&#8220;.vc_custom_1742899665532{background-color: #030F0E !important;}&#8220;][vc_column width=&#8220;1\/6&#8243;][\/vc_column][vc_column width=&#8220;4\/6&#8243;]<div class=\"testo-responsive-container\" data-id=\"responsive_text_3\"><p class=\"testo-responsive\">Every choice we make, from our production processes to our product portfolio, is guided by respect for the environment and a commitment to creating value for our customers.<br>\n<\/p><\/div><div class=\"empty-space-custom\" data-id=\"empty_space_custom_9\"><\/div>[\/vc_column][vc_column width=&#8220;1\/6&#8243;][\/vc_column][\/vc_row][vc_row full_width=&#8220;stretch_row&#8220; css=&#8220;.vc_custom_1741796339207{background-color: #030F0E !important;}&#8220;][vc_column css=&#8220;.vc_custom_1741796244727{background-color: #FFFFFF1A !important;}&#8220;]<div class=\"empty-space-custom\" data-id=\"empty_space_custom_10\"><\/div>[\/vc_column][\/vc_row][vc_row full_width=&#8220;stretch_row&#8220; disable_element=&#8220;yes&#8220; css=&#8220;.vc_custom_1742548178820{background-color: #030F0E !important;}&#8220;][vc_column]<div class=\"empty-space-custom\" data-id=\"empty_space_custom_11\"><\/div>[vc_row_inner][vc_column_inner width=&#8220;1\/3&#8243;]<div class=\"label-container  inverted\"><div class=\"label\"><i class=\"fa fa-chevron-right\"><\/i> <span>Mercati coperti<\/span><\/div><\/div><div class=\"empty-space-custom\" data-id=\"empty_space_custom_12\"><\/div><div class=\"testo-responsive-container decorative-border\" data-id=\"responsive_text_4\"><h3 class=\"testo-responsive\">Il <strong>nostro mercato<\/strong> non si limita a quello italiano<br>\n<\/h3><\/div><div class=\"empty-space-custom\" data-id=\"empty_space_custom_13\"><\/div><div class=\"testo-responsive-container\" data-id=\"responsive_text_5\"><p class=\"testo-responsive\">Siamo anche presenti a <strong>livello internazionale<\/strong> in Turchia, Messico, Cina e India, nonch\u00e9 in Medio Oriente e nell\u2019Europa Centrale. Al fine di garantire un servizio puntuale ed efficiente collaboriamo con agenti e partner al fine di sviluppare soluzioni su misura ad hoc per i <strong>formulatori e gli utilizzatori locali<\/strong>.<br>\n<\/p><\/div><div class=\"empty-space-custom\" data-id=\"empty_space_custom_14\"><\/div><a class=\"button  \" data-id=\"button_4\" target=\"\" href=\"#\"><img decoding=\"async\" src=\"https:\/\/chimicalombarda.com\/wp-content\/uploads\/2025\/03\/become-partner.svg\" alt=\"icon\" \/><span>Diventa partner<br>\n<\/span><\/a>[\/vc_column_inner][vc_column_inner width=&#8220;2\/3&#8243;]<div class=\"empty-space-custom\" data-id=\"empty_space_custom_15\"><\/div><div class=\"padding-container\" data-id=\"padding-container_1\"><div class=\" responsive-image\" data-id=\"responsive_image_1\"><div class=\"responsive-image-wrapper\"><img decoding=\"async\" class=\"img-fluid d-none d-sm-inline-block\" src=\"https:\/\/chimicalombarda.com\/wp-content\/uploads\/2025\/03\/mappa.svg\" alt=\"\" title=\"mappa\"><img decoding=\"async\" class=\"img-fluid d-inline-block d-sm-none\" src=\"https:\/\/chimicalombarda.com\/wp-content\/uploads\/2025\/03\/mappa.svg\" alt=\"\" title=\"mappa\"><\/div><\/div><\/div>[\/vc_column_inner][\/vc_row_inner]<div class=\"empty-space-custom\" data-id=\"empty_space_custom_16\"><\/div>[vc_row_inner][vc_column_inner css=&#8220;.vc_custom_1741804441771{background-color: #FFFFFF1A !important;}&#8220;]<div class=\"empty-space-custom\" data-id=\"empty_space_custom_17\"><\/div>[\/vc_column_inner][\/vc_row_inner][\/vc_column][\/vc_row][vc_row full_width=&#8220;stretch_row_content_no_spaces&#8220; css=&#8220;.vc_custom_1741805581506{background-color: #030F0E !important;}&#8220;][vc_column][video_background_gradient video_url=&#8220;https:\/\/chimicalombarda.com\/wp-content\/uploads\/2025\/03\/Video_header.mp4&#8243; gradient_rule=&#8220;linear-gradient(0deg, rgba(3,15,14,0.36738445378151263) 0%, rgba(3,15,14,1) 58%)&#8220;]<div class=\"empty-space-custom\" data-id=\"empty_space_custom_18\"><\/div>[vc_row_inner][vc_column_inner width=&#8220;7\/12&#8243;]<div class=\"label-container  inverted\"><div class=\"label\"><i class=\"fa fa-chevron-right\"><\/i> <span>Die Zertifizierung nach ISO 45001<\/span><\/div><\/div><div class=\"empty-space-custom\" data-id=\"empty_space_custom_19\"><\/div><div class=\"testo-responsive-container\" data-id=\"responsive_text_6\"><h1 class=\"testo-responsive\">Der Umsetzungsprozess f\u00fcr die Zertifizierung nach ISO 45001 ist derzeit im Gange<br>\n<\/h1><\/div><div class=\"empty-space-custom\" data-id=\"empty_space_custom_20\"><\/div><a class=\"button  \" data-id=\"button_5\" target=\"_blank\" href=\"https:\/\/chimicalombarda.com\/wp-content\/uploads\/2025\/04\/Certificato-ISO-9001-2024.pdf\"><img decoding=\"async\" src=\"https:\/\/chimicalombarda.com\/wp-content\/uploads\/2025\/03\/industria-cartaria.svg\" alt=\"icon\" \/><span>Pdf herunterladen<br>\n<\/span><\/a>[\/vc_column_inner][vc_column_inner width=&#8220;5\/12&#8243;]<div class=\"padding-container\" data-id=\"padding-container_2\"><div class=\"empty-space-custom\" data-id=\"empty_space_custom_21\"><\/div><div class=\"testo-responsive-container\" data-id=\"responsive_text_7\"><p class=\"testo-responsive\">Doch unser Engagement geht weiter:<br \/>\nAktuell implementieren wir das Managementsystem gem\u00e4\u00df <strong>ISO 45001<\/strong>, dessen Zertifizierung f\u00fcr <strong>September 2025<\/strong> geplant ist.<br>\nDieser Standard bezieht sich auf die <strong>Sicherheit und Gesundheit am Arbeitsplatz<\/strong> \u2013 ein klares Zeichen unseres Bestrebens, ein sicheres und gesch\u00fctztes Arbeitsumfeld zu schaffen.<br>\n<\/p><\/div><\/div>[\/vc_column_inner][\/vc_row_inner]<div class=\"empty-space-custom\" data-id=\"empty_space_custom_22\"><\/div>[vc_row_inner][vc_column_inner]<div class=\"empty-space-custom\" data-id=\"empty_space_custom_23\"><\/div><div class=\"label-container  inverted\"><div class=\"label\"><i class=\"fa fa-chevron-right\"><\/i> <span>Engagement f\u00fcr kontinuierliche Verbesserung<\/span><\/div><\/div><div class=\"empty-space-custom\" data-id=\"empty_space_custom_24\"><\/div><div class=\"testo-responsive-container\" data-id=\"responsive_text_8\"><h1 class=\"testo-responsive\">Unerm\u00fcdliches Engagement f\u00fcr kontinuierliche Verbesserung<br>\n<\/h1><\/div><div class=\"empty-space-custom\" data-id=\"empty_space_custom_25\"><\/div><div class=\"testo-responsive-container\" data-id=\"responsive_text_9\"><p class=\"testo-responsive\">Die Erlangung dieser Zertifizierungen wird durch kontinuierliche Investitionen in Schulungen, fortschrittliche Technologien und interne Audits unterst\u00fctzt. Chimica Lombarda ist bestrebt, seine Prozesse st\u00e4ndig zu verbessern, und zeigt damit sein unerm\u00fcdliches Engagement f\u00fcr kontinuierliche Verbesserungen. Diese Anerkennungen positionieren das Unternehmen als zuverl\u00e4ssigen und innovativen Partner, der in der Lage ist, die Anforderungen eines zunehmend anspruchsvollen und regulierten Marktes zu erf\u00fcllen.<br>\n<\/p><\/div><div class=\"empty-space-custom\" data-id=\"empty_space_custom_26\"><\/div>[\/vc_column_inner][\/vc_row_inner]<div class=\"empty-space-custom\" data-id=\"empty_space_custom_27\"><\/div>[vc_row_inner equal_height=&#8220;yes&#8220; css=&#8220;.vc_custom_1741970712250{background-color: #FFFFFF33 !important;}&#8220; el_class=&#8220;border-radius-12&#8243;][vc_column_inner width=&#8220;1\/2&#8243; css=&#8220;.vc_custom_1743423933249{padding-top: 16px !important;padding-bottom: 16px !important;padding-left: 24px !important;}&#8220;]<div class=\"testo-responsive-container\" data-id=\"responsive_text_10\"><div class=\"testo-responsive has-icon\"><img decoding=\"async\" src=\"https:\/\/chimicalombarda.com\/wp-content\/uploads\/2025\/03\/consulenza.svg\" alt=\"icon\" \/><span>Beratung anfordern<br>\n<\/span><\/div><\/div>[\/vc_column_inner][vc_column_inner width=&#8220;1\/2&#8243; css=&#8220;.vc_custom_1743423943489{padding-top: 16px !important;padding-right: 24px !important;padding-bottom: 16px !important;}&#8220;]<div class=\"buttons-container\" data-id=\"buttons-container_2\"><a class=\"button  \" data-id=\"button_6\" target=\"\" href=\"https:\/\/chimicalombarda.com\/de\/kontakt\/\"><img decoding=\"async\" src=\"https:\/\/chimicalombarda.com\/wp-content\/uploads\/2025\/03\/mess.svg\" alt=\"icon\" \/><span>Kontaktieren Sie uns<br>\n<\/span><\/a><\/div>[\/vc_column_inner][\/vc_row_inner][\/video_background_gradient]<div class=\"empty-space-custom\" data-id=\"empty_space_custom_28\"><\/div>[\/vc_column][\/vc_row][vc_row full_width=&#8220;stretch_row_content_no_spaces&#8220;][vc_column][vc_row_inner el_class=&#8220;border-radius-12&#8243;][vc_column_inner offset=&#8220;vc_hidden-lg vc_hidden-md&#8220;][vc_single_image image=&#8220;298&#8243; img_size=&#8220;56&#215;56&#8243; alignment=&#8220;center&#8220; css=&#8220;.vc_custom_1741971004838{margin-bottom: 0px !important;}&#8220;]<div class=\"testo-responsive-container\" data-id=\"responsive_text_11\"><div class=\"testo-responsive\">Richiedi una consulenza<br>\n<\/div><\/div><div class=\"buttons-container\" data-id=\"buttons-container_3\"><a class=\"button  \" data-id=\"button_7\" target=\"\" href=\"#\"><img decoding=\"async\" src=\"https:\/\/chimicalombarda.com\/wp-content\/uploads\/2025\/03\/mess.svg\" alt=\"icon\" \/><span>Contattaci<br>\n<\/span><\/a><\/div>[\/vc_column_inner][\/vc_row_inner][\/vc_column][\/vc_row]<\/p>\n<\/div>","protected":false},"excerpt":{"rendered":"<p>[vc_row full_width=&#8220;stretch_row_content_no_spaces&#8220; css=&#8220;.vc_custom_1743178615351{background-color: #030F0E !important;}&#8220;][vc_column][video_background_gradient background_type=&#8220;immagine&#8220; background_image=&#8220;203&#8243;][vc_row_inner][vc_column_inner width=&#8220;5\/12&#8243;][\/vc_column_inner][vc_column_inner width=&#8220;7\/12&#8243;][\/vc_column_inner][\/vc_row_inner][vc_row_inner][vc_column_inner css=&#8220;.vc_custom_1741773509985{padding-top: 0px !important;padding-bottom: 0px !important;background-color: #FFFFFF1A !important;}&#8220;][\/vc_column_inner][\/vc_row_inner][\/video_background_gradient][\/vc_column][\/vc_row][vc_row full_width=&#8220;stretch_row&#8220; css=&#8220;.vc_custom_1741629619116{background-color: #030F0E !important;}&#8220;][vc_column width=&#8220;1\/6&#8243;][\/vc_column][vc_column width=&#8220;4\/6&#8243;][\/vc_column][vc_column width=&#8220;1\/6&#8243;][\/vc_column][\/vc_row][vc_row full_width=&#8220;stretch_row&#8220; css=&#8220;.vc_custom_1741777323755{background-color: #030F0E !important;}&#8220;][vc_column css=&#8220;.vc_custom_1741778561208{padding-top: 0px !important;}&#8220;][\/vc_column][\/vc_row][vc_row full_width=&#8220;stretch_row&#8220; disable_element=&#8220;yes&#8220; css=&#8220;.vc_custom_1742899665532{background-color: #030F0E !important;}&#8220;][vc_column width=&#8220;1\/6&#8243;][\/vc_column][vc_column width=&#8220;4\/6&#8243;][\/vc_column][vc_column width=&#8220;1\/6&#8243;][\/vc_column][\/vc_row][vc_row full_width=&#8220;stretch_row&#8220; css=&#8220;.vc_custom_1741796339207{background-color: #030F0E !important;}&#8220;][vc_column css=&#8220;.vc_custom_1741796244727{background-color: #FFFFFF1A !important;}&#8220;][\/vc_column][\/vc_row][vc_row full_width=&#8220;stretch_row&#8220; disable_element=&#8220;yes&#8220; css=&#8220;.vc_custom_1742548178820{background-color: #030F0E !important;}&#8220;][vc_column][vc_row_inner][vc_column_inner width=&#8220;1\/3&#8243;][\/vc_column_inner][vc_column_inner width=&#8220;2\/3&#8243;][\/vc_column_inner][\/vc_row_inner][vc_row_inner][vc_column_inner css=&#8220;.vc_custom_1741804441771{background-color: #FFFFFF1A !important;}&#8220;][\/vc_column_inner][\/vc_row_inner][\/vc_column][\/vc_row][vc_row [&hellip;]<\/p>\n","protected":false},"author":4,"featured_media":0,"parent":0,"menu_order":0,"comment_status":"closed","ping_status":"closed","template":"","meta":{"_acf_changed":false,"inline_featured_image":false,"footnotes":""},"class_list":["post-1069","page","type-page","status-publish","hentry"],"acf":[],"aioseo_notices":[],"_links":{"self":[{"href":"https:\/\/chimicalombarda.com\/de\/wp-json\/wp\/v2\/pages\/1069","targetHints":{"allow":["GET"]}}],"collection":[{"href":"https:\/\/chimicalombarda.com\/de\/wp-json\/wp\/v2\/pages"}],"about":[{"href":"https:\/\/chimicalombarda.com\/de\/wp-json\/wp\/v2\/types\/page"}],"author":[{"embeddable":true,"href":"https:\/\/chimicalombarda.com\/de\/wp-json\/wp\/v2\/users\/4"}],"replies":[{"embeddable":true,"href":"https:\/\/chimicalombarda.com\/de\/wp-json\/wp\/v2\/comments?post=1069"}],"version-history":[{"count":2,"href":"https:\/\/chimicalombarda.com\/de\/wp-json\/wp\/v2\/pages\/1069\/revisions"}],"predecessor-version":[{"id":1243,"href":"https:\/\/chimicalombarda.com\/de\/wp-json\/wp\/v2\/pages\/1069\/revisions\/1243"}],"wp:attachment":[{"href":"https:\/\/chimicalombarda.com\/de\/wp-json\/wp\/v2\/media?parent=1069"}],"curies":[{"name":"wp","href":"https:\/\/api.w.org\/{rel}","templated":true}]}}