{"id":1071,"date":"2025-03-25T12:31:49","date_gmt":"2025-03-25T11:31:49","guid":{"rendered":"https:\/\/chimicalombarda.com\/company\/"},"modified":"2025-05-12T10:26:51","modified_gmt":"2025-05-12T08:26:51","slug":"unternehmen","status":"publish","type":"page","link":"https:\/\/chimicalombarda.com\/de\/unternehmen\/","title":{"rendered":"Company &#8211; unternehmen"},"content":{"rendered":"<div class=\"wpb-content-wrapper\"><p>[vc_row full_width=&#8220;stretch_row_content_no_spaces&#8220; css=&#8220;.vc_custom_1743425449929{background-color: #030F0E !important;}&#8220;][vc_column][video_background_gradient background_type=&#8220;immagine&#8220; background_image=&#8220;368&#8243;][vc_row_inner][vc_column_inner width=&#8220;5\/12&#8243;]<div class=\"empty-space-custom\" data-id=\"empty_space_custom_1\"><\/div><div class=\"label-container  inverted\"><div class=\"label\"><i class=\"fa fa-chevron-right\"><\/i> <span>Unternehmen <\/span><\/div><\/div><div class=\"empty-space-custom\" data-id=\"empty_space_custom_2\"><\/div><div class=\"testo-responsive-container decorative-border\" data-id=\"responsive_text_1\"><h1 class=\"testo-responsive\"><strong>Chimica Lombarda: \u00dcber drei Jahrzehnte Innovation in der Polyurethan- und Crosslinkerproduktion<\/strong><br>\n<\/h1><\/div><div class=\"empty-space-custom\" data-id=\"empty_space_custom_3\"><\/div>[\/vc_column_inner][vc_column_inner width=&#8220;7\/12&#8243;][\/vc_column_inner][\/vc_row_inner][vc_row_inner][vc_column_inner css=&#8220;.vc_custom_1741773509985{padding-top: 0px !important;padding-bottom: 0px !important;background-color: #FFFFFF1A !important;}&#8220;]<div class=\"empty-space-custom\" data-id=\"empty_space_custom_4\"><\/div>[\/vc_column_inner][\/vc_row_inner]<div class=\"empty-space-custom\" data-id=\"empty_space_custom_5\"><\/div>[\/video_background_gradient][\/vc_column][\/vc_row][vc_row full_width=&#8220;stretch_row&#8220; css=&#8220;.vc_custom_1741629619116{background-color: #030F0E !important;}&#8220;][vc_column width=&#8220;1\/6&#8243;][\/vc_column][vc_column width=&#8220;4\/6&#8243;]<div class=\"label-container text-center inverted\"><div class=\"label\"><i class=\"fa fa-chevron-right\"><\/i> <span>Unsere Geschichte<\/span><\/div><\/div><div class=\"empty-space-custom\" data-id=\"empty_space_custom_6\"><\/div><div class=\"testo-responsive-container\" data-id=\"responsive_text_2\"><h3 class=\"testo-responsive\">Chimica Lombarda wurde 1989 gegr\u00fcndet mit dem Ziel, innovative L\u00f6sungen in der Herstellung von Polyurethandispersionen und Vernetzungsmitteln zu liefern.<br>\n<\/h3><\/div><div class=\"empty-space-custom\" data-id=\"empty_space_custom_7\"><\/div><div class=\"testo-responsive-container\" data-id=\"responsive_text_3\"><p class=\"testo-responsive\">Im Laufe der Jahre hat sich das Unternehmen durch eine Philosophie aus:<br>\n<\/p><\/div><div class=\"empty-space-custom\" data-id=\"empty_space_custom_8\"><\/div>[\/vc_column][vc_column width=&#8220;1\/6&#8243;][\/vc_column][\/vc_row][vc_row full_width=&#8220;stretch_row&#8220; css=&#8220;.vc_custom_1741777323755{background-color: #030F0E !important;}&#8220;][vc_column css=&#8220;.vc_custom_1741778561208{padding-top: 0px !important;}&#8220;]<div class=\"buttons-container\" data-id=\"buttons-container_1\"><a class=\"button  \" data-id=\"button_1\" target=\"\" href=\"\"><img decoding=\"async\" src=\"https:\/\/chimicalombarda.com\/wp-content\/uploads\/2025\/03\/innovazione.svg\" alt=\"icon\" \/><span>Innovation<br>\n<\/span><\/a><a class=\"button  \" data-id=\"button_2\" target=\"\" href=\"\"><img decoding=\"async\" src=\"https:\/\/chimicalombarda.com\/wp-content\/uploads\/2025\/03\/affidabilita.svg\" alt=\"icon\" \/><span>Verl\u00e4sslichkeit<br>\n<\/span><\/a><a class=\"button  \" data-id=\"button_3\" target=\"\" href=\"\"><img decoding=\"async\" src=\"https:\/\/chimicalombarda.com\/wp-content\/uploads\/2025\/03\/performance.svg\" alt=\"icon\" \/><span>Leistung<br>\n<\/span><\/a><\/div><div class=\"empty-space-custom\" data-id=\"empty_space_custom_9\"><\/div>[\/vc_column][\/vc_row][vc_row full_width=&#8220;stretch_row&#8220; css=&#8220;.vc_custom_1741629619116{background-color: #030F0E !important;}&#8220;][vc_column width=&#8220;1\/6&#8243;][\/vc_column][vc_column width=&#8220;4\/6&#8243;]<div class=\"testo-responsive-container\" data-id=\"responsive_text_4\"><p class=\"testo-responsive\">Jede Entscheidung, die wir treffen, von den Produktionsverfahren bis zum Produktportfolio, wird von der Achtung der Umwelt und unserem Engagement f\u00fcr die Schaffung von Werten f\u00fcr unsere Kunden geleitet.<br>\n<\/p><\/div><div class=\"empty-space-custom\" data-id=\"empty_space_custom_10\"><\/div>[\/vc_column][vc_column width=&#8220;1\/6&#8243;][\/vc_column][\/vc_row][vc_row full_width=&#8220;stretch_row&#8220; css=&#8220;.vc_custom_1741796339207{background-color: #030F0E !important;}&#8220;][vc_column css=&#8220;.vc_custom_1741796244727{background-color: #FFFFFF1A !important;}&#8220;]<div class=\"empty-space-custom\" data-id=\"empty_space_custom_11\"><\/div>[\/vc_column][\/vc_row][vc_row full_width=&#8220;stretch_row&#8220; css=&#8220;.vc_custom_1741796332587{background-color: #030F0E !important;}&#8220;][vc_column]<div class=\"empty-space-custom\" data-id=\"empty_space_custom_12\"><\/div>[vc_row_inner][vc_column_inner width=&#8220;1\/3&#8243;]<div class=\"label-container  inverted\"><div class=\"label\"><i class=\"fa fa-chevron-right\"><\/i> <span>Gedeckter Markt<\/span><\/div><\/div><div class=\"empty-space-custom\" data-id=\"empty_space_custom_13\"><\/div><div class=\"testo-responsive-container decorative-border\" data-id=\"responsive_text_5\"><h3 class=\"testo-responsive\">Unsere Marktpr\u00e4senz geht \u00fcber Italien hinaus:<br>\n<\/h3><\/div><div class=\"empty-space-custom\" data-id=\"empty_space_custom_14\"><\/div><div class=\"testo-responsive-container\" data-id=\"responsive_text_6\"><p class=\"testo-responsive\">wir sind aktiv in <strong>T\u00fcrkei, Mexiko, China, Indien<\/strong>, im <strong>Nahen Osten<\/strong> und in <strong>Zentraleuropa<\/strong>. Um effizienten und pr\u00e4zisen Service zu garantieren, arbeiten wir mit Agenten und lokalen Partnern zusammen, um ma\u00dfgeschneiderte L\u00f6sungen f\u00fcr Formulierer und Endanwender zu entwickeln.<br>\n<\/p><\/div><div class=\"empty-space-custom\" data-id=\"empty_space_custom_15\"><\/div><a class=\"button  \" data-id=\"button_4\" target=\"\" href=\"https:\/\/chimicalombarda.com\/de\/partner-werden\"><img decoding=\"async\" src=\"https:\/\/chimicalombarda.com\/wp-content\/uploads\/2025\/03\/become-partner.svg\" alt=\"icon\" \/><span>Partner werden<br>\n<\/span><\/a>[\/vc_column_inner][vc_column_inner width=&#8220;2\/3&#8243;]<div class=\"empty-space-custom\" data-id=\"empty_space_custom_16\"><\/div><div class=\"padding-container\" data-id=\"padding-container_1\"><div class=\" responsive-image\" data-id=\"responsive_image_1\"><div class=\"responsive-image-wrapper\"><img decoding=\"async\" class=\"img-fluid d-none d-sm-inline-block\" src=\"https:\/\/chimicalombarda.com\/wp-content\/uploads\/2025\/03\/mappa.svg\" alt=\"\" title=\"mappa\"><img decoding=\"async\" class=\"img-fluid d-inline-block d-sm-none\" src=\"https:\/\/chimicalombarda.com\/wp-content\/uploads\/2025\/03\/mappa.svg\" alt=\"\" title=\"mappa\"><\/div><\/div><\/div>[\/vc_column_inner][\/vc_row_inner]<div class=\"empty-space-custom\" data-id=\"empty_space_custom_17\"><\/div>[vc_row_inner][vc_column_inner css=&#8220;.vc_custom_1741804441771{background-color: #FFFFFF1A !important;}&#8220;]<div class=\"empty-space-custom\" data-id=\"empty_space_custom_18\"><\/div>[\/vc_column_inner][\/vc_row_inner][\/vc_column][\/vc_row][vc_row full_width=&#8220;stretch_row_content_no_spaces&#8220; css=&#8220;.vc_custom_1741805581506{background-color: #030F0E !important;}&#8220;][vc_column][video_background_gradient video_url=&#8220;https:\/\/chimicalombarda.com\/wp-content\/uploads\/2025\/03\/Video_header.mp4&#8243; gradient_rule=&#8220;linear-gradient(0deg, rgba(3,15,14,0.36738445378151263) 0%, rgba(3,15,14,1) 58%)&#8220;]<div class=\"empty-space-custom\" data-id=\"empty_space_custom_19\"><\/div>[vc_row_inner][vc_column_inner width=&#8220;7\/12&#8243; offset=&#8220;vc_hidden-sm vc_hidden-xs&#8220;]<div class=\"label-container  inverted\"><div class=\"label\"><i class=\"fa fa-chevron-right\"><\/i> <span>Unser Engagement f\u00fcr die Umwelt<\/span><\/div><\/div><div class=\"empty-space-custom\" data-id=\"empty_space_custom_20\"><\/div><div class=\"testo-responsive-container\" data-id=\"responsive_text_7\"><h1 class=\"testo-responsive\">Nachhaltigkeit ist das Herzst\u00fcck unseres Auftrags<br>\n<\/h1><\/div><div class=\"empty-space-custom\" data-id=\"empty_space_custom_21\"><\/div><a class=\"button  \" data-id=\"button_5\" target=\"\" href=\"https:\/\/chimicalombarda.com\/de\/nachhaltigkeit\/\"><img decoding=\"async\" src=\"https:\/\/chimicalombarda.com\/wp-content\/uploads\/2025\/03\/world-yellow-1.svg\" alt=\"icon\" \/><span>Umwelt und Nachhaltigkeit<br>\n<\/span><\/a>[\/vc_column_inner][vc_column_inner width=&#8220;5\/12&#8243; offset=&#8220;vc_hidden-sm vc_hidden-xs&#8220;]<div class=\"padding-container\" data-id=\"padding-container_2\"><div class=\"empty-space-custom\" data-id=\"empty_space_custom_22\"><\/div><div class=\"testo-responsive-container\" data-id=\"responsive_text_8\"><p class=\"testo-responsive\">Nachhaltigkeit ist der Herzschlag unserer Mission. Chimica Lombarda entwickelt modernste Produkte zur Reduktion der Umweltbelastung \u2013 durch den Einsatz <strong>bio-basierter Rohstoffe<\/strong> und Technologien, die <strong>Treibhausgasemissionen (CO\u2082)<\/strong> senken.<br>\nDieser Ansatz ist nicht nur ethisch, sondern auch strategisch \u2013 und zeigt, dass Leistung und Umweltverantwortung Hand in Hand gehen k\u00f6nnen.<br>\n<\/p><\/div><\/div>[\/vc_column_inner][\/vc_row_inner][vc_row_inner][vc_column_inner offset=&#8220;vc_hidden-lg vc_hidden-md&#8220;]<div class=\"label-container  inverted\"><div class=\"label\"><i class=\"fa fa-chevron-right\"><\/i> <span>L&#039;impegno verso l&#039;ambiente<\/span><\/div><\/div><div class=\"empty-space-custom\" data-id=\"empty_space_custom_23\"><\/div><div class=\"testo-responsive-container\" data-id=\"responsive_text_9\"><h1 class=\"testo-responsive\">La <strong>sostenibilit\u00e0<\/strong> \u00e8 il cuore pulsante della nostra missione<br>\n<\/h1><\/div><div class=\"empty-space-custom\" data-id=\"empty_space_custom_24\"><\/div><div class=\"testo-responsive-container\" data-id=\"responsive_text_10\"><p class=\"testo-responsive\">Chimica Lombarda ha infatti sviluppato prodotti all\u2019avanguardia che riducono l\u2019impatto ambientale, integrando nei propri processi produttivi, materie prime bio-based e tecnologie abbattano le emissioni in atmosfera di gas serra (CO2). Questo approccio non \u00e8 solo una scelta etica, ma una strategia che ci consente di contribuire concretamente ad un futuro pi\u00f9 verde senza compromettere la qualit\u00e0 e la performance dei nostri prodotti.<br>\n<\/p><\/div><div class=\"empty-space-custom\" data-id=\"empty_space_custom_25\"><\/div><a class=\"button  \" data-id=\"button_6\" target=\"\" href=\"#\"><img decoding=\"async\" src=\"https:\/\/chimicalombarda.com\/wp-content\/uploads\/2025\/03\/world-yellow-1.svg\" alt=\"icon\" \/><span>Ambiente e sostenibilit\u00e0<br>\n<\/span><\/a>[\/vc_column_inner][\/vc_row_inner]<div class=\"empty-space-custom\" data-id=\"empty_space_custom_26\"><\/div>[\/video_background_gradient][\/vc_column][\/vc_row][vc_row][vc_column]<div class=\"empty-space-custom\" data-id=\"empty_space_custom_27\"><\/div>[vc_row_inner el_class=&#8220;d-flex flex-column flex-md-row&#8220;][vc_column_inner el_class=&#8220;order-2 order-md-1&#8243; width=&#8220;1\/2&#8243;]<div class=\"label-container \"><div class=\"label\"><i class=\"fa fa-chevron-right\"><\/i> <span>Unser Team<\/span><\/div><\/div><div class=\"empty-space-custom\" data-id=\"empty_space_custom_28\"><\/div><div class=\"testo-responsive-container decorative-border\" data-id=\"responsive_text_11\"><h3 class=\"testo-responsive\">Die St\u00e4rke von Chimica Lombarda liegt in der Kompetenz ihres Teams<br>\n<\/h3><\/div><div class=\"empty-space-custom\" data-id=\"empty_space_custom_29\"><\/div><div class=\"testo-responsive-container\" data-id=\"responsive_text_12\"><p class=\"testo-responsive\">Die St\u00e4rke von Chimica Lombarda liegt im Know-how unseres Teams. Im Zentrum unserer Arbeit steht ein <strong>Forschungs- und Entwicklungszentrum<\/strong>, in dem chemische Spezialit\u00e4ten und Zwischenprodukte als <strong>zirkul\u00e4re Bausteine<\/strong> f\u00fcr die nachhaltige Industrie von morgen konzipiert und entwickelt werden.<br>\nUnser R&amp;D-Team besteht aus <strong>hochqualifizierten Chemieingenieuren und Anwendungstechnikern<\/strong> \u2013 hier entsteht Innovation im Zeichen der Kreislaufwirtschaft.<br>\n<\/p><\/div>[\/vc_column_inner][vc_column_inner el_class=&#8220;order-1 order-md-2&#8243; width=&#8220;1\/2&#8243;]<div class=\"padding-container\" data-id=\"padding-container_3\"><div class=\" responsive-image\" data-id=\"responsive_image_2\"><div class=\"responsive-image-wrapper\"><img decoding=\"async\" class=\"img-fluid d-none d-sm-inline-block\" src=\"https:\/\/chimicalombarda.com\/wp-content\/uploads\/2025\/03\/Immagine.png\" alt=\"\" title=\"Immagine\"><img decoding=\"async\" class=\"img-fluid d-inline-block d-sm-none\" src=\"https:\/\/chimicalombarda.com\/wp-content\/uploads\/2025\/03\/Immagine.png\" alt=\"\" title=\"Immagine\"><\/div><\/div><\/div><div class=\"empty-space-custom\" data-id=\"empty_space_custom_30\"><\/div>[\/vc_column_inner][\/vc_row_inner]<div class=\"empty-space-custom\" data-id=\"empty_space_custom_31\"><\/div>[\/vc_column][\/vc_row][vc_row][vc_column]<div class=\"empty-space-custom\" data-id=\"empty_space_custom_32\"><\/div>[vc_row_inner][vc_column_inner width=&#8220;1\/2&#8243;]<div class=\"padding-container\" data-id=\"padding-container_4\"><div class=\" responsive-image\" data-id=\"responsive_image_3\"><div class=\"responsive-image-wrapper\"><img decoding=\"async\" class=\"img-fluid d-none d-sm-inline-block\" src=\"https:\/\/chimicalombarda.com\/wp-content\/uploads\/2025\/03\/Immagine-1.png\" alt=\"\" title=\"Immagine (1)\"><img decoding=\"async\" class=\"img-fluid d-inline-block d-sm-none\" src=\"https:\/\/chimicalombarda.com\/wp-content\/uploads\/2025\/03\/Immagine-1.png\" alt=\"\" title=\"Immagine (1)\"><\/div><\/div><\/div><div class=\"empty-space-custom\" data-id=\"empty_space_custom_33\"><\/div>[\/vc_column_inner][vc_column_inner width=&#8220;1\/2&#8243;]<div class=\"label-container \"><div class=\"label\"><i class=\"fa fa-chevron-right\"><\/i> <span>Regulatory-Abteilung<\/span><\/div><\/div><div class=\"empty-space-custom\" data-id=\"empty_space_custom_34\"><\/div><div class=\"testo-responsive-container decorative-border\" data-id=\"responsive_text_13\"><h3 class=\"testo-responsive\">Neben dem F&amp;E-Bereich bietet unsere Regulatory-Abteilung wertvolle Unterst\u00fctzung.<br>\n<\/h3><\/div><div class=\"empty-space-custom\" data-id=\"empty_space_custom_35\"><\/div><div class=\"testo-responsive-container\" data-id=\"responsive_text_14\"><p class=\"testo-responsive\">Dank unseres Regulierungsteams entwickeln wir wasserbasierte Oberfl\u00e4chenbehandlungen, die den regulatorischen Herausforderungen und Umweltauflagen gerecht werden. Dabei verfolgen wir einen mehrstufigen Ansatz, der alle am Endprodukt beteiligten Akteure ber\u00fccksichtigt. Ein spezialisiertes Team unterst\u00fctzt die Beschaffung bei der Suche nach nachhaltigen Lieferanten und Rohstoffen und hilft der Marketingabteilung dabei, sicherzustellen, dass unsere Produkte den internationalen Vorschriften und Branchenspezifikationen entsprechen.<br>\n<\/p><\/div>[\/vc_column_inner][\/vc_row_inner]<div class=\"empty-space-custom\" data-id=\"empty_space_custom_36\"><\/div>[vc_row_inner][vc_column_inner css=&#8220;.vc_custom_1741804441771{background-color: #FFFFFF1A !important;}&#8220;]<div class=\"empty-space-custom\" data-id=\"empty_space_custom_37\"><\/div>[\/vc_column_inner][\/vc_row_inner][\/vc_column][\/vc_row][vc_row full_width=&#8220;stretch_row_content_no_spaces&#8220;][vc_column][video_background_gradient background_type=&#8220;immagine&#8220; background_image=&#8220;203&#8243; gradient_rule=&#8220;linear-gradient( to top, rgba(3, 15, 14, 0.8) 10%, rgba(3, 15, 14, 0) 100% ), linear-gradient( to right, rgba(3, 15, 14, 0.9) 10%, rgba(3, 15, 14, 0) 100% )&#8220;]<div class=\"empty-space-custom\" data-id=\"empty_space_custom_38\"><\/div>[vc_row_inner][vc_column_inner width=&#8220;1\/2&#8243;]<div class=\"label-container  inverted\"><div class=\"label\"><i class=\"fa fa-chevron-right\"><\/i> <span>Zukunftsorientiert<\/span><\/div><\/div><div class=\"empty-space-custom\" data-id=\"empty_space_custom_39\"><\/div><div class=\"testo-responsive-container decorative-border\" data-id=\"responsive_text_15\"><h3 class=\"testo-responsive\">Eine fortschrittsorientierte Zukunft<br>\n<\/h3><\/div><div class=\"empty-space-custom\" data-id=\"empty_space_custom_40\"><\/div><div class=\"testo-responsive-container\" data-id=\"responsive_text_16\"><p class=\"testo-responsive\">Mit solider Erfahrung und einer zukunftsorientierten Vision investiert Chimica Lombarda kontinuierlich in die Ausbildung des Personals und die Entwicklung innovativer und nachhaltiger L\u00f6sungen. Unser Ziel ist es, ein Ma\u00dfstab in der Branche zu bleiben und zu zeigen, dass Tradition und Innovation harmonisch koexistieren k\u00f6nnen, um Leistung zu erbringen und die Qualit\u00e4t der im t\u00e4glichen Leben verwendeten Materialien zu verbessern.<br>\n<\/p><\/div><div class=\"empty-space-custom\" data-id=\"empty_space_custom_41\"><\/div><a class=\"button  \" data-id=\"button_7\" target=\"\" href=\"https:\/\/chimicalombarda.com\/de\/kontakt\/\"><img decoding=\"async\" src=\"https:\/\/chimicalombarda.com\/wp-content\/uploads\/2025\/03\/mess.svg\" alt=\"icon\" \/><span>Kontaktieren Sie uns<br>\n<\/span><\/a>[\/vc_column_inner][vc_column_inner width=&#8220;1\/2&#8243;][\/vc_column_inner][\/vc_row_inner]<div class=\"empty-space-custom\" data-id=\"empty_space_custom_42\"><\/div><div class=\"container-fluid cta\" data-col-base=\"1\"  data-col-lg=\"2\"  data-id=\"cta_1\"><div class=\"row\"><div class=\"col-12 col-lg-6 p-0\"><div><a href=\"https:\/\/chimicalombarda.com\/tr\/sertifikalar\/\"><div class=\"cta-content\"><span>Sertifikalar<\/span><span class=\"label d-inline-block d-md-none\">Discover more<\/span><\/div><\/a><\/div><\/div><div class=\"col-12 col-lg-6 p-0\"><div><a href=\"https:\/\/chimicalombarda.com\/de\/forschung-entwicklung\/\"><div class=\"cta-content\"><span>Forschung und Entwicklung<\/span><span class=\"label d-inline-block d-md-none\">Discover more<\/span><\/div><\/a><\/div><\/div><\/div><\/div><div class=\"empty-space-custom\" data-id=\"empty_space_custom_43\"><\/div>[\/video_background_gradient][\/vc_column][\/vc_row]<\/p>\n<\/div>","protected":false},"excerpt":{"rendered":"<p>[vc_row full_width=&#8220;stretch_row_content_no_spaces&#8220; css=&#8220;.vc_custom_1743425449929{background-color: #030F0E !important;}&#8220;][vc_column][video_background_gradient background_type=&#8220;immagine&#8220; background_image=&#8220;368&#8243;][vc_row_inner][vc_column_inner width=&#8220;5\/12&#8243;][\/vc_column_inner][vc_column_inner width=&#8220;7\/12&#8243;][\/vc_column_inner][\/vc_row_inner][vc_row_inner][vc_column_inner css=&#8220;.vc_custom_1741773509985{padding-top: 0px !important;padding-bottom: 0px !important;background-color: #FFFFFF1A !important;}&#8220;][\/vc_column_inner][\/vc_row_inner][\/video_background_gradient][\/vc_column][\/vc_row][vc_row full_width=&#8220;stretch_row&#8220; css=&#8220;.vc_custom_1741629619116{background-color: #030F0E !important;}&#8220;][vc_column width=&#8220;1\/6&#8243;][\/vc_column][vc_column width=&#8220;4\/6&#8243;][\/vc_column][vc_column width=&#8220;1\/6&#8243;][\/vc_column][\/vc_row][vc_row full_width=&#8220;stretch_row&#8220; css=&#8220;.vc_custom_1741777323755{background-color: #030F0E !important;}&#8220;][vc_column css=&#8220;.vc_custom_1741778561208{padding-top: 0px !important;}&#8220;][\/vc_column][\/vc_row][vc_row full_width=&#8220;stretch_row&#8220; css=&#8220;.vc_custom_1741629619116{background-color: #030F0E !important;}&#8220;][vc_column width=&#8220;1\/6&#8243;][\/vc_column][vc_column width=&#8220;4\/6&#8243;][\/vc_column][vc_column width=&#8220;1\/6&#8243;][\/vc_column][\/vc_row][vc_row full_width=&#8220;stretch_row&#8220; css=&#8220;.vc_custom_1741796339207{background-color: #030F0E !important;}&#8220;][vc_column css=&#8220;.vc_custom_1741796244727{background-color: #FFFFFF1A !important;}&#8220;][\/vc_column][\/vc_row][vc_row full_width=&#8220;stretch_row&#8220; css=&#8220;.vc_custom_1741796332587{background-color: #030F0E !important;}&#8220;][vc_column][vc_row_inner][vc_column_inner width=&#8220;1\/3&#8243;][\/vc_column_inner][vc_column_inner width=&#8220;2\/3&#8243;][\/vc_column_inner][\/vc_row_inner][vc_row_inner][vc_column_inner css=&#8220;.vc_custom_1741804441771{background-color: #FFFFFF1A !important;}&#8220;][\/vc_column_inner][\/vc_row_inner][\/vc_column][\/vc_row][vc_row full_width=&#8220;stretch_row_content_no_spaces&#8220; css=&#8220;.vc_custom_1741805581506{background-color: [&hellip;]<\/p>\n","protected":false},"author":2,"featured_media":0,"parent":0,"menu_order":0,"comment_status":"closed","ping_status":"closed","template":"","meta":{"_acf_changed":false,"inline_featured_image":false,"footnotes":""},"class_list":["post-1071","page","type-page","status-publish","hentry"],"acf":[],"aioseo_notices":[],"_links":{"self":[{"href":"https:\/\/chimicalombarda.com\/de\/wp-json\/wp\/v2\/pages\/1071","targetHints":{"allow":["GET"]}}],"collection":[{"href":"https:\/\/chimicalombarda.com\/de\/wp-json\/wp\/v2\/pages"}],"about":[{"href":"https:\/\/chimicalombarda.com\/de\/wp-json\/wp\/v2\/types\/page"}],"author":[{"embeddable":true,"href":"https:\/\/chimicalombarda.com\/de\/wp-json\/wp\/v2\/users\/2"}],"replies":[{"embeddable":true,"href":"https:\/\/chimicalombarda.com\/de\/wp-json\/wp\/v2\/comments?post=1071"}],"version-history":[{"count":3,"href":"https:\/\/chimicalombarda.com\/de\/wp-json\/wp\/v2\/pages\/1071\/revisions"}],"predecessor-version":[{"id":1258,"href":"https:\/\/chimicalombarda.com\/de\/wp-json\/wp\/v2\/pages\/1071\/revisions\/1258"}],"wp:attachment":[{"href":"https:\/\/chimicalombarda.com\/de\/wp-json\/wp\/v2\/media?parent=1071"}],"curies":[{"name":"wp","href":"https:\/\/api.w.org\/{rel}","templated":true}]}}