{"id":1082,"date":"2025-03-26T17:12:56","date_gmt":"2025-03-26T16:12:56","guid":{"rendered":"https:\/\/chimicalombarda.com\/paper-industry\/"},"modified":"2025-10-03T12:51:29","modified_gmt":"2025-10-03T10:51:29","slug":"papierindustrie","status":"publish","type":"page","link":"https:\/\/chimicalombarda.com\/de\/papierindustrie\/","title":{"rendered":"Paper Industry &#8211; Papierindustrie"},"content":{"rendered":"<div class=\"wpb-content-wrapper\"><p>[vc_row full_width=&#8220;stretch_row_content_no_spaces&#8220; css=&#8220;.vc_custom_1743426413487{background-color: #030F0E !important;}&#8220;][vc_column][video_background_gradient background_type=&#8220;immagine&#8220; background_image=&#8220;553&#8243;][vc_row_inner][vc_column_inner width=&#8220;5\/12&#8243;]<div class=\"empty-space-custom\" data-id=\"empty_space_custom_1\"><\/div><div class=\"label-container  inverted\"><div class=\"label\"><i class=\"fa fa-chevron-right\"><\/i> <span>Papierindustrie<\/span><\/div><\/div><div class=\"empty-space-custom\" data-id=\"empty_space_custom_2\"><\/div><div class=\"testo-responsive-container decorative-border\" data-id=\"responsive_text_1\"><h1 class=\"testo-responsive\">Verbesserung des Papiers durch dauerhafte und umweltvertr\u00e4gliche L\u00f6sungen<br>\n<\/h1><\/div><div class=\"empty-space-custom\" data-id=\"empty_space_custom_3\"><\/div>[\/vc_column_inner][vc_column_inner width=&#8220;7\/12&#8243;][\/vc_column_inner][\/vc_row_inner][vc_row_inner][vc_column_inner css=&#8220;.vc_custom_1741773509985{padding-top: 0px !important;padding-bottom: 0px !important;background-color: #FFFFFF1A !important;}&#8220;]<div class=\"empty-space-custom\" data-id=\"empty_space_custom_4\"><\/div>[\/vc_column_inner][\/vc_row_inner]<div class=\"empty-space-custom\" data-id=\"empty_space_custom_5\"><\/div>[\/video_background_gradient][\/vc_column][\/vc_row][vc_row full_width=&#8220;stretch_row&#8220; css=&#8220;.vc_custom_1741629619116{background-color: #030F0E !important;}&#8220;][vc_column width=&#8220;1\/6&#8243;][\/vc_column][vc_column width=&#8220;4\/6&#8243;]<div class=\"label-container text-center inverted\"><div class=\"label\"><i class=\"fa fa-chevron-right\"><\/i> <span>Papier mit langlebigen und umweltfreundlichen L\u00f6sungen st\u00e4rken<\/span><\/div><\/div><div class=\"empty-space-custom\" data-id=\"empty_space_custom_6\"><\/div><div class=\"testo-responsive-container\" data-id=\"responsive_text_2\"><h3 class=\"testo-responsive\">Die chemischen Produkte von Chimica Lombarda f\u00fcr die Papierindustrie stellen einen bedeutenden Fortschritt dar \u2013 sie kombinieren <strong>hohe Leistung<\/strong> mit <strong>\u00f6kologischer Verantwortung<\/strong>.<br>\n<\/h3><\/div><div class=\"empty-space-custom\" data-id=\"empty_space_custom_7\"><\/div><div class=\"testo-responsive-container\" data-id=\"responsive_text_3\"><p class=\"testo-responsive\">Unsere wasserbasierten Polyurethandispersionen verbessern die funktionellen Eigenschaften von Papier \u2013 z.\u202fB.:<br>\n<ul>\n<li>Schmutzresistenz<\/li>\n<li>mechanische Festigkeit (nass &amp; trocken)<\/li>\n<li>Knickbest\u00e4ndigkeit<\/li>\n<li>Bedruckbarkeit<\/li>\n<li>Wasserabweisung<\/li>\n<\/ul>\nBesonders geeignet sind sie f\u00fcr <strong>Luxuspapier<\/strong>, <strong>beschichtetes Spezialpapier<\/strong> und <strong>Sicherheitsanwendungen<\/strong> (z.\u202fB. Banknoten). Wir entwickeln ma\u00dfgeschneiderte Oberfl\u00e4chenbehandlungen, die langlebige und nachhaltige Ergebnisse liefern.<br>\n<\/p><\/div><div class=\"empty-space-custom\" data-id=\"empty_space_custom_8\"><\/div>[\/vc_column][vc_column width=&#8220;1\/6&#8243;][\/vc_column][\/vc_row][vc_row full_width=&#8220;stretch_row&#8220; css=&#8220;.vc_custom_1741777323755{background-color: #030F0E !important;}&#8220;][vc_column css=&#8220;.vc_custom_1741778561208{padding-top: 0px !important;}&#8220;]<div class=\"buttons-container\" data-id=\"buttons-container_1\"><a class=\"button  \" data-id=\"button_1\" target=\"\" href=\"\"><img decoding=\"async\" src=\"https:\/\/chimicalombarda.com\/wp-content\/uploads\/2025\/03\/innovazione.svg\" alt=\"icon\" \/><span>Innovation<br>\n<\/span><\/a><a class=\"button  \" data-id=\"button_2\" target=\"\" href=\"\"><img decoding=\"async\" src=\"https:\/\/chimicalombarda.com\/wp-content\/uploads\/2025\/03\/affidabilita.svg\" alt=\"icon\" \/><span>Verl\u00e4sslichkeit<br>\n<\/span><\/a><a class=\"button  \" data-id=\"button_3\" target=\"\" href=\"\"><img decoding=\"async\" src=\"https:\/\/chimicalombarda.com\/wp-content\/uploads\/2025\/03\/performance.svg\" alt=\"icon\" \/><span>Leistung<br>\n<\/span><\/a><\/div><div class=\"empty-space-custom\" data-id=\"empty_space_custom_9\"><\/div>[\/vc_column][\/vc_row][vc_row full_width=&#8220;stretch_row_content_no_spaces&#8220; css=&#8220;.vc_custom_1741805581506{background-color: #030F0E !important;}&#8220;][vc_column][video_background_gradient video_url=&#8220;https:\/\/chimicalombarda.com\/wp-content\/uploads\/2025\/03\/Video_header.mp4&#8243; gradient_rule=&#8220;linear-gradient(0deg, rgba(3,15,14,0.36738445378151263) 0%, rgba(3,15,14,1) 58%)&#8220;]<div class=\"empty-space-custom\" data-id=\"empty_space_custom_10\"><\/div>[vc_row_inner][vc_column_inner width=&#8220;7\/12&#8243; offset=&#8220;vc_hidden-sm vc_hidden-xs&#8220;]<div class=\"label-container  inverted\"><div class=\"label\"><i class=\"fa fa-chevron-right\"><\/i> <span>Performance trifft Nachhaltigkeit<\/span><\/div><\/div><div class=\"empty-space-custom\" data-id=\"empty_space_custom_11\"><\/div><div class=\"testo-responsive-container\" data-id=\"responsive_text_4\"><h2 class=\"testo-responsive\">Nachhaltige Polyurethane auf Wasserbasis f\u00fcr ma\u00dfgeschneiderte Papierveredelungen<br>\n<\/h2><\/div><div class=\"empty-space-custom\" data-id=\"empty_space_custom_12\"><\/div><a class=\"button  \" data-id=\"button_4\" target=\"_blank\" href=\"https:\/\/chimicalombarda.com\/wp-content\/uploads\/2025\/10\/Acqueous_Polyurethane_Dispersions_v5_Digital_compressed.pdf\"><img decoding=\"async\" src=\"https:\/\/chimicalombarda.com\/wp-content\/uploads\/2025\/03\/world-yellow-1.svg\" alt=\"icon\" \/><span>Pdf herunterladen<br>\n<\/span><\/a>[\/vc_column_inner][vc_column_inner width=&#8220;5\/12&#8243;]<div class=\"padding-container\" data-id=\"padding-container_1\"><div class=\"empty-space-custom\" data-id=\"empty_space_custom_13\"><\/div><div class=\"testo-responsive-container\" data-id=\"responsive_text_5\"><p class=\"testo-responsive\">Wasserbasierte PU-Dispersionen erm\u00f6glichen eine signifikante Reduktion der Umweltbelastung im Vergleich zu l\u00f6sungsmittelbasierten Alternativen. Chimica Lombarda war eines der ersten Unternehmen, das <strong>l\u00f6sungsmittelfreie Formulierungen<\/strong> f\u00fcr die Papierindustrie entwickelt und deren Vorteile erkannt hat.<br>\nDank der vielf\u00e4ltigen Anpassungsm\u00f6glichkeiten unserer PU-Harze sind individuelle Finishes m\u00f6glich \u2013 z.\u202fB. in Bezug auf Glanz, Haptik oder mechanische Eigenschaften \u2013 f\u00fcr maximale Designflexibilit\u00e4t und Funktion.<br>\n<\/p><\/div><\/div>[\/vc_column_inner][\/vc_row_inner][vc_row_inner][vc_column_inner]<div class=\"empty-space-custom\" data-id=\"empty_space_custom_14\"><\/div>[\/vc_column_inner][\/vc_row_inner]<div class=\"empty-space-custom\" data-id=\"empty_space_custom_15\"><\/div>[\/video_background_gradient][\/vc_column][\/vc_row][vc_row][vc_column]<div class=\"empty-space-custom\" data-id=\"empty_space_custom_16\"><\/div>[vc_row_inner el_class=&#8220;d-flex flex-column flex-md-row&#8220;][vc_column_inner el_class=&#8220;order-2 order-md-1&#8243; width=&#8220;1\/2&#8243;]<div class=\"label-container \"><div class=\"label\"><i class=\"fa fa-chevron-right\"><\/i> <span>Papiersektor: Anwendungen der Polyurethan-Dispersionen von Chimica Lombarda<\/span><\/div><\/div><div class=\"empty-space-custom\" data-id=\"empty_space_custom_17\"><\/div><div class=\"testo-responsive-container\" data-id=\"responsive_text_6\"><p class=\"testo-responsive\">Die Anwendung von Polyurethanl\u00f6sungen verbessert die Langlebigkeit und Haltbarkeit von Papierprodukten erheblich und erh\u00f6ht die Verschlei\u00dffestigkeit. Gleichzeitig bieten die hohe \u00e4sthetische Qualit\u00e4t und die M\u00f6glichkeit, anspruchsvolle dekorative Effekte zu erzielen, einen erheblichen Mehrwert f\u00fcr die Industrie, die Luxusverpackungen und dekorative Materialien herstellt.<br>\nAus diesen Gr\u00fcnden ist Chimica Lombarda der ideale Partner f\u00fcr die Papierindustrie und bietet ein umfangreiches Sortiment an innovativen Polyurethanen, die durch eine umweltfreundliche Technologie eine hohe Leistung bieten.<br>\n<\/p><\/div>[\/vc_column_inner][vc_column_inner el_class=&#8220;order-1 order-md-2&#8243; width=&#8220;1\/2&#8243;]<div class=\"padding-container\" data-id=\"padding-container_2\"><div class=\" responsive-image\" data-id=\"responsive_image_1\"><div class=\"responsive-image-wrapper\"><img decoding=\"async\" class=\"img-fluid d-none d-sm-inline-block\" src=\"https:\/\/chimicalombarda.com\/wp-content\/uploads\/2025\/03\/paper-coating.jpg\" alt=\"\" title=\"paper-coating\"><img decoding=\"async\" class=\"img-fluid d-inline-block d-sm-none\" src=\"https:\/\/chimicalombarda.com\/wp-content\/uploads\/2025\/03\/paper-coating.jpg\" alt=\"\" title=\"paper-coating\"><\/div><\/div><\/div><div class=\"empty-space-custom\" data-id=\"empty_space_custom_18\"><\/div>[\/vc_column_inner][\/vc_row_inner]<div class=\"empty-space-custom\" data-id=\"empty_space_custom_19\"><\/div>[\/vc_column][\/vc_row][vc_row][vc_column]<div class=\"empty-space-custom\" data-id=\"empty_space_custom_20\"><\/div>[vc_row_inner][vc_column_inner width=&#8220;1\/2&#8243;]<div class=\"padding-container\" data-id=\"padding-container_3\"><div class=\" responsive-image\" data-id=\"responsive_image_2\"><div class=\"responsive-image-wrapper\"><img decoding=\"async\" class=\"img-fluid d-none d-sm-inline-block\" src=\"https:\/\/chimicalombarda.com\/wp-content\/uploads\/2025\/03\/luxury-paper.jpg\" alt=\"\" title=\"luxury-paper\"><img decoding=\"async\" class=\"img-fluid d-inline-block d-sm-none\" src=\"https:\/\/chimicalombarda.com\/wp-content\/uploads\/2025\/03\/luxury-paper.jpg\" alt=\"\" title=\"luxury-paper\"><\/div><\/div><\/div><div class=\"empty-space-custom\" data-id=\"empty_space_custom_21\"><\/div>[\/vc_column_inner][vc_column_inner width=&#8220;1\/2&#8243;]<div class=\"label-container \"><div class=\"label\"><i class=\"fa fa-chevron-right\"><\/i> <span>Luxuspapier<\/span><\/div><\/div><div class=\"empty-space-custom\" data-id=\"empty_space_custom_22\"><\/div><div class=\"testo-responsive-container\" data-id=\"responsive_text_7\"><p class=\"testo-responsive\">Das Packaging ist entscheidend f\u00fcr den ersten Eindruck. Haptik und Optik spielen vor allem im Luxussegment eine Schl\u00fcsselrolle. Unsere w\u00e4ssrigen Filmformer bieten genau diesen hochwertigen Look-and-Feel.<br>\nUnser Sortiment umfasst:<br>\n<\/p><\/div><div class=\"empty-space-custom\" data-id=\"empty_space_custom_23\"><\/div><div class=\"testo-responsive-container\" data-id=\"responsive_text_8\"><div class=\"testo-responsive\"><br>\n<ul>\n<li>PU-Dispersionen mit hohem Mattgrad und angenehmer Soft-Touch-Oberfl\u00e4che<\/li>\n<li>Gl\u00e4nzende PU-Systeme mit einstellbarer H\u00e4rte und Haptik<br \/>\nWir bieten Komplettl\u00f6sungen zur Entwicklung trendgerechter, edler Papieroberfl\u00e4chen.<\/li>\n<\/ul>\n\n<\/div><\/div><div class=\"empty-space-custom\" data-id=\"empty_space_custom_24\"><\/div>[\/vc_column_inner][\/vc_row_inner]<div class=\"empty-space-custom\" data-id=\"empty_space_custom_25\"><\/div>[vc_row_inner][vc_column_inner css=&#8220;.vc_custom_1741804441771{background-color: #FFFFFF1A !important;}&#8220;]<div class=\"empty-space-custom\" data-id=\"empty_space_custom_26\"><\/div>[\/vc_column_inner][\/vc_row_inner][\/vc_column][\/vc_row][vc_row][vc_column]<div class=\"empty-space-custom\" data-id=\"empty_space_custom_27\"><\/div>[vc_row_inner el_class=&#8220;d-flex flex-column flex-md-row&#8220;][vc_column_inner el_class=&#8220;order-2 order-md-1&#8243; width=&#8220;1\/2&#8243;]<div class=\"label-container \"><div class=\"label\"><i class=\"fa fa-chevron-right\"><\/i> <span>Banknotenpapier<\/span><\/div><\/div><div class=\"empty-space-custom\" data-id=\"empty_space_custom_28\"><\/div><div class=\"testo-responsive-container\" data-id=\"responsive_text_9\"><p class=\"testo-responsive\">Wir entwickeln spezielle w\u00e4ssrige L\u00f6sungen zur <strong>Veredelung von Banknotenpapieren<\/strong>. Sie verbessern signifikant:<br>\n<ul>\n<li>Haltbarkeit<\/li>\n<li>Schmutzresistenz<\/li>\n<li>mechanische &amp; chemische Best\u00e4ndigkeit<\/li>\n<\/ul>\nUnsere Produkte beinhalten:<br>\n<ul>\n<li><strong>Biobasierte PU-Dispersionen<\/strong> aus nachwachsenden Rohstoffen<\/li>\n<li><strong>NCO-freie Crosslinker<\/strong>, die mit Hydroxyl- und Carboxylgruppen reagieren<\/li>\n<\/ul>\nDiese Kombination maximiert die Performance \u2013 bei gleichzeitig hoher Flexibilit\u00e4t des Films und geringer Umweltbelastung.<br>\n<strong>Laden Sie den Katalog herunter<\/strong> und entdecken Sie unsere PU-Dispersionen und Crosslinking Agents f\u00fcr die Papierindustrie. (Link zur Seite Paper &amp; Cross-linking Agents)<br>\n<\/p><\/div>[\/vc_column_inner][vc_column_inner el_class=&#8220;order-1 order-md-2&#8243; width=&#8220;1\/2&#8243;]<div class=\"padding-container\" data-id=\"padding-container_4\"><div class=\" responsive-image\" data-id=\"responsive_image_3\"><div class=\"responsive-image-wrapper\"><img decoding=\"async\" class=\"img-fluid d-none d-sm-inline-block\" src=\"https:\/\/chimicalombarda.com\/wp-content\/uploads\/2025\/03\/banknote-paper.jpg\" alt=\"\" title=\"banknote-paper\"><img decoding=\"async\" class=\"img-fluid d-inline-block d-sm-none\" src=\"https:\/\/chimicalombarda.com\/wp-content\/uploads\/2025\/03\/banknote-paper.jpg\" alt=\"\" title=\"banknote-paper\"><\/div><\/div><\/div><div class=\"empty-space-custom\" data-id=\"empty_space_custom_29\"><\/div>[\/vc_column_inner][\/vc_row_inner]<div class=\"empty-space-custom\" data-id=\"empty_space_custom_30\"><\/div>[\/vc_column][\/vc_row][vc_row full_width=&#8220;stretch_row_content_no_spaces&#8220;][vc_column][video_background_gradient background_type=&#8220;immagine&#8220; background_image=&#8220;549&#8243; gradient_rule=&#8220;linear-gradient( to top, rgba(3, 15, 14, 0.8) 10%, rgba(3, 15, 14, 0) 100% ), linear-gradient( to right, rgba(3, 15, 14, 0.9) 10%, rgba(3, 15, 14, 0) 100% )&#8220;]<div class=\"empty-space-custom\" data-id=\"empty_space_custom_31\"><\/div>[vc_row_inner][vc_column_inner width=&#8220;1\/2&#8243;]<div class=\"label-container  inverted\"><div class=\"label\"><i class=\"fa fa-chevron-right\"><\/i> <span>Funktionelle &amp; beschichtete Papiere<\/span><\/div><\/div><div class=\"empty-space-custom\" data-id=\"empty_space_custom_32\"><\/div><div class=\"testo-responsive-container\" data-id=\"responsive_text_10\"><p class=\"testo-responsive\">Ein zentrales Ziel bei der Papierveredelung ist die Optimierung von <strong>Beschichtungen f\u00fcr Grafik- und Verpackungspapiere<\/strong>. Unsere Produkte verbessern:<br>\n<ul>\n<li>Fett- und Wasserbest\u00e4ndigkeit<\/li>\n<li>mechanische Festigkeit<\/li>\n<li>Schmutzabweisung<\/li>\n<li>Bedruckbarkeit<\/li>\n<li>Tintenaufnahme<\/li>\n<li>Antihaft-Eigenschaften<\/li>\n<\/ul>\nMit w\u00e4ssrigen chemischen Behandlungen erf\u00fcllen wir die strengsten Umweltanforderungen.<br>\n<\/p><\/div><div class=\"empty-space-custom\" data-id=\"empty_space_custom_33\"><\/div><div class=\"testo-responsive-container\" data-id=\"responsive_text_11\"><p class=\"testo-responsive\">Properties and Advantages:<br>\n<\/p><\/div><div class=\"empty-space-custom\" data-id=\"empty_space_custom_34\"><\/div><div class=\"testo-responsive-container\" data-id=\"responsive_text_12\"><div class=\"testo-responsive\"><br>\n<ul>\n<li>Hervorragende Wasserbest\u00e4ndigkeit<\/li>\n<li>Hohe Haftung &amp; glatte Oberfl\u00e4chen<\/li>\n<li>Kratz- und rei\u00dffest<\/li>\n<li>VOC-arm f\u00fcr nachhaltige Produktion<\/li>\n<li>Variable Glanzgrade &amp; Strukturen<\/li>\n<li>Verbesserte Optik &amp; Schutz<\/li>\n<li>Langlebigkeit f\u00fcr Premium-Papierprodukte<\/li>\n<li>Erf\u00fcllt strengste Umweltvorgaben<\/li>\n<li>Reduziert Abnutzung bei intensiver Nutzung<\/li>\n<li>Vielseitige Finishes f\u00fcr individuelle Designs<\/li>\n<\/ul>\n\n<\/div><\/div><div class=\"empty-space-custom\" data-id=\"empty_space_custom_35\"><\/div><a class=\"button  \" data-id=\"button_5\" target=\"\" href=\"https:\/\/chimicalombarda.com\/de\/kontakt\/\"><img decoding=\"async\" src=\"https:\/\/chimicalombarda.com\/wp-content\/uploads\/2025\/03\/mess.svg\" alt=\"icon\" \/><span>Kontaktieren Sie uns<br>\n<\/span><\/a>[\/vc_column_inner][vc_column_inner width=&#8220;1\/2&#8243;][\/vc_column_inner][\/vc_row_inner]<div class=\"empty-space-custom\" data-id=\"empty_space_custom_36\"><\/div><div class=\"empty-space-custom\" data-id=\"empty_space_custom_37\"><\/div>[\/video_background_gradient][\/vc_column][\/vc_row]<\/p>\n<\/div>","protected":false},"excerpt":{"rendered":"<p>[vc_row full_width=&#8220;stretch_row_content_no_spaces&#8220; css=&#8220;.vc_custom_1743426413487{background-color: #030F0E !important;}&#8220;][vc_column][video_background_gradient background_type=&#8220;immagine&#8220; background_image=&#8220;553&#8243;][vc_row_inner][vc_column_inner width=&#8220;5\/12&#8243;][\/vc_column_inner][vc_column_inner width=&#8220;7\/12&#8243;][\/vc_column_inner][\/vc_row_inner][vc_row_inner][vc_column_inner css=&#8220;.vc_custom_1741773509985{padding-top: 0px !important;padding-bottom: 0px !important;background-color: #FFFFFF1A !important;}&#8220;][\/vc_column_inner][\/vc_row_inner][\/video_background_gradient][\/vc_column][\/vc_row][vc_row full_width=&#8220;stretch_row&#8220; css=&#8220;.vc_custom_1741629619116{background-color: #030F0E !important;}&#8220;][vc_column width=&#8220;1\/6&#8243;][\/vc_column][vc_column width=&#8220;4\/6&#8243;][\/vc_column][vc_column width=&#8220;1\/6&#8243;][\/vc_column][\/vc_row][vc_row full_width=&#8220;stretch_row&#8220; css=&#8220;.vc_custom_1741777323755{background-color: #030F0E !important;}&#8220;][vc_column css=&#8220;.vc_custom_1741778561208{padding-top: 0px !important;}&#8220;][\/vc_column][\/vc_row][vc_row full_width=&#8220;stretch_row_content_no_spaces&#8220; css=&#8220;.vc_custom_1741805581506{background-color: #030F0E !important;}&#8220;][vc_column][video_background_gradient video_url=&#8220;https:\/\/chimicalombarda.com\/wp-content\/uploads\/2025\/03\/Video_header.mp4&#8243; gradient_rule=&#8220;linear-gradient(0deg, rgba(3,15,14,0.36738445378151263) 0%, rgba(3,15,14,1) 58%)&#8220;][vc_row_inner][vc_column_inner width=&#8220;7\/12&#8243; offset=&#8220;vc_hidden-sm vc_hidden-xs&#8220;][\/vc_column_inner][vc_column_inner width=&#8220;5\/12&#8243;][\/vc_column_inner][\/vc_row_inner][vc_row_inner][vc_column_inner][\/vc_column_inner][\/vc_row_inner][\/video_background_gradient][\/vc_column][\/vc_row][vc_row][vc_column][vc_row_inner el_class=&#8220;d-flex flex-column flex-md-row&#8220;][vc_column_inner el_class=&#8220;order-2 order-md-1&#8243; width=&#8220;1\/2&#8243;][\/vc_column_inner][vc_column_inner el_class=&#8220;order-1 order-md-2&#8243; width=&#8220;1\/2&#8243;][\/vc_column_inner][\/vc_row_inner][\/vc_column][\/vc_row][vc_row][vc_column][vc_row_inner][vc_column_inner width=&#8220;1\/2&#8243;][\/vc_column_inner][vc_column_inner width=&#8220;1\/2&#8243;][\/vc_column_inner][\/vc_row_inner][vc_row_inner][vc_column_inner [&hellip;]<\/p>\n","protected":false},"author":2,"featured_media":0,"parent":0,"menu_order":0,"comment_status":"closed","ping_status":"closed","template":"","meta":{"_acf_changed":false,"inline_featured_image":false,"footnotes":""},"class_list":["post-1082","page","type-page","status-publish","hentry"],"acf":[],"aioseo_notices":[],"_links":{"self":[{"href":"https:\/\/chimicalombarda.com\/de\/wp-json\/wp\/v2\/pages\/1082","targetHints":{"allow":["GET"]}}],"collection":[{"href":"https:\/\/chimicalombarda.com\/de\/wp-json\/wp\/v2\/pages"}],"about":[{"href":"https:\/\/chimicalombarda.com\/de\/wp-json\/wp\/v2\/types\/page"}],"author":[{"embeddable":true,"href":"https:\/\/chimicalombarda.com\/de\/wp-json\/wp\/v2\/users\/2"}],"replies":[{"embeddable":true,"href":"https:\/\/chimicalombarda.com\/de\/wp-json\/wp\/v2\/comments?post=1082"}],"version-history":[{"count":4,"href":"https:\/\/chimicalombarda.com\/de\/wp-json\/wp\/v2\/pages\/1082\/revisions"}],"predecessor-version":[{"id":1391,"href":"https:\/\/chimicalombarda.com\/de\/wp-json\/wp\/v2\/pages\/1082\/revisions\/1391"}],"wp:attachment":[{"href":"https:\/\/chimicalombarda.com\/de\/wp-json\/wp\/v2\/media?parent=1082"}],"curies":[{"name":"wp","href":"https:\/\/api.w.org\/{rel}","templated":true}]}}