{"id":1092,"date":"2025-03-26T12:05:13","date_gmt":"2025-03-26T11:05:13","guid":{"rendered":"https:\/\/chimicalombarda.com\/industrial-coatings\/"},"modified":"2025-10-03T12:52:28","modified_gmt":"2025-10-03T10:52:28","slug":"industrielle-beschichtungen","status":"publish","type":"page","link":"https:\/\/chimicalombarda.com\/de\/industrielle-beschichtungen\/","title":{"rendered":"Industrial Coatings &#8211; Industrielle Beschichtungen"},"content":{"rendered":"<div class=\"wpb-content-wrapper\"><p>[vc_row full_width=&#8220;stretch_row_content_no_spaces&#8220; css=&#8220;.vc_custom_1743424528133{background-color: #030F0E !important;}&#8220;][vc_column][video_background_gradient background_type=&#8220;immagine&#8220; background_image=&#8220;368&#8243;][vc_row_inner][vc_column_inner width=&#8220;5\/12&#8243;]<div class=\"empty-space-custom\" data-id=\"empty_space_custom_1\"><\/div><div class=\"label-container  inverted\"><div class=\"label\"><i class=\"fa fa-chevron-right\"><\/i> <span>Industrielle Beschichtungen<\/span><\/div><\/div><div class=\"empty-space-custom\" data-id=\"empty_space_custom_2\"><\/div><div class=\"testo-responsive-container decorative-border\" data-id=\"responsive_text_1\"><h1 class=\"testo-responsive\"><br>\n<h2><strong>Polyurethanlacke f\u00fcr industrielle Beschichtungen \u2013 f\u00fcr die anspruchsvollsten Umgebungen<\/strong><\/h2>\n\n<\/h1><\/div><div class=\"empty-space-custom\" data-id=\"empty_space_custom_3\"><\/div>[\/vc_column_inner][vc_column_inner width=&#8220;7\/12&#8243;][\/vc_column_inner][\/vc_row_inner][vc_row_inner][vc_column_inner css=&#8220;.vc_custom_1741773509985{padding-top: 0px !important;padding-bottom: 0px !important;background-color: #FFFFFF1A !important;}&#8220;]<div class=\"empty-space-custom\" data-id=\"empty_space_custom_4\"><\/div>[\/vc_column_inner][\/vc_row_inner]<div class=\"empty-space-custom\" data-id=\"empty_space_custom_5\"><\/div>[\/video_background_gradient][\/vc_column][\/vc_row][vc_row full_width=&#8220;stretch_row&#8220; css=&#8220;.vc_custom_1741629619116{background-color: #030F0E !important;}&#8220;][vc_column width=&#8220;1\/6&#8243;][\/vc_column][vc_column width=&#8220;4\/6&#8243;]<div class=\"label-container text-center inverted\"><div class=\"label\"><i class=\"fa fa-chevron-right\"><\/i> <span>Hochwertige industrielle Beschichtungen<\/span><\/div><\/div><div class=\"empty-space-custom\" data-id=\"empty_space_custom_6\"><\/div><div class=\"testo-responsive-container\" data-id=\"responsive_text_2\"><h3 class=\"testo-responsive\">Chimica Lombarda bietet moderne <strong>Polyurethandispersionen<\/strong> (frei von NMP und NEP, VOC-arm, l\u00f6sungsmittelfrei) und <strong>Crosslinker<\/strong> f\u00fcr zahlreiche Anwendungen im Bereich industrieller Beschichtungen.<br>\n<strong>Anwendungsbereiche:<\/strong><br>\n<ul>\n<li>Parkettlacke<\/li>\n<li>Holzm\u00f6bel<\/li>\n<li>Metallbeschichtungen<\/li>\n<li>Kunststoffbeschichtungen<\/li>\n<li>PVC-Oberfl\u00e4chen<\/li>\n<\/ul>\n\n<\/h3><\/div><div class=\"empty-space-custom\" data-id=\"empty_space_custom_7\"><\/div><div class=\"testo-responsive-container\" data-id=\"responsive_text_3\"><p class=\"testo-responsive\">Unsere Produkte wurden entwickelt, um <strong>starke mechanische Leistungen<\/strong>, <strong>\u00e4sthetische Qualit\u00e4t<\/strong> und <strong>langfristige Zuverl\u00e4ssigkeit<\/strong> \u2013 sowohl f\u00fcr Innen- als auch Au\u00dfenanwendungen \u2013 sicherzustellen.<br>\n<\/p><\/div><div class=\"empty-space-custom\" data-id=\"empty_space_custom_8\"><\/div>[\/vc_column][vc_column width=&#8220;1\/6&#8243;][\/vc_column][\/vc_row][vc_row full_width=&#8220;stretch_row&#8220; css=&#8220;.vc_custom_1741777323755{background-color: #030F0E !important;}&#8220;][vc_column css=&#8220;.vc_custom_1741778561208{padding-top: 0px !important;}&#8220;]<div class=\"buttons-container\" data-id=\"buttons-container_1\"><a class=\"button  \" data-id=\"button_1\" target=\"\" href=\"\"><img decoding=\"async\" src=\"https:\/\/chimicalombarda.com\/wp-content\/uploads\/2025\/03\/innovazione.svg\" alt=\"icon\" \/><span>Innovation<br>\n<\/span><\/a><a class=\"button  \" data-id=\"button_2\" target=\"\" href=\"\"><img decoding=\"async\" src=\"https:\/\/chimicalombarda.com\/wp-content\/uploads\/2025\/03\/affidabilita.svg\" alt=\"icon\" \/><span>Verl\u00e4sslichkeit<br>\n<\/span><\/a><a class=\"button  \" data-id=\"button_3\" target=\"\" href=\"\"><img decoding=\"async\" src=\"https:\/\/chimicalombarda.com\/wp-content\/uploads\/2025\/03\/performance.svg\" alt=\"icon\" \/><span>Leistung<br>\n<\/span><\/a><\/div><div class=\"empty-space-custom\" data-id=\"empty_space_custom_9\"><\/div>[\/vc_column][\/vc_row][vc_row full_width=&#8220;stretch_row_content_no_spaces&#8220; css=&#8220;.vc_custom_1741805581506{background-color: #030F0E !important;}&#8220;][vc_column][video_background_gradient video_url=&#8220;https:\/\/chimicalombarda.com\/wp-content\/uploads\/2025\/03\/Video_header.mp4&#8243; gradient_rule=&#8220;linear-gradient(0deg, rgba(3,15,14,0.36738445378151263) 0%, rgba(3,15,14,1) 58%)&#8220;]<div class=\"empty-space-custom\" data-id=\"empty_space_custom_10\"><\/div>[vc_row_inner][vc_column_inner width=&#8220;7\/12&#8243; offset=&#8220;vc_hidden-sm vc_hidden-xs&#8220;]<div class=\"label-container  inverted\"><div class=\"label\"><i class=\"fa fa-chevron-right\"><\/i> <span>Eigenschaften &amp; Vorteile<\/span><\/div><\/div><div class=\"empty-space-custom\" data-id=\"empty_space_custom_11\"><\/div><div class=\"testo-responsive-container\" data-id=\"responsive_text_4\"><h2 class=\"testo-responsive\">Stoffe mit au\u00dfergew\u00f6hnlichen Eigenschaften<br>\n<\/h2><\/div><div class=\"empty-space-custom\" data-id=\"empty_space_custom_12\"><\/div><a class=\"button  \" data-id=\"button_4\" target=\"_blank\" href=\"https:\/\/chimicalombarda.com\/wp-content\/uploads\/2025\/10\/Acqueous_Polyurethane_Dispersions_v5_Digital_compressed.pdf\"><img decoding=\"async\" src=\"https:\/\/chimicalombarda.com\/wp-content\/uploads\/2025\/03\/chevron-right-1.svg\" alt=\"icon\" \/><span>Pdf herunterladen<br>\n<\/span><\/a>[\/vc_column_inner][vc_column_inner width=&#8220;5\/12&#8243;]<div class=\"padding-container\" data-id=\"padding-container_1\"><div class=\"empty-space-custom\" data-id=\"empty_space_custom_13\"><\/div><div class=\"testo-responsive-container\" data-id=\"responsive_text_5\"><p class=\"testo-responsive\">Die PU-Beschichtungen von Chimica Lombarda bieten fortschrittliche L\u00f6sungen f\u00fcr Textilbeschichtungen und Druckfarben, die pigmentierten Stoffen au\u00dfergew\u00f6hnliche Eigenschaften verleihen, darunter:<br>\n<\/p><\/div><div class=\"empty-space-custom\" data-id=\"empty_space_custom_14\"><\/div><div class=\"testo-responsive-container\" data-id=\"responsive_text_6\"><div class=\"testo-responsive\"><br>\n<ul>\n<li>Hervorragende Elastizit\u00e4t;<\/li>\n<li>Soft-Touch-Effekt;<\/li>\n<li>Langlebigkeit;<\/li>\n<li>Wasserbest\u00e4ndigkeit;<\/li>\n<li>Atmungsaktivit\u00e4t;<\/li>\n<li>Nachhaltigkeit.<\/li>\n<\/ul>\n\n<\/div><\/div><\/div>[\/vc_column_inner][\/vc_row_inner][vc_row_inner][vc_column_inner]<div class=\"empty-space-custom\" data-id=\"empty_space_custom_15\"><\/div>[\/vc_column_inner][\/vc_row_inner]<div class=\"empty-space-custom\" data-id=\"empty_space_custom_16\"><\/div>[\/video_background_gradient][\/vc_column][\/vc_row][vc_row][vc_column]<div class=\"empty-space-custom\" data-id=\"empty_space_custom_17\"><\/div>[vc_row_inner el_class=&#8220;d-flex flex-column flex-md-row&#8220;][vc_column_inner el_class=&#8220;order-2 order-md-1&#8243; width=&#8220;1\/2&#8243;]<div class=\"label-container \"><div class=\"label\"><i class=\"fa fa-chevron-right\"><\/i> <span>Perfekt f\u00fcr stark beanspruchte Oberfl\u00e4chen<\/span><\/div><\/div><div class=\"empty-space-custom\" data-id=\"empty_space_custom_18\"><\/div><div class=\"testo-responsive-container\" data-id=\"responsive_text_7\"><div class=\"testo-responsive\">Die au\u00dfergew\u00f6hnliche Festigkeit dieser Polyurethan-Dispersionen macht sie ideal f\u00fcr stark beanspruchte Oberfl\u00e4chen, w\u00e4hrend ihre UV-Stabilit\u00e4t daf\u00fcr sorgt, dass die Beschichtungen auch nach l\u00e4ngerer Einwirkung von Witterungseinfl\u00fcssen ihren Glanz und ihre Integrit\u00e4t behalten. Dar\u00fcber hinaus erm\u00f6glicht die Elastizit\u00e4t der Polyurethan-Dispersionen die Formulierung von Beschichtungen, die resistent gegen Risse und Verformungen sind, was ihre Lebensdauer verl\u00e4ngert.<br>\nEine weitere St\u00e4rke dieser Polyurethanl\u00f6sungen ist ihre ausgezeichnete Haftung auf verschiedenen Substraten wie Holz, Metall, Kunststoff und PVC, die vielseitige Anwendungen und einwandfreie Ergebnisse erm\u00f6glicht.<br>\n<\/div><\/div><div class=\"empty-space-custom\" data-id=\"empty_space_custom_19\"><\/div><div class=\"testo-responsive-container\" data-id=\"responsive_text_8\"><p class=\"testo-responsive\">Die M\u00f6glichkeit der individuellen Gestaltung von dekorativen und funktionalen Oberfl\u00e4chen bietet einen zus\u00e4tzlichen Vorteil f\u00fcr Designer und Hersteller, um den Anforderungen des Marktes gerecht zu werden.<br>\nUnsere Produkte k\u00f6nnen so verwendet werden, wie sie sind, oder mit f\u00fchrenden wasserbasierten Harzen oder Additiven gemischt werden, die auf dem Markt erh\u00e4ltlich sind. Sie lassen sich leicht mit Pigmenten, Mattierungsmitteln, Koaleszenzmitteln, Flammschutzmitteln und \u00fcblichen Hilfsmitteln f\u00fcr industrielle Beschichtungen formulieren.<br>\n<\/p><\/div>[\/vc_column_inner][vc_column_inner el_class=&#8220;order-1 order-md-2&#8243; width=&#8220;1\/2&#8243;]<div class=\"padding-container\" data-id=\"padding-container_2\"><div class=\" responsive-image\" data-id=\"responsive_image_1\"><div class=\"responsive-image-wrapper\"><img decoding=\"async\" class=\"img-fluid d-none d-sm-inline-block\" src=\"https:\/\/chimicalombarda.com\/wp-content\/uploads\/2025\/03\/safed-polymer-1.jpg\" alt=\"\" title=\"safed-polymer\"><img decoding=\"async\" class=\"img-fluid d-inline-block d-sm-none\" src=\"https:\/\/chimicalombarda.com\/wp-content\/uploads\/2025\/03\/safed-polymer-1.jpg\" alt=\"\" title=\"safed-polymer\"><\/div><\/div><\/div><div class=\"empty-space-custom\" data-id=\"empty_space_custom_20\"><\/div>[\/vc_column_inner][\/vc_row_inner]<div class=\"empty-space-custom\" data-id=\"empty_space_custom_21\"><\/div>[\/vc_column][\/vc_row][vc_row][vc_column]<div class=\"empty-space-custom\" data-id=\"empty_space_custom_22\"><\/div>[vc_row_inner][vc_column_inner width=&#8220;1\/2&#8243;]<div class=\"padding-container\" data-id=\"padding-container_3\"><div class=\" responsive-image\" data-id=\"responsive_image_2\"><div class=\"responsive-image-wrapper\"><img decoding=\"async\" class=\"img-fluid d-none d-sm-inline-block\" src=\"https:\/\/chimicalombarda.com\/wp-content\/uploads\/2025\/03\/Immagine-1.png\" alt=\"\" title=\"Immagine (1)\"><img decoding=\"async\" class=\"img-fluid d-inline-block d-sm-none\" src=\"https:\/\/chimicalombarda.com\/wp-content\/uploads\/2025\/03\/Immagine-1.png\" alt=\"\" title=\"Immagine (1)\"><\/div><\/div><\/div><div class=\"empty-space-custom\" data-id=\"empty_space_custom_23\"><\/div>[\/vc_column_inner][vc_column_inner width=&#8220;1\/2&#8243;]<div class=\"label-container \"><div class=\"label\"><i class=\"fa fa-chevron-right\"><\/i> <span>Finden Sie den passenden Crosslinker f\u00fcr Ihre Industriebeschichtung<\/span><\/div><\/div><div class=\"empty-space-custom\" data-id=\"empty_space_custom_24\"><\/div><div class=\"testo-responsive-container\" data-id=\"responsive_text_9\"><p class=\"testo-responsive\">Neben Polyurethan-Dispersionen bietet Chimica Lombarda verschiedene L\u00f6sungen zur Verbesserung der Widerstandsf\u00e4higkeit Ihrer industriellen Beschichtung durch eine breite Palette von Vernetzungsmitteln.<br>\nDie l\u00f6sungsmittelbasierten, blockierten Polyisocyanat-Vernetzer von Chimica Lombarda erh\u00f6hen die Haltbarkeit und gew\u00e4hrleisten eine hohe Leistung auch unter extremsten Bedingungen.<br>\nUnsere H\u00e4rter k\u00f6nnen zur Formulierung hochleistungsf\u00e4higer Zweikomponenten- oder Einkomponenten-Polyurethanbeschichtungen mit au\u00dfergew\u00f6hnlicher Flexibilit\u00e4t, \u00fcberragender H\u00e4rte, Kratzfestigkeit und Abriebbest\u00e4ndigkeit verwendet werden und gew\u00e4hrleisten die Best\u00e4ndigkeit der Farbe gegen\u00fcber Licht- und Wetterbedingungen. Alternativ k\u00f6nnen sie auch als Additive in konventionellen Trocknungssystemen eingesetzt werden, um die Reaktivit\u00e4t, Flexibilit\u00e4t und Haftung zu verbessern.<br>\n<\/p><\/div><div class=\"empty-space-custom\" data-id=\"empty_space_custom_25\"><\/div><div class=\"testo-responsive-container\" data-id=\"responsive_text_10\"><p class=\"testo-responsive\"><strong>Unsere MEKO-freien Alternativen<\/strong> unterstreichen unseren Fokus auf Innovation und \u00f6kologische Verantwortung \u2013 ohne Leistungseinbu\u00dfen.<br>\nChimica Lombarda ist der ideale Partner, um <strong>Leistung, Nachhaltigkeit und Innovation<\/strong> in Einklang zu bringen.<br>\n<strong>Laden Sie den Katalog herunter<\/strong> und entdecken Sie unsere PU-Dispersionen &amp; Crosslinking Agents. (Link zur Seite &#8222;Industrial Coating&#8220; &amp; &#8222;Cross-linking Agents&#8220;).<br>\n<\/p><\/div><div class=\"empty-space-custom\" data-id=\"empty_space_custom_26\"><\/div>[\/vc_column_inner][\/vc_row_inner]<div class=\"empty-space-custom\" data-id=\"empty_space_custom_27\"><\/div>[vc_row_inner][vc_column_inner css=&#8220;.vc_custom_1741804441771{background-color: #FFFFFF1A !important;}&#8220;]<div class=\"empty-space-custom\" data-id=\"empty_space_custom_28\"><\/div>[\/vc_column_inner][\/vc_row_inner][\/vc_column][\/vc_row][vc_row full_width=&#8220;stretch_row_content_no_spaces&#8220; disable_element=&#8220;yes&#8220;][vc_column][video_background_gradient background_type=&#8220;immagine&#8220; background_image=&#8220;203&#8243; gradient_rule=&#8220;linear-gradient( to top, rgba(3, 15, 14, 0.8) 10%, rgba(3, 15, 14, 0) 100% ), linear-gradient( to right, rgba(3, 15, 14, 0.9) 10%, rgba(3, 15, 14, 0) 100% )&#8220;]<div class=\"empty-space-custom\" data-id=\"empty_space_custom_29\"><\/div>[vc_row_inner][vc_column_inner width=&#8220;1\/2&#8243;]<div class=\"label-container  inverted\"><div class=\"label\"><i class=\"fa fa-chevron-right\"><\/i> <span>Discover Our ACRALINK Cross-Linkers for Textile Finishing<\/span><\/div><\/div><div class=\"empty-space-custom\" data-id=\"empty_space_custom_30\"><\/div><div class=\"testo-responsive-container\" data-id=\"responsive_text_11\"><p class=\"testo-responsive\">Our <strong>ACRALINK cross-linkers<\/strong> are water based <strong>blocked poly-isocyanates<\/strong> ([link to cross-linking agents page]). They enhance the <strong>mechanical properties<\/strong>, <strong>chemical resistance<\/strong>, and <strong>sustainability<\/strong> of <strong>polyurethane-based textile coatings<\/strong>. Specifically formulated for mono or <strong>two-component polyurethane coatings<\/strong> for <strong>textile finishing<\/strong>, ACRALINK enables the creation of a wide range of <strong>high-performance<\/strong> and <strong>sustainable water-based PU coating systems<\/strong>, free from <strong>co-solvents<\/strong>.<br>\n<\/p><\/div><div class=\"empty-space-custom\" data-id=\"empty_space_custom_31\"><\/div><div class=\"testo-responsive-container\" data-id=\"responsive_text_12\"><p class=\"testo-responsive\">Typically, these solutions are used to produce <strong>low-VOC synthetic materials<\/strong> for fabrics in <strong>apparel<\/strong>, <strong>footwear<\/strong>, <strong>leather goods<\/strong>, <strong>sports equipment<\/strong>, and <strong>furniture<\/strong>. They are also utilized in coatings for <strong>technical fabrics<\/strong> such as conveyor belts and <strong>protective clothing<\/strong>.<br>\n<strong>Properties and Advantages<\/strong>:<br>\n<\/p><\/div><div class=\"empty-space-custom\" data-id=\"empty_space_custom_32\"><\/div><div class=\"testo-responsive-container\" data-id=\"responsive_text_13\"><p class=\"testo-responsive\"><br>\n<ul>\n<li>Enhances the <strong>longevity<\/strong> and <strong>durability<\/strong> of fabrics by improving the <strong>mechanical properties<\/strong>, <strong>chemical resistance<\/strong>, and <strong>sustainability<\/strong> of <strong>PU-based textile coatings<\/strong>.<\/li>\n<li>Supports <strong>sustainable production goals<\/strong> thanks to <strong>low VOCs<\/strong> and the absence of co-solvents.<\/li>\n<li>Improves <strong>print quality<\/strong> and design precision.<\/li>\n<li>Enables <strong>multi-purpose applications<\/strong> across various <strong>industrial sectors<\/strong>.<\/li>\n<\/ul>\n\n<\/p><\/div><div class=\"empty-space-custom\" data-id=\"empty_space_custom_33\"><\/div><a class=\"button  \" data-id=\"button_5\" target=\"\" href=\"#\"><img decoding=\"async\" src=\"https:\/\/chimicalombarda.com\/wp-content\/uploads\/2025\/03\/mess.svg\" alt=\"icon\" \/><span>Contact Us<br>\n<\/span><\/a>[\/vc_column_inner][vc_column_inner width=&#8220;1\/2&#8243;][\/vc_column_inner][\/vc_row_inner]<div class=\"empty-space-custom\" data-id=\"empty_space_custom_34\"><\/div><div class=\"container-fluid cta\" data-col-base=\"1\"  data-col-lg=\"2\"  data-id=\"cta_1\"><div class=\"row\"><div class=\"col-12 col-lg-6 p-0\"><div><a href=\"#\"><div class=\"cta-content\"><span>Certifications<\/span><span class=\"label d-inline-block d-md-none\">Discover more<\/span><\/div><\/a><\/div><\/div><div class=\"col-12 col-lg-6 p-0\"><div><a href=\"#\"><div class=\"cta-content\"><span>R&amp;D<\/span><span class=\"label d-inline-block d-md-none\">Discover more<\/span><\/div><\/a><\/div><\/div><\/div><\/div><div class=\"empty-space-custom\" data-id=\"empty_space_custom_35\"><\/div>[\/video_background_gradient][\/vc_column][\/vc_row]<\/p>\n<\/div>","protected":false},"excerpt":{"rendered":"<p>[vc_row full_width=&#8220;stretch_row_content_no_spaces&#8220; css=&#8220;.vc_custom_1743424528133{background-color: #030F0E !important;}&#8220;][vc_column][video_background_gradient background_type=&#8220;immagine&#8220; background_image=&#8220;368&#8243;][vc_row_inner][vc_column_inner width=&#8220;5\/12&#8243;][\/vc_column_inner][vc_column_inner width=&#8220;7\/12&#8243;][\/vc_column_inner][\/vc_row_inner][vc_row_inner][vc_column_inner css=&#8220;.vc_custom_1741773509985{padding-top: 0px !important;padding-bottom: 0px !important;background-color: #FFFFFF1A !important;}&#8220;][\/vc_column_inner][\/vc_row_inner][\/video_background_gradient][\/vc_column][\/vc_row][vc_row full_width=&#8220;stretch_row&#8220; css=&#8220;.vc_custom_1741629619116{background-color: #030F0E !important;}&#8220;][vc_column width=&#8220;1\/6&#8243;][\/vc_column][vc_column width=&#8220;4\/6&#8243;][\/vc_column][vc_column width=&#8220;1\/6&#8243;][\/vc_column][\/vc_row][vc_row full_width=&#8220;stretch_row&#8220; css=&#8220;.vc_custom_1741777323755{background-color: #030F0E !important;}&#8220;][vc_column css=&#8220;.vc_custom_1741778561208{padding-top: 0px !important;}&#8220;][\/vc_column][\/vc_row][vc_row full_width=&#8220;stretch_row_content_no_spaces&#8220; css=&#8220;.vc_custom_1741805581506{background-color: #030F0E !important;}&#8220;][vc_column][video_background_gradient video_url=&#8220;https:\/\/chimicalombarda.com\/wp-content\/uploads\/2025\/03\/Video_header.mp4&#8243; gradient_rule=&#8220;linear-gradient(0deg, rgba(3,15,14,0.36738445378151263) 0%, rgba(3,15,14,1) 58%)&#8220;][vc_row_inner][vc_column_inner width=&#8220;7\/12&#8243; offset=&#8220;vc_hidden-sm vc_hidden-xs&#8220;][\/vc_column_inner][vc_column_inner width=&#8220;5\/12&#8243;][\/vc_column_inner][\/vc_row_inner][vc_row_inner][vc_column_inner][\/vc_column_inner][\/vc_row_inner][\/video_background_gradient][\/vc_column][\/vc_row][vc_row][vc_column][vc_row_inner el_class=&#8220;d-flex flex-column flex-md-row&#8220;][vc_column_inner el_class=&#8220;order-2 order-md-1&#8243; width=&#8220;1\/2&#8243;][\/vc_column_inner][vc_column_inner el_class=&#8220;order-1 order-md-2&#8243; width=&#8220;1\/2&#8243;][\/vc_column_inner][\/vc_row_inner][\/vc_column][\/vc_row][vc_row][vc_column][vc_row_inner][vc_column_inner width=&#8220;1\/2&#8243;][\/vc_column_inner][vc_column_inner width=&#8220;1\/2&#8243;][\/vc_column_inner][\/vc_row_inner][vc_row_inner][vc_column_inner [&hellip;]<\/p>\n","protected":false},"author":4,"featured_media":0,"parent":0,"menu_order":0,"comment_status":"closed","ping_status":"closed","template":"","meta":{"_acf_changed":false,"inline_featured_image":false,"footnotes":""},"class_list":["post-1092","page","type-page","status-publish","hentry"],"acf":[],"aioseo_notices":[],"_links":{"self":[{"href":"https:\/\/chimicalombarda.com\/de\/wp-json\/wp\/v2\/pages\/1092","targetHints":{"allow":["GET"]}}],"collection":[{"href":"https:\/\/chimicalombarda.com\/de\/wp-json\/wp\/v2\/pages"}],"about":[{"href":"https:\/\/chimicalombarda.com\/de\/wp-json\/wp\/v2\/types\/page"}],"author":[{"embeddable":true,"href":"https:\/\/chimicalombarda.com\/de\/wp-json\/wp\/v2\/users\/4"}],"replies":[{"embeddable":true,"href":"https:\/\/chimicalombarda.com\/de\/wp-json\/wp\/v2\/comments?post=1092"}],"version-history":[{"count":4,"href":"https:\/\/chimicalombarda.com\/de\/wp-json\/wp\/v2\/pages\/1092\/revisions"}],"predecessor-version":[{"id":1392,"href":"https:\/\/chimicalombarda.com\/de\/wp-json\/wp\/v2\/pages\/1092\/revisions\/1392"}],"wp:attachment":[{"href":"https:\/\/chimicalombarda.com\/de\/wp-json\/wp\/v2\/media?parent=1092"}],"curies":[{"name":"wp","href":"https:\/\/api.w.org\/{rel}","templated":true}]}}