{"id":1094,"date":"2025-03-26T12:26:24","date_gmt":"2025-03-26T11:26:24","guid":{"rendered":"https:\/\/chimicalombarda.com\/polyisocyanates\/"},"modified":"2025-05-12T10:26:50","modified_gmt":"2025-05-12T08:26:50","slug":"polyisocyanat","status":"publish","type":"page","link":"https:\/\/chimicalombarda.com\/de\/polyisocyanat\/","title":{"rendered":"Polyisocyanates &#8211; Polyisocyanat"},"content":{"rendered":"<div class=\"wpb-content-wrapper\"><p>[vc_row full_width=&#8220;stretch_row_content_no_spaces&#8220; css=&#8220;.vc_custom_1743426893868{background-color: #030F0E !important;}&#8220;][vc_column][video_background_gradient background_type=&#8220;immagine&#8220; background_image=&#8220;368&#8243;][vc_row_inner][vc_column_inner width=&#8220;5\/12&#8243;]<div class=\"empty-space-custom\" data-id=\"empty_space_custom_1\"><\/div><div class=\"label-container  inverted\"><div class=\"label\"><i class=\"fa fa-chevron-right\"><\/i> <span>Polyisocyanat-Vernetzer<\/span><\/div><\/div><div class=\"empty-space-custom\" data-id=\"empty_space_custom_2\"><\/div><div class=\"testo-responsive-container decorative-border\" data-id=\"responsive_text_1\"><h1 class=\"testo-responsive\">Polyisocyanat-Vernetzer: die universelle L\u00f6sung f\u00fcr Hochleistungsbeschichtungen<br>\n<\/h1><\/div><div class=\"empty-space-custom\" data-id=\"empty_space_custom_3\"><\/div>[\/vc_column_inner][vc_column_inner width=&#8220;7\/12&#8243;][\/vc_column_inner][\/vc_row_inner][vc_row_inner][vc_column_inner css=&#8220;.vc_custom_1741773509985{padding-top: 0px !important;padding-bottom: 0px !important;background-color: #FFFFFF1A !important;}&#8220;]<div class=\"empty-space-custom\" data-id=\"empty_space_custom_4\"><\/div>[\/vc_column_inner][\/vc_row_inner]<div class=\"empty-space-custom\" data-id=\"empty_space_custom_5\"><\/div>[\/video_background_gradient][\/vc_column][\/vc_row][vc_row full_width=&#8220;stretch_row&#8220; css=&#8220;.vc_custom_1741629619116{background-color: #030F0E !important;}&#8220;][vc_column width=&#8220;1\/6&#8243;][\/vc_column][vc_column width=&#8220;4\/6&#8243;]<div class=\"label-container text-center inverted\"><div class=\"label\"><i class=\"fa fa-chevron-right\"><\/i> <span>Leistungsstarke Vernetzer<\/span><\/div><\/div><div class=\"empty-space-custom\" data-id=\"empty_space_custom_6\"><\/div><div class=\"testo-responsive-container\" data-id=\"responsive_text_2\"><h3 class=\"testo-responsive\">Die Polyisocyanate von Chimica Lombarda sind aliphatische Vernetzer auf Basis von <strong>Hexamethylendiisocyanat (HDI)<\/strong> und <strong>Isophorondiisocyanat (IPDI)<\/strong>.<br>\n<\/h3><\/div><div class=\"empty-space-custom\" data-id=\"empty_space_custom_7\"><\/div><div class=\"testo-responsive-container\" data-id=\"responsive_text_3\"><p class=\"testo-responsive\">Sie sind f\u00fcr den Einsatz in hochwertigen Beschichtungssystemen konzipiert \u2013 insbesondere in Kombination mit <strong>Hydroxylgruppen-haltigen Polymeren<\/strong> und in <strong>zweikomponentigen Polyurethan-Systemen (PUR)<\/strong>.<br>\nUnsere Produktpalette umfasst unter anderem <strong>niedrigviskose<\/strong> und <strong>hydrophile Varianten<\/strong>, speziell f\u00fcr den Einsatz in wasserbasierten 2K-Systemen.<br>\n<\/p><\/div><div class=\"empty-space-custom\" data-id=\"empty_space_custom_8\"><\/div>[\/vc_column][vc_column width=&#8220;1\/6&#8243;][\/vc_column][\/vc_row][vc_row full_width=&#8220;stretch_row&#8220; css=&#8220;.vc_custom_1741777323755{background-color: #030F0E !important;}&#8220;][vc_column css=&#8220;.vc_custom_1741778561208{padding-top: 0px !important;}&#8220;]<div class=\"buttons-container\" data-id=\"buttons-container_1\"><a class=\"button  \" data-id=\"button_1\" target=\"\" href=\"\"><img decoding=\"async\" src=\"https:\/\/chimicalombarda.com\/wp-content\/uploads\/2025\/03\/innovazione.svg\" alt=\"icon\" \/><span>Innovation<br>\n<\/span><\/a><a class=\"button  \" data-id=\"button_2\" target=\"\" href=\"\"><img decoding=\"async\" src=\"https:\/\/chimicalombarda.com\/wp-content\/uploads\/2025\/03\/affidabilita.svg\" alt=\"icon\" \/><span>Verl\u00e4sslichkeit<br>\n<\/span><\/a><a class=\"button  \" data-id=\"button_3\" target=\"\" href=\"\"><img decoding=\"async\" src=\"https:\/\/chimicalombarda.com\/wp-content\/uploads\/2025\/03\/performance.svg\" alt=\"icon\" \/><span>Leistung<br>\n<\/span><\/a><\/div><div class=\"empty-space-custom\" data-id=\"empty_space_custom_9\"><\/div>[\/vc_column][\/vc_row][vc_row full_width=&#8220;stretch_row&#8220; css=&#8220;.vc_custom_1741796332587{background-color: #030F0E !important;}&#8220;][vc_column][vc_row_inner disable_element=&#8220;yes&#8220;][vc_column_inner width=&#8220;1\/3&#8243;]<div class=\"label-container  inverted\"><div class=\"label\"><i class=\"fa fa-chevron-right\"><\/i> <span>Mercati coperti<\/span><\/div><\/div><div class=\"empty-space-custom\" data-id=\"empty_space_custom_10\"><\/div><div class=\"testo-responsive-container decorative-border\" data-id=\"responsive_text_4\"><h3 class=\"testo-responsive\">Il <strong>nostro mercato<\/strong> non si limita a quello italiano<br>\n<\/h3><\/div><div class=\"empty-space-custom\" data-id=\"empty_space_custom_11\"><\/div><div class=\"testo-responsive-container\" data-id=\"responsive_text_5\"><p class=\"testo-responsive\">Siamo anche presenti a <strong>livello internazionale<\/strong> in Turchia, Messico, Cina e India, nonch\u00e9 in Medio Oriente e nell\u2019Europa Centrale. Al fine di garantire un servizio puntuale ed efficiente collaboriamo con agenti e partner al fine di sviluppare soluzioni su misura ad hoc per i <strong>formulatori e gli utilizzatori locali<\/strong>.<br>\n<\/p><\/div><div class=\"empty-space-custom\" data-id=\"empty_space_custom_12\"><\/div><a class=\"button  \" data-id=\"button_4\" target=\"\" href=\"#\"><img decoding=\"async\" src=\"https:\/\/chimicalombarda.com\/wp-content\/uploads\/2025\/03\/become-partner.svg\" alt=\"icon\" \/><span>Diventa partner<br>\n<\/span><\/a>[\/vc_column_inner][vc_column_inner width=&#8220;2\/3&#8243;]<div class=\"empty-space-custom\" data-id=\"empty_space_custom_13\"><\/div><div class=\"padding-container\" data-id=\"padding-container_1\"><div class=\" responsive-image\" data-id=\"responsive_image_1\"><div class=\"responsive-image-wrapper\"><img decoding=\"async\" class=\"img-fluid d-none d-sm-inline-block\" src=\"https:\/\/chimicalombarda.com\/wp-content\/uploads\/2025\/03\/mappa.svg\" alt=\"\" title=\"mappa\"><img decoding=\"async\" class=\"img-fluid d-inline-block d-sm-none\" src=\"https:\/\/chimicalombarda.com\/wp-content\/uploads\/2025\/03\/mappa.svg\" alt=\"\" title=\"mappa\"><\/div><\/div><\/div>[\/vc_column_inner][\/vc_row_inner][\/vc_column][\/vc_row][vc_row full_width=&#8220;stretch_row_content_no_spaces&#8220; css=&#8220;.vc_custom_1741805581506{background-color: #030F0E !important;}&#8220;][vc_column][video_background_gradient video_url=&#8220;https:\/\/chimicalombarda.com\/wp-content\/uploads\/2025\/03\/Video_header.mp4&#8243; gradient_rule=&#8220;linear-gradient(0deg, rgba(3,15,14,0.36738445378151263) 0%, rgba(3,15,14,1) 58%)&#8220;]<div class=\"empty-space-custom\" data-id=\"empty_space_custom_14\"><\/div>[vc_row_inner][vc_column_inner width=&#8220;7\/12&#8243; offset=&#8220;vc_hidden-sm vc_hidden-xs&#8220;]<div class=\"label-container  inverted\"><div class=\"label\"><i class=\"fa fa-chevron-right\"><\/i> <span>Eigenschaften und Vorteile<\/span><\/div><\/div><div class=\"empty-space-custom\" data-id=\"empty_space_custom_15\"><\/div><div class=\"testo-responsive-container\" data-id=\"responsive_text_6\"><h2 class=\"testo-responsive\">Die Polyisocyanat-Vernetzer von Chimica Lombarda sind eine unverzichtbare L\u00f6sung f\u00fcr ein breites Spektrum von Beschichtungsindustrien<br>\n<\/h2><\/div><div class=\"empty-space-custom\" data-id=\"empty_space_custom_16\"><\/div><a class=\"button  \" data-id=\"button_5\" target=\"_blank\" href=\"https:\/\/chimicalombarda.com\/wp-content\/uploads\/2025\/04\/Cross-Linking_Agents_v5_Digital.pdf\"><img decoding=\"async\" src=\"https:\/\/chimicalombarda.com\/wp-content\/uploads\/2025\/03\/world-yellow-1.svg\" alt=\"icon\" \/><span>Pdf herunterladen<br>\n<\/span><\/a>[\/vc_column_inner][vc_column_inner width=&#8220;5\/12&#8243;]<div class=\"padding-container\" data-id=\"padding-container_2\"><div class=\"empty-space-custom\" data-id=\"empty_space_custom_17\"><\/div><div class=\"testo-responsive-container\" data-id=\"responsive_text_7\"><div class=\"testo-responsive\"><br>\n<ul>\n<li>Hohe Reaktivit\u00e4t mit vielen Substraten<\/li>\n<li>Exzellente chemische Best\u00e4ndigkeit<\/li>\n<li>Hervorragende physikalische Eigenschaften<\/li>\n<li>Nicht vergilbend<\/li>\n<li>Verbessert Glanzhaltung und Finish-Transparenz<\/li>\n<li>Erh\u00f6ht Haltbarkeit und Abriebfestigkeit<\/li>\n<li>\u00dcberlegene Haftung auf verschiedenen Oberfl\u00e4chen<\/li>\n<li>Verk\u00fcrzt Trocknungszeiten und steigert die Produktivit\u00e4t<\/li>\n<\/ul>\n\n<\/div><\/div><\/div>[\/vc_column_inner][\/vc_row_inner][vc_row_inner][vc_column_inner offset=&#8220;vc_hidden-lg vc_hidden-md&#8220;]<div class=\"label-container  inverted\"><div class=\"label\"><i class=\"fa fa-chevron-right\"><\/i> <span>L&#039;impegno verso l&#039;ambiente<\/span><\/div><\/div><div class=\"empty-space-custom\" data-id=\"empty_space_custom_18\"><\/div><div class=\"testo-responsive-container\" data-id=\"responsive_text_8\"><h1 class=\"testo-responsive\">La <strong>sostenibilit\u00e0<\/strong> \u00e8 il cuore pulsante della nostra missione<br>\n<\/h1><\/div><div class=\"empty-space-custom\" data-id=\"empty_space_custom_19\"><\/div><div class=\"testo-responsive-container\" data-id=\"responsive_text_9\"><p class=\"testo-responsive\">Chimica Lombarda ha infatti sviluppato prodotti all\u2019avanguardia che riducono l\u2019impatto ambientale, integrando nei propri processi produttivi, materie prime bio-based e tecnologie abbattano le emissioni in atmosfera di gas serra (CO2). Questo approccio non \u00e8 solo una scelta etica, ma una strategia che ci consente di contribuire concretamente ad un futuro pi\u00f9 verde senza compromettere la qualit\u00e0 e la performance dei nostri prodotti.<br>\n<\/p><\/div><div class=\"empty-space-custom\" data-id=\"empty_space_custom_20\"><\/div><a class=\"button  \" data-id=\"button_6\" target=\"\" href=\"#\"><img decoding=\"async\" src=\"https:\/\/chimicalombarda.com\/wp-content\/uploads\/2025\/03\/world-yellow-1.svg\" alt=\"icon\" \/><span>Ambiente e sostenibilit\u00e0<br>\n<\/span><\/a>[\/vc_column_inner][\/vc_row_inner]<div class=\"empty-space-custom\" data-id=\"empty_space_custom_21\"><\/div>[\/video_background_gradient][\/vc_column][\/vc_row][vc_row][vc_column]<div class=\"empty-space-custom\" data-id=\"empty_space_custom_22\"><\/div>[vc_row_inner el_class=&#8220;d-flex flex-column flex-md-row&#8220;][vc_column_inner el_class=&#8220;order-2 order-md-1&#8243; width=&#8220;1\/2&#8243;]<div class=\"label-container \"><div class=\"label\"><i class=\"fa fa-chevron-right\"><\/i> <span>Vielseitige Vernetzer f\u00fcr hervorragende Beschichtungen<\/span><\/div><\/div><div class=\"empty-space-custom\" data-id=\"empty_space_custom_23\"><\/div><div class=\"testo-responsive-container\" data-id=\"responsive_text_10\"><p class=\"testo-responsive\">Die Polyisocyanat-Vernetzer von Chimica Lombarda sind aufgrund ihrer vielseitigen Anwendungsm\u00f6glichkeiten eine wesentliche L\u00f6sung f\u00fcr eine Vielzahl von Beschichtungsindustrien. Diese Vernetzer sind so konzipiert, dass sie mit verschiedenen Substraten interagieren und eine hervorragende Leistung in Bezug auf Best\u00e4ndigkeit, Haltbarkeit und Qualit\u00e4t bieten.<br>\nZu den wichtigsten Eigenschaften geh\u00f6ren ihre hohe chemische Reaktivit\u00e4t mit verschiedenen Substraten und ihre ausgezeichnete Best\u00e4ndigkeit. Sie gew\u00e4hrleisten eine schnelle Reaktivit\u00e4t sowohl bei Umgebungs- als auch bei erh\u00f6hten Temperaturen, w\u00e4hrend ihre gleichm\u00e4\u00dfige Partikelverteilung die Klarheit verbessert und den Glanz \u00fcber lange Zeit erh\u00e4lt.<br>\nDar\u00fcber hinaus bieten Polyisocyanat-Vernetzer eine ausgezeichnete Kompatibilit\u00e4t mit wasser- und l\u00f6sungsmittelbasierten Systemen, was sie zu einer vielseitigen Wahl f\u00fcr industrielle Anwendungen macht.<br>\n<\/p><\/div><div class=\"empty-space-custom\" data-id=\"empty_space_custom_24\"><\/div>[\/vc_column_inner][vc_column_inner el_class=&#8220;order-1 order-md-2&#8243; width=&#8220;1\/2&#8243;]<div class=\"padding-container\" data-id=\"padding-container_3\"><div class=\" responsive-image\" data-id=\"responsive_image_2\"><div class=\"responsive-image-wrapper\"><img decoding=\"async\" class=\"img-fluid d-none d-sm-inline-block\" src=\"https:\/\/chimicalombarda.com\/wp-content\/uploads\/2025\/03\/Immagine.png\" alt=\"\" title=\"Immagine\"><img decoding=\"async\" class=\"img-fluid d-inline-block d-sm-none\" src=\"https:\/\/chimicalombarda.com\/wp-content\/uploads\/2025\/03\/Immagine.png\" alt=\"\" title=\"Immagine\"><\/div><\/div><\/div><div class=\"empty-space-custom\" data-id=\"empty_space_custom_25\"><\/div>[\/vc_column_inner][\/vc_row_inner]<div class=\"empty-space-custom\" data-id=\"empty_space_custom_26\"><\/div>[\/vc_column][\/vc_row][vc_row][vc_column]<div class=\"empty-space-custom\" data-id=\"empty_space_custom_27\"><\/div>[vc_row_inner][vc_column_inner width=&#8220;1\/2&#8243;]<div class=\"padding-container\" data-id=\"padding-container_4\"><div class=\" responsive-image\" data-id=\"responsive_image_3\"><div class=\"responsive-image-wrapper\"><img decoding=\"async\" class=\"img-fluid d-none d-sm-inline-block\" src=\"https:\/\/chimicalombarda.com\/wp-content\/uploads\/2025\/03\/Immagine-1.png\" alt=\"\" title=\"Immagine (1)\"><img decoding=\"async\" class=\"img-fluid d-inline-block d-sm-none\" src=\"https:\/\/chimicalombarda.com\/wp-content\/uploads\/2025\/03\/Immagine-1.png\" alt=\"\" title=\"Immagine (1)\"><\/div><\/div><\/div><div class=\"empty-space-custom\" data-id=\"empty_space_custom_28\"><\/div>[\/vc_column_inner][vc_column_inner width=&#8220;1\/2&#8243;]<div class=\"label-container \"><div class=\"label\"><i class=\"fa fa-chevron-right\"><\/i> <span>Vorteile von Poly-Isocyanaten<\/span><\/div><\/div><div class=\"empty-space-custom\" data-id=\"empty_space_custom_29\"><\/div><div class=\"testo-responsive-container\" data-id=\"responsive_text_11\"><p class=\"testo-responsive\"><br>\n<ul>\n<li>Verbessert die Haltbarkeit und Abriebfestigkeit.<\/li>\n<li>Bessere Haftung auf verschiedenen Materialien.<\/li>\n<li>Reduziert die Trocknungszeiten und verbessert die Produktionseffizienz.<\/li>\n<li>Sch\u00fctzen die Oberfl\u00e4chen vor chemischen und mechanischen Einfl\u00fcssen und gew\u00e4hrleisten eine lang anhaltende Qualit\u00e4t.<\/li>\n<\/ul>\n\n<\/p><\/div><div class=\"empty-space-custom\" data-id=\"empty_space_custom_30\"><\/div><div class=\"testo-responsive-container\" data-id=\"responsive_text_12\"><p class=\"testo-responsive\"><strong>Setzen Sie auf Innovation, Qualit\u00e4t und Nachhaltigkeit<\/strong> \u2013 mit den Polyisocyanaten von Chimica Lombarda.<br>\n<strong>Laden Sie unseren Crosslinker-Katalog herunter<\/strong> und finden Sie die passende L\u00f6sung f\u00fcr Ihre Anwendung.<br>\n<\/p><\/div><div class=\"empty-space-custom\" data-id=\"empty_space_custom_31\"><\/div>[\/vc_column_inner][\/vc_row_inner]<div class=\"empty-space-custom\" data-id=\"empty_space_custom_32\"><\/div>[vc_row_inner][vc_column_inner css=&#8220;.vc_custom_1741804441771{background-color: #FFFFFF1A !important;}&#8220;]<div class=\"empty-space-custom\" data-id=\"empty_space_custom_33\"><\/div>[\/vc_column_inner][\/vc_row_inner][\/vc_column][\/vc_row]<\/p>\n<\/div>","protected":false},"excerpt":{"rendered":"<p>[vc_row full_width=&#8220;stretch_row_content_no_spaces&#8220; css=&#8220;.vc_custom_1743426893868{background-color: #030F0E !important;}&#8220;][vc_column][video_background_gradient background_type=&#8220;immagine&#8220; background_image=&#8220;368&#8243;][vc_row_inner][vc_column_inner width=&#8220;5\/12&#8243;][\/vc_column_inner][vc_column_inner width=&#8220;7\/12&#8243;][\/vc_column_inner][\/vc_row_inner][vc_row_inner][vc_column_inner css=&#8220;.vc_custom_1741773509985{padding-top: 0px !important;padding-bottom: 0px !important;background-color: #FFFFFF1A !important;}&#8220;][\/vc_column_inner][\/vc_row_inner][\/video_background_gradient][\/vc_column][\/vc_row][vc_row full_width=&#8220;stretch_row&#8220; css=&#8220;.vc_custom_1741629619116{background-color: #030F0E !important;}&#8220;][vc_column width=&#8220;1\/6&#8243;][\/vc_column][vc_column width=&#8220;4\/6&#8243;][\/vc_column][vc_column width=&#8220;1\/6&#8243;][\/vc_column][\/vc_row][vc_row full_width=&#8220;stretch_row&#8220; css=&#8220;.vc_custom_1741777323755{background-color: #030F0E !important;}&#8220;][vc_column css=&#8220;.vc_custom_1741778561208{padding-top: 0px !important;}&#8220;][\/vc_column][\/vc_row][vc_row full_width=&#8220;stretch_row&#8220; css=&#8220;.vc_custom_1741796332587{background-color: #030F0E !important;}&#8220;][vc_column][vc_row_inner disable_element=&#8220;yes&#8220;][vc_column_inner width=&#8220;1\/3&#8243;][\/vc_column_inner][vc_column_inner width=&#8220;2\/3&#8243;][\/vc_column_inner][\/vc_row_inner][\/vc_column][\/vc_row][vc_row full_width=&#8220;stretch_row_content_no_spaces&#8220; css=&#8220;.vc_custom_1741805581506{background-color: #030F0E !important;}&#8220;][vc_column][video_background_gradient video_url=&#8220;https:\/\/chimicalombarda.com\/wp-content\/uploads\/2025\/03\/Video_header.mp4&#8243; gradient_rule=&#8220;linear-gradient(0deg, rgba(3,15,14,0.36738445378151263) 0%, rgba(3,15,14,1) 58%)&#8220;][vc_row_inner][vc_column_inner width=&#8220;7\/12&#8243; offset=&#8220;vc_hidden-sm vc_hidden-xs&#8220;][\/vc_column_inner][vc_column_inner width=&#8220;5\/12&#8243;][\/vc_column_inner][\/vc_row_inner][vc_row_inner][vc_column_inner offset=&#8220;vc_hidden-lg vc_hidden-md&#8220;][\/vc_column_inner][\/vc_row_inner][\/video_background_gradient][\/vc_column][\/vc_row][vc_row][vc_column][vc_row_inner el_class=&#8220;d-flex flex-column [&hellip;]<\/p>\n","protected":false},"author":2,"featured_media":0,"parent":0,"menu_order":0,"comment_status":"closed","ping_status":"closed","template":"","meta":{"_acf_changed":false,"inline_featured_image":false,"footnotes":""},"class_list":["post-1094","page","type-page","status-publish","hentry"],"acf":[],"aioseo_notices":[],"_links":{"self":[{"href":"https:\/\/chimicalombarda.com\/de\/wp-json\/wp\/v2\/pages\/1094","targetHints":{"allow":["GET"]}}],"collection":[{"href":"https:\/\/chimicalombarda.com\/de\/wp-json\/wp\/v2\/pages"}],"about":[{"href":"https:\/\/chimicalombarda.com\/de\/wp-json\/wp\/v2\/types\/page"}],"author":[{"embeddable":true,"href":"https:\/\/chimicalombarda.com\/de\/wp-json\/wp\/v2\/users\/2"}],"replies":[{"embeddable":true,"href":"https:\/\/chimicalombarda.com\/de\/wp-json\/wp\/v2\/comments?post=1094"}],"version-history":[{"count":3,"href":"https:\/\/chimicalombarda.com\/de\/wp-json\/wp\/v2\/pages\/1094\/revisions"}],"predecessor-version":[{"id":1272,"href":"https:\/\/chimicalombarda.com\/de\/wp-json\/wp\/v2\/pages\/1094\/revisions\/1272"}],"wp:attachment":[{"href":"https:\/\/chimicalombarda.com\/de\/wp-json\/wp\/v2\/media?parent=1094"}],"curies":[{"name":"wp","href":"https:\/\/api.w.org\/{rel}","templated":true}]}}