{"id":1098,"date":"2025-03-27T14:15:27","date_gmt":"2025-03-27T13:15:27","guid":{"rendered":"https:\/\/chimicalombarda.com\/polyaziridines\/"},"modified":"2025-05-12T10:26:51","modified_gmt":"2025-05-12T08:26:51","slug":"polyaziridin","status":"publish","type":"page","link":"https:\/\/chimicalombarda.com\/de\/polyaziridin\/","title":{"rendered":"Polyaziridines &#8211; Polyaziridin"},"content":{"rendered":"<div class=\"wpb-content-wrapper\"><p>[vc_row full_width=&#8220;stretch_row_content_no_spaces&#8220; css=&#8220;.vc_custom_1743426675240{background-color: #030F0E !important;}&#8220;][vc_column][video_background_gradient background_type=&#8220;immagine&#8220; background_image=&#8220;549&#8243;][vc_row_inner][vc_column_inner width=&#8220;5\/12&#8243;]<div class=\"empty-space-custom\" data-id=\"empty_space_custom_1\"><\/div><div class=\"label-container  inverted\"><div class=\"label\"><i class=\"fa fa-chevron-right\"><\/i> <span>Polyaziridin-Vernetzer<\/span><\/div><\/div><div class=\"empty-space-custom\" data-id=\"empty_space_custom_2\"><\/div><div class=\"testo-responsive-container decorative-border\" data-id=\"responsive_text_1\"><h1 class=\"testo-responsive\"><br>\n<h1><strong>Polyaziridin-Vernetzer: Polymer-Innovation f\u00fcr anspruchsvollste Anwendungen<\/strong><\/h1>\n\n<\/h1><\/div><div class=\"empty-space-custom\" data-id=\"empty_space_custom_3\"><\/div>[\/vc_column_inner][vc_column_inner width=&#8220;7\/12&#8243;][\/vc_column_inner][\/vc_row_inner][vc_row_inner][vc_column_inner css=&#8220;.vc_custom_1741773509985{padding-top: 0px !important;padding-bottom: 0px !important;background-color: #FFFFFF1A !important;}&#8220;]<div class=\"empty-space-custom\" data-id=\"empty_space_custom_4\"><\/div>[\/vc_column_inner][\/vc_row_inner]<div class=\"empty-space-custom\" data-id=\"empty_space_custom_5\"><\/div>[\/video_background_gradient][\/vc_column][\/vc_row][vc_row full_width=&#8220;stretch_row&#8220; css=&#8220;.vc_custom_1741629619116{background-color: #030F0E !important;}&#8220;][vc_column width=&#8220;1\/6&#8243;][\/vc_column][vc_column width=&#8220;4\/6&#8243;]<div class=\"label-container text-center inverted\"><div class=\"label\"><i class=\"fa fa-chevron-right\"><\/i> <span>H\u00f6chste funktionale Leistung bei extrem geringer Toxizit\u00e4t<\/span><\/div><\/div><div class=\"empty-space-custom\" data-id=\"empty_space_custom_6\"><\/div><div class=\"testo-responsive-container\" data-id=\"responsive_text_2\"><h3 class=\"testo-responsive\">Chimica Lombarda hat als erstes Unternehmen eine <strong>polymerbasierte Aziridin-Technologie<\/strong> auf den Markt gebracht.<br>\nDie Innovation: <strong>POLY GREEN 70<\/strong> \u2013 ein <strong>neuartiger, polymerer Crosslinker<\/strong>, der h\u00f6chste funktionelle Leistung mit <strong>\u00e4u\u00dferst niedriger Toxizit\u00e4t<\/strong> kombiniert.<br>\n<\/h3><\/div><div class=\"empty-space-custom\" data-id=\"empty_space_custom_7\"><\/div><div class=\"testo-responsive-container\" data-id=\"responsive_text_3\"><p class=\"testo-responsive\">Unser neuer polymerer Vernetzer POLY GREEN 70 stellt eine revolution\u00e4re L\u00f6sung dar, die eine sicherere, umweltvertr\u00e4gliche Alternative bietet, ohne die Leistung zu beeintr\u00e4chtigen, die traditionell von Aziridinen geboten wird.<br>\nDieses neue Portfolio zeigt das Engagement unseres Unternehmens f\u00fcr die Nutzung der Wissenschaft zur Entwicklung nachhaltiger L\u00f6sungen, die die derzeit auf dem Markt erh\u00e4ltlichen konventionellen Alternativen \u00fcbertreffen.<br>\n<\/p><\/div><div class=\"empty-space-custom\" data-id=\"empty_space_custom_8\"><\/div>[\/vc_column][vc_column width=&#8220;1\/6&#8243;][\/vc_column][\/vc_row][vc_row full_width=&#8220;stretch_row&#8220; css=&#8220;.vc_custom_1741777323755{background-color: #030F0E !important;}&#8220;][vc_column css=&#8220;.vc_custom_1741778561208{padding-top: 0px !important;}&#8220;]<div class=\"buttons-container\" data-id=\"buttons-container_1\"><a class=\"button  \" data-id=\"button_1\" target=\"\" href=\"\"><img decoding=\"async\" src=\"https:\/\/chimicalombarda.com\/wp-content\/uploads\/2025\/03\/innovazione.svg\" alt=\"icon\" \/><span>Innovation<br>\n<\/span><\/a><a class=\"button  \" data-id=\"button_2\" target=\"\" href=\"\"><img decoding=\"async\" src=\"https:\/\/chimicalombarda.com\/wp-content\/uploads\/2025\/03\/affidabilita.svg\" alt=\"icon\" \/><span>Verl\u00e4sslichkeit<br>\n<\/span><\/a><a class=\"button  \" data-id=\"button_3\" target=\"\" href=\"\"><img decoding=\"async\" src=\"https:\/\/chimicalombarda.com\/wp-content\/uploads\/2025\/03\/performance.svg\" alt=\"icon\" \/><span>Leistung<br>\n<\/span><\/a><\/div><div class=\"empty-space-custom\" data-id=\"empty_space_custom_9\"><\/div>[\/vc_column][\/vc_row][vc_row full_width=&#8220;stretch_row_content_no_spaces&#8220; css=&#8220;.vc_custom_1741805581506{background-color: #030F0E !important;}&#8220;][vc_column][video_background_gradient video_url=&#8220;https:\/\/chimicalombarda.com\/wp-content\/uploads\/2025\/03\/Video_header.mp4&#8243; gradient_rule=&#8220;linear-gradient(0deg, rgba(3,15,14,0.36738445378151263) 0%, rgba(3,15,14,1) 58%)&#8220;]<div class=\"empty-space-custom\" data-id=\"empty_space_custom_10\"><\/div>[vc_row_inner][vc_column_inner width=&#8220;7\/12&#8243;]<div class=\"label-container  inverted\"><div class=\"label\"><i class=\"fa fa-chevron-right\"><\/i> <span>Eigenschaften &amp; Vorteile<\/span><\/div><\/div><div class=\"empty-space-custom\" data-id=\"empty_space_custom_11\"><\/div><div class=\"testo-responsive-container\" data-id=\"responsive_text_4\"><h2 class=\"testo-responsive\"><strong>POLY GREEN 70<\/strong><br>\n<\/h2><\/div><div class=\"empty-space-custom\" data-id=\"empty_space_custom_12\"><\/div><div class=\"testo-responsive-container\" data-id=\"responsive_text_5\"><div class=\"testo-responsive\"><br>\n<ul>\n<li>Hohe Wasser- &amp; Chemikalienbest\u00e4ndigkeit bereits bei niedrigen Dosierungen<\/li>\n<li>Exzellente Haftung auf vielf\u00e4ltigen Substraten<\/li>\n<li>Thermisch stabil &amp; hochreaktiv<\/li>\n<li>Kein Trocknen oder Erhitzen nach Applikation notwendig<\/li>\n<li>Kein Vergilben bei Alterung<\/li>\n<li>Breiter pH-Anwendungsbereich<\/li>\n<li>Reaktiv mit wasserbasierten Acrylemulsionen &amp; PU-Dispersionen<\/li>\n<li>Niedrige Toxizit\u00e4t (nicht genotoxisch, nicht mutagen)<\/li>\n<\/ul>\n\n<\/div><\/div><div class=\"empty-space-custom\" data-id=\"empty_space_custom_13\"><\/div><a class=\"button  \" data-id=\"button_4\" target=\"_blank\" href=\"https:\/\/chimicalombarda.com\/wp-content\/uploads\/2025\/04\/Cross-Linking_Agents_v5_Digital.pdf\"><img decoding=\"async\" src=\"https:\/\/chimicalombarda.com\/wp-content\/uploads\/2025\/03\/world-yellow-1.svg\" alt=\"icon\" \/><span>Pdf herunterladen<br>\n<\/span><\/a>[\/vc_column_inner][vc_column_inner width=&#8220;5\/12&#8243; offset=&#8220;vc_hidden-sm vc_hidden-xs&#8220;][\/vc_column_inner][\/vc_row_inner][vc_row_inner][vc_column_inner]<div class=\"empty-space-custom\" data-id=\"empty_space_custom_14\"><\/div>[\/vc_column_inner][\/vc_row_inner]<div class=\"empty-space-custom\" data-id=\"empty_space_custom_15\"><\/div>[\/video_background_gradient][\/vc_column][\/vc_row][vc_row][vc_column]<div class=\"empty-space-custom\" data-id=\"empty_space_custom_16\"><\/div>[vc_row_inner el_class=&#8220;d-flex flex-column flex-md-row&#8220;][vc_column_inner el_class=&#8220;order-2 order-md-1&#8243; width=&#8220;1\/2&#8243;]<div class=\"label-container \"><div class=\"label\"><i class=\"fa fa-chevron-right\"><\/i> <span>Wichtiger Vorteil<\/span><\/div><\/div><div class=\"empty-space-custom\" data-id=\"empty_space_custom_17\"><\/div><div class=\"testo-responsive-container\" data-id=\"responsive_text_6\"><p class=\"testo-responsive\">Die geringe Toxizit\u00e4t von POLY GREEN 70 macht es nicht nur sicherer f\u00fcr die menschliche Gesundheit, sondern erm\u00f6glicht es auch Transformatoren, Tintenformulierern und Farbenherstellern in verschiedenen Branchen, kritische Sicherheitskennzeichnungen zu entfernen. Dies macht ihre Produktionsprozesse sicherer f\u00fcr die Mitarbeiter und attraktiver f\u00fcr die Verbraucher.<br>\n<\/p><\/div><div class=\"empty-space-custom\" data-id=\"empty_space_custom_18\"><\/div>[\/vc_column_inner][vc_column_inner el_class=&#8220;order-1 order-md-2&#8243; width=&#8220;1\/2&#8243;]<div class=\"padding-container\" data-id=\"padding-container_1\"><div class=\" responsive-image\" data-id=\"responsive_image_1\"><div class=\"responsive-image-wrapper\"><img decoding=\"async\" class=\"img-fluid d-none d-sm-inline-block\" src=\"https:\/\/chimicalombarda.com\/wp-content\/uploads\/2025\/03\/plymer.jpg\" alt=\"\" title=\"plymer\"><img decoding=\"async\" class=\"img-fluid d-inline-block d-sm-none\" src=\"https:\/\/chimicalombarda.com\/wp-content\/uploads\/2025\/03\/plymer.jpg\" alt=\"\" title=\"plymer\"><\/div><\/div><\/div><div class=\"empty-space-custom\" data-id=\"empty_space_custom_19\"><\/div>[\/vc_column_inner][\/vc_row_inner]<div class=\"empty-space-custom\" data-id=\"empty_space_custom_20\"><\/div>[\/vc_column][\/vc_row][vc_row][vc_column]<div class=\"empty-space-custom\" data-id=\"empty_space_custom_21\"><\/div>[vc_row_inner][vc_column_inner width=&#8220;1\/2&#8243;]<div class=\"padding-container\" data-id=\"padding-container_2\"><div class=\" responsive-image\" data-id=\"responsive_image_2\"><div class=\"responsive-image-wrapper\"><img decoding=\"async\" class=\"img-fluid d-none d-sm-inline-block\" src=\"https:\/\/chimicalombarda.com\/wp-content\/uploads\/2025\/03\/safed-polymer.jpg\" alt=\"\" title=\"safed-polymer\"><img decoding=\"async\" class=\"img-fluid d-inline-block d-sm-none\" src=\"https:\/\/chimicalombarda.com\/wp-content\/uploads\/2025\/03\/safed-polymer.jpg\" alt=\"\" title=\"safed-polymer\"><\/div><\/div><\/div><div class=\"empty-space-custom\" data-id=\"empty_space_custom_22\"><\/div>[\/vc_column_inner][vc_column_inner width=&#8220;1\/2&#8243;]<div class=\"label-container \"><div class=\"label\"><i class=\"fa fa-chevron-right\"><\/i> <span>Hervorragende Haftung und Leistung<\/span><\/div><\/div><div class=\"empty-space-custom\" data-id=\"empty_space_custom_23\"><\/div><div class=\"testo-responsive-container\" data-id=\"responsive_text_7\"><p class=\"testo-responsive\">Die polymere Innovation von POLY GREEN 70 bietet eine hervorragende universelle Haftung auf einer Vielzahl von Substraten und \u00fcbertrifft in einigen F\u00e4llen sogar die Haftleistung herk\u00f6mmlicher Aziridine. Ob Ihre Beschichtung f\u00fcr:<br>\n<\/p><\/div><div class=\"empty-space-custom\" data-id=\"empty_space_custom_24\"><\/div><div class=\"testo-responsive-container\" data-id=\"responsive_text_8\"><p class=\"testo-responsive\"><br>\n<ul>\n<li><strong>Holz<\/strong><\/li>\n<li><strong>Metall<\/strong><\/li>\n<li><strong>Textil<\/strong><\/li>\n<li><strong>Leder<\/strong><\/li>\n<\/ul>\n\n<\/p><\/div><div class=\"empty-space-custom\" data-id=\"empty_space_custom_25\"><\/div><div class=\"testo-responsive-container\" data-id=\"responsive_text_9\"><p class=\"testo-responsive\">POLY GREEN 70 ist die L\u00f6sung, auf die Sie gewartet haben.<br>\n<\/p><\/div><div class=\"empty-space-custom\" data-id=\"empty_space_custom_26\"><\/div>[\/vc_column_inner][\/vc_row_inner]<div class=\"empty-space-custom\" data-id=\"empty_space_custom_27\"><\/div>[vc_row_inner][vc_column_inner css=&#8220;.vc_custom_1741804441771{background-color: #FFFFFF1A !important;}&#8220;]<div class=\"empty-space-custom\" data-id=\"empty_space_custom_28\"><\/div>[\/vc_column_inner][\/vc_row_inner][\/vc_column][\/vc_row][vc_row][vc_column]<div class=\"empty-space-custom\" data-id=\"empty_space_custom_29\"><\/div>[vc_row_inner el_class=&#8220;d-flex flex-column flex-md-row&#8220;][vc_column_inner el_class=&#8220;order-2 order-md-1&#8243; width=&#8220;1\/2&#8243;]<div class=\"label-container \"><div class=\"label\"><i class=\"fa fa-chevron-right\"><\/i> <span>Verl\u00e4ngerte Topfzeit und Effizienz<\/span><\/div><\/div><div class=\"empty-space-custom\" data-id=\"empty_space_custom_30\"><\/div><div class=\"testo-responsive-container\" data-id=\"responsive_text_10\"><p class=\"testo-responsive\">Mit seinen einzigartigen chemischen Eigenschaften und seiner au\u00dfergew\u00f6hnlichen Wasserstabilit\u00e4t h\u00e4lt POLY GREEN 70 eine Topfzeit von bis zu einer Woche, ohne dass ein Nachmischen erforderlich ist. Dies verbessert die Produktzuverl\u00e4ssigkeit und erm\u00f6glicht es Herstellern, Formulierern und Endanwendern:<br>\n<\/p><\/div><div class=\"empty-space-custom\" data-id=\"empty_space_custom_31\"><\/div><div class=\"testo-responsive-container\" data-id=\"responsive_text_11\"><p class=\"testo-responsive\"><br>\n<ul>\n<li>Reduzieren Sie Produktabf\u00e4lle<\/li>\n<li>Erzielen Sie ein hohes Ma\u00df an Effizienz, ohne Kompromisse bei der Dauer.<\/li>\n<\/ul>\n\n<\/p><\/div><div class=\"empty-space-custom\" data-id=\"empty_space_custom_32\"><\/div><div class=\"testo-responsive-container\" data-id=\"responsive_text_12\"><p class=\"testo-responsive\"><strong>Mit Chimica Lombarda investieren Sie in h\u00f6chste italienische Technologie<\/strong>, kombiniert mit der M\u00f6glichkeit, individuelle L\u00f6sungen f\u00fcr jede industrielle Anwendung zu erhalten.<br>\n<strong>Laden Sie unseren Crosslinker-Katalog herunter<\/strong> und entdecken Sie die Vorteile von POLY GREEN 70.<br>\n<\/p><\/div><div class=\"empty-space-custom\" data-id=\"empty_space_custom_33\"><\/div><a class=\"button  \" data-id=\"button_5\" target=\"_blank\" href=\"https:\/\/chimicalombarda.com\/wp-content\/uploads\/2025\/03\/Cross-Linking_Agents.pdf\"><img decoding=\"async\" src=\"https:\/\/chimicalombarda.com\/wp-content\/uploads\/2025\/03\/world-yellow-1.svg\" alt=\"icon\" \/><span>Pdf herunterladen<br>\n<\/span><\/a>[\/vc_column_inner][vc_column_inner el_class=&#8220;order-1 order-md-2&#8243; width=&#8220;1\/2&#8243;]<div class=\"padding-container\" data-id=\"padding-container_3\"><div class=\" responsive-image\" data-id=\"responsive_image_3\"><div class=\"responsive-image-wrapper\"><img decoding=\"async\" class=\"img-fluid d-none d-sm-inline-block\" src=\"https:\/\/chimicalombarda.com\/wp-content\/uploads\/2025\/03\/water-plymer.jpg\" alt=\"\" title=\"water-plymer\"><img decoding=\"async\" class=\"img-fluid d-inline-block d-sm-none\" src=\"https:\/\/chimicalombarda.com\/wp-content\/uploads\/2025\/03\/water-plymer.jpg\" alt=\"\" title=\"water-plymer\"><\/div><\/div><\/div><div class=\"empty-space-custom\" data-id=\"empty_space_custom_34\"><\/div>[\/vc_column_inner][\/vc_row_inner]<div class=\"empty-space-custom\" data-id=\"empty_space_custom_35\"><\/div>[\/vc_column][\/vc_row]<\/p>\n<\/div>","protected":false},"excerpt":{"rendered":"<p>[vc_row full_width=&#8220;stretch_row_content_no_spaces&#8220; css=&#8220;.vc_custom_1743426675240{background-color: #030F0E !important;}&#8220;][vc_column][video_background_gradient background_type=&#8220;immagine&#8220; background_image=&#8220;549&#8243;][vc_row_inner][vc_column_inner width=&#8220;5\/12&#8243;][\/vc_column_inner][vc_column_inner width=&#8220;7\/12&#8243;][\/vc_column_inner][\/vc_row_inner][vc_row_inner][vc_column_inner css=&#8220;.vc_custom_1741773509985{padding-top: 0px !important;padding-bottom: 0px !important;background-color: #FFFFFF1A !important;}&#8220;][\/vc_column_inner][\/vc_row_inner][\/video_background_gradient][\/vc_column][\/vc_row][vc_row full_width=&#8220;stretch_row&#8220; css=&#8220;.vc_custom_1741629619116{background-color: #030F0E !important;}&#8220;][vc_column width=&#8220;1\/6&#8243;][\/vc_column][vc_column width=&#8220;4\/6&#8243;][\/vc_column][vc_column width=&#8220;1\/6&#8243;][\/vc_column][\/vc_row][vc_row full_width=&#8220;stretch_row&#8220; css=&#8220;.vc_custom_1741777323755{background-color: #030F0E !important;}&#8220;][vc_column css=&#8220;.vc_custom_1741778561208{padding-top: 0px !important;}&#8220;][\/vc_column][\/vc_row][vc_row full_width=&#8220;stretch_row_content_no_spaces&#8220; css=&#8220;.vc_custom_1741805581506{background-color: #030F0E !important;}&#8220;][vc_column][video_background_gradient video_url=&#8220;https:\/\/chimicalombarda.com\/wp-content\/uploads\/2025\/03\/Video_header.mp4&#8243; gradient_rule=&#8220;linear-gradient(0deg, rgba(3,15,14,0.36738445378151263) 0%, rgba(3,15,14,1) 58%)&#8220;][vc_row_inner][vc_column_inner width=&#8220;7\/12&#8243;][\/vc_column_inner][vc_column_inner width=&#8220;5\/12&#8243; offset=&#8220;vc_hidden-sm vc_hidden-xs&#8220;][\/vc_column_inner][\/vc_row_inner][vc_row_inner][vc_column_inner][\/vc_column_inner][\/vc_row_inner][\/video_background_gradient][\/vc_column][\/vc_row][vc_row][vc_column][vc_row_inner el_class=&#8220;d-flex flex-column flex-md-row&#8220;][vc_column_inner el_class=&#8220;order-2 order-md-1&#8243; width=&#8220;1\/2&#8243;][\/vc_column_inner][vc_column_inner el_class=&#8220;order-1 order-md-2&#8243; width=&#8220;1\/2&#8243;][\/vc_column_inner][\/vc_row_inner][\/vc_column][\/vc_row][vc_row][vc_column][vc_row_inner][vc_column_inner width=&#8220;1\/2&#8243;][\/vc_column_inner][vc_column_inner width=&#8220;1\/2&#8243;][\/vc_column_inner][\/vc_row_inner][vc_row_inner][vc_column_inner [&hellip;]<\/p>\n","protected":false},"author":4,"featured_media":0,"parent":0,"menu_order":0,"comment_status":"closed","ping_status":"closed","template":"","meta":{"_acf_changed":false,"inline_featured_image":false,"footnotes":""},"class_list":["post-1098","page","type-page","status-publish","hentry"],"acf":[],"aioseo_notices":[],"_links":{"self":[{"href":"https:\/\/chimicalombarda.com\/de\/wp-json\/wp\/v2\/pages\/1098","targetHints":{"allow":["GET"]}}],"collection":[{"href":"https:\/\/chimicalombarda.com\/de\/wp-json\/wp\/v2\/pages"}],"about":[{"href":"https:\/\/chimicalombarda.com\/de\/wp-json\/wp\/v2\/types\/page"}],"author":[{"embeddable":true,"href":"https:\/\/chimicalombarda.com\/de\/wp-json\/wp\/v2\/users\/4"}],"replies":[{"embeddable":true,"href":"https:\/\/chimicalombarda.com\/de\/wp-json\/wp\/v2\/comments?post=1098"}],"version-history":[{"count":2,"href":"https:\/\/chimicalombarda.com\/de\/wp-json\/wp\/v2\/pages\/1098\/revisions"}],"predecessor-version":[{"id":1270,"href":"https:\/\/chimicalombarda.com\/de\/wp-json\/wp\/v2\/pages\/1098\/revisions\/1270"}],"wp:attachment":[{"href":"https:\/\/chimicalombarda.com\/de\/wp-json\/wp\/v2\/media?parent=1098"}],"curies":[{"name":"wp","href":"https:\/\/api.w.org\/{rel}","templated":true}]}}