{"id":1109,"date":"2025-03-13T18:38:22","date_gmt":"2025-03-13T17:38:22","guid":{"rendered":"https:\/\/chimicalombarda.com\/home\/"},"modified":"2025-10-03T12:47:43","modified_gmt":"2025-10-03T10:47:43","slug":"home","status":"publish","type":"page","link":"https:\/\/chimicalombarda.com\/de\/","title":{"rendered":"Home"},"content":{"rendered":"<div class=\"wpb-content-wrapper\"><p>[vc_row full_width=&#8220;stretch_row_content_no_spaces&#8220; css=&#8220;.vc_custom_1743156275399{background-color: #030F0E !important;}&#8220;][vc_column][video_background_gradient video_url=&#8220;https:\/\/chimicalombarda.com\/wp-content\/uploads\/2025\/03\/Video_header.mp4&#8243; gradient_rule=&#8220;background: rgb(3,15,14); background: linear-gradient(0deg, rgba(3,15,14,1) 0%, rgba(3,15,14,0) 100%);&#8220;][vc_row_inner][vc_column_inner offset=&#8220;vc_col-lg-5 vc_col-md-6 vc_col-xs-12&#8243;]<div class=\"empty-space-custom\" data-id=\"empty_space_custom_1\"><\/div><div class=\"label-container  inverted\"><div class=\"label\"><i class=\"fa fa-chevron-right\"><\/i> <span>Chimica Lombarda: Innovation, Zuverl\u00e4ssigkeit und Performance<\/span><\/div><\/div><div class=\"empty-space-custom\" data-id=\"empty_space_custom_2\"><\/div><div class=\"testo-responsive-container\" data-id=\"responsive_text_1\"><h1 class=\"testo-responsive\">Seit \u00fcber 30 Jahren entwickeln wir innovative und leistungsstarke Polyurethandispersionen und Crosslinker.<br>\n<\/h1><\/div><div class=\"empty-space-custom\" data-id=\"empty_space_custom_3\"><\/div><a class=\"button  \" data-id=\"button_1\" target=\"\" href=\"https:\/\/chimicalombarda.com\/de\/polyurethandispersionen\/\"><img decoding=\"async\" src=\"https:\/\/chimicalombarda.com\/wp-content\/uploads\/2025\/03\/drop.svg\" alt=\"icon\" \/><span>Produkte<br>\n<\/span><\/a><a class=\"button  \" data-id=\"button_2\" target=\"\" href=\"https:\/\/chimicalombarda.com\/de\/kontakt\/\"><img decoding=\"async\" src=\"https:\/\/chimicalombarda.com\/wp-content\/uploads\/2025\/03\/chat-yellow.svg\" alt=\"icon\" \/><span>Kontaktieren Sie uns<br>\n<\/span><\/a><div class=\"empty-space-custom\" data-id=\"empty_space_custom_4\"><\/div><div class=\"buttons-container\" data-id=\"buttons-container_1\"><\/div>[\/vc_column_inner][vc_column_inner offset=&#8220;vc_col-lg-7 vc_col-md-6 vc_hidden-sm vc_hidden-xs&#8220;][\/vc_column_inner][\/vc_row_inner]<div class=\"empty-space-custom\" data-id=\"empty_space_custom_5\"><\/div>[vc_row_inner][vc_column_inner css=&#8220;.vc_custom_1741773509985{padding-top: 0px !important;padding-bottom: 0px !important;background-color: #FFFFFF1A !important;}&#8220;]<div class=\"empty-space-custom\" data-id=\"empty_space_custom_6\"><\/div>[\/vc_column_inner][\/vc_row_inner]<div class=\"empty-space-custom\" data-id=\"empty_space_custom_7\"><\/div>[\/video_background_gradient][\/vc_column][\/vc_row][vc_row full_width=&#8220;stretch_row&#8220; css=&#8220;.vc_custom_1741629619116{background-color: #030F0E !important;}&#8220;][vc_column width=&#8220;1\/2&#8243;]<div class=\"label-container  inverted\"><div class=\"label\"><i class=\"fa fa-chevron-right\"><\/i> <span>\u00dcber uns<\/span><\/div><\/div><div class=\"empty-space-custom\" data-id=\"empty_space_custom_8\"><\/div><div class=\"testo-responsive-container decorative-border\" data-id=\"responsive_text_2\"><h3 class=\"testo-responsive\">Seit 1989 ist Chimica Lombarda ein f\u00fchrender Hersteller und globaler Anbieter von wasserbasierten Polyurethandispersionen und innovativen Crosslinkern mit hoher Leistung.<br>\n<\/h3><\/div><div class=\"empty-space-custom\" data-id=\"empty_space_custom_9\"><\/div><div class=\"testo-responsive-container\" data-id=\"responsive_text_3\"><p class=\"testo-responsive\">Mit Hauptsitz in Fombio (LO) bieten wir L\u00f6sungen zur Optimierung der Leistung, Langlebigkeit und \u00c4sthetik zahlreicher Materialien des t\u00e4glichen Lebens.<br>\nDank eines umfangreichen und diversifizierten Produktportfolios und fundierter Anwendungserfahrung liefern wir Spezialprodukte und Prozessl\u00f6sungen f\u00fcr strategische Industrien wie:<br>\n<\/p><\/div><div class=\"empty-space-custom\" data-id=\"empty_space_custom_10\"><\/div>[\/vc_column][vc_column width=&#8220;1\/2&#8243;]<div class=\"accordion-container\" data-id=\"accordion-container_1\"><div class=\"item-accordion\" data-id=\"item-accordion_1\"><div class=\"item-accordion-header\"><img decoding=\"async\" src=\"https:\/\/chimicalombarda.com\/wp-content\/uploads\/2025\/03\/industria-conciaria.svg\" alt=\"icon\" \/> <span class=\"item-accordion-title\">Lederindustrie<\/span><i class=\"fa fa-chevron-down item-accordion-chevron\"><\/i><\/div><div class=\"item-accordion-content\">Vollst\u00e4ndiges Portfolio f\u00fcr die Lederveredelung (Automobil, Schuhe, Bekleidung, M\u00f6bel)<\/div><\/div><div class=\"item-accordion\" data-id=\"item-accordion_2\"><div class=\"item-accordion-header\"><img decoding=\"async\" src=\"https:\/\/chimicalombarda.com\/wp-content\/uploads\/2025\/03\/industria-tessile.svg\" alt=\"icon\" \/> <span class=\"item-accordion-title\">Textilindustrie<\/span><i class=\"fa fa-chevron-down item-accordion-chevron\"><\/i><\/div><div class=\"item-accordion-content\">Fortschrittliche und nachhaltige L\u00f6sungen f\u00fcr das Textilfinishing<\/div><\/div><div class=\"item-accordion\" data-id=\"item-accordion_3\"><div class=\"item-accordion-header\"><img decoding=\"async\" src=\"https:\/\/chimicalombarda.com\/wp-content\/uploads\/2025\/03\/industria-cartaria.svg\" alt=\"icon\" \/> <span class=\"item-accordion-title\">Papierindustrie<\/span><i class=\"fa fa-chevron-down item-accordion-chevron\"><\/i><\/div><div class=\"item-accordion-content\">Nachhaltigkeit und Leistung f\u00fcr funktionelle Papiere, Luxusverpackungen und Banknoten<\/div><\/div><div class=\"item-accordion\" data-id=\"item-accordion_4\"><div class=\"item-accordion-header\"><img decoding=\"async\" src=\"https:\/\/chimicalombarda.com\/wp-content\/uploads\/2025\/03\/coating-industriale.svg\" alt=\"icon\" \/> <span class=\"item-accordion-title\">Industrielle Beschichtungen<\/span><i class=\"fa fa-chevron-down item-accordion-chevron\"><\/i><\/div><div class=\"item-accordion-content\">Hochleistungsdispersionen und H\u00e4rter f\u00fcr Holzlacke, M\u00f6bel, Metall, Kunststoff und PVC<\/div><\/div><\/div><div class=\"empty-space-custom\" data-id=\"empty_space_custom_11\"><\/div>[\/vc_column][\/vc_row][vc_row full_width=&#8220;stretch_row&#8220; css=&#8220;.vc_custom_1741796339207{background-color: #030F0E !important;}&#8220;][vc_column css=&#8220;.vc_custom_1741796244727{background-color: #FFFFFF1A !important;}&#8220;]<div class=\"empty-space-custom\" data-id=\"empty_space_custom_12\"><\/div>[\/vc_column][\/vc_row][vc_row full_width=&#8220;stretch_row_content_no_spaces&#8220;][vc_column][video_background_gradient video_url=&#8220;https:\/\/chimicalombarda.com\/wp-content\/uploads\/2025\/03\/Video_servizi.mp4&#8243; gradient_rule=&#8220;linear-gradient(0deg, rgba(3,15,14,0.36738445378151263) 0%, rgba(3,15,14,1) 58%)&#8220;]<div class=\"empty-space-custom\" data-id=\"empty_space_custom_13\"><\/div><div class=\"label-container text-center inverted\"><div class=\"label\"><i class=\"fa fa-chevron-right\"><\/i> <span>Unsere Kompetenzbereiche<\/span><\/div><\/div><div class=\"empty-space-custom\" data-id=\"empty_space_custom_14\"><\/div><div class=\"testo-responsive-container\" data-id=\"responsive_text_4\"><h3 class=\"testo-responsive\">Wir sind spezialisiert auf die Herstellung von:<br>\n<\/h3><\/div><div class=\"empty-space-custom\" data-id=\"empty_space_custom_15\"><\/div><div class=\"container-brochure\"><div class=\"brochure-item\"><div class=\"brochure-item-image\"><img decoding=\"async\" src=\"https:\/\/chimicalombarda.com\/wp-content\/uploads\/2025\/03\/61dab3872fe4c46348e5a69adfaddb5c.png\" alt=\"Polyurethandispersionen\"><\/div><div class=\"brochure-item-content\"><h3 class=\"brochure-item-title\">Polyurethandispersionen<\/h3><div class=\"brochure-item-text\"><\/p>\n<ul>\n<li>Lederbeschichtung<\/li>\n<li>Textilveredelung<\/li>\n<li>Papierindustrie<\/li>\n<li>Industrielle Beschichtungen<\/li>\n<\/ul>\n<p><\/div><a class=\"brochure-item-link\" href=\"https:\/\/chimicalombarda.com\/wp-content\/uploads\/2025\/10\/Acqueous_Polyurethane_Dispersions_v5_Digital_compressed.pdf\" target=\"_blank\"><img decoding=\"async\" src=\"\/wp-content\/themes\/vkdynamic\/assets\/img\/download.svg\"><span>Download brochure<\/span><\/a><\/div><\/div><div class=\"brochure-item\"><div class=\"brochure-item-image\"><img decoding=\"async\" src=\"https:\/\/chimicalombarda.com\/wp-content\/uploads\/2025\/03\/61c8ae21d7782198d0cb18a1e92d3be8.png\" alt=\"Crosslinker (Vernetzer)\"><\/div><div class=\"brochure-item-content\"><h3 class=\"brochure-item-title\">Crosslinker (Vernetzer)<\/h3><div class=\"brochure-item-text\"><\/p>\n<ul>\n<li>Polyisocyanate<\/li>\n<li>Blockierte Polyisocyanate<\/li>\n<li>Polycarbodiimide<\/li>\n<li>Polyharnstoffe<\/li>\n<li>Polyaziridine<\/li>\n<\/ul>\n<p><\/div><a class=\"brochure-item-link\" href=\"https:\/\/chimicalombarda.com\/wp-content\/uploads\/2025\/04\/Cross-Linking_Agents_v5_Digital.pdf\" target=\"_blank\"><img decoding=\"async\" src=\"\/wp-content\/themes\/vkdynamic\/assets\/img\/download.svg\"><span>Scarica la brochure<\/span><\/a><\/div><\/div><\/div><div class=\"empty-space-custom\" data-id=\"empty_space_custom_16\"><\/div>[vc_row_inner][vc_column_inner width=&#8220;1\/6&#8243;][\/vc_column_inner][vc_column_inner width=&#8220;4\/6&#8243;]<div class=\"label-container text-center inverted\"><div class=\"label\"><i class=\"fa fa-chevron-right\"><\/i> <span>Beratung &amp; Dienstleistungen<\/span><\/div><\/div><div class=\"empty-space-custom\" data-id=\"empty_space_custom_17\"><\/div><div class=\"testo-responsive-container\" data-id=\"responsive_text_5\"><h3 class=\"testo-responsive\">Wir bieten einen ma\u00dfgeschneiderten Ansatz: Durch flexible Entwicklung individueller Produkte garantieren wir vollst\u00e4ndige und personalisierte Unterst\u00fctzung je nach Kundenbedarf.<br>\n<\/h3><\/div><div class=\"empty-space-custom\" data-id=\"empty_space_custom_18\"><\/div><div class=\"testo-responsive-container\" data-id=\"responsive_text_6\"><p class=\"testo-responsive\">Unser erfahrenes Team liefert innovative und prozessspezifische L\u00f6sungen.<br>\n<\/p><\/div><div class=\"empty-space-custom\" data-id=\"empty_space_custom_19\"><\/div>[\/vc_column_inner][vc_column_inner width=&#8220;1\/6&#8243;][\/vc_column_inner][\/vc_row_inner]<div class=\"buttons-container\" data-id=\"buttons-container_2\"><a class=\"button  \" data-id=\"button_3\" target=\"\" href=\"https:\/\/chimicalombarda.com\/de\/kontakt\/\"><img decoding=\"async\" src=\"https:\/\/chimicalombarda.com\/wp-content\/uploads\/2025\/03\/chat-yellow.svg\" alt=\"icon\" \/><span>Beratung anfordern<br>\n<\/span><\/a><\/div><div class=\"empty-space-custom\" data-id=\"empty_space_custom_20\"><\/div>[\/video_background_gradient][\/vc_column][\/vc_row][vc_row][vc_column]<div class=\"empty-space-custom\" data-id=\"empty_space_custom_21\"><\/div>[\/vc_column][\/vc_row][vc_row][vc_column width=&#8220;1\/2&#8243;]<div class=\"padding-container\" data-id=\"padding-container_1\"><div class=\"label-container \"><div class=\"label\"><i class=\"fa fa-chevron-right\"><\/i> <span>Nachhaltigkeit &amp; Umweltverantwortung<\/span><\/div><\/div><div class=\"empty-space-custom\" data-id=\"empty_space_custom_22\"><\/div><div class=\"testo-responsive-container decorative-border\" data-id=\"responsive_text_7\"><h3 class=\"testo-responsive\">Wir setzen uns f\u00fcr eine umweltfreundliche Chemie ein und entwickeln Polyurethandispersionen auf Basis erneuerbarer Rohstoffe sowie kennzeichnungsfreundliche Crosslinker.<br>\n<\/h3><\/div><div class=\"empty-space-custom\" data-id=\"empty_space_custom_23\"><\/div><\/div>[\/vc_column][vc_column width=&#8220;1\/2&#8243;]<div class=\"empty-space-custom\" data-id=\"empty_space_custom_24\"><\/div><div class=\"padding-container\" data-id=\"padding-container_2\"><div class=\"testo-responsive-container\" data-id=\"responsive_text_8\"><p class=\"testo-responsive\">Unsere L\u00f6sungen verbessern Leistung, Langlebigkeit und \u00c4sthetik jeder Art von Beschichtung und Material \u2013 bei maximaler Nachhaltigkeit.<br>\nDank kontinuierlicher Innovation verbessern wir unsere Urethan-Syntheseprozesse und senken die Emissionen von Treibhausgasen (CO\u2082).<br>\n<\/p><\/div><\/div>[\/vc_column][\/vc_row][vc_row][vc_column]<div class=\"empty-space-custom\" data-id=\"empty_space_custom_25\"><\/div>[\/vc_column][\/vc_row][vc_row][vc_column]<div class=\"testo-responsive-container\" data-id=\"responsive_text_9\"><h4 class=\"testo-responsive\">Unser Sortiment umfasst:<br>\n<\/h4><\/div><div class=\"empty-space-custom\" data-id=\"empty_space_custom_26\"><\/div>[\/vc_column][\/vc_row][vc_row][vc_column offset=&#8220;vc_col-lg-6 vc_col-md-12&#8243;]<div class=\"padding-container\" data-id=\"padding-container_3\">[vc_row_inner el_class=&#8220;border-radius-12&#8243; css=&#8220;.vc_custom_1741967501945{padding-top: 16px !important;padding-right: 16px !important;padding-bottom: 16px !important;padding-left: 16px !important;background-color: #FFFFFF !important;}&#8220;][vc_column_inner]<div class=\"testo-responsive-container\" data-id=\"responsive_text_10\"><div class=\"testo-responsive has-icon\"><img decoding=\"async\" src=\"https:\/\/chimicalombarda.com\/wp-content\/uploads\/2025\/03\/chevron-right-1.svg\" alt=\"icon\" \/><span>Bio-basierte wasserbasierte Polyurethandispersionen<br>\n<\/span><\/div><\/div>[\/vc_column_inner][\/vc_row_inner]<div class=\"empty-space-custom\" data-id=\"empty_space_custom_27\"><\/div>[vc_row_inner el_class=&#8220;border-radius-12&#8243; css=&#8220;.vc_custom_1741967501945{padding-top: 16px !important;padding-right: 16px !important;padding-bottom: 16px !important;padding-left: 16px !important;background-color: #FFFFFF !important;}&#8220;][vc_column_inner]<div class=\"testo-responsive-container\" data-id=\"responsive_text_11\"><div class=\"testo-responsive has-icon\"><img decoding=\"async\" src=\"https:\/\/chimicalombarda.com\/wp-content\/uploads\/2025\/03\/chevron-right-1.svg\" alt=\"icon\" \/><span>L\u00f6semittelfreie Dispersionen mit niedrigem VOC-Gehalt<br>\n<\/span><\/div><\/div>[\/vc_column_inner][\/vc_row_inner]<div class=\"empty-space-custom\" data-id=\"empty_space_custom_28\"><\/div>[vc_row_inner el_class=&#8220;border-radius-12&#8243; css=&#8220;.vc_custom_1741967501945{padding-top: 16px !important;padding-right: 16px !important;padding-bottom: 16px !important;padding-left: 16px !important;background-color: #FFFFFF !important;}&#8220;][vc_column_inner]<div class=\"testo-responsive-container\" data-id=\"responsive_text_12\"><div class=\"testo-responsive has-icon\"><img decoding=\"async\" src=\"https:\/\/chimicalombarda.com\/wp-content\/uploads\/2025\/03\/chevron-right-1.svg\" alt=\"icon\" \/><span>Polyisocyanate mit Monomerrest &lt; 0,1 %<br>\n\n<\/span><\/div><\/div>[\/vc_column_inner][\/vc_row_inner]<div class=\"empty-space-custom\" data-id=\"empty_space_custom_29\"><\/div>[vc_row_inner el_class=&#8220;border-radius-12&#8243; css=&#8220;.vc_custom_1741967501945{padding-top: 16px !important;padding-right: 16px !important;padding-bottom: 16px !important;padding-left: 16px !important;background-color: #FFFFFF !important;}&#8220;][vc_column_inner]<div class=\"testo-responsive-container\" data-id=\"responsive_text_13\"><div class=\"testo-responsive has-icon\"><img decoding=\"async\" src=\"https:\/\/chimicalombarda.com\/wp-content\/uploads\/2025\/03\/chevron-right-1.svg\" alt=\"icon\" \/><span>Polycarbodiimide mit optimalem Gleichgewicht zwischen Leistung und Sicherheit<br>\n<\/span><\/div><\/div>[\/vc_column_inner][\/vc_row_inner]<div class=\"empty-space-custom\" data-id=\"empty_space_custom_30\"><\/div>[vc_row_inner el_class=&#8220;border-radius-12&#8243; css=&#8220;.vc_custom_1741967501945{padding-top: 16px !important;padding-right: 16px !important;padding-bottom: 16px !important;padding-left: 16px !important;background-color: #FFFFFF !important;}&#8220;][vc_column_inner]<div class=\"testo-responsive-container\" data-id=\"responsive_text_14\"><div class=\"testo-responsive has-icon\"><img decoding=\"async\" src=\"https:\/\/chimicalombarda.com\/wp-content\/uploads\/2025\/03\/chevron-right-1.svg\" alt=\"icon\" \/><span>Polyaziridine mit hoher Performance und minimaler Toxizit\u00e4t<br>\n<\/span><\/div><\/div>[\/vc_column_inner][\/vc_row_inner]<\/div>[\/vc_column][vc_column offset=&#8220;vc_col-lg-6 vc_col-md-12&#8243;]<div class=\"empty-space-custom\" data-id=\"empty_space_custom_31\"><\/div><div class=\"padding-container\" data-id=\"padding-container_4\"><div class=\"container-fluid cta\" data-col-base=\"1\"  data-id=\"cta_1\"><div class=\"row\"><div class=\"col-12 p-0\"><div><a href=\"#\"><div class=\"cta-content\"><span>Our focus on environment and sustainability<\/span><\/div><\/a><\/div><\/div><\/div><\/div><\/div>[\/vc_column][\/vc_row][vc_row][vc_column]<div class=\"empty-space-custom\" data-id=\"empty_space_custom_32\"><\/div>[\/vc_column][\/vc_row][vc_row full_width=&#8220;stretch_row&#8220;][vc_column css=&#8220;.vc_custom_1741969009784{background-color: #E5E7E7 !important;}&#8220;]<div class=\"empty-space-custom\" data-id=\"empty_space_custom_33\"><\/div>[\/vc_column][\/vc_row][vc_row][vc_column]<div class=\"empty-space-custom\" data-id=\"empty_space_custom_34\"><\/div>[\/vc_column][\/vc_row][vc_row][vc_column width=&#8220;1\/3&#8243;]<div class=\"padding-container\" data-id=\"padding-container_5\"><div class=\"label-container \"><div class=\"label\"><i class=\"fa fa-chevron-right\"><\/i> <span>Gedeckter Markt<\/span><\/div><\/div><div class=\"empty-space-custom\" data-id=\"empty_space_custom_35\"><\/div><div class=\"testo-responsive-container decorative-border\" data-id=\"responsive_text_15\"><h3 class=\"testo-responsive\">Globale Pr\u00e4senz, lokaler Fokus<br>\n<\/h3><\/div><div class=\"empty-space-custom\" data-id=\"empty_space_custom_36\"><\/div><div class=\"testo-responsive-container\" data-id=\"responsive_text_16\"><div class=\"testo-responsive\"><br>\n<ul style=\"column-count: 2;\">\n<li>Italien<\/li>\n<li>Spanien<\/li>\n<li>Deutschland<\/li>\n<li>Polen<\/li>\n<li>Tschechische Republik<\/li>\n<li>T\u00fcrkei<\/li>\n<li>\u00c4gypten<\/li>\n<li>Iran<\/li>\n<li>Syrien<\/li>\n<li>Sudan<\/li>\n<li>Indien<\/li>\n<li>Indonesien<\/li>\n<li>Vietnam<\/li>\n<li>Brasilien<\/li>\n<li>Bangladesch<\/li>\n<li>Pakistan<\/li>\n<li>China<\/li>\n<\/ul>\n\n<\/div><\/div><\/div>[\/vc_column][vc_column width=&#8220;2\/3&#8243;]<div class=\"empty-space-custom\" data-id=\"empty_space_custom_37\"><\/div><div class=\" responsive-image\" data-id=\"responsive_image_1\"><div class=\"responsive-image-wrapper\"><img decoding=\"async\" class=\"img-fluid d-none d-sm-inline-block\" src=\"https:\/\/chimicalombarda.com\/wp-content\/uploads\/2025\/03\/map-2.svg\" alt=\"\" title=\"map-2\"><img decoding=\"async\" class=\"img-fluid d-inline-block d-sm-none\" src=\"https:\/\/chimicalombarda.com\/wp-content\/uploads\/2025\/03\/map-2.svg\" alt=\"\" title=\"map-2\"><\/div><\/div>[\/vc_column][\/vc_row][vc_row][vc_column]<div class=\"empty-space-custom\" data-id=\"empty_space_custom_38\"><\/div>[\/vc_column][\/vc_row][vc_row full_width=&#8220;stretch_row_content_no_spaces&#8220;][vc_column][video_background_gradient video_url=&#8220;https:\/\/chimicalombarda.com\/wp-content\/uploads\/2025\/03\/Video_certificazioni.mp4&#8243; gradient_rule=&#8220;linear-gradient(0deg, rgba(3,15,14,1) 25%, rgba(3,15,14,0.36738445378151263) 58%)&#8220;]<div class=\"empty-space-custom\" data-id=\"empty_space_custom_39\"><\/div>[vc_row_inner][vc_column_inner offset=&#8220;vc_hidden-lg vc_hidden-md&#8220;][vc_single_image image=&#8220;1123&#8243; img_size=&#8220;120&#215;120&#8243; css=&#8220;&#8220;][\/vc_column_inner][\/vc_row_inner][vc_row_inner][vc_column_inner width=&#8220;1\/2&#8243;]<div class=\"label-container  inverted\"><div class=\"label\"><i class=\"fa fa-chevron-right\"><\/i> <span>Zertifizierungen<\/span><\/div><\/div><div class=\"empty-space-custom\" data-id=\"empty_space_custom_40\"><\/div><div class=\"testo-responsive-container decorative-border\" data-id=\"responsive_text_17\"><h3 class=\"testo-responsive\">F\u00fcr uns bei Chimica Lombarda ist die Verpflichtung zur Qualit\u00e4t eine Priorit\u00e4t<br>\n<\/h3><\/div>[\/vc_column_inner][vc_column_inner width=&#8220;1\/2&#8243; offset=&#8220;vc_hidden-sm vc_hidden-xs&#8220;][vc_single_image image=&#8220;1123&#8243; img_size=&#8220;120&#215;120&#8243; alignment=&#8220;right&#8220; css=&#8220;&#8220;][\/vc_column_inner][\/vc_row_inner][vc_row_inner][vc_column_inner width=&#8220;1\/2&#8243;]<div class=\"empty-space-custom\" data-id=\"empty_space_custom_41\"><\/div><div class=\"testo-responsive-container\" data-id=\"responsive_text_18\"><p class=\"testo-responsive\">Qualit\u00e4t ist f\u00fcr Chimica Lombarda eine Priorit\u00e4t. Daher sind wir nach <strong>UNI EN ISO 9001:2015<\/strong> zertifiziert \u2013 f\u00fcr sichere, zuverl\u00e4ssige und normgerechte Produkte.<br \/>\nWir arbeiten zudem an der Einf\u00fchrung der <strong>ISO 45001<\/strong> (Arbeitsschutzmanagement), deren Umsetzung f\u00fcr <strong>September 2025<\/strong> geplant ist.<br>\n<\/p><\/div><div class=\"empty-space-custom\" data-id=\"empty_space_custom_42\"><\/div><a class=\"button  \" data-id=\"button_4\" target=\"\" href=\"https:\/\/chimicalombarda.com\/tr\/sertifikalar\/\"><img decoding=\"async\" src=\"https:\/\/chimicalombarda.com\/wp-content\/uploads\/2025\/03\/certificazioni.svg\" alt=\"icon\" \/><span>Sertifikalar<br>\n<\/span><\/a>[\/vc_column_inner][vc_column_inner width=&#8220;1\/2&#8243; offset=&#8220;vc_hidden-sm vc_hidden-xs&#8220;][\/vc_column_inner][\/vc_row_inner]<div class=\"empty-space-custom\" data-id=\"empty_space_custom_43\"><\/div>[vc_row_inner equal_height=&#8220;yes&#8220; css=&#8220;.vc_custom_1741970712250{background-color: #FFFFFF33 !important;}&#8220; el_class=&#8220;border-radius-12&#8243;][vc_column_inner width=&#8220;1\/2&#8243; offset=&#8220;vc_hidden-sm vc_hidden-xs&#8220; css=&#8220;.vc_custom_1741970726429{padding-top: 16px !important;padding-bottom: 16px !important;padding-left: 24px !important;}&#8220;]<div class=\"testo-responsive-container\" data-id=\"responsive_text_19\"><div class=\"testo-responsive has-icon\"><img decoding=\"async\" src=\"https:\/\/chimicalombarda.com\/wp-content\/uploads\/2025\/03\/consulenza.svg\" alt=\"icon\" \/><span>Beratung anfordern<br>\n<\/span><\/div><\/div>[\/vc_column_inner][vc_column_inner width=&#8220;1\/2&#8243; offset=&#8220;vc_hidden-sm vc_hidden-xs&#8220; css=&#8220;.vc_custom_1741970736460{padding-top: 16px !important;padding-right: 24px !important;padding-bottom: 16px !important;}&#8220;]<div class=\"buttons-container\" data-id=\"buttons-container_3\"><a class=\"button  \" data-id=\"button_5\" target=\"\" href=\"https:\/\/chimicalombarda.com\/de\/kontakt\/\"><img decoding=\"async\" src=\"https:\/\/chimicalombarda.com\/wp-content\/uploads\/2025\/03\/mess.svg\" alt=\"icon\" \/><span>Kontaktieren Sie uns<br>\n<\/span><\/a><\/div>[\/vc_column_inner][\/vc_row_inner][vc_row_inner el_class=&#8220;border-radius-12&#8243;][vc_column_inner offset=&#8220;vc_hidden-lg vc_hidden-md&#8220;][vc_single_image image=&#8220;1124&#8243; img_size=&#8220;56&#215;56&#8243; alignment=&#8220;center&#8220; css=&#8220;.vc_custom_1741971004838{margin-bottom: 0px !important;}&#8220;]<div class=\"testo-responsive-container\" data-id=\"responsive_text_20\"><div class=\"testo-responsive\">Richiedi una consulenza<br>\n<\/div><\/div><div class=\"buttons-container\" data-id=\"buttons-container_4\"><a class=\"button  \" data-id=\"button_6\" target=\"\" href=\"#\"><img decoding=\"async\" src=\"https:\/\/chimicalombarda.com\/wp-content\/uploads\/2025\/03\/mess.svg\" alt=\"icon\" \/><span>Contattaci<br>\n<\/span><\/a><\/div>[\/vc_column_inner][\/vc_row_inner]<div class=\"empty-space-custom\" data-id=\"empty_space_custom_44\"><\/div>[\/video_background_gradient][\/vc_column][\/vc_row]<\/p>\n<\/div>","protected":false},"excerpt":{"rendered":"<p>[vc_row full_width=&#8220;stretch_row_content_no_spaces&#8220; css=&#8220;.vc_custom_1743156275399{background-color: #030F0E !important;}&#8220;][vc_column][video_background_gradient video_url=&#8220;https:\/\/chimicalombarda.com\/wp-content\/uploads\/2025\/03\/Video_header.mp4&#8243; gradient_rule=&#8220;background: rgb(3,15,14); background: linear-gradient(0deg, rgba(3,15,14,1) 0%, rgba(3,15,14,0) 100%);&#8220;][vc_row_inner][vc_column_inner offset=&#8220;vc_col-lg-5 vc_col-md-6 vc_col-xs-12&#8243;][\/vc_column_inner][vc_column_inner offset=&#8220;vc_col-lg-7 vc_col-md-6 vc_hidden-sm vc_hidden-xs&#8220;][\/vc_column_inner][\/vc_row_inner][vc_row_inner][vc_column_inner css=&#8220;.vc_custom_1741773509985{padding-top: 0px !important;padding-bottom: 0px !important;background-color: #FFFFFF1A !important;}&#8220;][\/vc_column_inner][\/vc_row_inner][\/video_background_gradient][\/vc_column][\/vc_row][vc_row full_width=&#8220;stretch_row&#8220; css=&#8220;.vc_custom_1741629619116{background-color: #030F0E !important;}&#8220;][vc_column width=&#8220;1\/2&#8243;][\/vc_column][vc_column width=&#8220;1\/2&#8243;][\/vc_column][\/vc_row][vc_row full_width=&#8220;stretch_row&#8220; css=&#8220;.vc_custom_1741796339207{background-color: #030F0E !important;}&#8220;][vc_column css=&#8220;.vc_custom_1741796244727{background-color: #FFFFFF1A !important;}&#8220;][\/vc_column][\/vc_row][vc_row full_width=&#8220;stretch_row_content_no_spaces&#8220;][vc_column][video_background_gradient video_url=&#8220;https:\/\/chimicalombarda.com\/wp-content\/uploads\/2025\/03\/Video_servizi.mp4&#8243; gradient_rule=&#8220;linear-gradient(0deg, rgba(3,15,14,0.36738445378151263) 0%, rgba(3,15,14,1) 58%)&#8220;][vc_row_inner][vc_column_inner width=&#8220;1\/6&#8243;][\/vc_column_inner][vc_column_inner width=&#8220;4\/6&#8243;][\/vc_column_inner][vc_column_inner width=&#8220;1\/6&#8243;][\/vc_column_inner][\/vc_row_inner][\/video_background_gradient][\/vc_column][\/vc_row][vc_row][vc_column][\/vc_column][\/vc_row][vc_row][vc_column width=&#8220;1\/2&#8243;][\/vc_column][vc_column width=&#8220;1\/2&#8243;][\/vc_column][\/vc_row][vc_row][vc_column][\/vc_column][\/vc_row][vc_row][vc_column][\/vc_column][\/vc_row][vc_row][vc_column offset=&#8220;vc_col-lg-6 vc_col-md-12&#8243;][\/vc_column][vc_column [&hellip;]<\/p>\n","protected":false},"author":1,"featured_media":0,"parent":0,"menu_order":0,"comment_status":"closed","ping_status":"closed","template":"","meta":{"_acf_changed":false,"inline_featured_image":false,"footnotes":""},"class_list":["post-1109","page","type-page","status-publish","hentry"],"acf":[],"aioseo_notices":[],"_links":{"self":[{"href":"https:\/\/chimicalombarda.com\/de\/wp-json\/wp\/v2\/pages\/1109","targetHints":{"allow":["GET"]}}],"collection":[{"href":"https:\/\/chimicalombarda.com\/de\/wp-json\/wp\/v2\/pages"}],"about":[{"href":"https:\/\/chimicalombarda.com\/de\/wp-json\/wp\/v2\/types\/page"}],"author":[{"embeddable":true,"href":"https:\/\/chimicalombarda.com\/de\/wp-json\/wp\/v2\/users\/1"}],"replies":[{"embeddable":true,"href":"https:\/\/chimicalombarda.com\/de\/wp-json\/wp\/v2\/comments?post=1109"}],"version-history":[{"count":5,"href":"https:\/\/chimicalombarda.com\/de\/wp-json\/wp\/v2\/pages\/1109\/revisions"}],"predecessor-version":[{"id":1388,"href":"https:\/\/chimicalombarda.com\/de\/wp-json\/wp\/v2\/pages\/1109\/revisions\/1388"}],"wp:attachment":[{"href":"https:\/\/chimicalombarda.com\/de\/wp-json\/wp\/v2\/media?parent=1109"}],"curies":[{"name":"wp","href":"https:\/\/api.w.org\/{rel}","templated":true}]}}