{"id":1129,"date":"2025-03-25T18:55:08","date_gmt":"2025-03-25T17:55:08","guid":{"rendered":"https:\/\/chimicalombarda.com\/cross-linking-agents\/"},"modified":"2025-05-12T10:26:51","modified_gmt":"2025-05-12T08:26:51","slug":"crosslinker","status":"publish","type":"page","link":"https:\/\/chimicalombarda.com\/de\/crosslinker\/","title":{"rendered":"Agenti di reticolazione &#8211; Vernetzer"},"content":{"rendered":"<div class=\"wpb-content-wrapper\"><p>[vc_row full_width=&#8220;stretch_row_content_no_spaces&#8220; css=&#8220;.vc_custom_1743427953189{background-color: #030F0E !important;}&#8220;][vc_column][video_background_gradient background_type=&#8220;immagine&#8220; background_image=&#8220;203&#8243;][vc_row_inner][vc_column_inner width=&#8220;5\/12&#8243;]<div class=\"empty-space-custom\" data-id=\"empty_space_custom_1\"><\/div><div class=\"label-container  inverted\"><div class=\"label\"><i class=\"fa fa-chevron-right\"><\/i> <span>Vernetzer<\/span><\/div><\/div><div class=\"empty-space-custom\" data-id=\"empty_space_custom_2\"><\/div><div class=\"testo-responsive-container decorative-border\" data-id=\"responsive_text_1\"><h1 class=\"testo-responsive\"><strong>Vernetzer f\u00fcr garantiert \u00fcberlegene Performance<\/strong><br>\n<\/h1><\/div><div class=\"empty-space-custom\" data-id=\"empty_space_custom_3\"><\/div>[\/vc_column_inner][vc_column_inner width=&#8220;7\/12&#8243;][\/vc_column_inner][\/vc_row_inner][vc_row_inner][vc_column_inner css=&#8220;.vc_custom_1741773509985{padding-top: 0px !important;padding-bottom: 0px !important;background-color: #FFFFFF1A !important;}&#8220;]<div class=\"empty-space-custom\" data-id=\"empty_space_custom_4\"><\/div>[\/vc_column_inner][\/vc_row_inner]<div class=\"empty-space-custom\" data-id=\"empty_space_custom_5\"><\/div>[\/video_background_gradient][\/vc_column][\/vc_row][vc_row full_width=&#8220;stretch_row&#8220; css=&#8220;.vc_custom_1741629619116{background-color: #030F0E !important;}&#8220;][vc_column width=&#8220;1\/6&#8243;][\/vc_column][vc_column width=&#8220;4\/6&#8243;]<div class=\"label-container text-center inverted\"><div class=\"label\"><i class=\"fa fa-chevron-right\"><\/i> <span>\u00dcber 30 Jahre Erfahrung<\/span><\/div><\/div><div class=\"empty-space-custom\" data-id=\"empty_space_custom_6\"><\/div><div class=\"testo-responsive-container\" data-id=\"responsive_text_2\"><p class=\"testo-responsive\">Die Vernetzer von Chimica Lombarda sind das Ergebnis von \u00fcber 30 Jahren Erfahrung und Innovation in der industriellen Chemie. Diese Produkte spielen eine zentrale Rolle in zahlreichen Anwendungen, da sie die chemischen und mechanischen Eigenschaften von Materialien gezielt verst\u00e4rken und deren Lebensdauer verl\u00e4ngern.<br>\n<\/p><\/div><div class=\"empty-space-custom\" data-id=\"empty_space_custom_7\"><\/div><div class=\"testo-responsive-container\" data-id=\"responsive_text_3\"><p class=\"testo-responsive\">Unser Portfolio umfasst fortschrittliche L\u00f6sungen, die auf eine hohe <strong>Kompatibilit\u00e4t und Stabilit\u00e4t<\/strong> mit unterschiedlichsten Substraten ausgelegt sind. Unsere <strong>Crosslinking Agents<\/strong> vereinen <strong>Made in Italy-Qualit\u00e4t<\/strong> mit einem <strong>klaren Bekenntnis zur \u00f6kologischen Nachhaltigkeit<\/strong>.<br>\n<\/p><\/div><div class=\"empty-space-custom\" data-id=\"empty_space_custom_8\"><\/div>[\/vc_column][vc_column width=&#8220;1\/6&#8243;][\/vc_column][\/vc_row][vc_row full_width=&#8220;stretch_row&#8220; css=&#8220;.vc_custom_1741777323755{background-color: #030F0E !important;}&#8220;][vc_column css=&#8220;.vc_custom_1741778561208{padding-top: 0px !important;}&#8220;]<div class=\"buttons-container\" data-id=\"buttons-container_1\"><a class=\"button  \" data-id=\"button_1\" target=\"\" href=\"\"><img decoding=\"async\" src=\"https:\/\/chimicalombarda.com\/wp-content\/uploads\/2025\/03\/innovazione.svg\" alt=\"icon\" \/><span>Innovations<br>\n<\/span><\/a><a class=\"button  \" data-id=\"button_2\" target=\"\" href=\"\"><img decoding=\"async\" src=\"https:\/\/chimicalombarda.com\/wp-content\/uploads\/2025\/03\/affidabilita.svg\" alt=\"icon\" \/><span>Verl\u00e4sslichkeit<br>\n<\/span><\/a><a class=\"button  \" data-id=\"button_3\" target=\"\" href=\"\"><img decoding=\"async\" src=\"https:\/\/chimicalombarda.com\/wp-content\/uploads\/2025\/03\/performance.svg\" alt=\"icon\" \/><span>Leistung<br>\n<\/span><\/a><\/div><div class=\"empty-space-custom\" data-id=\"empty_space_custom_9\"><\/div>[\/vc_column][\/vc_row][vc_row full_width=&#8220;stretch_row&#8220; disable_element=&#8220;yes&#8220; css=&#8220;.vc_custom_1742905204040{background-color: #030F0E !important;}&#8220;][vc_column width=&#8220;1\/6&#8243;][\/vc_column][vc_column width=&#8220;4\/6&#8243;]<div class=\"testo-responsive-container\" data-id=\"responsive_text_4\"><p class=\"testo-responsive\">Every choice we make, from our production processes to our product portfolio, is guided by respect for the environment and a commitment to creating value for our customers.<br>\n<\/p><\/div><div class=\"empty-space-custom\" data-id=\"empty_space_custom_10\"><\/div>[\/vc_column][vc_column width=&#8220;1\/6&#8243;][\/vc_column][\/vc_row][vc_row full_width=&#8220;stretch_row&#8220; css=&#8220;.vc_custom_1741796339207{background-color: #030F0E !important;}&#8220;][vc_column css=&#8220;.vc_custom_1741796244727{background-color: #FFFFFF1A !important;}&#8220;]<div class=\"empty-space-custom\" data-id=\"empty_space_custom_11\"><\/div>[\/vc_column][\/vc_row][vc_row full_width=&#8220;stretch_row_content_no_spaces&#8220; css=&#8220;.vc_custom_1741805581506{background-color: #030F0E !important;}&#8220;][vc_column][video_background_gradient video_url=&#8220;https:\/\/chimicalombarda.com\/wp-content\/uploads\/2025\/03\/Video_header.mp4&#8243; gradient_rule=&#8220;linear-gradient(0deg, rgba(3,15,14,0.36738445378151263) 0%, rgba(3,15,14,1) 58%)&#8220;]<div class=\"empty-space-custom\" data-id=\"empty_space_custom_12\"><\/div>[vc_row_inner][vc_column_inner width=&#8220;7\/12&#8243; offset=&#8220;vc_hidden-sm vc_hidden-xs&#8220;]<div class=\"label-container  inverted\"><div class=\"label\"><i class=\"fa fa-chevron-right\"><\/i> <span>Unsere Produktfamilien<\/span><\/div><\/div><div class=\"empty-space-custom\" data-id=\"empty_space_custom_13\"><\/div><div class=\"testo-responsive-container\" data-id=\"responsive_text_5\"><h2 class=\"testo-responsive\">Vielseitige Vernetzer f\u00fcr Beschichtungen, Textilien, Leder und Papieranwendungen<br>\n<\/h2><\/div><div class=\"empty-space-custom\" data-id=\"empty_space_custom_14\"><\/div><a class=\"button  \" data-id=\"button_4\" target=\"_blank\" href=\"https:\/\/chimicalombarda.com\/wp-content\/uploads\/2025\/04\/Cross-Linking_Agents_v5_Digital.pdf\"><img decoding=\"async\" src=\"https:\/\/chimicalombarda.com\/wp-content\/uploads\/2025\/03\/chevron-right-1.svg\" alt=\"icon\" \/><span>Pdf herunterladen<br>\n<\/span><\/a><div class=\"buttons-container\" data-id=\"buttons-container_2\"><\/div>[\/vc_column_inner][vc_column_inner width=&#8220;5\/12&#8243;]<div class=\"padding-container\" data-id=\"padding-container_1\"><div class=\"empty-space-custom\" data-id=\"empty_space_custom_15\"><\/div><div class=\"testo-responsive-container\" data-id=\"responsive_text_6\"><p class=\"testo-responsive\"><br>\n<div class=\"testo-responsive-container\" data-id=\"responsive_text_4\">\n<p class=\"testo-responsive\">Zu unseren Vernetzungsmitteln geh\u00f6ren:<br>\n<\/div><\/div><div class=\"empty-space-custom\" data-id=\"empty_space_custom_16\"><\/div><div class=\"testo-responsive-container\" data-id=\"responsive_text_7\"><div class=\"testo-responsive\"><br>\n<ul>\n<li>Polyisocyanate<\/li>\n<li>Blockierte Polyisocyanate<\/li>\n<li>Polycarbodiimide<\/li>\n<li>Polyharnstoffe (Polyurea)<\/li>\n<li>Polyaziridine<\/li>\n<\/ul>\n\n<\/div><\/div><div class=\"empty-space-custom\" data-id=\"empty_space_custom_17\"><\/div><div class=\"testo-responsive-container\" data-id=\"responsive_text_8\"><p class=\"testo-responsive\">Jede dieser Familien bietet spezifische Eigenschaften und Vorteile f\u00fcr die Anforderungen verschiedenster Industrien \u2013 von <strong>Lederbeschichtung<\/strong> \u00fcber <strong>Textilveredelung<\/strong>, <strong>Papierverarbeitung<\/strong> bis hin zu <strong>High-Performance-Coatings<\/strong>.<br>\n<\/p><\/div><\/div>[\/vc_column_inner][\/vc_row_inner]<div class=\"empty-space-custom\" data-id=\"empty_space_custom_18\"><\/div>[vc_row_inner][vc_column_inner]<div class=\"empty-space-custom\" data-id=\"empty_space_custom_19\"><\/div><div class=\"label-container  inverted\"><div class=\"label\"><i class=\"fa fa-chevron-right\"><\/i> <span>Warum Vernetzer von Chimica Lombarda w\u00e4hlen?<\/span><\/div><\/div><div class=\"empty-space-custom\" data-id=\"empty_space_custom_20\"><\/div><div class=\"testo-responsive-container\" data-id=\"responsive_text_9\"><p class=\"testo-responsive\">Unsere Vernetzer verbessern nicht nur die Performance und Qualit\u00e4t von Materialien, sondern erf\u00fcllen auch die wachsenden Anforderungen an nachhaltige, sichere und leistungsstarke chemische L\u00f6sungen.<br>\n<\/p><\/div><div class=\"empty-space-custom\" data-id=\"empty_space_custom_21\"><\/div><div class=\"testo-responsive-container\" data-id=\"responsive_text_10\"><div class=\"testo-responsive\"><br>\n<ul>\n<li><strong>Zertifizierte Qualit\u00e4t:<\/strong> Alle Produkte entstehen unter kontrollierten Bedingungen nach internationalen Standards \u2013 f\u00fcr verl\u00e4ssliche Qualit\u00e4t und Sicherheit<\/li>\n<li><strong>Nachhaltigkeit:<\/strong> Unsere Produkte sind VOC-frei oder VOC-arm, enthalten &lt; 0,1\u202f% freie Isocyanat-Monomere, sind mit \u201efriendly label\u201c Formulierungen versehen und tragen zur Entwicklung umweltfreundlicher L\u00f6sungen bei<\/li>\n<li><strong>Individuelle L\u00f6sungen:<\/strong> Wir bieten ma\u00dfgeschneiderte Crosslinker f\u00fcr jede Anwendung, erg\u00e4nzt durch technischen Support und eine l\u00f6sungsorientierte Beratung<\/li>\n<\/ul>\n\n<\/div><\/div><div class=\"empty-space-custom\" data-id=\"empty_space_custom_22\"><\/div><div class=\"empty-space-custom\" data-id=\"empty_space_custom_23\"><\/div>[\/vc_column_inner][\/vc_row_inner]<div class=\"empty-space-custom\" data-id=\"empty_space_custom_24\"><\/div>[vc_row_inner equal_height=&#8220;yes&#8220; css=&#8220;.vc_custom_1741970712250{background-color: #FFFFFF33 !important;}&#8220; el_class=&#8220;border-radius-12&#8243;][vc_column_inner width=&#8220;1\/2&#8243; offset=&#8220;vc_hidden-sm vc_hidden-xs&#8220; css=&#8220;.vc_custom_1741970726429{padding-top: 16px !important;padding-bottom: 16px !important;padding-left: 24px !important;}&#8220;]<div class=\"testo-responsive-container\" data-id=\"responsive_text_11\"><div class=\"testo-responsive has-icon\"><img decoding=\"async\" src=\"https:\/\/chimicalombarda.com\/wp-content\/uploads\/2025\/03\/consulenza.svg\" alt=\"icon\" \/><span>Beratung anfordern<br>\n<\/span><\/div><\/div>[\/vc_column_inner][vc_column_inner width=&#8220;1\/2&#8243; offset=&#8220;vc_hidden-sm vc_hidden-xs&#8220; css=&#8220;.vc_custom_1741970736460{padding-top: 16px !important;padding-right: 24px !important;padding-bottom: 16px !important;}&#8220;]<div class=\"buttons-container\" data-id=\"buttons-container_3\"><a class=\"button  \" data-id=\"button_5\" target=\"\" href=\"https:\/\/chimicalombarda.com\/de\/kontakt\/\"><img decoding=\"async\" src=\"https:\/\/chimicalombarda.com\/wp-content\/uploads\/2025\/03\/mess.svg\" alt=\"icon\" \/><span>Kontaktieren Sie uns<br>\n<\/span><\/a><\/div><div class=\"buttons-container\" data-id=\"buttons-container_4\"><\/div>[\/vc_column_inner][\/vc_row_inner][\/video_background_gradient]<div class=\"empty-space-custom\" data-id=\"empty_space_custom_25\"><\/div>[\/vc_column][\/vc_row]<\/p>\n<\/div>","protected":false},"excerpt":{"rendered":"<p>[vc_row full_width=&#8220;stretch_row_content_no_spaces&#8220; css=&#8220;.vc_custom_1743427953189{background-color: #030F0E !important;}&#8220;][vc_column][video_background_gradient background_type=&#8220;immagine&#8220; background_image=&#8220;203&#8243;][vc_row_inner][vc_column_inner width=&#8220;5\/12&#8243;][\/vc_column_inner][vc_column_inner width=&#8220;7\/12&#8243;][\/vc_column_inner][\/vc_row_inner][vc_row_inner][vc_column_inner css=&#8220;.vc_custom_1741773509985{padding-top: 0px !important;padding-bottom: 0px !important;background-color: #FFFFFF1A !important;}&#8220;][\/vc_column_inner][\/vc_row_inner][\/video_background_gradient][\/vc_column][\/vc_row][vc_row full_width=&#8220;stretch_row&#8220; css=&#8220;.vc_custom_1741629619116{background-color: #030F0E !important;}&#8220;][vc_column width=&#8220;1\/6&#8243;][\/vc_column][vc_column width=&#8220;4\/6&#8243;][\/vc_column][vc_column width=&#8220;1\/6&#8243;][\/vc_column][\/vc_row][vc_row full_width=&#8220;stretch_row&#8220; css=&#8220;.vc_custom_1741777323755{background-color: #030F0E !important;}&#8220;][vc_column css=&#8220;.vc_custom_1741778561208{padding-top: 0px !important;}&#8220;][\/vc_column][\/vc_row][vc_row full_width=&#8220;stretch_row&#8220; disable_element=&#8220;yes&#8220; css=&#8220;.vc_custom_1742905204040{background-color: #030F0E !important;}&#8220;][vc_column width=&#8220;1\/6&#8243;][\/vc_column][vc_column width=&#8220;4\/6&#8243;][\/vc_column][vc_column width=&#8220;1\/6&#8243;][\/vc_column][\/vc_row][vc_row full_width=&#8220;stretch_row&#8220; css=&#8220;.vc_custom_1741796339207{background-color: #030F0E !important;}&#8220;][vc_column css=&#8220;.vc_custom_1741796244727{background-color: #FFFFFF1A !important;}&#8220;][\/vc_column][\/vc_row][vc_row full_width=&#8220;stretch_row_content_no_spaces&#8220; css=&#8220;.vc_custom_1741805581506{background-color: #030F0E !important;}&#8220;][vc_column][video_background_gradient video_url=&#8220;https:\/\/chimicalombarda.com\/wp-content\/uploads\/2025\/03\/Video_header.mp4&#8243; gradient_rule=&#8220;linear-gradient(0deg, rgba(3,15,14,0.36738445378151263) 0%, rgba(3,15,14,1) 58%)&#8220;][vc_row_inner][vc_column_inner [&hellip;]<\/p>\n","protected":false},"author":4,"featured_media":0,"parent":0,"menu_order":0,"comment_status":"closed","ping_status":"closed","template":"","meta":{"_acf_changed":false,"inline_featured_image":false,"footnotes":""},"class_list":["post-1129","page","type-page","status-publish","hentry"],"acf":[],"aioseo_notices":[],"_links":{"self":[{"href":"https:\/\/chimicalombarda.com\/de\/wp-json\/wp\/v2\/pages\/1129","targetHints":{"allow":["GET"]}}],"collection":[{"href":"https:\/\/chimicalombarda.com\/de\/wp-json\/wp\/v2\/pages"}],"about":[{"href":"https:\/\/chimicalombarda.com\/de\/wp-json\/wp\/v2\/types\/page"}],"author":[{"embeddable":true,"href":"https:\/\/chimicalombarda.com\/de\/wp-json\/wp\/v2\/users\/4"}],"replies":[{"embeddable":true,"href":"https:\/\/chimicalombarda.com\/de\/wp-json\/wp\/v2\/comments?post=1129"}],"version-history":[{"count":3,"href":"https:\/\/chimicalombarda.com\/de\/wp-json\/wp\/v2\/pages\/1129\/revisions"}],"predecessor-version":[{"id":1260,"href":"https:\/\/chimicalombarda.com\/de\/wp-json\/wp\/v2\/pages\/1129\/revisions\/1260"}],"wp:attachment":[{"href":"https:\/\/chimicalombarda.com\/de\/wp-json\/wp\/v2\/media?parent=1129"}],"curies":[{"name":"wp","href":"https:\/\/api.w.org\/{rel}","templated":true}]}}