{"id":894,"date":"2025-03-25T12:31:49","date_gmt":"2025-03-25T11:31:49","guid":{"rendered":"https:\/\/chimicalombarda.com\/company\/"},"modified":"2025-04-04T13:46:52","modified_gmt":"2025-04-04T11:46:52","slug":"azienda","status":"publish","type":"page","link":"https:\/\/chimicalombarda.com\/it\/azienda\/","title":{"rendered":"Azienda"},"content":{"rendered":"<div class=\"wpb-content-wrapper\"><p>[vc_row full_width=&#8221;stretch_row_content_no_spaces&#8221; css=&#8221;.vc_custom_1743425449929{background-color: #030F0E !important;}&#8221;][vc_column][video_background_gradient background_type=&#8221;immagine&#8221; background_image=&#8221;368&#8243;][vc_row_inner][vc_column_inner width=&#8221;5\/12&#8243;]<div class=\"empty-space-custom\" data-id=\"empty_space_custom_1\"><\/div><div class=\"label-container  inverted\"><div class=\"label\"><i class=\"fa fa-chevron-right\"><\/i> <span>Chi siamo<\/span><\/div><\/div><div class=\"empty-space-custom\" data-id=\"empty_space_custom_2\"><\/div><div class=\"testo-responsive-container decorative-border\" data-id=\"responsive_text_1\"><h1 class=\"testo-responsive\">Chimica Lombarda: oltre tre decenni di innovazione nella produzione di dispersioni poliuretaniche e cross-linkers<br>\n<\/h1><\/div><div class=\"empty-space-custom\" data-id=\"empty_space_custom_3\"><\/div>[\/vc_column_inner][vc_column_inner width=&#8221;7\/12&#8243;][\/vc_column_inner][\/vc_row_inner][vc_row_inner][vc_column_inner css=&#8221;.vc_custom_1741773509985{padding-top: 0px !important;padding-bottom: 0px !important;background-color: #FFFFFF1A !important;}&#8221;]<div class=\"empty-space-custom\" data-id=\"empty_space_custom_4\"><\/div>[\/vc_column_inner][\/vc_row_inner]<div class=\"empty-space-custom\" data-id=\"empty_space_custom_5\"><\/div>[\/video_background_gradient][\/vc_column][\/vc_row][vc_row full_width=&#8221;stretch_row&#8221; css=&#8221;.vc_custom_1741629619116{background-color: #030F0E !important;}&#8221;][vc_column width=&#8221;1\/6&#8243;][\/vc_column][vc_column width=&#8221;4\/6&#8243;]<div class=\"label-container text-center inverted\"><div class=\"label\"><i class=\"fa fa-chevron-right\"><\/i> <span>La nostra storia<\/span><\/div><\/div><div class=\"empty-space-custom\" data-id=\"empty_space_custom_6\"><\/div><div class=\"testo-responsive-container\" data-id=\"responsive_text_2\"><h3 class=\"testo-responsive\">Fondata nel 1989, Chimica Lombarda nasce con l\u2019obiettivo di fornire soluzioni innovative nella produzione di dispersioni poliuretaniche e agenti di reticolazione.<br>\n<\/h3><\/div><div class=\"empty-space-custom\" data-id=\"empty_space_custom_7\"><\/div><div class=\"testo-responsive-container\" data-id=\"responsive_text_3\"><p class=\"testo-responsive\">Nel corso degli anni l\u2019azienda ha consolidato il proprio ruolo di leader glocable grazie a una filosofia aziendale basata su tre pilastri fondamentali:<br>\n<\/p><\/div><div class=\"empty-space-custom\" data-id=\"empty_space_custom_8\"><\/div>[\/vc_column][vc_column width=&#8221;1\/6&#8243;][\/vc_column][\/vc_row][vc_row full_width=&#8221;stretch_row&#8221; css=&#8221;.vc_custom_1741777323755{background-color: #030F0E !important;}&#8221;][vc_column css=&#8221;.vc_custom_1741778561208{padding-top: 0px !important;}&#8221;]<div class=\"buttons-container\" data-id=\"buttons-container_1\"><a class=\"button  \" data-id=\"button_1\" target=\"\" href=\"\"><img decoding=\"async\" src=\"https:\/\/chimicalombarda.com\/wp-content\/uploads\/2025\/03\/innovazione.svg\" alt=\"icon\" \/><span>Innovazione<br>\n<\/span><\/a><a class=\"button  \" data-id=\"button_2\" target=\"\" href=\"\"><img decoding=\"async\" src=\"https:\/\/chimicalombarda.com\/wp-content\/uploads\/2025\/03\/affidabilita.svg\" alt=\"icon\" \/><span>Affidabilit\u00e0<br>\n<\/span><\/a><a class=\"button  \" data-id=\"button_3\" target=\"\" href=\"\"><img decoding=\"async\" src=\"https:\/\/chimicalombarda.com\/wp-content\/uploads\/2025\/03\/performance.svg\" alt=\"icon\" \/><span>Performance<br>\n<\/span><\/a><\/div><div class=\"empty-space-custom\" data-id=\"empty_space_custom_9\"><\/div>[\/vc_column][\/vc_row][vc_row full_width=&#8221;stretch_row&#8221; css=&#8221;.vc_custom_1741629619116{background-color: #030F0E !important;}&#8221;][vc_column width=&#8221;1\/6&#8243;][\/vc_column][vc_column width=&#8221;4\/6&#8243;]<div class=\"testo-responsive-container\" data-id=\"responsive_text_4\"><p class=\"testo-responsive\">Ogni nostra scelta, dai processi produttivi al portfolio prodotti, \u00e8 guidata dal rispetto per l\u2019ambiente e dall\u2019impegno nel creare valore per i nostri clienti.<br>\n<\/p><\/div><div class=\"empty-space-custom\" data-id=\"empty_space_custom_10\"><\/div>[\/vc_column][vc_column width=&#8221;1\/6&#8243;][\/vc_column][\/vc_row][vc_row full_width=&#8221;stretch_row&#8221; css=&#8221;.vc_custom_1741796339207{background-color: #030F0E !important;}&#8221;][vc_column css=&#8221;.vc_custom_1741796244727{background-color: #FFFFFF1A !important;}&#8221;]<div class=\"empty-space-custom\" data-id=\"empty_space_custom_11\"><\/div>[\/vc_column][\/vc_row][vc_row full_width=&#8221;stretch_row&#8221; css=&#8221;.vc_custom_1741796332587{background-color: #030F0E !important;}&#8221;][vc_column]<div class=\"empty-space-custom\" data-id=\"empty_space_custom_12\"><\/div>[vc_row_inner][vc_column_inner width=&#8221;1\/3&#8243;]<div class=\"label-container  inverted\"><div class=\"label\"><i class=\"fa fa-chevron-right\"><\/i> <span>Mercati coperti<\/span><\/div><\/div><div class=\"empty-space-custom\" data-id=\"empty_space_custom_13\"><\/div><div class=\"testo-responsive-container decorative-border\" data-id=\"responsive_text_5\"><h3 class=\"testo-responsive\">Il nostro mercato non \u00e8 limitato all&#8217;Italia:<br>\n<\/h3><\/div><div class=\"empty-space-custom\" data-id=\"empty_space_custom_14\"><\/div><div class=\"testo-responsive-container\" data-id=\"responsive_text_6\"><p class=\"testo-responsive\">Siamo anche presenti <strong>a livello internazionale<\/strong> in Turchia, Messico, Cina e India, nonch\u00e9 in Medio Oriente e nell\u2019Europa Centrale. Al fine di garantire un servizio puntuale ed efficiente collaboriamo con agenti e partner al fine di sviluppare soluzioni su misura ad hoc per i <strong>formulatori e gli utilizzatori locali<\/strong>.<br>\n<\/p><\/div><div class=\"empty-space-custom\" data-id=\"empty_space_custom_15\"><\/div><a class=\"button  \" data-id=\"button_4\" target=\"\" href=\"https:\/\/chimicalombarda.com\/it\/diventa-partner\/\"><img decoding=\"async\" src=\"https:\/\/chimicalombarda.com\/wp-content\/uploads\/2025\/03\/become-partner.svg\" alt=\"icon\" \/><span>Diventa nostro partner<br>\n<\/span><\/a>[\/vc_column_inner][vc_column_inner width=&#8221;2\/3&#8243;]<div class=\"empty-space-custom\" data-id=\"empty_space_custom_16\"><\/div><div class=\"padding-container\" data-id=\"padding-container_1\"><div class=\" responsive-image\" data-id=\"responsive_image_1\"><div class=\"responsive-image-wrapper\"><img decoding=\"async\" class=\"img-fluid d-none d-sm-inline-block\" src=\"https:\/\/chimicalombarda.com\/wp-content\/uploads\/2025\/03\/mappa.svg\" alt=\"\" title=\"mappa\"><img decoding=\"async\" class=\"img-fluid d-inline-block d-sm-none\" src=\"https:\/\/chimicalombarda.com\/wp-content\/uploads\/2025\/03\/mappa.svg\" alt=\"\" title=\"mappa\"><\/div><\/div><\/div>[\/vc_column_inner][\/vc_row_inner]<div class=\"empty-space-custom\" data-id=\"empty_space_custom_17\"><\/div>[vc_row_inner][vc_column_inner css=&#8221;.vc_custom_1741804441771{background-color: #FFFFFF1A !important;}&#8221;]<div class=\"empty-space-custom\" data-id=\"empty_space_custom_18\"><\/div>[\/vc_column_inner][\/vc_row_inner][\/vc_column][\/vc_row][vc_row full_width=&#8221;stretch_row_content_no_spaces&#8221; css=&#8221;.vc_custom_1741805581506{background-color: #030F0E !important;}&#8221;][vc_column][video_background_gradient video_url=&#8221;https:\/\/chimicalombarda.com\/wp-content\/uploads\/2025\/03\/Video_header.mp4&#8243; gradient_rule=&#8221;linear-gradient(0deg, rgba(3,15,14,0.36738445378151263) 0%, rgba(3,15,14,1) 58%)&#8221;]<div class=\"empty-space-custom\" data-id=\"empty_space_custom_19\"><\/div>[vc_row_inner][vc_column_inner width=&#8221;7\/12&#8243; offset=&#8221;vc_hidden-sm vc_hidden-xs&#8221;]<div class=\"label-container  inverted\"><div class=\"label\"><i class=\"fa fa-chevron-right\"><\/i> <span>L\u2019impegno verso l\u2019ambiente<\/span><\/div><\/div><div class=\"empty-space-custom\" data-id=\"empty_space_custom_20\"><\/div><div class=\"testo-responsive-container\" data-id=\"responsive_text_7\"><h1 class=\"testo-responsive\">La sostenibilit\u00e0 \u00e8 il cuore pulsante della nostra missione<br>\n<\/h1><\/div><div class=\"empty-space-custom\" data-id=\"empty_space_custom_21\"><\/div><a class=\"button  \" data-id=\"button_5\" target=\"\" href=\"https:\/\/chimicalombarda.com\/it\/sostenibilita\/\"><img decoding=\"async\" src=\"https:\/\/chimicalombarda.com\/wp-content\/uploads\/2025\/03\/world-yellow-1.svg\" alt=\"icon\" \/><span>Ambiente e sostenibilit\u00e0<br>\n<\/span><\/a>[\/vc_column_inner][vc_column_inner width=&#8221;5\/12&#8243; offset=&#8221;vc_hidden-sm vc_hidden-xs&#8221;]<div class=\"padding-container\" data-id=\"padding-container_2\"><div class=\"empty-space-custom\" data-id=\"empty_space_custom_22\"><\/div><div class=\"testo-responsive-container\" data-id=\"responsive_text_8\"><p class=\"testo-responsive\">Chimica Lombarda ha sviluppato prodotti all\u2019avanguardia che riducono l\u2019impatto ambientale, integrando nei propri processi produttivi, materie prime bio-based e tecnologie abbattano le emissioni in atmosfera di gas serra (CO2). Questo approccio non \u00e8 solo una scelta etica, ma una strategia che ci consente di contribuire concretamente ad un <strong>futuro pi\u00f9 verde<\/strong> senza compromettere la qualit\u00e0 e la performance dei nostri prodotti.<br>\n<\/p><\/div><\/div>[\/vc_column_inner][\/vc_row_inner][vc_row_inner][vc_column_inner offset=&#8221;vc_hidden-lg vc_hidden-md&#8221;]<div class=\"label-container  inverted\"><div class=\"label\"><i class=\"fa fa-chevron-right\"><\/i> <span>L&#039;impegno verso l&#039;ambiente<\/span><\/div><\/div><div class=\"empty-space-custom\" data-id=\"empty_space_custom_23\"><\/div><div class=\"testo-responsive-container\" data-id=\"responsive_text_9\"><h1 class=\"testo-responsive\">La <strong>sostenibilit\u00e0<\/strong> \u00e8 il cuore pulsante della nostra missione<br>\n<\/h1><\/div><div class=\"empty-space-custom\" data-id=\"empty_space_custom_24\"><\/div><div class=\"testo-responsive-container\" data-id=\"responsive_text_10\"><p class=\"testo-responsive\">Chimica Lombarda ha infatti sviluppato prodotti all\u2019avanguardia che riducono l\u2019impatto ambientale, integrando nei propri processi produttivi, materie prime bio-based e tecnologie abbattano le emissioni in atmosfera di gas serra (CO2). Questo approccio non \u00e8 solo una scelta etica, ma una strategia che ci consente di contribuire concretamente ad un futuro pi\u00f9 verde senza compromettere la qualit\u00e0 e la performance dei nostri prodotti.<br>\n<\/p><\/div><div class=\"empty-space-custom\" data-id=\"empty_space_custom_25\"><\/div><a class=\"button  \" data-id=\"button_6\" target=\"\" href=\"#\"><img decoding=\"async\" src=\"https:\/\/chimicalombarda.com\/wp-content\/uploads\/2025\/03\/world-yellow-1.svg\" alt=\"icon\" \/><span>Ambiente e sostenibilit\u00e0<br>\n<\/span><\/a>[\/vc_column_inner][\/vc_row_inner]<div class=\"empty-space-custom\" data-id=\"empty_space_custom_26\"><\/div>[\/video_background_gradient][\/vc_column][\/vc_row][vc_row][vc_column]<div class=\"empty-space-custom\" data-id=\"empty_space_custom_27\"><\/div>[vc_row_inner el_class=&#8221;d-flex flex-column flex-md-row&#8221;][vc_column_inner el_class=&#8221;order-2 order-md-1&#8243; width=&#8221;1\/2&#8243;]<div class=\"label-container \"><div class=\"label\"><i class=\"fa fa-chevron-right\"><\/i> <span>Il nostro team<\/span><\/div><\/div><div class=\"empty-space-custom\" data-id=\"empty_space_custom_28\"><\/div><div class=\"testo-responsive-container decorative-border\" data-id=\"responsive_text_11\"><h3 class=\"testo-responsive\">La forza di Chimica Lombarda risiede nell\u2019expertise del suo team<br>\n<\/h3><\/div><div class=\"empty-space-custom\" data-id=\"empty_space_custom_29\"><\/div><div class=\"testo-responsive-container\" data-id=\"responsive_text_12\"><p class=\"testo-responsive\">Al centro delle nostre operazioni c\u2019\u00e8 un <strong>centro di Ricerca e Sviluppo<\/strong> all&#8217;avanguardia in cui specialit\u00e0 chimiche e intermedi chimici sono concepiti e progettati per diventare ingredienti circolari per l&#8217;industria sostenibile contemporanea. Composto da un tea di ingegneri chimici e tecnici applicatori altamente qualificati, la R&amp;S \u00e8 dove l&#8217;innovazione \u00e8 modellata e realizzata in modo circolare.<br>\n<\/p><\/div>[\/vc_column_inner][vc_column_inner el_class=&#8221;order-1 order-md-2&#8243; width=&#8221;1\/2&#8243;]<div class=\"padding-container\" data-id=\"padding-container_3\"><div class=\" responsive-image\" data-id=\"responsive_image_2\"><div class=\"responsive-image-wrapper\"><img decoding=\"async\" class=\"img-fluid d-none d-sm-inline-block\" src=\"https:\/\/chimicalombarda.com\/wp-content\/uploads\/2025\/03\/Immagine.png\" alt=\"\" title=\"Immagine\"><img decoding=\"async\" class=\"img-fluid d-inline-block d-sm-none\" src=\"https:\/\/chimicalombarda.com\/wp-content\/uploads\/2025\/03\/Immagine.png\" alt=\"\" title=\"Immagine\"><\/div><\/div><\/div><div class=\"empty-space-custom\" data-id=\"empty_space_custom_30\"><\/div>[\/vc_column_inner][\/vc_row_inner]<div class=\"empty-space-custom\" data-id=\"empty_space_custom_31\"><\/div>[\/vc_column][\/vc_row][vc_row][vc_column]<div class=\"empty-space-custom\" data-id=\"empty_space_custom_32\"><\/div>[vc_row_inner][vc_column_inner width=&#8221;1\/2&#8243;]<div class=\"padding-container\" data-id=\"padding-container_4\"><div class=\" responsive-image\" data-id=\"responsive_image_3\"><div class=\"responsive-image-wrapper\"><img decoding=\"async\" class=\"img-fluid d-none d-sm-inline-block\" src=\"https:\/\/chimicalombarda.com\/wp-content\/uploads\/2025\/03\/Immagine-1.png\" alt=\"\" title=\"Immagine (1)\"><img decoding=\"async\" class=\"img-fluid d-inline-block d-sm-none\" src=\"https:\/\/chimicalombarda.com\/wp-content\/uploads\/2025\/03\/Immagine-1.png\" alt=\"\" title=\"Immagine (1)\"><\/div><\/div><\/div><div class=\"empty-space-custom\" data-id=\"empty_space_custom_33\"><\/div>[\/vc_column_inner][vc_column_inner width=&#8221;1\/2&#8243;]<div class=\"label-container \"><div class=\"label\"><i class=\"fa fa-chevron-right\"><\/i> <span>L\u2019Ufficio Regulatory<\/span><\/div><\/div><div class=\"empty-space-custom\" data-id=\"empty_space_custom_34\"><\/div><div class=\"testo-responsive-container decorative-border\" data-id=\"responsive_text_13\"><h3 class=\"testo-responsive\">Oltre al reparto R&amp;D, il nostro <strong>Ufficio Regulatory<\/strong> rappresenta un supporto cruciale per i clienti<br>\n<\/h3><\/div><div class=\"empty-space-custom\" data-id=\"empty_space_custom_35\"><\/div><div class=\"testo-responsive-container\" data-id=\"responsive_text_14\"><p class=\"testo-responsive\">Grazie al nostro Regulatory siamo in grado di progettare trattamenti superficiali chimici a base d&#8217;acqua per soddisfare le problematiche normative e i vincoli ambientali con un approccio multilivello che tiene conto di tutte le parti interessate del prodotto finale.\u00a0Una squadra specializzata al servizio dell\u2019ufficio acquisti nella ricerca di fornitori e materie prime sostenibili e del reparto marketing per garantire la <strong>compliance<\/strong> dei nostri prodotti alle normative internazionali ed ai capitolati di settore.<br>\n<\/p><\/div>[\/vc_column_inner][\/vc_row_inner]<div class=\"empty-space-custom\" data-id=\"empty_space_custom_36\"><\/div>[vc_row_inner][vc_column_inner css=&#8221;.vc_custom_1741804441771{background-color: #FFFFFF1A !important;}&#8221;]<div class=\"empty-space-custom\" data-id=\"empty_space_custom_37\"><\/div>[\/vc_column_inner][\/vc_row_inner][\/vc_column][\/vc_row][vc_row full_width=&#8221;stretch_row_content_no_spaces&#8221;][vc_column][video_background_gradient background_type=&#8221;immagine&#8221; background_image=&#8221;203&#8243; gradient_rule=&#8221;linear-gradient( to top, rgba(3, 15, 14, 0.8) 10%, rgba(3, 15, 14, 0) 100% ), linear-gradient( to right, rgba(3, 15, 14, 0.9) 10%, rgba(3, 15, 14, 0) 100% )&#8221;]<div class=\"empty-space-custom\" data-id=\"empty_space_custom_38\"><\/div>[vc_row_inner][vc_column_inner width=&#8221;1\/2&#8243;]<div class=\"label-container  inverted\"><div class=\"label\"><i class=\"fa fa-chevron-right\"><\/i> <span>Innovazione<\/span><\/div><\/div><div class=\"empty-space-custom\" data-id=\"empty_space_custom_39\"><\/div><div class=\"testo-responsive-container decorative-border\" data-id=\"responsive_text_15\"><h3 class=\"testo-responsive\">Un futuro orientato al progresso<br>\n<\/h3><\/div><div class=\"empty-space-custom\" data-id=\"empty_space_custom_40\"><\/div><div class=\"testo-responsive-container\" data-id=\"responsive_text_16\"><p class=\"testo-responsive\">Con una solida esperienza alle spalle e uno sguardo rivolto al futuro, Chimica Lombarda investe costantemente nella formazione ed informazione del personale e nello sviluppo di soluzioni innovative e sostenibili. Il nostro obiettivo \u00e8 restare un punto di riferimento per il settore, dimostrando che <strong>tradizione e innovazione possono convivere armoniosamente<\/strong> per creare performance e migliorare la qualit\u00e0 dei materiali della vita di tutti i giorni.<br>\n<\/p><\/div><div class=\"empty-space-custom\" data-id=\"empty_space_custom_41\"><\/div><a class=\"button  \" data-id=\"button_7\" target=\"\" href=\"https:\/\/chimicalombarda.com\/it\/contatti\/\"><img decoding=\"async\" src=\"https:\/\/chimicalombarda.com\/wp-content\/uploads\/2025\/03\/mess.svg\" alt=\"icon\" \/><span>Contattaci<br>\n<\/span><\/a>[\/vc_column_inner][vc_column_inner width=&#8221;1\/2&#8243;][\/vc_column_inner][\/vc_row_inner]<div class=\"empty-space-custom\" data-id=\"empty_space_custom_42\"><\/div><div class=\"container-fluid cta\" data-col-base=\"1\"  data-col-lg=\"2\"  data-id=\"cta_1\"><div class=\"row\"><div class=\"col-12 col-lg-6 p-0\"><div><a href=\"https:\/\/chimicalombarda.com\/it\/certificazioni\/\"><div class=\"cta-content\"><span>Certificazioni<\/span><span class=\"label d-inline-block d-md-none\">Discover more<\/span><\/div><\/a><\/div><\/div><div class=\"col-12 col-lg-6 p-0\"><div><a href=\"https:\/\/chimicalombarda.com\/it\/ricerca-e-sviluppo\/\"><div class=\"cta-content\"><span>R&amp;D<\/span><span class=\"label d-inline-block d-md-none\">Discover more<\/span><\/div><\/a><\/div><\/div><\/div><\/div><div class=\"empty-space-custom\" data-id=\"empty_space_custom_43\"><\/div>[\/video_background_gradient][\/vc_column][\/vc_row]<\/p>\n<\/div>","protected":false},"excerpt":{"rendered":"<p>[vc_row full_width=&#8221;stretch_row_content_no_spaces&#8221; css=&#8221;.vc_custom_1743425449929{background-color: #030F0E !important;}&#8221;][vc_column][video_background_gradient background_type=&#8221;immagine&#8221; background_image=&#8221;368&#8243;][vc_row_inner][vc_column_inner width=&#8221;5\/12&#8243;][\/vc_column_inner][vc_column_inner width=&#8221;7\/12&#8243;][\/vc_column_inner][\/vc_row_inner][vc_row_inner][vc_column_inner css=&#8221;.vc_custom_1741773509985{padding-top: 0px !important;padding-bottom: 0px !important;background-color: #FFFFFF1A !important;}&#8221;][\/vc_column_inner][\/vc_row_inner][\/video_background_gradient][\/vc_column][\/vc_row][vc_row full_width=&#8221;stretch_row&#8221; css=&#8221;.vc_custom_1741629619116{background-color: #030F0E !important;}&#8221;][vc_column width=&#8221;1\/6&#8243;][\/vc_column][vc_column width=&#8221;4\/6&#8243;][\/vc_column][vc_column width=&#8221;1\/6&#8243;][\/vc_column][\/vc_row][vc_row full_width=&#8221;stretch_row&#8221; css=&#8221;.vc_custom_1741777323755{background-color: #030F0E !important;}&#8221;][vc_column css=&#8221;.vc_custom_1741778561208{padding-top: 0px !important;}&#8221;][\/vc_column][\/vc_row][vc_row full_width=&#8221;stretch_row&#8221; css=&#8221;.vc_custom_1741629619116{background-color: #030F0E !important;}&#8221;][vc_column width=&#8221;1\/6&#8243;][\/vc_column][vc_column width=&#8221;4\/6&#8243;][\/vc_column][vc_column width=&#8221;1\/6&#8243;][\/vc_column][\/vc_row][vc_row full_width=&#8221;stretch_row&#8221; css=&#8221;.vc_custom_1741796339207{background-color: #030F0E !important;}&#8221;][vc_column css=&#8221;.vc_custom_1741796244727{background-color: #FFFFFF1A !important;}&#8221;][\/vc_column][\/vc_row][vc_row full_width=&#8221;stretch_row&#8221; css=&#8221;.vc_custom_1741796332587{background-color: #030F0E !important;}&#8221;][vc_column][vc_row_inner][vc_column_inner width=&#8221;1\/3&#8243;][\/vc_column_inner][vc_column_inner width=&#8221;2\/3&#8243;][\/vc_column_inner][\/vc_row_inner][vc_row_inner][vc_column_inner css=&#8221;.vc_custom_1741804441771{background-color: #FFFFFF1A !important;}&#8221;][\/vc_column_inner][\/vc_row_inner][\/vc_column][\/vc_row][vc_row full_width=&#8221;stretch_row_content_no_spaces&#8221; css=&#8221;.vc_custom_1741805581506{background-color: [&hellip;]<\/p>\n","protected":false},"author":2,"featured_media":0,"parent":0,"menu_order":0,"comment_status":"closed","ping_status":"closed","template":"","meta":{"_acf_changed":false,"inline_featured_image":false,"footnotes":""},"class_list":["post-894","page","type-page","status-publish","hentry"],"acf":[],"aioseo_notices":[],"_links":{"self":[{"href":"https:\/\/chimicalombarda.com\/it\/wp-json\/wp\/v2\/pages\/894","targetHints":{"allow":["GET"]}}],"collection":[{"href":"https:\/\/chimicalombarda.com\/it\/wp-json\/wp\/v2\/pages"}],"about":[{"href":"https:\/\/chimicalombarda.com\/it\/wp-json\/wp\/v2\/types\/page"}],"author":[{"embeddable":true,"href":"https:\/\/chimicalombarda.com\/it\/wp-json\/wp\/v2\/users\/2"}],"replies":[{"embeddable":true,"href":"https:\/\/chimicalombarda.com\/it\/wp-json\/wp\/v2\/comments?post=894"}],"version-history":[{"count":4,"href":"https:\/\/chimicalombarda.com\/it\/wp-json\/wp\/v2\/pages\/894\/revisions"}],"predecessor-version":[{"id":962,"href":"https:\/\/chimicalombarda.com\/it\/wp-json\/wp\/v2\/pages\/894\/revisions\/962"}],"wp:attachment":[{"href":"https:\/\/chimicalombarda.com\/it\/wp-json\/wp\/v2\/media?parent=894"}],"curies":[{"name":"wp","href":"https:\/\/api.w.org\/{rel}","templated":true}]}}