{"id":915,"date":"2025-03-26T17:12:56","date_gmt":"2025-03-26T16:12:56","guid":{"rendered":"https:\/\/chimicalombarda.com\/paper-industry\/"},"modified":"2025-10-03T12:45:40","modified_gmt":"2025-10-03T10:45:40","slug":"industria-cartaria","status":"publish","type":"page","link":"https:\/\/chimicalombarda.com\/it\/industria-cartaria\/","title":{"rendered":"Industria cartaria"},"content":{"rendered":"<div class=\"wpb-content-wrapper\"><p>[vc_row full_width=&#8221;stretch_row_content_no_spaces&#8221; css=&#8221;.vc_custom_1743426413487{background-color: #030F0E !important;}&#8221;][vc_column][video_background_gradient background_type=&#8221;immagine&#8221; background_image=&#8221;553&#8243;][vc_row_inner][vc_column_inner width=&#8221;5\/12&#8243;]<div class=\"empty-space-custom\" data-id=\"empty_space_custom_1\"><\/div><div class=\"label-container  inverted\"><div class=\"label\"><i class=\"fa fa-chevron-right\"><\/i> <span>Industria Cartaria<\/span><\/div><\/div><div class=\"empty-space-custom\" data-id=\"empty_space_custom_2\"><\/div><div class=\"testo-responsive-container decorative-border\" data-id=\"responsive_text_1\"><h1 class=\"testo-responsive\"><strong>Rafforzare la carta con soluzioni durevoli ed eco-sostenibili<\/strong><br>\n<\/h1><\/div><div class=\"empty-space-custom\" data-id=\"empty_space_custom_3\"><\/div>[\/vc_column_inner][vc_column_inner width=&#8221;7\/12&#8243;][\/vc_column_inner][\/vc_row_inner][vc_row_inner][vc_column_inner css=&#8221;.vc_custom_1741773509985{padding-top: 0px !important;padding-bottom: 0px !important;background-color: #FFFFFF1A !important;}&#8221;]<div class=\"empty-space-custom\" data-id=\"empty_space_custom_4\"><\/div>[\/vc_column_inner][\/vc_row_inner]<div class=\"empty-space-custom\" data-id=\"empty_space_custom_5\"><\/div>[\/video_background_gradient][\/vc_column][\/vc_row][vc_row full_width=&#8221;stretch_row&#8221; css=&#8221;.vc_custom_1741629619116{background-color: #030F0E !important;}&#8221;][vc_column width=&#8221;1\/6&#8243;][\/vc_column][vc_column width=&#8221;4\/6&#8243;]<div class=\"label-container text-center inverted\"><div class=\"label\"><i class=\"fa fa-chevron-right\"><\/i> <span>Soluzioni poliuretaniche innovative per l&#039;industria cartaria<\/span><\/div><\/div><div class=\"empty-space-custom\" data-id=\"empty_space_custom_6\"><\/div><div class=\"testo-responsive-container\" data-id=\"responsive_text_2\"><h3 class=\"testo-responsive\">I <strong>prodotti chimici per l\u2019industria cartaria<\/strong> di Chimica Lombarda rappresentano un\u2019importante evoluzione per il settore, grazie all\u2019equilibrio tra alte prestazioni e rispetto ambientale.<br>\n<\/h3><\/div><div class=\"empty-space-custom\" data-id=\"empty_space_custom_7\"><\/div><div class=\"testo-responsive-container\" data-id=\"responsive_text_3\"><p class=\"testo-responsive\">Le dispersioni poliuretaniche di Chimica Lombarda mettono a disposizione dell\u2019industria cartaria un&#8217;ampia gamma di Poliuretani in dispersione acquosa che vengono utilizzati per migliorare le prestazioni della carta trattata come resistenza allo sporco, resistenza meccanica a umido e a secco, resistenza alle doppie pieghe, stampabilit\u00e0 e tenuta all&#8217;acqua. Particolarmente adatto per il trattamento superficiale di carte Luxury, Patinate-Funzionali e Security. Sviluppiamo trattamenti superficiali personalizzati che offrono soluzioni innovative per i produttori di carta. Le nostre formulazioni a base acqua offrono prestazioni superiori, unendo durabilit\u00e0 e sostenibilit\u00e0 per soddisfare le rigorose esigenze dell&#8217;industria della carta.<br>\n<\/p><\/div><div class=\"empty-space-custom\" data-id=\"empty_space_custom_8\"><\/div>[\/vc_column][vc_column width=&#8221;1\/6&#8243;][\/vc_column][\/vc_row][vc_row full_width=&#8221;stretch_row&#8221; css=&#8221;.vc_custom_1741777323755{background-color: #030F0E !important;}&#8221;][vc_column css=&#8221;.vc_custom_1741778561208{padding-top: 0px !important;}&#8221;]<div class=\"buttons-container\" data-id=\"buttons-container_1\"><a class=\"button  \" data-id=\"button_1\" target=\"\" href=\"\"><img decoding=\"async\" src=\"https:\/\/chimicalombarda.com\/wp-content\/uploads\/2025\/03\/innovazione.svg\" alt=\"icon\" \/><span>Innovazione<br>\n<\/span><\/a><a class=\"button  \" data-id=\"button_2\" target=\"\" href=\"\"><img decoding=\"async\" src=\"https:\/\/chimicalombarda.com\/wp-content\/uploads\/2025\/03\/affidabilita.svg\" alt=\"icon\" \/><span>Affidabilit\u00e0<br>\n<\/span><\/a><a class=\"button  \" data-id=\"button_3\" target=\"\" href=\"\"><img decoding=\"async\" src=\"https:\/\/chimicalombarda.com\/wp-content\/uploads\/2025\/03\/performance.svg\" alt=\"icon\" \/><span>Performance<br>\n<\/span><\/a><\/div><div class=\"empty-space-custom\" data-id=\"empty_space_custom_9\"><\/div>[\/vc_column][\/vc_row][vc_row full_width=&#8221;stretch_row_content_no_spaces&#8221; css=&#8221;.vc_custom_1741805581506{background-color: #030F0E !important;}&#8221;][vc_column][video_background_gradient video_url=&#8221;https:\/\/chimicalombarda.com\/wp-content\/uploads\/2025\/03\/Video_header.mp4&#8243; gradient_rule=&#8221;linear-gradient(0deg, rgba(3,15,14,0.36738445378151263) 0%, rgba(3,15,14,1) 58%)&#8221;]<div class=\"empty-space-custom\" data-id=\"empty_space_custom_10\"><\/div>[vc_row_inner][vc_column_inner width=&#8221;7\/12&#8243; offset=&#8221;vc_hidden-sm vc_hidden-xs&#8221;]<div class=\"label-container  inverted\"><div class=\"label\"><i class=\"fa fa-chevron-right\"><\/i> <span>Performance e Sostenibilit\u00e0<\/span><\/div><\/div><div class=\"empty-space-custom\" data-id=\"empty_space_custom_11\"><\/div><div class=\"testo-responsive-container\" data-id=\"responsive_text_4\"><h2 class=\"testo-responsive\"><strong>Dispersioni poliuretaniche a base acquosa<\/strong> sostenibili per finiture personalizzate della carta<br>\n<\/h2><\/div><div class=\"empty-space-custom\" data-id=\"empty_space_custom_12\"><\/div><a class=\"button  \" data-id=\"button_4\" target=\"_blank\" href=\"https:\/\/chimicalombarda.com\/wp-content\/uploads\/2025\/10\/Acqueous_Polyurethane_Dispersions_v5_Digital_compressed.pdf\"><img decoding=\"async\" src=\"https:\/\/chimicalombarda.com\/wp-content\/uploads\/2025\/03\/world-yellow-1.svg\" alt=\"icon\" \/><span>Download pdf<br>\n<\/span><\/a>[\/vc_column_inner][vc_column_inner width=&#8221;5\/12&#8243;]<div class=\"padding-container\" data-id=\"padding-container_1\"><div class=\"empty-space-custom\" data-id=\"empty_space_custom_13\"><\/div><div class=\"testo-responsive-container\" data-id=\"responsive_text_5\"><p class=\"testo-responsive\">L\u2019utilizzo di dispersioni poliuretaniche <strong>a<\/strong> <strong>base acquosa <\/strong>nell\u2019industria cartaria ha permesso di ridurre significativamente l\u2019impatto ambientale rispetto alle tradizionali soluzioni solvent-base. Chimica Lombarda \u00e8 stata tra le prime aziende a specializzarsi nella produzione di formulazioni base acqua e solvent-free e a scoprirne i vantaggi applicativi nell\u2019industria cartaria. A ci\u00f2 si aggiunge il fatto che, grazie alle infinite possibilit\u00e0 di customizzazione delle resine uretaniche si possono raggiungere soluzioni di finissaggio <strong>personalizzate<\/strong> in termini di lucentezza e consistenza per adattarsi alle diverse esigenze di design, garantendo versatilit\u00e0 e flessibilit\u00e0 d\u2019uso.<br>\n<\/p><\/div><\/div>[\/vc_column_inner][\/vc_row_inner][vc_row_inner][vc_column_inner]<div class=\"empty-space-custom\" data-id=\"empty_space_custom_14\"><\/div>[\/vc_column_inner][\/vc_row_inner]<div class=\"empty-space-custom\" data-id=\"empty_space_custom_15\"><\/div>[\/video_background_gradient][\/vc_column][\/vc_row][vc_row][vc_column]<div class=\"empty-space-custom\" data-id=\"empty_space_custom_16\"><\/div>[vc_row_inner el_class=&#8221;d-flex flex-column flex-md-row&#8221;][vc_column_inner el_class=&#8221;order-2 order-md-1&#8243; width=&#8221;1\/2&#8243;]<div class=\"label-container \"><div class=\"label\"><i class=\"fa fa-chevron-right\"><\/i> <span>Le applicazioni delle dispersioni poliuretaniche di Chimica Lombarda nel settore della carta<\/span><\/div><\/div><div class=\"empty-space-custom\" data-id=\"empty_space_custom_17\"><\/div><div class=\"testo-responsive-container\" data-id=\"responsive_text_6\"><p class=\"testo-responsive\">L\u2019applicazione di soluzioni poliuretaniche comporta inoltre un significativo miglioramento della longevit\u00e0 dei prodotti cartacei ed una maggiore resistenza all\u2019usura.<br>\nAllo stesso tempo la qualit\u00e0 estetica superiore e la possibilit\u00e0 di ottenere effetti decorativi sofisticati rappresentano un valore aggiunto per le industrie che operano nel settore del packaging di lusso e della produzione di materiali decorativi.<br>\nPer tutti questi motivi Chimica Lombarda si pone come partner ideale per l\u2019industria cartaria, offrendo un\u2019ampia gamma di poliuretani innovativi che combinano performance elevate attraverso una tecnologia eco-sostenibile.<br>\n<\/p><\/div>[\/vc_column_inner][vc_column_inner el_class=&#8221;order-1 order-md-2&#8243; width=&#8221;1\/2&#8243;]<div class=\"padding-container\" data-id=\"padding-container_2\"><div class=\" responsive-image\" data-id=\"responsive_image_1\"><div class=\"responsive-image-wrapper\"><img decoding=\"async\" class=\"img-fluid d-none d-sm-inline-block\" src=\"https:\/\/chimicalombarda.com\/wp-content\/uploads\/2025\/03\/paper-coating.jpg\" alt=\"\" title=\"paper-coating\"><img decoding=\"async\" class=\"img-fluid d-inline-block d-sm-none\" src=\"https:\/\/chimicalombarda.com\/wp-content\/uploads\/2025\/03\/paper-coating.jpg\" alt=\"\" title=\"paper-coating\"><\/div><\/div><\/div><div class=\"empty-space-custom\" data-id=\"empty_space_custom_18\"><\/div>[\/vc_column_inner][\/vc_row_inner]<div class=\"empty-space-custom\" data-id=\"empty_space_custom_19\"><\/div>[\/vc_column][\/vc_row][vc_row][vc_column]<div class=\"empty-space-custom\" data-id=\"empty_space_custom_20\"><\/div>[vc_row_inner][vc_column_inner width=&#8221;1\/2&#8243;]<div class=\"padding-container\" data-id=\"padding-container_3\"><div class=\" responsive-image\" data-id=\"responsive_image_2\"><div class=\"responsive-image-wrapper\"><img decoding=\"async\" class=\"img-fluid d-none d-sm-inline-block\" src=\"https:\/\/chimicalombarda.com\/wp-content\/uploads\/2025\/03\/luxury-paper.jpg\" alt=\"\" title=\"luxury-paper\"><img decoding=\"async\" class=\"img-fluid d-inline-block d-sm-none\" src=\"https:\/\/chimicalombarda.com\/wp-content\/uploads\/2025\/03\/luxury-paper.jpg\" alt=\"\" title=\"luxury-paper\"><\/div><\/div><\/div><div class=\"empty-space-custom\" data-id=\"empty_space_custom_21\"><\/div>[\/vc_column_inner][vc_column_inner width=&#8221;1\/2&#8243;]<div class=\"label-container \"><div class=\"label\"><i class=\"fa fa-chevron-right\"><\/i> <span>Cartamoneta<\/span><\/div><\/div><div class=\"empty-space-custom\" data-id=\"empty_space_custom_22\"><\/div><div class=\"testo-responsive-container\" data-id=\"responsive_text_7\"><p class=\"testo-responsive\">Siamo attivi nello sviluppo e nella <strong>produzione di soluzioni a base acquosa per la fabbricazione di carta per banconote<\/strong>. Grazie al nostro portafoglio prodotti, \u00e8 possibile migliorare significativamente la durabilit\u00e0 e la resistenza allo sporco delle banconote, offrendo ai produttori di carta soluzioni per ottimizzare le prestazioni tecniche e massimizzare la sostenibilit\u00e0.<br>\n<\/p><\/div><div class=\"empty-space-custom\" data-id=\"empty_space_custom_23\"><\/div><div class=\"testo-responsive-container\" data-id=\"responsive_text_8\"><div class=\"testo-responsive\">Per garantire una maggiore sostenibilit\u00e0 e una riduzione dell&#8217;impronta di carbonio, abbiamo sviluppato dispersioni di poliuretano a base acquosa prodotte con materie prime rinnovabili. Il nostro portafoglio prodotti \u00e8 completato da crosslinkers NCO-free. La loro reattivit\u00e0 con gruppi idrossilici e carbossilici migliora le prestazioni e massimizza la resistenza meccanica e chimica senza compromettere la flessibilit\u00e0 del film.<br>\nScopri tutto sulle nostre <a href=\"https:\/\/chimicalombarda.com\/it\/dispersioni-poliuretaniche\/\">dispersioni poliuretaniche<\/a> ed i <a title=\"Agenti di reticolazione\" href=\"https:\/\/chimicalombarda.com\/it\/agenti-di-reticolazione\/\">cross-linking agents<\/a> e le loro propriet\u00e0 scaricando il catalogo.<br>\n<\/div><\/div><div class=\"empty-space-custom\" data-id=\"empty_space_custom_24\"><\/div>[\/vc_column_inner][\/vc_row_inner]<div class=\"empty-space-custom\" data-id=\"empty_space_custom_25\"><\/div>[vc_row_inner][vc_column_inner css=&#8221;.vc_custom_1741804441771{background-color: #FFFFFF1A !important;}&#8221;]<div class=\"empty-space-custom\" data-id=\"empty_space_custom_26\"><\/div>[\/vc_column_inner][\/vc_row_inner][\/vc_column][\/vc_row][vc_row][vc_column]<div class=\"empty-space-custom\" data-id=\"empty_space_custom_27\"><\/div>[vc_row_inner el_class=&#8221;d-flex flex-column flex-md-row&#8221;][vc_column_inner el_class=&#8221;order-2 order-md-1&#8243; width=&#8221;1\/2&#8243;]<div class=\"label-container \"><div class=\"label\"><i class=\"fa fa-chevron-right\"><\/i> <span>Carte funzionali e rivestite<\/span><\/div><\/div><div class=\"empty-space-custom\" data-id=\"empty_space_custom_28\"><\/div><div class=\"testo-responsive-container\" data-id=\"responsive_text_9\"><p class=\"testo-responsive\">Un compito cruciale nella produzione moderna di carta \u00e8 rappresentato dall&#8217;ottimizzazione delle formulazioni di rivestimento per carta grafica e da imballaggio. Forniamo soluzioni per migliorare la produttivit\u00e0 e la qualit\u00e0 dei prodotti finali attraverso modificatori reologici, cere e agenti opacizzanti.<br>\nSviluppiamo trattamenti superficiali personalizzati che offrono soluzioni innovative per i produttori di carta. La nostra linea di prodotti migliora prestazioni come lanresistenza al grasso e all&#8217;acqua, resistenza meccanica, resistenza allo sporco, stampabilit\u00e0, permeabilit\u00e0 all&#8217;inchiostro, rilascio e molto altro. Possiamo fornire soluzioni che combinano prestazioni e sostenibilit\u00e0, progettando trattamenti chimici superficiali a base acquosa per soddisfare le normative e i vincoli ambientali.<br>\n<\/p><\/div>[\/vc_column_inner][vc_column_inner el_class=&#8221;order-1 order-md-2&#8243; width=&#8221;1\/2&#8243;]<div class=\"padding-container\" data-id=\"padding-container_4\"><div class=\" responsive-image\" data-id=\"responsive_image_3\"><div class=\"responsive-image-wrapper\"><img decoding=\"async\" class=\"img-fluid d-none d-sm-inline-block\" src=\"https:\/\/chimicalombarda.com\/wp-content\/uploads\/2025\/03\/banknote-paper.jpg\" alt=\"\" title=\"banknote-paper\"><img decoding=\"async\" class=\"img-fluid d-inline-block d-sm-none\" src=\"https:\/\/chimicalombarda.com\/wp-content\/uploads\/2025\/03\/banknote-paper.jpg\" alt=\"\" title=\"banknote-paper\"><\/div><\/div><\/div><div class=\"empty-space-custom\" data-id=\"empty_space_custom_29\"><\/div>[\/vc_column_inner][\/vc_row_inner]<div class=\"empty-space-custom\" data-id=\"empty_space_custom_30\"><\/div>[\/vc_column][\/vc_row][vc_row full_width=&#8221;stretch_row_content_no_spaces&#8221;][vc_column][video_background_gradient background_type=&#8221;immagine&#8221; background_image=&#8221;549&#8243; gradient_rule=&#8221;linear-gradient( to top, rgba(3, 15, 14, 0.8) 10%, rgba(3, 15, 14, 0) 100% ), linear-gradient( to right, rgba(3, 15, 14, 0.9) 10%, rgba(3, 15, 14, 0) 100% )&#8221;]<div class=\"empty-space-custom\" data-id=\"empty_space_custom_31\"><\/div>[vc_row_inner][vc_column_inner width=&#8221;1\/2&#8243;]<div class=\"label-container  inverted\"><div class=\"label\"><i class=\"fa fa-chevron-right\"><\/i> <span>Carte funzionali e rivestite<\/span><\/div><\/div><div class=\"empty-space-custom\" data-id=\"empty_space_custom_32\"><\/div><div class=\"testo-responsive-container\" data-id=\"responsive_text_10\"><p class=\"testo-responsive\">Un compito cruciale nella produzione moderna di carta \u00e8 rappresentato dall&#8217;ottimizzazione delle formulazioni di rivestimento per carta grafica e da imballaggio. Forniamo soluzioni per migliorare la produttivit\u00e0 e la qualit\u00e0 dei prodotti finali attraverso modificatori reologici, cere e agenti opacizzanti.<br>\nSviluppiamo trattamenti superficiali personalizzati che offrono soluzioni innovative per i produttori di carta. La nostra linea di prodotti migliora prestazioni come lanresistenza al grasso e all&#8217;acqua, resistenza meccanica, resistenza allo sporco, stampabilit\u00e0, permeabilit\u00e0 all&#8217;inchiostro, rilascio e molto altro. Possiamo fornire soluzioni che combinano prestazioni e sostenibilit\u00e0, progettando trattamenti chimici superficiali a base acquosa per soddisfare le normative e i vincoli ambientali.<br>\n<\/p><\/div><div class=\"empty-space-custom\" data-id=\"empty_space_custom_33\"><\/div><div class=\"testo-responsive-container\" data-id=\"responsive_text_11\"><p class=\"testo-responsive\"><strong>Propriet\u00e0 e vantaggi:<\/strong><br>\n<\/p><\/div><div class=\"empty-space-custom\" data-id=\"empty_space_custom_34\"><\/div><div class=\"testo-responsive-container\" data-id=\"responsive_text_12\"><div class=\"testo-responsive\"><br>\n<ul>\n<li>Eccellente resistenza all&#8217;acqua.<\/li>\n<li>Alta adesione e superfici lisce.<\/li>\n<li>Propriet\u00e0 anti-graffio e anti-strappo.<\/li>\n<li>Basse emissioni per una produzione sostenibile.<\/li>\n<li>Livelli personalizzabili di lucentezza e texture.<\/li>\n<li>Miglior estetica e protezione superficiale.<\/li>\n<li>Longevit\u00e0 per prodotti cartacei di alto valore.<\/li>\n<li>Soddisfa normative ambientali e di sicurezza pi\u00f9 rigorose.<\/li>\n<li>Riduce l&#8217;usura nelle applicazioni pi\u00f9 esigenti.<\/li>\n<li>Espande le possibilit\u00e0 di customizzazione con finiture versatili.<\/li>\n<\/ul>\n\n<\/div><\/div><div class=\"empty-space-custom\" data-id=\"empty_space_custom_35\"><\/div><a class=\"button  \" data-id=\"button_5\" target=\"\" href=\"https:\/\/chimicalombarda.com\/it\/contatti\/\"><img decoding=\"async\" src=\"https:\/\/chimicalombarda.com\/wp-content\/uploads\/2025\/03\/mess.svg\" alt=\"icon\" \/><span>Contattaci<br>\n<\/span><\/a>[\/vc_column_inner][vc_column_inner width=&#8221;1\/2&#8243;][\/vc_column_inner][\/vc_row_inner]<div class=\"empty-space-custom\" data-id=\"empty_space_custom_36\"><\/div><div class=\"empty-space-custom\" data-id=\"empty_space_custom_37\"><\/div>[\/video_background_gradient][\/vc_column][\/vc_row]<\/p>\n<\/div>","protected":false},"excerpt":{"rendered":"<p>[vc_row full_width=&#8221;stretch_row_content_no_spaces&#8221; css=&#8221;.vc_custom_1743426413487{background-color: #030F0E !important;}&#8221;][vc_column][video_background_gradient background_type=&#8221;immagine&#8221; background_image=&#8221;553&#8243;][vc_row_inner][vc_column_inner width=&#8221;5\/12&#8243;][\/vc_column_inner][vc_column_inner width=&#8221;7\/12&#8243;][\/vc_column_inner][\/vc_row_inner][vc_row_inner][vc_column_inner css=&#8221;.vc_custom_1741773509985{padding-top: 0px !important;padding-bottom: 0px !important;background-color: #FFFFFF1A !important;}&#8221;][\/vc_column_inner][\/vc_row_inner][\/video_background_gradient][\/vc_column][\/vc_row][vc_row full_width=&#8221;stretch_row&#8221; css=&#8221;.vc_custom_1741629619116{background-color: #030F0E !important;}&#8221;][vc_column width=&#8221;1\/6&#8243;][\/vc_column][vc_column width=&#8221;4\/6&#8243;][\/vc_column][vc_column width=&#8221;1\/6&#8243;][\/vc_column][\/vc_row][vc_row full_width=&#8221;stretch_row&#8221; css=&#8221;.vc_custom_1741777323755{background-color: #030F0E !important;}&#8221;][vc_column css=&#8221;.vc_custom_1741778561208{padding-top: 0px !important;}&#8221;][\/vc_column][\/vc_row][vc_row full_width=&#8221;stretch_row_content_no_spaces&#8221; css=&#8221;.vc_custom_1741805581506{background-color: #030F0E !important;}&#8221;][vc_column][video_background_gradient video_url=&#8221;https:\/\/chimicalombarda.com\/wp-content\/uploads\/2025\/03\/Video_header.mp4&#8243; gradient_rule=&#8221;linear-gradient(0deg, rgba(3,15,14,0.36738445378151263) 0%, rgba(3,15,14,1) 58%)&#8221;][vc_row_inner][vc_column_inner width=&#8221;7\/12&#8243; offset=&#8221;vc_hidden-sm vc_hidden-xs&#8221;][\/vc_column_inner][vc_column_inner width=&#8221;5\/12&#8243;][\/vc_column_inner][\/vc_row_inner][vc_row_inner][vc_column_inner][\/vc_column_inner][\/vc_row_inner][\/video_background_gradient][\/vc_column][\/vc_row][vc_row][vc_column][vc_row_inner el_class=&#8221;d-flex flex-column flex-md-row&#8221;][vc_column_inner el_class=&#8221;order-2 order-md-1&#8243; width=&#8221;1\/2&#8243;][\/vc_column_inner][vc_column_inner el_class=&#8221;order-1 order-md-2&#8243; width=&#8221;1\/2&#8243;][\/vc_column_inner][\/vc_row_inner][\/vc_column][\/vc_row][vc_row][vc_column][vc_row_inner][vc_column_inner width=&#8221;1\/2&#8243;][\/vc_column_inner][vc_column_inner width=&#8221;1\/2&#8243;][\/vc_column_inner][\/vc_row_inner][vc_row_inner][vc_column_inner [&hellip;]<\/p>\n","protected":false},"author":2,"featured_media":0,"parent":0,"menu_order":0,"comment_status":"closed","ping_status":"closed","template":"","meta":{"_acf_changed":false,"inline_featured_image":false,"footnotes":""},"class_list":["post-915","page","type-page","status-publish","hentry"],"acf":[],"aioseo_notices":[],"_links":{"self":[{"href":"https:\/\/chimicalombarda.com\/it\/wp-json\/wp\/v2\/pages\/915","targetHints":{"allow":["GET"]}}],"collection":[{"href":"https:\/\/chimicalombarda.com\/it\/wp-json\/wp\/v2\/pages"}],"about":[{"href":"https:\/\/chimicalombarda.com\/it\/wp-json\/wp\/v2\/types\/page"}],"author":[{"embeddable":true,"href":"https:\/\/chimicalombarda.com\/it\/wp-json\/wp\/v2\/users\/2"}],"replies":[{"embeddable":true,"href":"https:\/\/chimicalombarda.com\/it\/wp-json\/wp\/v2\/comments?post=915"}],"version-history":[{"count":5,"href":"https:\/\/chimicalombarda.com\/it\/wp-json\/wp\/v2\/pages\/915\/revisions"}],"predecessor-version":[{"id":1385,"href":"https:\/\/chimicalombarda.com\/it\/wp-json\/wp\/v2\/pages\/915\/revisions\/1385"}],"wp:attachment":[{"href":"https:\/\/chimicalombarda.com\/it\/wp-json\/wp\/v2\/media?parent=915"}],"curies":[{"name":"wp","href":"https:\/\/api.w.org\/{rel}","templated":true}]}}