{"id":919,"date":"2025-03-27T18:16:14","date_gmt":"2025-03-27T17:16:14","guid":{"rendered":"https:\/\/chimicalombarda.com\/textile-finishing\/"},"modified":"2025-10-03T12:46:02","modified_gmt":"2025-10-03T10:46:02","slug":"finissaggio-tessile","status":"publish","type":"page","link":"https:\/\/chimicalombarda.com\/it\/finissaggio-tessile\/","title":{"rendered":"Finissaggio tessile"},"content":{"rendered":"<div class=\"wpb-content-wrapper\"><p>[vc_row full_width=&#8221;stretch_row_content_no_spaces&#8221; css=&#8221;.vc_custom_1743427671406{background-color: #030F0E !important;}&#8221;][vc_column][video_background_gradient background_type=&#8221;immagine&#8221; background_image=&#8221;787&#8243;][vc_row_inner][vc_column_inner width=&#8221;5\/12&#8243;]<div class=\"empty-space-custom\" data-id=\"empty_space_custom_1\"><\/div><div class=\"label-container  inverted\"><div class=\"label\"><i class=\"fa fa-chevron-right\"><\/i> <span>Finissaggio tessile<\/span><\/div><\/div><div class=\"empty-space-custom\" data-id=\"empty_space_custom_2\"><\/div><div class=\"testo-responsive-container decorative-border\" data-id=\"responsive_text_1\"><h1 class=\"testo-responsive\">Le caratteristiche delle nostre dispersioni poliuretaniche per il finissaggio tessile<br>\n<\/h1><\/div><div class=\"empty-space-custom\" data-id=\"empty_space_custom_3\"><\/div>[\/vc_column_inner][vc_column_inner width=&#8221;7\/12&#8243;][\/vc_column_inner][\/vc_row_inner][vc_row_inner][vc_column_inner css=&#8221;.vc_custom_1741773509985{padding-top: 0px !important;padding-bottom: 0px !important;background-color: #FFFFFF1A !important;}&#8221;]<div class=\"empty-space-custom\" data-id=\"empty_space_custom_4\"><\/div>[\/vc_column_inner][\/vc_row_inner]<div class=\"empty-space-custom\" data-id=\"empty_space_custom_5\"><\/div>[\/video_background_gradient][\/vc_column][\/vc_row][vc_row full_width=&#8221;stretch_row&#8221; css=&#8221;.vc_custom_1741629619116{background-color: #030F0E !important;}&#8221;][vc_column width=&#8221;1\/6&#8243;][\/vc_column][vc_column width=&#8221;4\/6&#8243;]<div class=\"label-container text-center inverted\"><div class=\"label\"><i class=\"fa fa-chevron-right\"><\/i> <span>Finissaggi ad alte prestazioni<\/span><\/div><\/div><div class=\"empty-space-custom\" data-id=\"empty_space_custom_6\"><\/div><div class=\"testo-responsive-container\" data-id=\"responsive_text_2\"><h3 class=\"testo-responsive\">Chimica Lombarda \u00e8 leader mondiale nella <b>produzione e fornitura di specialties chimiche per l&#8217;industria tessile<\/b>. Il nostro obiettivo \u00e8 quello di ottimizzare i processi produttivi e migliorare la qualit\u00e0 e la durata dei tessuti, mantenendo un costante focus sulla sostenibilit\u00e0.<br>\n<\/h3><\/div><div class=\"empty-space-custom\" data-id=\"empty_space_custom_7\"><\/div><div class=\"testo-responsive-container\" data-id=\"responsive_text_3\"><p class=\"testo-responsive\">Raggiungiamo questi obiettivi sviluppando e producendo prodotti chimici per il trattamento dei tessuti, che possano impartire alle fibre le propriet\u00e0 di finissaggio desiderate.<br>\nI nostri prodotti eccellono nel fornire finiture ad alte prestazioni che soddisfano le esigenze dei tessuti moderni e delle applicazioni industriali. Grazie a formulazioni eco-compatibili e versatili, rispondiamo sia alle necessit\u00e0 funzionali che decorative.<br>\nLe <strong>dispersioni poliuretaniche per il finissaggio tessile<\/strong> di Chimica Lombarda rappresentano una soluzione innovativa per migliorare la qualit\u00e0 e la durabilit\u00e0 dei tessuti, soddisfacendo le esigenze tecniche e decorative di vari settori industriali.<br>\n<\/p><\/div><div class=\"empty-space-custom\" data-id=\"empty_space_custom_8\"><\/div>[\/vc_column][vc_column width=&#8221;1\/6&#8243;][\/vc_column][\/vc_row][vc_row full_width=&#8221;stretch_row&#8221; css=&#8221;.vc_custom_1741777323755{background-color: #030F0E !important;}&#8221;][vc_column css=&#8221;.vc_custom_1741778561208{padding-top: 0px !important;}&#8221;]<div class=\"buttons-container\" data-id=\"buttons-container_1\"><a class=\"button  \" data-id=\"button_1\" target=\"\" href=\"\"><img decoding=\"async\" src=\"https:\/\/chimicalombarda.com\/wp-content\/uploads\/2025\/03\/innovazione.svg\" alt=\"icon\" \/><span>Innovazione<br>\n<\/span><\/a><a class=\"button  \" data-id=\"button_2\" target=\"\" href=\"\"><img decoding=\"async\" src=\"https:\/\/chimicalombarda.com\/wp-content\/uploads\/2025\/03\/affidabilita.svg\" alt=\"icon\" \/><span>Affidabilit\u00e0<br>\n<\/span><\/a><a class=\"button  \" data-id=\"button_3\" target=\"\" href=\"\"><img decoding=\"async\" src=\"https:\/\/chimicalombarda.com\/wp-content\/uploads\/2025\/03\/performance.svg\" alt=\"icon\" \/><span>Performance<br>\n<\/span><\/a><\/div><div class=\"empty-space-custom\" data-id=\"empty_space_custom_9\"><\/div>[\/vc_column][\/vc_row][vc_row full_width=&#8221;stretch_row_content_no_spaces&#8221; css=&#8221;.vc_custom_1741805581506{background-color: #030F0E !important;}&#8221;][vc_column][video_background_gradient video_url=&#8221;https:\/\/chimicalombarda.com\/wp-content\/uploads\/2025\/03\/Video_header.mp4&#8243; gradient_rule=&#8221;linear-gradient(0deg, rgba(3,15,14,0.36738445378151263) 0%, rgba(3,15,14,1) 58%)&#8221;]<div class=\"empty-space-custom\" data-id=\"empty_space_custom_10\"><\/div>[vc_row_inner][vc_column_inner width=&#8221;7\/12&#8243; offset=&#8221;vc_hidden-sm vc_hidden-xs&#8221;]<div class=\"label-container  inverted\"><div class=\"label\"><i class=\"fa fa-chevron-right\"><\/i> <span>Soluzioni avanzate per rivestimenti tessili<\/span><\/div><\/div><div class=\"empty-space-custom\" data-id=\"empty_space_custom_11\"><\/div><div class=\"testo-responsive-container\" data-id=\"responsive_text_4\"><h2 class=\"testo-responsive\">Tessuti dalle qualit\u00e0 eccellenti<br>\n<\/h2><\/div><div class=\"empty-space-custom\" data-id=\"empty_space_custom_12\"><\/div><a class=\"button  \" data-id=\"button_4\" target=\"\" href=\"https:\/\/chimicalombarda.com\/it\/sostenibilita\/\"><img decoding=\"async\" src=\"https:\/\/chimicalombarda.com\/wp-content\/uploads\/2025\/03\/world-yellow-1.svg\" alt=\"icon\" \/><span>Sostenibilit\u00e0<br>\n<\/span><\/a>[\/vc_column_inner][vc_column_inner width=&#8221;5\/12&#8243;]<div class=\"padding-container\" data-id=\"padding-container_1\"><div class=\"empty-space-custom\" data-id=\"empty_space_custom_13\"><\/div><div class=\"testo-responsive-container\" data-id=\"responsive_text_5\"><p class=\"testo-responsive\">I rivestimenti PU di alta qualit\u00e0 di Chimica Lombarda offrono soluzioni avanzate per i rivestimenti tessili e gli inchiostri di stampa, progettando tessuti pigmentati con qualit\u00e0 straordinarie, tra cui:<br>\n<ul>\n<li>Elasticit\u00e0 superiore;<\/li>\n<li>Effetto soft-touch;<\/li>\n<li>Durabilit\u00e0;<\/li>\n<li>Resistenza all&#8217;acqua;<\/li>\n<li>Traspirabilit\u00e0;<\/li>\n<li>Sostenibilit\u00e0.<\/li>\n<\/ul>\n\n<\/p><\/div><\/div>[\/vc_column_inner][\/vc_row_inner][vc_row_inner][vc_column_inner]<div class=\"empty-space-custom\" data-id=\"empty_space_custom_14\"><\/div>[\/vc_column_inner][\/vc_row_inner]<div class=\"empty-space-custom\" data-id=\"empty_space_custom_15\"><\/div>[\/video_background_gradient][\/vc_column][\/vc_row][vc_row][vc_column]<div class=\"empty-space-custom\" data-id=\"empty_space_custom_16\"><\/div>[vc_row_inner el_class=&#8221;d-flex flex-column flex-md-row&#8221;][vc_column_inner el_class=&#8221;order-2 order-md-1&#8243; width=&#8221;1\/2&#8243;]<div class=\"label-container \"><div class=\"label\"><i class=\"fa fa-chevron-right\"><\/i> <span>Propriet\u00e0 e vantaggi:<\/span><\/div><\/div><div class=\"empty-space-custom\" data-id=\"empty_space_custom_17\"><\/div><div class=\"testo-responsive-container\" data-id=\"responsive_text_6\"><p class=\"testo-responsive\"><br>\n<ul>\n<li>Materiali ad alte prestazioni che garantiscono durabilit\u00e0 superiore ed uno straordinario impatto visivo<\/li>\n<li>Rivestimenti tessili personalizzabili con eccellente durabilit\u00e0 e sensazione al tatto.<\/li>\n<li>Ampia affidabilit\u00e0 nel settore (abbigliamento sportivo, automotive, moda, arredamento).<\/li>\n<li>Materiali eco-friendly, a basso odore e con basse emissioni VOC grazie ai binders poliuretanici a base acquosa.<\/li>\n<\/ul>\n\n<\/p><\/div><div class=\"empty-space-custom\" data-id=\"empty_space_custom_18\"><\/div><div class=\"testo-responsive-container\" data-id=\"responsive_text_7\"><p class=\"testo-responsive\">Una delle caratteristiche pi\u00f9 apprezzate delle nostre dispersioni \u00e8 la <strong>resistenza al lavaggio e all\u2019abrasione<\/strong>, che assicura longevit\u00e0 e robustezza dei tessuti, anche in ambienti ad alto stress. Inoltre, grazie alla <strong>stabilit\u00e0 termica<\/strong> e alla <strong>resistenza chimica<\/strong>, queste soluzioni sono ideali per applicazioni che richiedono grande affidabilit\u00e0 a condizioni di uso intenso, come abbigliamento tecnico o tessuti per l\u2019industria automobilistica.<br>\n<\/p><\/div>[\/vc_column_inner][vc_column_inner el_class=&#8221;order-1 order-md-2&#8243; width=&#8221;1\/2&#8243;]<div class=\"padding-container\" data-id=\"padding-container_2\"><div class=\" responsive-image\" data-id=\"responsive_image_1\"><div class=\"responsive-image-wrapper\"><img decoding=\"async\" class=\"img-fluid d-none d-sm-inline-block\" src=\"https:\/\/chimicalombarda.com\/wp-content\/uploads\/2025\/03\/shoes-finishing.jpg\" alt=\"\" title=\"shoes-finishing\"><img decoding=\"async\" class=\"img-fluid d-inline-block d-sm-none\" src=\"https:\/\/chimicalombarda.com\/wp-content\/uploads\/2025\/03\/shoes-finishing.jpg\" alt=\"\" title=\"shoes-finishing\"><\/div><\/div><\/div><div class=\"empty-space-custom\" data-id=\"empty_space_custom_19\"><\/div>[\/vc_column_inner][\/vc_row_inner]<div class=\"empty-space-custom\" data-id=\"empty_space_custom_20\"><\/div>[\/vc_column][\/vc_row][vc_row][vc_column]<div class=\"empty-space-custom\" data-id=\"empty_space_custom_21\"><\/div>[vc_row_inner][vc_column_inner width=&#8221;1\/2&#8243;]<div class=\"padding-container\" data-id=\"padding-container_3\"><div class=\" responsive-image\" data-id=\"responsive_image_2\"><div class=\"responsive-image-wrapper\"><img decoding=\"async\" class=\"img-fluid d-none d-sm-inline-block\" src=\"https:\/\/chimicalombarda.com\/wp-content\/uploads\/2025\/03\/clothe-finishing.jpg\" alt=\"\" title=\"clothe-finishing\"><img decoding=\"async\" class=\"img-fluid d-inline-block d-sm-none\" src=\"https:\/\/chimicalombarda.com\/wp-content\/uploads\/2025\/03\/clothe-finishing.jpg\" alt=\"\" title=\"clothe-finishing\"><\/div><\/div><\/div><div class=\"empty-space-custom\" data-id=\"empty_space_custom_22\"><\/div>[\/vc_column_inner][vc_column_inner width=&#8221;1\/2&#8243;]<div class=\"label-container \"><div class=\"label\"><i class=\"fa fa-chevron-right\"><\/i> <span>Tessuti dalle propriet\u00e0 avanzate con tecnologia verde<\/span><\/div><\/div><div class=\"empty-space-custom\" data-id=\"empty_space_custom_23\"><\/div><div class=\"testo-responsive-container\" data-id=\"responsive_text_8\"><p class=\"testo-responsive\">Le dispersioni poliuretaniche per il finissaggio tessile offrono inoltre <strong>finiture trasparenti<\/strong> e <strong>colori stabili<\/strong>, garantendo che il design e l\u2019aspetto del tessuto rimangano inalterati nel tempo. Formulate con un approccio sostenibile, le nostre dispersioni poliuretaniche rispettano le normative ambientali pi\u00f9 rigorose di settore (OEKO TEX &amp; GOTS).<br>\n<\/p><\/div><div class=\"empty-space-custom\" data-id=\"empty_space_custom_24\"><\/div><div class=\"testo-responsive-container\" data-id=\"responsive_text_9\"><p class=\"testo-responsive\">L\u2019impegno verso l\u2019<strong>eco-compatibilit\u00e0<\/strong> ci consente di produrre poliuretani di alta qualit\u00e0 che riducono l\u2019impatto ambientale senza compromettere le prestazioni.<br>\nChimica Lombarda garantisce un\u2019innovazione sostenibile che riduce l\u2019impatto ambientale e promuove un futuro pi\u00f9 ecologico senza compromettere la qualit\u00e0 e le prestazioni dei poliuretani per il settore tessile.<br>\n<\/p><\/div><div class=\"empty-space-custom\" data-id=\"empty_space_custom_25\"><\/div>[\/vc_column_inner][\/vc_row_inner]<div class=\"empty-space-custom\" data-id=\"empty_space_custom_26\"><\/div>[vc_row_inner][vc_column_inner css=&#8221;.vc_custom_1741804441771{background-color: #FFFFFF1A !important;}&#8221;]<div class=\"empty-space-custom\" data-id=\"empty_space_custom_27\"><\/div>[\/vc_column_inner][\/vc_row_inner][\/vc_column][\/vc_row][vc_row full_width=&#8221;stretch_row_content_no_spaces&#8221;][vc_column][video_background_gradient background_type=&#8221;immagine&#8221; background_image=&#8221;203&#8243; gradient_rule=&#8221;linear-gradient( to top, rgba(3, 15, 14, 0.8) 10%, rgba(3, 15, 14, 0) 100% ), linear-gradient( to right, rgba(3, 15, 14, 0.9) 10%, rgba(3, 15, 14, 0) 100% )&#8221;]<div class=\"empty-space-custom\" data-id=\"empty_space_custom_28\"><\/div>[vc_row_inner][vc_column_inner width=&#8221;1\/2&#8243;]<div class=\"label-container  inverted\"><div class=\"label\"><i class=\"fa fa-chevron-right\"><\/i> <span>Scopri i nostri Cross-linkers ACRALINK per il finissaggio tessile<\/span><\/div><\/div><div class=\"empty-space-custom\" data-id=\"empty_space_custom_29\"><\/div><div class=\"testo-responsive-container\" data-id=\"responsive_text_10\"><p class=\"testo-responsive\">I nostri <strong>ACRALINK <\/strong>sono cross-linkers a base di <a href=\"https:\/\/chimicalombarda.com\/it\/poliisocianati-bloccati\/\">poli-isocianti bloccati<\/a> migliorano le propriet\u00e0 meccaniche, la resistenza chimica e la sostenibilit\u00e0 dei coating textile a base poliuretanica. Sono formulati specificamente per rivestimenti poliuretanici bi-componenti per il finissaggio tessile.<br>\n<\/p><\/div><div class=\"empty-space-custom\" data-id=\"empty_space_custom_30\"><\/div><div class=\"testo-responsive-container\" data-id=\"responsive_text_11\"><p class=\"testo-responsive\">ACRALINK consente la creazione di un&#8217;ampia gamma di sistemi di rivestimento tessile PU a base acquosa, ad alte prestazioni e sostenibili, senza co-solventi. Solitamente vengono utilizzati nella produzione di materiali sintetici a basse emissioni VOC per tessuti destinati all\u2019abbigliamento, la calzatura, la borsetteria, gli articoli sportivi e l\u2019arredamenti. Sono utilizzati anche per i rivestimenti di tessuti tecnici, come nastri trasportatori e l\u2019abbigliamento protettivo.<br>\n<strong>Propriet\u00e0 e vantaggi:<\/strong><br>\n<\/p><\/div><div class=\"empty-space-custom\" data-id=\"empty_space_custom_31\"><\/div><div class=\"testo-responsive-container\" data-id=\"responsive_text_12\"><div class=\"testo-responsive\"><br>\n<ul>\n<li>Migliora la longevit\u00e0 e la durabilit\u00e0 dei tessuti aumentando le propriet\u00e0 meccaniche, la resistenza chimica e la sostenibilit\u00e0 dei rivestimenti tessili a base PU.<\/li>\n<li>Supporta obiettivi di produzione sostenibile grazie a bassi VOC e assenza di co-solventi.<\/li>\n<li>Migliora la qualit\u00e0 della stampa e la precisione del design.<\/li>\n<li>Consente applicazioni multiuso in diversi settori industriali.<\/li>\n<\/ul>\n\n<\/div><\/div><div class=\"empty-space-custom\" data-id=\"empty_space_custom_32\"><\/div><div class=\"testo-responsive-container\" data-id=\"responsive_text_13\"><p class=\"testo-responsive\">Scopri tutto sulle nostre resine poliuretaniche, cross-linker e le loro propriet\u00e0 scaricando il catalogo.<br>\n<\/p><\/div><div class=\"empty-space-custom\" data-id=\"empty_space_custom_33\"><\/div><a class=\"button  \" data-id=\"button_5\" target=\"_blank\" href=\"https:\/\/chimicalombarda.com\/wp-content\/uploads\/2025\/10\/Acqueous_Polyurethane_Dispersions_v5_Digital_compressed.pdf\"><img decoding=\"async\" src=\"https:\/\/chimicalombarda.com\/wp-content\/uploads\/2025\/03\/mess.svg\" alt=\"icon\" \/><span>Download pdf<br>\n<\/span><\/a>[\/vc_column_inner][vc_column_inner width=&#8221;1\/2&#8243;][\/vc_column_inner][\/vc_row_inner]<div class=\"empty-space-custom\" data-id=\"empty_space_custom_34\"><\/div><div class=\"container-fluid cta\" data-col-base=\"1\"  data-col-lg=\"2\"  data-id=\"cta_1\"><div class=\"row\"><div class=\"col-12 col-lg-6 p-0\"><div><a href=\"https:\/\/chimicalombarda.com\/it\/certificazioni\/\"><div class=\"cta-content\"><span>Certificazioni<\/span><span class=\"label d-inline-block d-md-none\">Discover more<\/span><\/div><\/a><\/div><\/div><div class=\"col-12 col-lg-6 p-0\"><div><a href=\"https:\/\/chimicalombarda.com\/it\/ricerca-e-sviluppo\/\"><div class=\"cta-content\"><span>R&amp;D<\/span><span class=\"label d-inline-block d-md-none\">Discover more<\/span><\/div><\/a><\/div><\/div><\/div><\/div><div class=\"empty-space-custom\" data-id=\"empty_space_custom_35\"><\/div>[\/video_background_gradient][\/vc_column][\/vc_row]<\/p>\n<\/div>","protected":false},"excerpt":{"rendered":"<p>[vc_row full_width=&#8221;stretch_row_content_no_spaces&#8221; css=&#8221;.vc_custom_1743427671406{background-color: #030F0E !important;}&#8221;][vc_column][video_background_gradient background_type=&#8221;immagine&#8221; background_image=&#8221;787&#8243;][vc_row_inner][vc_column_inner width=&#8221;5\/12&#8243;][\/vc_column_inner][vc_column_inner width=&#8221;7\/12&#8243;][\/vc_column_inner][\/vc_row_inner][vc_row_inner][vc_column_inner css=&#8221;.vc_custom_1741773509985{padding-top: 0px !important;padding-bottom: 0px !important;background-color: #FFFFFF1A !important;}&#8221;][\/vc_column_inner][\/vc_row_inner][\/video_background_gradient][\/vc_column][\/vc_row][vc_row full_width=&#8221;stretch_row&#8221; css=&#8221;.vc_custom_1741629619116{background-color: #030F0E !important;}&#8221;][vc_column width=&#8221;1\/6&#8243;][\/vc_column][vc_column width=&#8221;4\/6&#8243;][\/vc_column][vc_column width=&#8221;1\/6&#8243;][\/vc_column][\/vc_row][vc_row full_width=&#8221;stretch_row&#8221; css=&#8221;.vc_custom_1741777323755{background-color: #030F0E !important;}&#8221;][vc_column css=&#8221;.vc_custom_1741778561208{padding-top: 0px !important;}&#8221;][\/vc_column][\/vc_row][vc_row full_width=&#8221;stretch_row_content_no_spaces&#8221; css=&#8221;.vc_custom_1741805581506{background-color: #030F0E !important;}&#8221;][vc_column][video_background_gradient video_url=&#8221;https:\/\/chimicalombarda.com\/wp-content\/uploads\/2025\/03\/Video_header.mp4&#8243; gradient_rule=&#8221;linear-gradient(0deg, rgba(3,15,14,0.36738445378151263) 0%, rgba(3,15,14,1) 58%)&#8221;][vc_row_inner][vc_column_inner width=&#8221;7\/12&#8243; offset=&#8221;vc_hidden-sm vc_hidden-xs&#8221;][\/vc_column_inner][vc_column_inner width=&#8221;5\/12&#8243;][\/vc_column_inner][\/vc_row_inner][vc_row_inner][vc_column_inner][\/vc_column_inner][\/vc_row_inner][\/video_background_gradient][\/vc_column][\/vc_row][vc_row][vc_column][vc_row_inner el_class=&#8221;d-flex flex-column flex-md-row&#8221;][vc_column_inner el_class=&#8221;order-2 order-md-1&#8243; width=&#8221;1\/2&#8243;][\/vc_column_inner][vc_column_inner el_class=&#8221;order-1 order-md-2&#8243; width=&#8221;1\/2&#8243;][\/vc_column_inner][\/vc_row_inner][\/vc_column][\/vc_row][vc_row][vc_column][vc_row_inner][vc_column_inner width=&#8221;1\/2&#8243;][\/vc_column_inner][vc_column_inner width=&#8221;1\/2&#8243;][\/vc_column_inner][\/vc_row_inner][vc_row_inner][vc_column_inner [&hellip;]<\/p>\n","protected":false},"author":4,"featured_media":0,"parent":0,"menu_order":0,"comment_status":"closed","ping_status":"closed","template":"","meta":{"_acf_changed":false,"inline_featured_image":false,"footnotes":""},"class_list":["post-919","page","type-page","status-publish","hentry"],"acf":[],"aioseo_notices":[],"_links":{"self":[{"href":"https:\/\/chimicalombarda.com\/it\/wp-json\/wp\/v2\/pages\/919","targetHints":{"allow":["GET"]}}],"collection":[{"href":"https:\/\/chimicalombarda.com\/it\/wp-json\/wp\/v2\/pages"}],"about":[{"href":"https:\/\/chimicalombarda.com\/it\/wp-json\/wp\/v2\/types\/page"}],"author":[{"embeddable":true,"href":"https:\/\/chimicalombarda.com\/it\/wp-json\/wp\/v2\/users\/4"}],"replies":[{"embeddable":true,"href":"https:\/\/chimicalombarda.com\/it\/wp-json\/wp\/v2\/comments?post=919"}],"version-history":[{"count":3,"href":"https:\/\/chimicalombarda.com\/it\/wp-json\/wp\/v2\/pages\/919\/revisions"}],"predecessor-version":[{"id":1386,"href":"https:\/\/chimicalombarda.com\/it\/wp-json\/wp\/v2\/pages\/919\/revisions\/1386"}],"wp:attachment":[{"href":"https:\/\/chimicalombarda.com\/it\/wp-json\/wp\/v2\/media?parent=919"}],"curies":[{"name":"wp","href":"https:\/\/api.w.org\/{rel}","templated":true}]}}