{"id":928,"date":"2025-03-25T18:55:08","date_gmt":"2025-03-25T17:55:08","guid":{"rendered":"https:\/\/chimicalombarda.com\/cross-linking-agents\/"},"modified":"2025-04-04T13:54:37","modified_gmt":"2025-04-04T11:54:37","slug":"agenti-di-reticolazione","status":"publish","type":"page","link":"https:\/\/chimicalombarda.com\/it\/agenti-di-reticolazione\/","title":{"rendered":"Agenti di reticolazione"},"content":{"rendered":"<div class=\"wpb-content-wrapper\"><p>[vc_row full_width=&#8221;stretch_row_content_no_spaces&#8221; css=&#8221;.vc_custom_1743427953189{background-color: #030F0E !important;}&#8221;][vc_column][video_background_gradient background_type=&#8221;immagine&#8221; background_image=&#8221;203&#8243;][vc_row_inner][vc_column_inner width=&#8221;5\/12&#8243;]<div class=\"empty-space-custom\" data-id=\"empty_space_custom_1\"><\/div><div class=\"label-container  inverted\"><div class=\"label\"><i class=\"fa fa-chevron-right\"><\/i> <span>Agenti di reticolazione<\/span><\/div><\/div><div class=\"empty-space-custom\" data-id=\"empty_space_custom_2\"><\/div><div class=\"testo-responsive-container decorative-border\" data-id=\"responsive_text_1\"><h1 class=\"testo-responsive\"><br>\n<h1>Agenti reticolanti per performance universalmente garantite<\/h1>\n\n<\/h1><\/div><div class=\"empty-space-custom\" data-id=\"empty_space_custom_3\"><\/div>[\/vc_column_inner][vc_column_inner width=&#8221;7\/12&#8243;][\/vc_column_inner][\/vc_row_inner][vc_row_inner][vc_column_inner css=&#8221;.vc_custom_1741773509985{padding-top: 0px !important;padding-bottom: 0px !important;background-color: #FFFFFF1A !important;}&#8221;]<div class=\"empty-space-custom\" data-id=\"empty_space_custom_4\"><\/div>[\/vc_column_inner][\/vc_row_inner]<div class=\"empty-space-custom\" data-id=\"empty_space_custom_5\"><\/div>[\/video_background_gradient][\/vc_column][\/vc_row][vc_row full_width=&#8221;stretch_row&#8221; css=&#8221;.vc_custom_1741629619116{background-color: #030F0E !important;}&#8221;][vc_column width=&#8221;1\/6&#8243;][\/vc_column][vc_column width=&#8221;4\/6&#8243;]<div class=\"label-container text-center inverted\"><div class=\"label\"><i class=\"fa fa-chevron-right\"><\/i> <span>Pi\u00f9 di 30 anni di esperienza<\/span><\/div><\/div><div class=\"empty-space-custom\" data-id=\"empty_space_custom_6\"><\/div><div class=\"testo-responsive-container\" data-id=\"responsive_text_2\"><p class=\"testo-responsive\">Gli <strong>agenti reticolanti<\/strong> di Chimica Lombarda rappresentano il risultato di oltre 30 anni di esperienza e innovazione nella chimica industriale. Questi prodotti, di fondamentale importanza per molteplici campi di applicazioni, contribuiscono a rafforzare le propriet\u00e0 chimico-fisiche e meccaniche in maniera trasversale, offrendo cos\u00ec una performance superiore ed una vita utile pi\u00f9 lunga dei materiali della vita di tutti i giorni.<br>\n<\/p><\/div><div class=\"empty-space-custom\" data-id=\"empty_space_custom_7\"><\/div><div class=\"testo-responsive-container\" data-id=\"responsive_text_3\"><p class=\"testo-responsive\">La nostra gamma include soluzioni avanzate progettate per garantire la compatibilit\u00e0 e la <strong>stabilit\u00e0<\/strong> su una variet\u00e0 di substrati. I cross-linking agents di Chimica Lombarda sono sviluppati per rispondere alle esigenze dei mercati globali, unendo la qualit\u00e0 Made in Italy ad un impegno per la sostenibilit\u00e0 ambientale.<br>\n<\/p><\/div><div class=\"empty-space-custom\" data-id=\"empty_space_custom_8\"><\/div>[\/vc_column][vc_column width=&#8221;1\/6&#8243;][\/vc_column][\/vc_row][vc_row full_width=&#8221;stretch_row&#8221; css=&#8221;.vc_custom_1741777323755{background-color: #030F0E !important;}&#8221;][vc_column css=&#8221;.vc_custom_1741778561208{padding-top: 0px !important;}&#8221;]<div class=\"buttons-container\" data-id=\"buttons-container_1\"><a class=\"button  \" data-id=\"button_1\" target=\"\" href=\"\"><img decoding=\"async\" src=\"https:\/\/chimicalombarda.com\/wp-content\/uploads\/2025\/03\/innovazione.svg\" alt=\"icon\" \/><span>Innovazione<br>\n<\/span><\/a><a class=\"button  \" data-id=\"button_2\" target=\"\" href=\"\"><img decoding=\"async\" src=\"https:\/\/chimicalombarda.com\/wp-content\/uploads\/2025\/03\/affidabilita.svg\" alt=\"icon\" \/><span>Affidabilit\u00e0<br>\n<\/span><\/a><a class=\"button  \" data-id=\"button_3\" target=\"\" href=\"\"><img decoding=\"async\" src=\"https:\/\/chimicalombarda.com\/wp-content\/uploads\/2025\/03\/performance.svg\" alt=\"icon\" \/><span>Performance<br>\n<\/span><\/a><\/div><div class=\"empty-space-custom\" data-id=\"empty_space_custom_9\"><\/div>[\/vc_column][\/vc_row][vc_row full_width=&#8221;stretch_row&#8221; disable_element=&#8221;yes&#8221; css=&#8221;.vc_custom_1742905204040{background-color: #030F0E !important;}&#8221;][vc_column width=&#8221;1\/6&#8243;][\/vc_column][vc_column width=&#8221;4\/6&#8243;]<div class=\"testo-responsive-container\" data-id=\"responsive_text_4\"><p class=\"testo-responsive\">Every choice we make, from our production processes to our product portfolio, is guided by respect for the environment and a commitment to creating value for our customers.<br>\n<\/p><\/div><div class=\"empty-space-custom\" data-id=\"empty_space_custom_10\"><\/div>[\/vc_column][vc_column width=&#8221;1\/6&#8243;][\/vc_column][\/vc_row][vc_row full_width=&#8221;stretch_row&#8221; css=&#8221;.vc_custom_1741796339207{background-color: #030F0E !important;}&#8221;][vc_column css=&#8221;.vc_custom_1741796244727{background-color: #FFFFFF1A !important;}&#8221;]<div class=\"empty-space-custom\" data-id=\"empty_space_custom_11\"><\/div>[\/vc_column][\/vc_row][vc_row full_width=&#8221;stretch_row_content_no_spaces&#8221; css=&#8221;.vc_custom_1741805581506{background-color: #030F0E !important;}&#8221;][vc_column][video_background_gradient video_url=&#8221;https:\/\/chimicalombarda.com\/wp-content\/uploads\/2025\/03\/Video_header.mp4&#8243; gradient_rule=&#8221;linear-gradient(0deg, rgba(3,15,14,0.36738445378151263) 0%, rgba(3,15,14,1) 58%)&#8221;]<div class=\"empty-space-custom\" data-id=\"empty_space_custom_12\"><\/div>[vc_row_inner][vc_column_inner width=&#8221;7\/12&#8243; offset=&#8221;vc_hidden-sm vc_hidden-xs&#8221;]<div class=\"label-container  inverted\"><div class=\"label\"><i class=\"fa fa-chevron-right\"><\/i> <span>I nostri prodotti<\/span><\/div><\/div><div class=\"empty-space-custom\" data-id=\"empty_space_custom_13\"><\/div><div class=\"testo-responsive-container\" data-id=\"responsive_text_5\"><h2 class=\"testo-responsive\">Agenti reticolanti per rivestimenti, tessuti, pelle e applicazioni cartacee<br>\n<\/h2><\/div><div class=\"empty-space-custom\" data-id=\"empty_space_custom_14\"><\/div><a class=\"button  \" data-id=\"button_4\" target=\"_blank\" href=\"https:\/\/chimicalombarda.com\/wp-content\/uploads\/2025\/04\/Cross-Linking_Agents_v5_Digital.pdf\"><img decoding=\"async\" src=\"https:\/\/chimicalombarda.com\/wp-content\/uploads\/2025\/03\/chevron-right-1.svg\" alt=\"icon\" \/><span>Download pdf<br>\n<\/span><\/a><div class=\"buttons-container\" data-id=\"buttons-container_2\"><\/div>[\/vc_column_inner][vc_column_inner width=&#8221;5\/12&#8243;]<div class=\"padding-container\" data-id=\"padding-container_1\"><div class=\"empty-space-custom\" data-id=\"empty_space_custom_15\"><\/div><div class=\"testo-responsive-container\" data-id=\"responsive_text_6\"><p class=\"testo-responsive\"><br>\n<div class=\"testo-responsive-container\" data-id=\"responsive_text_4\">\nI nostri agenti di reticolazione comprendono:<br>\n<\/div><\/div><div class=\"empty-space-custom\" data-id=\"empty_space_custom_16\"><\/div><div class=\"testo-responsive-container\" data-id=\"responsive_text_7\"><div class=\"testo-responsive\"><br>\n<ul>\n<li><strong>Poli-isocianati<\/strong><\/li>\n<li><strong>Poli-isocianati bloccati<\/strong><\/li>\n<li><strong>Poli-carbodiimmidi<\/strong><\/li>\n<li><strong>Poli-uree<\/strong><\/li>\n<li><strong>Poli-aziridine<\/strong><\/li>\n<\/ul>\n\n<\/div><\/div><div class=\"empty-space-custom\" data-id=\"empty_space_custom_17\"><\/div><div class=\"testo-responsive-container\" data-id=\"responsive_text_8\"><p class=\"testo-responsive\">Ognuno di questi \u00e8 progettato con propriet\u00e0 e vantaggi specifici per soddisfare le diverse richieste di ciascun settore applicativo, dal leather coating, al finissaggio tessile, dalla carta ai materiali ad alte prestazioni del coating industriale.<br>\n<\/p><\/div><\/div>[\/vc_column_inner][\/vc_row_inner]<div class=\"empty-space-custom\" data-id=\"empty_space_custom_18\"><\/div>[vc_row_inner][vc_column_inner]<div class=\"empty-space-custom\" data-id=\"empty_space_custom_19\"><\/div><div class=\"label-container  inverted\"><div class=\"label\"><i class=\"fa fa-chevron-right\"><\/i> <span>Perch\u00e9 scegliere gli agenti reticolanti di Chimica Lombarda<\/span><\/div><\/div><div class=\"empty-space-custom\" data-id=\"empty_space_custom_20\"><\/div><div class=\"testo-responsive-container\" data-id=\"responsive_text_9\"><p class=\"testo-responsive\">Gli agenti reticolanti di Chimica Lombarda non solo migliorano le performance e la qualit\u00e0 dei materiali, ma ne allungano la vita utile rispondono anche alla crescente domanda di soluzioni eco-sostenibili.<br>\n<\/p><\/div><div class=\"empty-space-custom\" data-id=\"empty_space_custom_21\"><\/div><div class=\"testo-responsive-container\" data-id=\"responsive_text_10\"><div class=\"testo-responsive\"><br>\n<ul>\n<li><strong>Qualit\u00e0 certificata<\/strong>: ogni prodotto \u00e8 realizzato con processi produttivi controllati, rispondendo ai pi\u00f9 alti standard internazionali per garantire qualit\u00e0 e affidabilit\u00e0<\/li>\n<li><strong>Sostenibilit\u00e0<\/strong>: i nostri prodotti sono progettati con un basso impatto ambientale. Sono caratterizzati da residui di monomero isocianico &lt; 0,1%, soluzioni friendly label e VOC-free, contribuendo alla realizzazione di soluzioni pi\u00f9 eco-compatibili<\/li>\n<li><strong>Personalizzazione<\/strong>: abbiamo cross-linkers su misura per ciascun campo applicativo, supportando i nostri clienti con un approccio tecnico e consulenziale e garantendo soluzioni flessibili ed altamente performanti<\/li>\n<\/ul>\n\n<\/div><\/div><div class=\"empty-space-custom\" data-id=\"empty_space_custom_22\"><\/div><div class=\"empty-space-custom\" data-id=\"empty_space_custom_23\"><\/div>[\/vc_column_inner][\/vc_row_inner]<div class=\"empty-space-custom\" data-id=\"empty_space_custom_24\"><\/div>[vc_row_inner equal_height=&#8221;yes&#8221; css=&#8221;.vc_custom_1741970712250{background-color: #FFFFFF33 !important;}&#8221; el_class=&#8221;border-radius-12&#8243;][vc_column_inner width=&#8221;1\/2&#8243; offset=&#8221;vc_hidden-sm vc_hidden-xs&#8221; css=&#8221;.vc_custom_1741970726429{padding-top: 16px !important;padding-bottom: 16px !important;padding-left: 24px !important;}&#8221;]<div class=\"testo-responsive-container\" data-id=\"responsive_text_11\"><div class=\"testo-responsive has-icon\"><img decoding=\"async\" src=\"https:\/\/chimicalombarda.com\/wp-content\/uploads\/2025\/03\/consulenza.svg\" alt=\"icon\" \/><span>Chiedi una consulenza<br>\n<\/span><\/div><\/div>[\/vc_column_inner][vc_column_inner width=&#8221;1\/2&#8243; offset=&#8221;vc_hidden-sm vc_hidden-xs&#8221; css=&#8221;.vc_custom_1741970736460{padding-top: 16px !important;padding-right: 24px !important;padding-bottom: 16px !important;}&#8221;]<div class=\"buttons-container\" data-id=\"buttons-container_3\"><a class=\"button  \" data-id=\"button_5\" target=\"\" href=\"https:\/\/chimicalombarda.com\/contact\/\"><img decoding=\"async\" src=\"https:\/\/chimicalombarda.com\/wp-content\/uploads\/2025\/03\/mess.svg\" alt=\"icon\" \/><span>Contattaci<br>\n<\/span><\/a><\/div><div class=\"buttons-container\" data-id=\"buttons-container_4\"><\/div>[\/vc_column_inner][\/vc_row_inner][\/video_background_gradient]<div class=\"empty-space-custom\" data-id=\"empty_space_custom_25\"><\/div>[\/vc_column][\/vc_row]<\/p>\n<\/div>","protected":false},"excerpt":{"rendered":"<p>[vc_row full_width=&#8221;stretch_row_content_no_spaces&#8221; css=&#8221;.vc_custom_1743427953189{background-color: #030F0E !important;}&#8221;][vc_column][video_background_gradient background_type=&#8221;immagine&#8221; background_image=&#8221;203&#8243;][vc_row_inner][vc_column_inner width=&#8221;5\/12&#8243;][\/vc_column_inner][vc_column_inner width=&#8221;7\/12&#8243;][\/vc_column_inner][\/vc_row_inner][vc_row_inner][vc_column_inner css=&#8221;.vc_custom_1741773509985{padding-top: 0px !important;padding-bottom: 0px !important;background-color: #FFFFFF1A !important;}&#8221;][\/vc_column_inner][\/vc_row_inner][\/video_background_gradient][\/vc_column][\/vc_row][vc_row full_width=&#8221;stretch_row&#8221; css=&#8221;.vc_custom_1741629619116{background-color: #030F0E !important;}&#8221;][vc_column width=&#8221;1\/6&#8243;][\/vc_column][vc_column width=&#8221;4\/6&#8243;][\/vc_column][vc_column width=&#8221;1\/6&#8243;][\/vc_column][\/vc_row][vc_row full_width=&#8221;stretch_row&#8221; css=&#8221;.vc_custom_1741777323755{background-color: #030F0E !important;}&#8221;][vc_column css=&#8221;.vc_custom_1741778561208{padding-top: 0px !important;}&#8221;][\/vc_column][\/vc_row][vc_row full_width=&#8221;stretch_row&#8221; disable_element=&#8221;yes&#8221; css=&#8221;.vc_custom_1742905204040{background-color: #030F0E !important;}&#8221;][vc_column width=&#8221;1\/6&#8243;][\/vc_column][vc_column width=&#8221;4\/6&#8243;][\/vc_column][vc_column width=&#8221;1\/6&#8243;][\/vc_column][\/vc_row][vc_row full_width=&#8221;stretch_row&#8221; css=&#8221;.vc_custom_1741796339207{background-color: #030F0E !important;}&#8221;][vc_column css=&#8221;.vc_custom_1741796244727{background-color: #FFFFFF1A !important;}&#8221;][\/vc_column][\/vc_row][vc_row full_width=&#8221;stretch_row_content_no_spaces&#8221; css=&#8221;.vc_custom_1741805581506{background-color: #030F0E !important;}&#8221;][vc_column][video_background_gradient video_url=&#8221;https:\/\/chimicalombarda.com\/wp-content\/uploads\/2025\/03\/Video_header.mp4&#8243; gradient_rule=&#8221;linear-gradient(0deg, rgba(3,15,14,0.36738445378151263) 0%, rgba(3,15,14,1) 58%)&#8221;][vc_row_inner][vc_column_inner [&hellip;]<\/p>\n","protected":false},"author":4,"featured_media":0,"parent":0,"menu_order":0,"comment_status":"closed","ping_status":"closed","template":"","meta":{"_acf_changed":false,"inline_featured_image":false,"footnotes":""},"class_list":["post-928","page","type-page","status-publish","hentry"],"acf":[],"aioseo_notices":[],"_links":{"self":[{"href":"https:\/\/chimicalombarda.com\/it\/wp-json\/wp\/v2\/pages\/928","targetHints":{"allow":["GET"]}}],"collection":[{"href":"https:\/\/chimicalombarda.com\/it\/wp-json\/wp\/v2\/pages"}],"about":[{"href":"https:\/\/chimicalombarda.com\/it\/wp-json\/wp\/v2\/types\/page"}],"author":[{"embeddable":true,"href":"https:\/\/chimicalombarda.com\/it\/wp-json\/wp\/v2\/users\/4"}],"replies":[{"embeddable":true,"href":"https:\/\/chimicalombarda.com\/it\/wp-json\/wp\/v2\/comments?post=928"}],"version-history":[{"count":4,"href":"https:\/\/chimicalombarda.com\/it\/wp-json\/wp\/v2\/pages\/928\/revisions"}],"predecessor-version":[{"id":966,"href":"https:\/\/chimicalombarda.com\/it\/wp-json\/wp\/v2\/pages\/928\/revisions\/966"}],"wp:attachment":[{"href":"https:\/\/chimicalombarda.com\/it\/wp-json\/wp\/v2\/media?parent=928"}],"curies":[{"name":"wp","href":"https:\/\/api.w.org\/{rel}","templated":true}]}}