{"id":933,"date":"2025-03-26T12:26:24","date_gmt":"2025-03-26T11:26:24","guid":{"rendered":"https:\/\/chimicalombarda.com\/polyisocyanates\/"},"modified":"2025-04-04T16:18:56","modified_gmt":"2025-04-04T14:18:56","slug":"poli-isocianati","status":"publish","type":"page","link":"https:\/\/chimicalombarda.com\/it\/poli-isocianati\/","title":{"rendered":"Poli-isocianati"},"content":{"rendered":"<div class=\"wpb-content-wrapper\"><p>[vc_row full_width=&#8221;stretch_row_content_no_spaces&#8221; css=&#8221;.vc_custom_1743426893868{background-color: #030F0E !important;}&#8221;][vc_column][video_background_gradient background_type=&#8221;immagine&#8221; background_image=&#8221;368&#8243;][vc_row_inner][vc_column_inner width=&#8221;5\/12&#8243;]<div class=\"empty-space-custom\" data-id=\"empty_space_custom_1\"><\/div><div class=\"label-container  inverted\"><div class=\"label\"><i class=\"fa fa-chevron-right\"><\/i> <span>Agenti reticolanti - Poli-isocianati<\/span><\/div><\/div><div class=\"empty-space-custom\" data-id=\"empty_space_custom_2\"><\/div><div class=\"testo-responsive-container decorative-border\" data-id=\"responsive_text_1\"><h1 class=\"testo-responsive\">La soluzione universale per coating ad alte prestazioni<br>\n<\/h1><\/div><div class=\"empty-space-custom\" data-id=\"empty_space_custom_3\"><\/div>[\/vc_column_inner][vc_column_inner width=&#8221;7\/12&#8243;][\/vc_column_inner][\/vc_row_inner][vc_row_inner][vc_column_inner css=&#8221;.vc_custom_1741773509985{padding-top: 0px !important;padding-bottom: 0px !important;background-color: #FFFFFF1A !important;}&#8221;]<div class=\"empty-space-custom\" data-id=\"empty_space_custom_4\"><\/div>[\/vc_column_inner][\/vc_row_inner]<div class=\"empty-space-custom\" data-id=\"empty_space_custom_5\"><\/div>[\/video_background_gradient][\/vc_column][\/vc_row][vc_row full_width=&#8221;stretch_row&#8221; css=&#8221;.vc_custom_1741629619116{background-color: #030F0E !important;}&#8221;][vc_column width=&#8221;1\/6&#8243;][\/vc_column][vc_column width=&#8221;4\/6&#8243;]<div class=\"label-container text-center inverted\"><div class=\"label\"><i class=\"fa fa-chevron-right\"><\/i> <span>Alte performance<\/span><\/div><\/div><div class=\"empty-space-custom\" data-id=\"empty_space_custom_6\"><\/div><div class=\"testo-responsive-container\" data-id=\"responsive_text_2\"><h3 class=\"testo-responsive\">I <strong>poli-isocianati<\/strong> di Chimica Lombarda sono <strong>agenti reticolanti alifatici<\/strong> a base di esametilene diisocianato (HDI) e di isoforone diisocianato (IPDI) progettati per sistemi di rivestimento ad alte prestazioni.<br>\n<\/h3><\/div><div class=\"empty-space-custom\" data-id=\"empty_space_custom_7\"><\/div><div class=\"testo-responsive-container\" data-id=\"responsive_text_3\"><p class=\"testo-responsive\">Gli indurenti di Chimica Lombarda trovano impiego in combinazione con polimeri o binders contenenti gruppi idrossilici o nei rivestimenti poliuretanici a due componenti (PUR). La gamma comprende, tra gli altri, prodotti a bassa viscosit\u00e0 ed idrofili per applicazioni in coating bi-componenti a base acquosa.<br>\n<\/p><\/div><div class=\"empty-space-custom\" data-id=\"empty_space_custom_8\"><\/div>[\/vc_column][vc_column width=&#8221;1\/6&#8243;][\/vc_column][\/vc_row][vc_row full_width=&#8221;stretch_row&#8221; css=&#8221;.vc_custom_1741777323755{background-color: #030F0E !important;}&#8221;][vc_column css=&#8221;.vc_custom_1741778561208{padding-top: 0px !important;}&#8221;]<div class=\"buttons-container\" data-id=\"buttons-container_1\"><a class=\"button  \" data-id=\"button_1\" target=\"\" href=\"\"><img decoding=\"async\" src=\"https:\/\/chimicalombarda.com\/wp-content\/uploads\/2025\/03\/innovazione.svg\" alt=\"icon\" \/><span>Innovazione<br>\n<\/span><\/a><a class=\"button  \" data-id=\"button_2\" target=\"\" href=\"\"><img decoding=\"async\" src=\"https:\/\/chimicalombarda.com\/wp-content\/uploads\/2025\/03\/affidabilita.svg\" alt=\"icon\" \/><span>Affidabilit\u00e0<br>\n<\/span><\/a><a class=\"button  \" data-id=\"button_3\" target=\"\" href=\"\"><img decoding=\"async\" src=\"https:\/\/chimicalombarda.com\/wp-content\/uploads\/2025\/03\/performance.svg\" alt=\"icon\" \/><span>Performance<br>\n<\/span><\/a><\/div><div class=\"empty-space-custom\" data-id=\"empty_space_custom_9\"><\/div>[\/vc_column][\/vc_row][vc_row full_width=&#8221;stretch_row&#8221; css=&#8221;.vc_custom_1741796332587{background-color: #030F0E !important;}&#8221;][vc_column][vc_row_inner disable_element=&#8221;yes&#8221;][vc_column_inner width=&#8221;1\/3&#8243;]<div class=\"label-container  inverted\"><div class=\"label\"><i class=\"fa fa-chevron-right\"><\/i> <span>Mercati coperti<\/span><\/div><\/div><div class=\"empty-space-custom\" data-id=\"empty_space_custom_10\"><\/div><div class=\"testo-responsive-container decorative-border\" data-id=\"responsive_text_4\"><h3 class=\"testo-responsive\">Il <strong>nostro mercato<\/strong> non si limita a quello italiano<br>\n<\/h3><\/div><div class=\"empty-space-custom\" data-id=\"empty_space_custom_11\"><\/div><div class=\"testo-responsive-container\" data-id=\"responsive_text_5\"><p class=\"testo-responsive\">Siamo anche presenti a <strong>livello internazionale<\/strong> in Turchia, Messico, Cina e India, nonch\u00e9 in Medio Oriente e nell\u2019Europa Centrale. Al fine di garantire un servizio puntuale ed efficiente collaboriamo con agenti e partner al fine di sviluppare soluzioni su misura ad hoc per i <strong>formulatori e gli utilizzatori locali<\/strong>.<br>\n<\/p><\/div><div class=\"empty-space-custom\" data-id=\"empty_space_custom_12\"><\/div><a class=\"button  \" data-id=\"button_4\" target=\"\" href=\"#\"><img decoding=\"async\" src=\"https:\/\/chimicalombarda.com\/wp-content\/uploads\/2025\/03\/become-partner.svg\" alt=\"icon\" \/><span>Diventa partner<br>\n<\/span><\/a>[\/vc_column_inner][vc_column_inner width=&#8221;2\/3&#8243;]<div class=\"empty-space-custom\" data-id=\"empty_space_custom_13\"><\/div><div class=\"padding-container\" data-id=\"padding-container_1\"><div class=\" responsive-image\" data-id=\"responsive_image_1\"><div class=\"responsive-image-wrapper\"><img decoding=\"async\" class=\"img-fluid d-none d-sm-inline-block\" src=\"https:\/\/chimicalombarda.com\/wp-content\/uploads\/2025\/03\/mappa.svg\" alt=\"\" title=\"mappa\"><img decoding=\"async\" class=\"img-fluid d-inline-block d-sm-none\" src=\"https:\/\/chimicalombarda.com\/wp-content\/uploads\/2025\/03\/mappa.svg\" alt=\"\" title=\"mappa\"><\/div><\/div><\/div>[\/vc_column_inner][\/vc_row_inner][\/vc_column][\/vc_row][vc_row full_width=&#8221;stretch_row_content_no_spaces&#8221; css=&#8221;.vc_custom_1741805581506{background-color: #030F0E !important;}&#8221;][vc_column][video_background_gradient video_url=&#8221;https:\/\/chimicalombarda.com\/wp-content\/uploads\/2025\/03\/Video_header.mp4&#8243; gradient_rule=&#8221;linear-gradient(0deg, rgba(3,15,14,0.36738445378151263) 0%, rgba(3,15,14,1) 58%)&#8221;]<div class=\"empty-space-custom\" data-id=\"empty_space_custom_14\"><\/div>[vc_row_inner][vc_column_inner width=&#8221;7\/12&#8243; offset=&#8221;vc_hidden-sm vc_hidden-xs&#8221;]<div class=\"label-container  inverted\"><div class=\"label\"><i class=\"fa fa-chevron-right\"><\/i> <span>Propriet\u00e0 e vantaggi <\/span><\/div><\/div><div class=\"empty-space-custom\" data-id=\"empty_space_custom_15\"><\/div><div class=\"testo-responsive-container\" data-id=\"responsive_text_6\"><h2 class=\"testo-responsive\">Gli <strong>agenti reticolanti poli-isocianici<\/strong>\u00a0Chimica Lombarda sono una soluzione essenziale per un&#8217;ampia gamma di industrie di verniciatura.<br>\n<\/h2><\/div><div class=\"empty-space-custom\" data-id=\"empty_space_custom_16\"><\/div><a class=\"button  \" data-id=\"button_5\" target=\"_blank\" href=\"https:\/\/chimicalombarda.com\/wp-content\/uploads\/2025\/04\/Cross-Linking_Agents_v5_Digital.pdf\"><img decoding=\"async\" src=\"https:\/\/chimicalombarda.com\/wp-content\/uploads\/2025\/03\/world-yellow-1.svg\" alt=\"icon\" \/><span>Download pdf<br>\n<\/span><\/a>[\/vc_column_inner][vc_column_inner width=&#8221;5\/12&#8243;]<div class=\"padding-container\" data-id=\"padding-container_2\"><div class=\"empty-space-custom\" data-id=\"empty_space_custom_17\"><\/div><div class=\"testo-responsive-container\" data-id=\"responsive_text_7\"><div class=\"testo-responsive\"><br>\n<ul>\n<li>Elevata reattivit\u00e0 con una variet\u00e0 di substrati.<\/li>\n<li>Eccellente resistenza chimica.<\/li>\n<li>Ottime propriet\u00e0 fisiche.<\/li>\n<li>Non ingiallimento.<\/li>\n<li>Migliora la chiarezza della finitura e la ritenzione della lucentezza.<\/li>\n<li>Aumenta la durabilit\u00e0 e la resistenza all&#8217;abrasione.<\/li>\n<li>Garantisce un\u2019adesione superiore su molteplici superfici.<\/li>\n<li>Riduce i tempi di asciugatura, migliorando la produttivit\u00e0.<\/li>\n<\/ul>\n\n<\/div><\/div><\/div>[\/vc_column_inner][\/vc_row_inner][vc_row_inner][vc_column_inner offset=&#8221;vc_hidden-lg vc_hidden-md&#8221;]<div class=\"label-container  inverted\"><div class=\"label\"><i class=\"fa fa-chevron-right\"><\/i> <span>L&#039;impegno verso l&#039;ambiente<\/span><\/div><\/div><div class=\"empty-space-custom\" data-id=\"empty_space_custom_18\"><\/div><div class=\"testo-responsive-container\" data-id=\"responsive_text_8\"><h1 class=\"testo-responsive\">La <strong>sostenibilit\u00e0<\/strong> \u00e8 il cuore pulsante della nostra missione<br>\n<\/h1><\/div><div class=\"empty-space-custom\" data-id=\"empty_space_custom_19\"><\/div><div class=\"testo-responsive-container\" data-id=\"responsive_text_9\"><p class=\"testo-responsive\">Chimica Lombarda ha infatti sviluppato prodotti all\u2019avanguardia che riducono l\u2019impatto ambientale, integrando nei propri processi produttivi, materie prime bio-based e tecnologie abbattano le emissioni in atmosfera di gas serra (CO2). Questo approccio non \u00e8 solo una scelta etica, ma una strategia che ci consente di contribuire concretamente ad un futuro pi\u00f9 verde senza compromettere la qualit\u00e0 e la performance dei nostri prodotti.<br>\n<\/p><\/div><div class=\"empty-space-custom\" data-id=\"empty_space_custom_20\"><\/div><a class=\"button  \" data-id=\"button_6\" target=\"\" href=\"#\"><img decoding=\"async\" src=\"https:\/\/chimicalombarda.com\/wp-content\/uploads\/2025\/03\/world-yellow-1.svg\" alt=\"icon\" \/><span>Ambiente e sostenibilit\u00e0<br>\n<\/span><\/a>[\/vc_column_inner][\/vc_row_inner]<div class=\"empty-space-custom\" data-id=\"empty_space_custom_21\"><\/div>[\/video_background_gradient][\/vc_column][\/vc_row][vc_row][vc_column]<div class=\"empty-space-custom\" data-id=\"empty_space_custom_22\"><\/div>[vc_row_inner el_class=&#8221;d-flex flex-column flex-md-row&#8221;][vc_column_inner el_class=&#8221;order-2 order-md-1&#8243; width=&#8221;1\/2&#8243;]<div class=\"label-container \"><div class=\"label\"><i class=\"fa fa-chevron-right\"><\/i> <span>La versatilit\u00e0<\/span><\/div><\/div><div class=\"empty-space-custom\" data-id=\"empty_space_custom_23\"><\/div><div class=\"testo-responsive-container\" data-id=\"responsive_text_10\"><p class=\"testo-responsive\">Gli <strong>agenti reticolanti poli-isocianici<\/strong> rappresentano una soluzione essenziale per svariate industrie del coating grazie alla loro versatilit\u00e0 applicativa. Questi agenti di reticolazione sono progettati per interagire con una vasta gamma di substrati, garantendo <strong>prestazioni superiori <\/strong>in termini di resistenza, durata e qualit\u00e0 performativa.<br>\nTra le loro principali propriet\u00e0 spiccano l\u2019<strong>elevata reattivit\u00e0 chimica <\/strong>con una variet\u00e0 di substrati e l\u2019eccellente resistenza. Assicurano inoltre una polimerizzazione rapida sia a temperatura ambiente che a temperature pi\u00f9 elevate. La <strong>distribuzione uniforme delle particelle<\/strong> garantita dalla reticolazione migliora la chiarezza delle finiture ed il mantenimento della brillantezza nel tempo. Inoltre, gli agenti reticolanti a base di poli-isocianati offrono una compatibilit\u00e0 eccellente con <strong>sistemi a base acqua e solvente<\/strong>, rendendoli una scelta versatile per molteplici applicazioni industriali.<br>\n<\/p><\/div><div class=\"empty-space-custom\" data-id=\"empty_space_custom_24\"><\/div>[\/vc_column_inner][vc_column_inner el_class=&#8221;order-1 order-md-2&#8243; width=&#8221;1\/2&#8243;]<div class=\"padding-container\" data-id=\"padding-container_3\"><div class=\" responsive-image\" data-id=\"responsive_image_2\"><div class=\"responsive-image-wrapper\"><img decoding=\"async\" class=\"img-fluid d-none d-sm-inline-block\" src=\"https:\/\/chimicalombarda.com\/wp-content\/uploads\/2025\/03\/Immagine.png\" alt=\"\" title=\"Immagine\"><img decoding=\"async\" class=\"img-fluid d-inline-block d-sm-none\" src=\"https:\/\/chimicalombarda.com\/wp-content\/uploads\/2025\/03\/Immagine.png\" alt=\"\" title=\"Immagine\"><\/div><\/div><\/div><div class=\"empty-space-custom\" data-id=\"empty_space_custom_25\"><\/div>[\/vc_column_inner][\/vc_row_inner]<div class=\"empty-space-custom\" data-id=\"empty_space_custom_26\"><\/div>[\/vc_column][\/vc_row][vc_row][vc_column]<div class=\"empty-space-custom\" data-id=\"empty_space_custom_27\"><\/div>[vc_row_inner][vc_column_inner width=&#8221;1\/2&#8243;]<div class=\"padding-container\" data-id=\"padding-container_4\"><div class=\" responsive-image\" data-id=\"responsive_image_3\"><div class=\"responsive-image-wrapper\"><img decoding=\"async\" class=\"img-fluid d-none d-sm-inline-block\" src=\"https:\/\/chimicalombarda.com\/wp-content\/uploads\/2025\/03\/Immagine-1.png\" alt=\"\" title=\"Immagine (1)\"><img decoding=\"async\" class=\"img-fluid d-inline-block d-sm-none\" src=\"https:\/\/chimicalombarda.com\/wp-content\/uploads\/2025\/03\/Immagine-1.png\" alt=\"\" title=\"Immagine (1)\"><\/div><\/div><\/div><div class=\"empty-space-custom\" data-id=\"empty_space_custom_28\"><\/div>[\/vc_column_inner][vc_column_inner width=&#8221;1\/2&#8243;]<div class=\"label-container \"><div class=\"label\"><i class=\"fa fa-chevron-right\"><\/i> <span>I vantaggi dei Poli-isocianati <\/span><\/div><\/div><div class=\"empty-space-custom\" data-id=\"empty_space_custom_29\"><\/div><div class=\"testo-responsive-container\" data-id=\"responsive_text_11\"><p class=\"testo-responsive\"><br>\n<ul>\n<li><strong>Migliorano la durata e la resistenza<\/strong> <strong>all\u2019abrasione<\/strong> delle superfici<\/li>\n<li>Garantiscono un\u2019adesione superiore su diverse tipologie di materiali<\/li>\n<li><strong>Riducono i tempi di essiccazione<\/strong>, aumentando l\u2019efficienza dei processi produttivi e ottimizzando le tempistiche di lavorazione<\/li>\n<li>Proteggono le superfici da agenti chimici e meccanici che assicura un <strong>risultato di alta qualit\u00e0 e duraturo nel tempo<\/strong>.<\/li>\n<\/ul>\n\n<\/p><\/div><div class=\"empty-space-custom\" data-id=\"empty_space_custom_30\"><\/div><div class=\"testo-responsive-container\" data-id=\"responsive_text_12\"><p class=\"testo-responsive\">Scegliere i poli-isocianati di Chimica Lombarda significa affidarsi a prodotti che combinano <strong>innovazione, qualit\u00e0 e sostenibilit\u00e0<\/strong>, offrendo soluzioni su misura per le esigenze specifiche del tuo settore.<br>\n&nbsp;<br>\nScarica il catalogo dei nostri cross-linking agents e trova quello pi\u00f9 adatto alle tue esigenze.<br>\n<\/p><\/div><div class=\"empty-space-custom\" data-id=\"empty_space_custom_31\"><\/div>[\/vc_column_inner][\/vc_row_inner]<div class=\"empty-space-custom\" data-id=\"empty_space_custom_32\"><\/div>[vc_row_inner][vc_column_inner css=&#8221;.vc_custom_1741804441771{background-color: #FFFFFF1A !important;}&#8221;]<div class=\"empty-space-custom\" data-id=\"empty_space_custom_33\"><\/div>[\/vc_column_inner][\/vc_row_inner][\/vc_column][\/vc_row]<\/p>\n<\/div>","protected":false},"excerpt":{"rendered":"<p>[vc_row full_width=&#8221;stretch_row_content_no_spaces&#8221; css=&#8221;.vc_custom_1743426893868{background-color: #030F0E !important;}&#8221;][vc_column][video_background_gradient background_type=&#8221;immagine&#8221; background_image=&#8221;368&#8243;][vc_row_inner][vc_column_inner width=&#8221;5\/12&#8243;][\/vc_column_inner][vc_column_inner width=&#8221;7\/12&#8243;][\/vc_column_inner][\/vc_row_inner][vc_row_inner][vc_column_inner css=&#8221;.vc_custom_1741773509985{padding-top: 0px !important;padding-bottom: 0px !important;background-color: #FFFFFF1A !important;}&#8221;][\/vc_column_inner][\/vc_row_inner][\/video_background_gradient][\/vc_column][\/vc_row][vc_row full_width=&#8221;stretch_row&#8221; css=&#8221;.vc_custom_1741629619116{background-color: #030F0E !important;}&#8221;][vc_column width=&#8221;1\/6&#8243;][\/vc_column][vc_column width=&#8221;4\/6&#8243;][\/vc_column][vc_column width=&#8221;1\/6&#8243;][\/vc_column][\/vc_row][vc_row full_width=&#8221;stretch_row&#8221; css=&#8221;.vc_custom_1741777323755{background-color: #030F0E !important;}&#8221;][vc_column css=&#8221;.vc_custom_1741778561208{padding-top: 0px !important;}&#8221;][\/vc_column][\/vc_row][vc_row full_width=&#8221;stretch_row&#8221; css=&#8221;.vc_custom_1741796332587{background-color: #030F0E !important;}&#8221;][vc_column][vc_row_inner disable_element=&#8221;yes&#8221;][vc_column_inner width=&#8221;1\/3&#8243;][\/vc_column_inner][vc_column_inner width=&#8221;2\/3&#8243;][\/vc_column_inner][\/vc_row_inner][\/vc_column][\/vc_row][vc_row full_width=&#8221;stretch_row_content_no_spaces&#8221; css=&#8221;.vc_custom_1741805581506{background-color: #030F0E !important;}&#8221;][vc_column][video_background_gradient video_url=&#8221;https:\/\/chimicalombarda.com\/wp-content\/uploads\/2025\/03\/Video_header.mp4&#8243; gradient_rule=&#8221;linear-gradient(0deg, rgba(3,15,14,0.36738445378151263) 0%, rgba(3,15,14,1) 58%)&#8221;][vc_row_inner][vc_column_inner width=&#8221;7\/12&#8243; offset=&#8221;vc_hidden-sm vc_hidden-xs&#8221;][\/vc_column_inner][vc_column_inner width=&#8221;5\/12&#8243;][\/vc_column_inner][\/vc_row_inner][vc_row_inner][vc_column_inner offset=&#8221;vc_hidden-lg vc_hidden-md&#8221;][\/vc_column_inner][\/vc_row_inner][\/video_background_gradient][\/vc_column][\/vc_row][vc_row][vc_column][vc_row_inner el_class=&#8221;d-flex flex-column [&hellip;]<\/p>\n","protected":false},"author":2,"featured_media":0,"parent":0,"menu_order":0,"comment_status":"closed","ping_status":"closed","template":"","meta":{"_acf_changed":false,"inline_featured_image":false,"footnotes":""},"class_list":["post-933","page","type-page","status-publish","hentry"],"acf":[],"aioseo_notices":[],"_links":{"self":[{"href":"https:\/\/chimicalombarda.com\/it\/wp-json\/wp\/v2\/pages\/933","targetHints":{"allow":["GET"]}}],"collection":[{"href":"https:\/\/chimicalombarda.com\/it\/wp-json\/wp\/v2\/pages"}],"about":[{"href":"https:\/\/chimicalombarda.com\/it\/wp-json\/wp\/v2\/types\/page"}],"author":[{"embeddable":true,"href":"https:\/\/chimicalombarda.com\/it\/wp-json\/wp\/v2\/users\/2"}],"replies":[{"embeddable":true,"href":"https:\/\/chimicalombarda.com\/it\/wp-json\/wp\/v2\/comments?post=933"}],"version-history":[{"count":4,"href":"https:\/\/chimicalombarda.com\/it\/wp-json\/wp\/v2\/pages\/933\/revisions"}],"predecessor-version":[{"id":993,"href":"https:\/\/chimicalombarda.com\/it\/wp-json\/wp\/v2\/pages\/933\/revisions\/993"}],"wp:attachment":[{"href":"https:\/\/chimicalombarda.com\/it\/wp-json\/wp\/v2\/media?parent=933"}],"curies":[{"name":"wp","href":"https:\/\/api.w.org\/{rel}","templated":true}]}}