{"id":938,"date":"2025-03-27T14:27:14","date_gmt":"2025-03-27T13:27:14","guid":{"rendered":"https:\/\/chimicalombarda.com\/polyureas\/"},"modified":"2025-04-04T19:15:52","modified_gmt":"2025-04-04T17:15:52","slug":"poliuree","status":"publish","type":"page","link":"https:\/\/chimicalombarda.com\/it\/poliuree\/","title":{"rendered":"Poli-uree"},"content":{"rendered":"<div class=\"wpb-content-wrapper\"><p>[vc_row full_width=&#8221;stretch_row_content_no_spaces&#8221; css=&#8221;.vc_custom_1743427070058{background-color: #030F0E !important;}&#8221;][vc_column][video_background_gradient background_type=&#8221;immagine&#8221; background_image=&#8221;549&#8243;][vc_row_inner][vc_column_inner width=&#8221;5\/12&#8243;]<div class=\"empty-space-custom\" data-id=\"empty_space_custom_1\"><\/div><div class=\"label-container  inverted\"><div class=\"label\"><i class=\"fa fa-chevron-right\"><\/i> <span>Poli-uree<\/span><\/div><\/div><div class=\"empty-space-custom\" data-id=\"empty_space_custom_2\"><\/div><div class=\"testo-responsive-container decorative-border\" data-id=\"responsive_text_1\"><h1 class=\"testo-responsive\"><br>\n<h1>Agenti reticolanti \u2013 Poli-uree: Il mix perfetto tra adesione, resistenza ed elasticit\u00e0<\/h1>\n\n<\/h1><\/div><div class=\"empty-space-custom\" data-id=\"empty_space_custom_3\"><\/div>[\/vc_column_inner][vc_column_inner width=&#8221;7\/12&#8243;][\/vc_column_inner][\/vc_row_inner][vc_row_inner][vc_column_inner css=&#8221;.vc_custom_1741773509985{padding-top: 0px !important;padding-bottom: 0px !important;background-color: #FFFFFF1A !important;}&#8221;]<div class=\"empty-space-custom\" data-id=\"empty_space_custom_4\"><\/div>[\/vc_column_inner][\/vc_row_inner]<div class=\"empty-space-custom\" data-id=\"empty_space_custom_5\"><\/div>[\/video_background_gradient][\/vc_column][\/vc_row][vc_row full_width=&#8221;stretch_row&#8221; css=&#8221;.vc_custom_1741629619116{background-color: #030F0E !important;}&#8221;][vc_column width=&#8221;1\/6&#8243;][\/vc_column][vc_column width=&#8221;4\/6&#8243;]<div class=\"label-container text-center inverted\"><div class=\"label\"><i class=\"fa fa-chevron-right\"><\/i> <span>Le propriet\u00e0 uniche delle poli-uree di Chimica Lombarda<\/span><\/div><\/div><div class=\"empty-space-custom\" data-id=\"empty_space_custom_6\"><\/div><div class=\"testo-responsive-container\" data-id=\"responsive_text_2\"><h3 class=\"testo-responsive\">Il portafoglio di poli-uree di Chimica Lombarda offre il promotore di adesione ideale per rivestimenti su <strong>pelle e tessuti<\/strong>. La pol-iurea combina la reticolazione e la promozione dell\u2019adesione senza compromettere l\u2019elasticit\u00e0 e la flessibilit\u00e0 del substrato, migliorandone la stampabilit\u00e0.<br>\n<\/h3><\/div><div class=\"empty-space-custom\" data-id=\"empty_space_custom_7\"><\/div><div class=\"testo-responsive-container\" data-id=\"responsive_text_3\"><p class=\"testo-responsive\">Le <strong>poliuree<\/strong> realizzate da Chimica Lombarda hanno caratteristiche uniche. Sono agenti reticolanti che migliorano il legame e la forza coesiva di resine e leganti, ottenendo film con migliori resistenze, in particolare <strong>resistenza ai graffi, all&#8217;abrasione, all&#8217;idrolisi e resistenze chimiche<\/strong> in generale.<br>\n<\/p><\/div><div class=\"empty-space-custom\" data-id=\"empty_space_custom_8\"><\/div>[\/vc_column][vc_column width=&#8221;1\/6&#8243;][\/vc_column][\/vc_row][vc_row full_width=&#8221;stretch_row&#8221; css=&#8221;.vc_custom_1741777323755{background-color: #030F0E !important;}&#8221;][vc_column css=&#8221;.vc_custom_1741778561208{padding-top: 0px !important;}&#8221;]<div class=\"buttons-container\" data-id=\"buttons-container_1\"><a class=\"button  \" data-id=\"button_1\" target=\"\" href=\"\"><img decoding=\"async\" src=\"https:\/\/chimicalombarda.com\/wp-content\/uploads\/2025\/03\/innovazione.svg\" alt=\"icon\" \/><span>Innovazione<br>\n<\/span><\/a><a class=\"button  \" data-id=\"button_2\" target=\"\" href=\"\"><img decoding=\"async\" src=\"https:\/\/chimicalombarda.com\/wp-content\/uploads\/2025\/03\/affidabilita.svg\" alt=\"icon\" \/><span>Affidabilit\u00e0<br>\n<\/span><\/a><a class=\"button  \" data-id=\"button_3\" target=\"\" href=\"\"><img decoding=\"async\" src=\"https:\/\/chimicalombarda.com\/wp-content\/uploads\/2025\/03\/performance.svg\" alt=\"icon\" \/><span>Performance<br>\n<\/span><\/a><\/div><div class=\"empty-space-custom\" data-id=\"empty_space_custom_9\"><\/div>[\/vc_column][\/vc_row][vc_row full_width=&#8221;stretch_row_content_no_spaces&#8221; css=&#8221;.vc_custom_1741805581506{background-color: #030F0E !important;}&#8221;][vc_column][video_background_gradient video_url=&#8221;https:\/\/chimicalombarda.com\/wp-content\/uploads\/2025\/03\/Video_header.mp4&#8243; gradient_rule=&#8221;linear-gradient(0deg, rgba(3,15,14,0.36738445378151263) 0%, rgba(3,15,14,1) 58%)&#8221;]<div class=\"empty-space-custom\" data-id=\"empty_space_custom_10\"><\/div>[vc_row_inner][vc_column_inner width=&#8221;7\/12&#8243; offset=&#8221;vc_hidden-sm vc_hidden-xs&#8221;]<div class=\"label-container  inverted\"><div class=\"label\"><i class=\"fa fa-chevron-right\"><\/i> <span>Propriet\u00e0 e caratteristiche<\/span><\/div><\/div><div class=\"empty-space-custom\" data-id=\"empty_space_custom_11\"><\/div><div class=\"testo-responsive-container\" data-id=\"responsive_text_4\"><h2 class=\"testo-responsive\">Elevata elasticit\u00e0, resistenza e versatilit\u00e0<br>\n<\/h2><\/div><div class=\"empty-space-custom\" data-id=\"empty_space_custom_12\"><\/div><a class=\"button  \" data-id=\"button_4\" target=\"_blank\" href=\"https:\/\/chimicalombarda.com\/wp-content\/uploads\/2025\/04\/Cross-Linking_Agents_v5_Digital.pdf\"><img decoding=\"async\" src=\"https:\/\/chimicalombarda.com\/wp-content\/uploads\/2025\/03\/world-yellow-1.svg\" alt=\"icon\" \/><span>Download pdf<br>\n<\/span><\/a>[\/vc_column_inner][vc_column_inner width=&#8221;5\/12&#8243;]<div class=\"padding-container\" data-id=\"padding-container_1\"><div class=\"empty-space-custom\" data-id=\"empty_space_custom_13\"><\/div><div class=\"testo-responsive-container\" data-id=\"responsive_text_5\"><div class=\"testo-responsive\"><br>\n<ul>\n<li>Elevata elasticit\u00e0 e resistenza meccanica.<\/li>\n<li>Eccellente resistenza meccanica (abrasione a secco\/umido) e chimica.<\/li>\n<li>Ottima adesione.<\/li>\n<li>Buone caratteristiche di bottalutra e bassa rigonfiabilit\u00e0 con acqua e solventi.<\/li>\n<li>Lunga durata di reticolazione e flessibilit\u00e0 di lavorazione.<\/li>\n<li>Adatto per articoli chiari.<\/li>\n<li>Caratteristiche anti-tacking.<\/li>\n<li>Migliora la stampabilit\u00e0.<\/li>\n<\/ul>\n\n<\/div><\/div><\/div>[\/vc_column_inner][\/vc_row_inner][vc_row_inner][vc_column_inner]<div class=\"empty-space-custom\" data-id=\"empty_space_custom_14\"><\/div>[\/vc_column_inner][\/vc_row_inner]<div class=\"empty-space-custom\" data-id=\"empty_space_custom_15\"><\/div>[\/video_background_gradient][\/vc_column][\/vc_row][vc_row][vc_column]<div class=\"empty-space-custom\" data-id=\"empty_space_custom_16\"><\/div>[vc_row_inner el_class=&#8221;d-flex flex-column flex-md-row&#8221;][vc_column_inner el_class=&#8221;order-2 order-md-1&#8243; width=&#8221;1\/2&#8243;]<div class=\"label-container \"><div class=\"label\"><i class=\"fa fa-chevron-right\"><\/i> <span>Applicazioni e benefici<\/span><\/div><\/div><div class=\"empty-space-custom\" data-id=\"empty_space_custom_17\"><\/div><div class=\"testo-responsive-container\" data-id=\"responsive_text_6\"><p class=\"testo-responsive\">Le nostre poli-uree migliorano significativamente la forza di adesione e possono essere utilizzate:<br>\n<\/p><\/div><div class=\"testo-responsive-container\" data-id=\"responsive_text_7\"><p class=\"testo-responsive\"><br>\n<ul>\n<li>un forte effetto adesivo nelle soluzioni di fondo del leather coating<\/li>\n<li>come additivo agli agenti di finissaggio tessile dove migliorer\u00e0 notevolmente le prestazioni meccaniche e la resistenza ai lavaggi.<\/li>\n<\/ul>\n\n<\/p><\/div><div class=\"empty-space-custom\" data-id=\"empty_space_custom_18\"><\/div><div class=\"testo-responsive-container\" data-id=\"responsive_text_8\"><p class=\"testo-responsive\">Questi agenti reticolanti sono compatibili con resine e leganti a base d&#8217;acqua, come ad esempio:<br>\n<\/p><\/div><div class=\"testo-responsive-container\" data-id=\"responsive_text_9\"><p class=\"testo-responsive\"><br>\n<ul>\n<li><strong>Resine acriliche<\/strong><\/li>\n<li><strong>Poliuretano<\/strong><\/li>\n<li><strong>Latex<\/strong><\/li>\n<li><strong>SBR<\/strong><\/li>\n<\/ul>\n\n<\/p><\/div><div class=\"testo-responsive-container\" data-id=\"responsive_text_10\"><p class=\"testo-responsive\">Reagiscono con gruppi funzionali come: carbossilici, ossidrili, clorosolfonici, amminici e persino esteri in determinate condizioni.<br>\n<\/p><\/div>[\/vc_column_inner][vc_column_inner el_class=&#8221;order-1 order-md-2&#8243; width=&#8221;1\/2&#8243;]<div class=\"padding-container\" data-id=\"padding-container_2\"><div class=\" responsive-image\" data-id=\"responsive_image_1\"><div class=\"responsive-image-wrapper\"><img decoding=\"async\" class=\"img-fluid d-none d-sm-inline-block\" src=\"https:\/\/chimicalombarda.com\/wp-content\/uploads\/2025\/03\/Senza-titolo-1.jpg\" alt=\"ACRALINK products\" title=\"ACRALINK products\"><img decoding=\"async\" class=\"img-fluid d-inline-block d-sm-none\" src=\"https:\/\/chimicalombarda.com\/wp-content\/uploads\/2025\/03\/Senza-titolo-1.jpg\" alt=\"ACRALINK products\" title=\"ACRALINK products\"><\/div><\/div><\/div><div class=\"empty-space-custom\" data-id=\"empty_space_custom_19\"><\/div>[\/vc_column_inner][\/vc_row_inner]<div class=\"empty-space-custom\" data-id=\"empty_space_custom_20\"><\/div>[\/vc_column][\/vc_row][vc_row][vc_column]<div class=\"empty-space-custom\" data-id=\"empty_space_custom_21\"><\/div>[vc_row_inner][vc_column_inner width=&#8221;1\/2&#8243;]<div class=\"padding-container\" data-id=\"padding-container_3\"><div class=\" responsive-image\" data-id=\"responsive_image_2\"><div class=\"responsive-image-wrapper\"><img decoding=\"async\" class=\"img-fluid d-none d-sm-inline-block\" src=\"https:\/\/chimicalombarda.com\/wp-content\/uploads\/2025\/03\/water-base.jpg\" alt=\"\" title=\"water-base\"><img decoding=\"async\" class=\"img-fluid d-inline-block d-sm-none\" src=\"https:\/\/chimicalombarda.com\/wp-content\/uploads\/2025\/03\/water-base.jpg\" alt=\"\" title=\"water-base\"><\/div><\/div><\/div><div class=\"empty-space-custom\" data-id=\"empty_space_custom_22\"><\/div>[\/vc_column_inner][vc_column_inner width=&#8221;1\/2&#8243;]<div class=\"label-container \"><div class=\"label\"><i class=\"fa fa-chevron-right\"><\/i> <span>Reattivit\u00e0 di temperatura<\/span><\/div><\/div><div class=\"empty-space-custom\" data-id=\"empty_space_custom_23\"><\/div><div class=\"testo-responsive-container\" data-id=\"responsive_text_11\"><p class=\"testo-responsive\">Le nostre poli-uree permette di iniziare la reticolazione gi\u00e0 a temperatura ambiente per i gruppi carbossilici. Per completare in maniera veloce ed efficiente il processo di reticolazione.va da 80\u00ba C a 120\u00ba C.<br>\n<\/p><\/div><div class=\"empty-space-custom\" data-id=\"empty_space_custom_24\"><\/div><div class=\"testo-responsive-container\" data-id=\"responsive_text_12\"><p class=\"testo-responsive\">Utilizzando le poli-uree di Chimica Lombarda, ti assicurerai prestazioni, durata e flessibilit\u00e0 migliori per i tuoi rivestimenti.<br>\n<\/p><\/div><div class=\"empty-space-custom\" data-id=\"empty_space_custom_25\"><\/div><div class=\"testo-responsive-container\" data-id=\"responsive_text_13\"><p class=\"testo-responsive\">Scarica il nostro catalogo dei cross-linking agents e trova la poliurea pi\u00f9 adatta per le tue esigenze.<br>\n<\/p><\/div><div class=\"empty-space-custom\" data-id=\"empty_space_custom_26\"><\/div><a class=\"button  \" data-id=\"button_5\" target=\"_blank\" href=\"https:\/\/chimicalombarda.com\/wp-content\/uploads\/2025\/03\/Cross-Linking_Agents.pdf\"><img decoding=\"async\" src=\"https:\/\/chimicalombarda.com\/wp-content\/uploads\/2025\/03\/world-yellow-1.svg\" alt=\"icon\" \/><span>Download pdf<br>\n<\/span><\/a>[\/vc_column_inner][\/vc_row_inner]<div class=\"empty-space-custom\" data-id=\"empty_space_custom_27\"><\/div>[vc_row_inner][vc_column_inner css=&#8221;.vc_custom_1741804441771{background-color: #FFFFFF1A !important;}&#8221;]<div class=\"empty-space-custom\" data-id=\"empty_space_custom_28\"><\/div>[\/vc_column_inner][\/vc_row_inner][\/vc_column][\/vc_row][vc_row disable_element=&#8221;yes&#8221;][vc_column]<div class=\"empty-space-custom\" data-id=\"empty_space_custom_29\"><\/div>[vc_row_inner el_class=&#8221;d-flex flex-column flex-md-row&#8221;][vc_column_inner el_class=&#8221;order-2 order-md-1&#8243; width=&#8221;1\/2&#8243;]<div class=\"label-container \"><div class=\"label\"><i class=\"fa fa-chevron-right\"><\/i> <span>High-Performance Finishes<\/span><\/div><\/div><div class=\"empty-space-custom\" data-id=\"empty_space_custom_30\"><\/div><div class=\"testo-responsive-container\" data-id=\"responsive_text_14\"><p class=\"testo-responsive\"><strong>Coatings treated with ACRALINK<\/strong> deliver superior <strong>resistance<\/strong>, <strong>brightness<\/strong>, and <strong>durability<\/strong>, meeting the most demanding performance standards.<br>\n<strong>Chimica Lombarda<\/strong> stands out as a leader in this field, offering solutions developed to meet the <strong>highest quality standards<\/strong>.<br>\nBy choosing our <strong>blocked poly-isocyanates<\/strong>, you benefit from <strong>innovative<\/strong>, <strong>sustainable<\/strong>, and <strong>customizable solutions<\/strong> tailored to your specific needs.<br>\n<strong>Download our cross-linking agents catalog<\/strong> and find the <strong>ACRALINK<\/strong> product that\u2019s right for you.<br>\n<\/p><\/div><div class=\"empty-space-custom\" data-id=\"empty_space_custom_31\"><\/div><a class=\"button  \" data-id=\"button_6\" target=\"_blank\" href=\"https:\/\/chimicalombarda.com\/wp-content\/uploads\/2025\/03\/Cross-Linking_Agents.pdf\"><img decoding=\"async\" src=\"https:\/\/chimicalombarda.com\/wp-content\/uploads\/2025\/03\/world-yellow-1.svg\" alt=\"icon\" \/><span>Download pdf<br>\n<\/span><\/a>[\/vc_column_inner][vc_column_inner el_class=&#8221;order-1 order-md-2&#8243; width=&#8221;1\/2&#8243;]<div class=\"padding-container\" data-id=\"padding-container_4\"><div class=\" responsive-image\" data-id=\"responsive_image_3\"><div class=\"responsive-image-wrapper\"><img decoding=\"async\" class=\"img-fluid d-none d-sm-inline-block\" src=\"https:\/\/chimicalombarda.com\/wp-content\/uploads\/2025\/03\/akralink.jpg\" alt=\"\" title=\"akralink\"><img decoding=\"async\" class=\"img-fluid d-inline-block d-sm-none\" src=\"https:\/\/chimicalombarda.com\/wp-content\/uploads\/2025\/03\/akralink.jpg\" alt=\"\" title=\"akralink\"><\/div><\/div><\/div><div class=\"empty-space-custom\" data-id=\"empty_space_custom_32\"><\/div>[\/vc_column_inner][\/vc_row_inner]<div class=\"empty-space-custom\" data-id=\"empty_space_custom_33\"><\/div>[\/vc_column][\/vc_row]<\/p>\n<\/div>","protected":false},"excerpt":{"rendered":"<p>[vc_row full_width=&#8221;stretch_row_content_no_spaces&#8221; css=&#8221;.vc_custom_1743427070058{background-color: #030F0E !important;}&#8221;][vc_column][video_background_gradient background_type=&#8221;immagine&#8221; background_image=&#8221;549&#8243;][vc_row_inner][vc_column_inner width=&#8221;5\/12&#8243;][\/vc_column_inner][vc_column_inner width=&#8221;7\/12&#8243;][\/vc_column_inner][\/vc_row_inner][vc_row_inner][vc_column_inner css=&#8221;.vc_custom_1741773509985{padding-top: 0px !important;padding-bottom: 0px !important;background-color: #FFFFFF1A !important;}&#8221;][\/vc_column_inner][\/vc_row_inner][\/video_background_gradient][\/vc_column][\/vc_row][vc_row full_width=&#8221;stretch_row&#8221; css=&#8221;.vc_custom_1741629619116{background-color: #030F0E !important;}&#8221;][vc_column width=&#8221;1\/6&#8243;][\/vc_column][vc_column width=&#8221;4\/6&#8243;][\/vc_column][vc_column width=&#8221;1\/6&#8243;][\/vc_column][\/vc_row][vc_row full_width=&#8221;stretch_row&#8221; css=&#8221;.vc_custom_1741777323755{background-color: #030F0E !important;}&#8221;][vc_column css=&#8221;.vc_custom_1741778561208{padding-top: 0px !important;}&#8221;][\/vc_column][\/vc_row][vc_row full_width=&#8221;stretch_row_content_no_spaces&#8221; css=&#8221;.vc_custom_1741805581506{background-color: #030F0E !important;}&#8221;][vc_column][video_background_gradient video_url=&#8221;https:\/\/chimicalombarda.com\/wp-content\/uploads\/2025\/03\/Video_header.mp4&#8243; gradient_rule=&#8221;linear-gradient(0deg, rgba(3,15,14,0.36738445378151263) 0%, rgba(3,15,14,1) 58%)&#8221;][vc_row_inner][vc_column_inner width=&#8221;7\/12&#8243; offset=&#8221;vc_hidden-sm vc_hidden-xs&#8221;][\/vc_column_inner][vc_column_inner width=&#8221;5\/12&#8243;][\/vc_column_inner][\/vc_row_inner][vc_row_inner][vc_column_inner][\/vc_column_inner][\/vc_row_inner][\/video_background_gradient][\/vc_column][\/vc_row][vc_row][vc_column][vc_row_inner el_class=&#8221;d-flex flex-column flex-md-row&#8221;][vc_column_inner el_class=&#8221;order-2 order-md-1&#8243; width=&#8221;1\/2&#8243;][\/vc_column_inner][vc_column_inner el_class=&#8221;order-1 order-md-2&#8243; width=&#8221;1\/2&#8243;][\/vc_column_inner][\/vc_row_inner][\/vc_column][\/vc_row][vc_row][vc_column][vc_row_inner][vc_column_inner width=&#8221;1\/2&#8243;][\/vc_column_inner][vc_column_inner width=&#8221;1\/2&#8243;][\/vc_column_inner][\/vc_row_inner][vc_row_inner][vc_column_inner [&hellip;]<\/p>\n","protected":false},"author":4,"featured_media":0,"parent":0,"menu_order":0,"comment_status":"closed","ping_status":"closed","template":"","meta":{"_acf_changed":false,"inline_featured_image":false,"footnotes":""},"class_list":["post-938","page","type-page","status-publish","hentry"],"acf":[],"aioseo_notices":[],"_links":{"self":[{"href":"https:\/\/chimicalombarda.com\/it\/wp-json\/wp\/v2\/pages\/938","targetHints":{"allow":["GET"]}}],"collection":[{"href":"https:\/\/chimicalombarda.com\/it\/wp-json\/wp\/v2\/pages"}],"about":[{"href":"https:\/\/chimicalombarda.com\/it\/wp-json\/wp\/v2\/types\/page"}],"author":[{"embeddable":true,"href":"https:\/\/chimicalombarda.com\/it\/wp-json\/wp\/v2\/users\/4"}],"replies":[{"embeddable":true,"href":"https:\/\/chimicalombarda.com\/it\/wp-json\/wp\/v2\/comments?post=938"}],"version-history":[{"count":3,"href":"https:\/\/chimicalombarda.com\/it\/wp-json\/wp\/v2\/pages\/938\/revisions"}],"predecessor-version":[{"id":1024,"href":"https:\/\/chimicalombarda.com\/it\/wp-json\/wp\/v2\/pages\/938\/revisions\/1024"}],"wp:attachment":[{"href":"https:\/\/chimicalombarda.com\/it\/wp-json\/wp\/v2\/media?parent=938"}],"curies":[{"name":"wp","href":"https:\/\/api.w.org\/{rel}","templated":true}]}}