{"id":940,"date":"2025-03-25T15:02:44","date_gmt":"2025-03-25T14:02:44","guid":{"rendered":"https:\/\/chimicalombarda.com\/polyurethane-dispersions\/"},"modified":"2025-04-04T14:17:35","modified_gmt":"2025-04-04T12:17:35","slug":"dispersioni-poliuretaniche","status":"publish","type":"page","link":"https:\/\/chimicalombarda.com\/it\/dispersioni-poliuretaniche\/","title":{"rendered":"Dispersioni poliuretaniche"},"content":{"rendered":"<div class=\"wpb-content-wrapper\"><p>[vc_row full_width=&#8221;stretch_row_content_no_spaces&#8221; css=&#8221;.vc_custom_1743427308570{background-color: #030F0E !important;}&#8221;][vc_column][video_background_gradient background_type=&#8221;immagine&#8221; background_image=&#8221;203&#8243;][vc_row_inner][vc_column_inner width=&#8221;5\/12&#8243;]<div class=\"empty-space-custom\" data-id=\"empty_space_custom_1\"><\/div><div class=\"label-container  inverted\"><div class=\"label\"><i class=\"fa fa-chevron-right\"><\/i> <span>Dispersioni poliuretaniche<\/span><\/div><\/div><div class=\"empty-space-custom\" data-id=\"empty_space_custom_2\"><\/div><div class=\"testo-responsive-container decorative-border\" data-id=\"responsive_text_1\"><h1 class=\"testo-responsive\"><br>\n<h1>Le dispersioni poliuretaniche: alte prestazioni per applicazioni avanzate<\/h1>\n\n<\/h1><\/div><div class=\"empty-space-custom\" data-id=\"empty_space_custom_3\"><\/div>[\/vc_column_inner][vc_column_inner width=&#8221;7\/12&#8243;][\/vc_column_inner][\/vc_row_inner][vc_row_inner][vc_column_inner css=&#8221;.vc_custom_1741773509985{padding-top: 0px !important;padding-bottom: 0px !important;background-color: #FFFFFF1A !important;}&#8221;]<div class=\"empty-space-custom\" data-id=\"empty_space_custom_4\"><\/div>[\/vc_column_inner][\/vc_row_inner]<div class=\"empty-space-custom\" data-id=\"empty_space_custom_5\"><\/div>[\/video_background_gradient][\/vc_column][\/vc_row][vc_row full_width=&#8221;stretch_row&#8221; css=&#8221;.vc_custom_1741629619116{background-color: #030F0E !important;}&#8221;][vc_column width=&#8221;1\/6&#8243;][\/vc_column][vc_column width=&#8221;4\/6&#8243;]<div class=\"label-container text-center inverted\"><div class=\"label\"><i class=\"fa fa-chevron-right\"><\/i> <span>Eccellenza tecnologica e delle prestazioni<\/span><\/div><\/div><div class=\"empty-space-custom\" data-id=\"empty_space_custom_6\"><\/div><div class=\"testo-responsive-container\" data-id=\"responsive_text_2\"><p class=\"testo-responsive\">Le <strong>dispersioni poliuretaniche<\/strong> offerte da Chimica Lombarda rappresentano un\u2019eccellenza tecnologica e performativa nel campo dei rivestimenti industriali, progettate per combinare alte prestazioni e sostenibilit\u00e0. Questi prodotti trovano applicazione in una <strong>vasta gamma di settori<\/strong>. La loro versatilit\u00e0 consente di creare finiture di alta qualit\u00e0 che rispondono alle pi\u00f9 diverse esigenze estetiche e tecniche.<br>\n<\/p><\/div><div class=\"empty-space-custom\" data-id=\"empty_space_custom_7\"><\/div><div class=\"testo-responsive-container\" data-id=\"responsive_text_3\"><p class=\"testo-responsive\">Le applicazioni includono:<br>\n<\/p><\/div><div class=\"testo-responsive-container\" data-id=\"responsive_text_4\"><div class=\"testo-responsive\"><br>\n<ul>\n<li><strong>Industria conciaria<\/strong>: per offrire una variet\u00e0 di soluzioni che permettano di realizzare un\u2019ampia variet\u00e0 di finissaggi, dall\u2019automotive all\u2019arredamento, dalla calzatura all\u2019abbigliamento e nella pelletteria<\/li>\n<li><strong>Finissaggio tessile<\/strong>: utilizzate per garantire soluzioni avanzate nel coating tessile con notevoli qualit\u00e0 quali elasticit\u00e0, brillantezza dei colori, soft touch, resistenza e durabilit\u00e0, traspirabilit\u00e0 e sostenibilit\u00e0<\/li>\n<li><strong>Industria cartaria<\/strong>: per incrementare le propriet\u00e0 chimico-fisiche della carta, oltrech\u00e9 per offrire trattamenti superficiali customizzati nell\u2019industria del packaging di lusso<\/li>\n<li><strong>Coating industriale<\/strong>: per garantire performance di alto livello e durature assicurando una protezione dagli agenti atmosferici e dall\u2019esposizione ai raggi UV e conseguentemente riducendo i costi di manutenzione<\/li>\n<\/ul>\n\n<\/div><\/div><div class=\"empty-space-custom\" data-id=\"empty_space_custom_8\"><\/div>[\/vc_column][vc_column width=&#8221;1\/6&#8243;][\/vc_column][\/vc_row][vc_row full_width=&#8221;stretch_row&#8221; css=&#8221;.vc_custom_1741777323755{background-color: #030F0E !important;}&#8221;][vc_column css=&#8221;.vc_custom_1741778561208{padding-top: 0px !important;}&#8221;]<div class=\"buttons-container\" data-id=\"buttons-container_1\"><a class=\"button  \" data-id=\"button_1\" target=\"\" href=\"\"><img decoding=\"async\" src=\"https:\/\/chimicalombarda.com\/wp-content\/uploads\/2025\/03\/innovazione.svg\" alt=\"icon\" \/><span>Innovazione<br>\n<\/span><\/a><a class=\"button  \" data-id=\"button_2\" target=\"\" href=\"\"><img decoding=\"async\" src=\"https:\/\/chimicalombarda.com\/wp-content\/uploads\/2025\/03\/affidabilita.svg\" alt=\"icon\" \/><span>Affidabilit\u00e0<br>\n<\/span><\/a><a class=\"button  \" data-id=\"button_3\" target=\"\" href=\"\"><img decoding=\"async\" src=\"https:\/\/chimicalombarda.com\/wp-content\/uploads\/2025\/03\/performance.svg\" alt=\"icon\" \/><span>Performance<br>\n<\/span><\/a><\/div><div class=\"empty-space-custom\" data-id=\"empty_space_custom_9\"><\/div>[\/vc_column][\/vc_row][vc_row full_width=&#8221;stretch_row&#8221; disable_element=&#8221;yes&#8221; css=&#8221;.vc_custom_1742905204040{background-color: #030F0E !important;}&#8221;][vc_column width=&#8221;1\/6&#8243;][\/vc_column][vc_column width=&#8221;4\/6&#8243;]<div class=\"testo-responsive-container\" data-id=\"responsive_text_5\"><p class=\"testo-responsive\">Every choice we make, from our production processes to our product portfolio, is guided by respect for the environment and a commitment to creating value for our customers.<br>\n<\/p><\/div><div class=\"empty-space-custom\" data-id=\"empty_space_custom_10\"><\/div>[\/vc_column][vc_column width=&#8221;1\/6&#8243;][\/vc_column][\/vc_row][vc_row full_width=&#8221;stretch_row&#8221; css=&#8221;.vc_custom_1741796339207{background-color: #030F0E !important;}&#8221;][vc_column css=&#8221;.vc_custom_1741796244727{background-color: #FFFFFF1A !important;}&#8221;]<div class=\"empty-space-custom\" data-id=\"empty_space_custom_11\"><\/div>[\/vc_column][\/vc_row][vc_row full_width=&#8221;stretch_row&#8221; disable_element=&#8221;yes&#8221; css=&#8221;.vc_custom_1742548178820{background-color: #030F0E !important;}&#8221;][vc_column]<div class=\"empty-space-custom\" data-id=\"empty_space_custom_12\"><\/div>[vc_row_inner][vc_column_inner width=&#8221;1\/3&#8243;]<div class=\"label-container  inverted\"><div class=\"label\"><i class=\"fa fa-chevron-right\"><\/i> <span>Mercati coperti<\/span><\/div><\/div><div class=\"empty-space-custom\" data-id=\"empty_space_custom_13\"><\/div><div class=\"testo-responsive-container decorative-border\" data-id=\"responsive_text_6\"><h3 class=\"testo-responsive\">Il <strong>nostro mercato<\/strong> non si limita a quello italiano<br>\n<\/h3><\/div><div class=\"empty-space-custom\" data-id=\"empty_space_custom_14\"><\/div><div class=\"testo-responsive-container\" data-id=\"responsive_text_7\"><p class=\"testo-responsive\">Siamo anche presenti a <strong>livello internazionale<\/strong> in Turchia, Messico, Cina e India, nonch\u00e9 in Medio Oriente e nell\u2019Europa Centrale. Al fine di garantire un servizio puntuale ed efficiente collaboriamo con agenti e partner al fine di sviluppare soluzioni su misura ad hoc per i <strong>formulatori e gli utilizzatori locali<\/strong>.<br>\n<\/p><\/div><div class=\"empty-space-custom\" data-id=\"empty_space_custom_15\"><\/div><a class=\"button  \" data-id=\"button_4\" target=\"\" href=\"#\"><img decoding=\"async\" src=\"https:\/\/chimicalombarda.com\/wp-content\/uploads\/2025\/03\/become-partner.svg\" alt=\"icon\" \/><span>Diventa partner<br>\n<\/span><\/a>[\/vc_column_inner][vc_column_inner width=&#8221;2\/3&#8243;]<div class=\"empty-space-custom\" data-id=\"empty_space_custom_16\"><\/div><div class=\"padding-container\" data-id=\"padding-container_1\"><div class=\" responsive-image\" data-id=\"responsive_image_1\"><div class=\"responsive-image-wrapper\"><img decoding=\"async\" class=\"img-fluid d-none d-sm-inline-block\" src=\"https:\/\/chimicalombarda.com\/wp-content\/uploads\/2025\/03\/mappa.svg\" alt=\"\" title=\"mappa\"><img decoding=\"async\" class=\"img-fluid d-inline-block d-sm-none\" src=\"https:\/\/chimicalombarda.com\/wp-content\/uploads\/2025\/03\/mappa.svg\" alt=\"\" title=\"mappa\"><\/div><\/div><\/div>[\/vc_column_inner][\/vc_row_inner]<div class=\"empty-space-custom\" data-id=\"empty_space_custom_17\"><\/div>[vc_row_inner][vc_column_inner css=&#8221;.vc_custom_1741804441771{background-color: #FFFFFF1A !important;}&#8221;]<div class=\"empty-space-custom\" data-id=\"empty_space_custom_18\"><\/div>[\/vc_column_inner][\/vc_row_inner][\/vc_column][\/vc_row][vc_row full_width=&#8221;stretch_row_content_no_spaces&#8221; css=&#8221;.vc_custom_1741805581506{background-color: #030F0E !important;}&#8221;][vc_column][video_background_gradient video_url=&#8221;https:\/\/chimicalombarda.com\/wp-content\/uploads\/2025\/03\/Video_header.mp4&#8243; gradient_rule=&#8221;linear-gradient(0deg, rgba(3,15,14,0.36738445378151263) 0%, rgba(3,15,14,1) 58%)&#8221;]<div class=\"empty-space-custom\" data-id=\"empty_space_custom_19\"><\/div>[vc_row_inner][vc_column_inner width=&#8221;7\/12&#8243; offset=&#8221;vc_hidden-sm vc_hidden-xs&#8221;]<div class=\"label-container  inverted\"><div class=\"label\"><i class=\"fa fa-chevron-right\"><\/i> <span>I vantaggi<\/span><\/div><\/div><div class=\"empty-space-custom\" data-id=\"empty_space_custom_20\"><\/div><div class=\"testo-responsive-container\" data-id=\"responsive_text_8\"><h1 class=\"testo-responsive\">I vantaggi delle<b> <\/b>dispersioni poliuretaniche di Chimica Lombarda<b><\/b><br>\n<\/h1><\/div><div class=\"empty-space-custom\" data-id=\"empty_space_custom_21\"><\/div>[\/vc_column_inner][vc_column_inner width=&#8221;5\/12&#8243;]<div class=\"padding-container\" data-id=\"padding-container_2\"><div class=\"empty-space-custom\" data-id=\"empty_space_custom_22\"><\/div><div class=\"testo-responsive-container\" data-id=\"responsive_text_9\"><div class=\"testo-responsive\"><br>\n<ul>\n<li><strong>Adesione superiore<\/strong>: assicurano un legame stabile con svariati substrati, come cuoio, fibre tessili, carta e svariati supporti dell\u2019industria edile come legno, metallo, plastica e PVC<\/li>\n<li><strong>Resistenza chimica e meccanica<\/strong>: offrono protezione contro l\u2019abrasione, l\u2019esposizione a sostanze chimiche e l\u2019usura quotidiana<\/li>\n<li><strong>Stabilit\u00e0 termica e ai raggi UV<\/strong>: mantengono le propriet\u00e0 estetiche e funzionali anche in condizioni ambientali difficili<\/li>\n<li><strong>Infinite soluzioni di customizzazione<\/strong>: permettono di raggiungere soluzioni performative ed estetiche universalmente in un ampio range di settori applicativi<\/li>\n<\/ul>\n\n<\/div><\/div><\/div>[\/vc_column_inner][\/vc_row_inner]<div class=\"empty-space-custom\" data-id=\"empty_space_custom_23\"><\/div>[vc_row_inner][vc_column_inner]<div class=\"empty-space-custom\" data-id=\"empty_space_custom_24\"><\/div><div class=\"label-container  inverted\"><div class=\"label\"><i class=\"fa fa-chevron-right\"><\/i> <span>L\u2019attenzione verso la sostenibilit\u00e0 <\/span><\/div><\/div><div class=\"empty-space-custom\" data-id=\"empty_space_custom_25\"><\/div><div class=\"testo-responsive-container\" data-id=\"responsive_text_10\"><h2 class=\"testo-responsive\">Chimica Lombarda promuove pratiche industriali ecocompatibili, contribuendo agli obiettivi di sviluppo sostenibile globali e favorendo la transizione verso una chimica \u201cgreen\u201d.<br>\n<\/h2><\/div><div class=\"empty-space-custom\" data-id=\"empty_space_custom_26\"><\/div><div class=\"testo-responsive-container\" data-id=\"responsive_text_11\"><p class=\"testo-responsive\">Un elemento distintivo delle soluzioni di Chimica Lombarda \u00e8 lo sviluppo di dispersioni poliuretaniche <strong>bio-based<\/strong>, derivanti da materie prime rinnovabili. Questi prodotti offrono una valida alternativa sostenibile alle formulazioni tradizionali, supportando un\u2019economia circolare e riducendo l\u2019impronta di carbonio. Chimica Lombarda \u00e8 costantemente impegnata nella ricerca e nello sviluppo di soluzioni tecnologiche che permettano sempre pi\u00f9 l\u2019adozione di materiali bio-based senza compromettere le performance qualitative del prodotto finito.<br>\n<\/p><\/div><div class=\"empty-space-custom\" data-id=\"empty_space_custom_27\"><\/div>[\/vc_column_inner][\/vc_row_inner]<div class=\"empty-space-custom\" data-id=\"empty_space_custom_28\"><\/div>[vc_row_inner equal_height=&#8221;yes&#8221; css=&#8221;.vc_custom_1741970712250{background-color: #FFFFFF33 !important;}&#8221; el_class=&#8221;border-radius-12&#8243;][vc_column_inner width=&#8221;1\/2&#8243; offset=&#8221;vc_hidden-sm vc_hidden-xs&#8221; css=&#8221;.vc_custom_1741970726429{padding-top: 16px !important;padding-bottom: 16px !important;padding-left: 24px !important;}&#8221;]<div class=\"testo-responsive-container\" data-id=\"responsive_text_12\"><div class=\"testo-responsive has-icon\"><img decoding=\"async\" src=\"https:\/\/chimicalombarda.com\/wp-content\/uploads\/2025\/03\/consulenza.svg\" alt=\"icon\" \/><span>Richiedi una consulenza<br>\n<\/span><\/div><\/div>[\/vc_column_inner][vc_column_inner width=&#8221;1\/2&#8243; offset=&#8221;vc_hidden-sm vc_hidden-xs&#8221; css=&#8221;.vc_custom_1741970736460{padding-top: 16px !important;padding-right: 24px !important;padding-bottom: 16px !important;}&#8221;]<div class=\"buttons-container\" data-id=\"buttons-container_2\"><a class=\"button  \" data-id=\"button_5\" target=\"\" href=\"https:\/\/chimicalombarda.com\/it\/contatti\/\"><img decoding=\"async\" src=\"https:\/\/chimicalombarda.com\/wp-content\/uploads\/2025\/03\/mess.svg\" alt=\"icon\" \/><span>Contattaci<br>\n<\/span><\/a><\/div>[\/vc_column_inner][\/vc_row_inner][\/video_background_gradient]<div class=\"empty-space-custom\" data-id=\"empty_space_custom_29\"><\/div>[\/vc_column][\/vc_row]<\/p>\n<\/div>","protected":false},"excerpt":{"rendered":"<p>[vc_row full_width=&#8221;stretch_row_content_no_spaces&#8221; css=&#8221;.vc_custom_1743427308570{background-color: #030F0E !important;}&#8221;][vc_column][video_background_gradient background_type=&#8221;immagine&#8221; background_image=&#8221;203&#8243;][vc_row_inner][vc_column_inner width=&#8221;5\/12&#8243;][\/vc_column_inner][vc_column_inner width=&#8221;7\/12&#8243;][\/vc_column_inner][\/vc_row_inner][vc_row_inner][vc_column_inner css=&#8221;.vc_custom_1741773509985{padding-top: 0px !important;padding-bottom: 0px !important;background-color: #FFFFFF1A !important;}&#8221;][\/vc_column_inner][\/vc_row_inner][\/video_background_gradient][\/vc_column][\/vc_row][vc_row full_width=&#8221;stretch_row&#8221; css=&#8221;.vc_custom_1741629619116{background-color: #030F0E !important;}&#8221;][vc_column width=&#8221;1\/6&#8243;][\/vc_column][vc_column width=&#8221;4\/6&#8243;][\/vc_column][vc_column width=&#8221;1\/6&#8243;][\/vc_column][\/vc_row][vc_row full_width=&#8221;stretch_row&#8221; css=&#8221;.vc_custom_1741777323755{background-color: #030F0E !important;}&#8221;][vc_column css=&#8221;.vc_custom_1741778561208{padding-top: 0px !important;}&#8221;][\/vc_column][\/vc_row][vc_row full_width=&#8221;stretch_row&#8221; disable_element=&#8221;yes&#8221; css=&#8221;.vc_custom_1742905204040{background-color: #030F0E !important;}&#8221;][vc_column width=&#8221;1\/6&#8243;][\/vc_column][vc_column width=&#8221;4\/6&#8243;][\/vc_column][vc_column width=&#8221;1\/6&#8243;][\/vc_column][\/vc_row][vc_row full_width=&#8221;stretch_row&#8221; css=&#8221;.vc_custom_1741796339207{background-color: #030F0E !important;}&#8221;][vc_column css=&#8221;.vc_custom_1741796244727{background-color: #FFFFFF1A !important;}&#8221;][\/vc_column][\/vc_row][vc_row full_width=&#8221;stretch_row&#8221; disable_element=&#8221;yes&#8221; css=&#8221;.vc_custom_1742548178820{background-color: #030F0E !important;}&#8221;][vc_column][vc_row_inner][vc_column_inner width=&#8221;1\/3&#8243;][\/vc_column_inner][vc_column_inner width=&#8221;2\/3&#8243;][\/vc_column_inner][\/vc_row_inner][vc_row_inner][vc_column_inner css=&#8221;.vc_custom_1741804441771{background-color: #FFFFFF1A !important;}&#8221;][\/vc_column_inner][\/vc_row_inner][\/vc_column][\/vc_row][vc_row [&hellip;]<\/p>\n","protected":false},"author":4,"featured_media":0,"parent":0,"menu_order":0,"comment_status":"closed","ping_status":"closed","template":"","meta":{"_acf_changed":false,"inline_featured_image":false,"footnotes":""},"class_list":["post-940","page","type-page","status-publish","hentry"],"acf":[],"aioseo_notices":[],"_links":{"self":[{"href":"https:\/\/chimicalombarda.com\/it\/wp-json\/wp\/v2\/pages\/940","targetHints":{"allow":["GET"]}}],"collection":[{"href":"https:\/\/chimicalombarda.com\/it\/wp-json\/wp\/v2\/pages"}],"about":[{"href":"https:\/\/chimicalombarda.com\/it\/wp-json\/wp\/v2\/types\/page"}],"author":[{"embeddable":true,"href":"https:\/\/chimicalombarda.com\/it\/wp-json\/wp\/v2\/users\/4"}],"replies":[{"embeddable":true,"href":"https:\/\/chimicalombarda.com\/it\/wp-json\/wp\/v2\/comments?post=940"}],"version-history":[{"count":3,"href":"https:\/\/chimicalombarda.com\/it\/wp-json\/wp\/v2\/pages\/940\/revisions"}],"predecessor-version":[{"id":967,"href":"https:\/\/chimicalombarda.com\/it\/wp-json\/wp\/v2\/pages\/940\/revisions\/967"}],"wp:attachment":[{"href":"https:\/\/chimicalombarda.com\/it\/wp-json\/wp\/v2\/media?parent=940"}],"curies":[{"name":"wp","href":"https:\/\/api.w.org\/{rel}","templated":true}]}}