{"id":1151,"date":"2025-03-25T12:31:49","date_gmt":"2025-03-25T11:31:49","guid":{"rendered":"https:\/\/chimicalombarda.com\/company\/"},"modified":"2025-05-12T10:14:29","modified_gmt":"2025-05-12T08:14:29","slug":"sirket","status":"publish","type":"page","link":"https:\/\/chimicalombarda.com\/tr\/sirket\/","title":{"rendered":"Company &#8211; \u015eirket"},"content":{"rendered":"<div class=\"wpb-content-wrapper\"><p>[vc_row full_width=&#8221;stretch_row_content_no_spaces&#8221; css=&#8221;.vc_custom_1743425449929{background-color: #030F0E !important;}&#8221;][vc_column][video_background_gradient background_type=&#8221;immagine&#8221; background_image=&#8221;368&#8243;][vc_row_inner][vc_column_inner width=&#8221;5\/12&#8243;]<div class=\"empty-space-custom\" data-id=\"empty_space_custom_1\"><\/div><div class=\"label-container  inverted\"><div class=\"label\"><i class=\"fa fa-chevron-right\"><\/i> <span>\u015eirket<\/span><\/div><\/div><div class=\"empty-space-custom\" data-id=\"empty_space_custom_2\"><\/div><div class=\"testo-responsive-container decorative-border\" data-id=\"responsive_text_1\"><h1 class=\"testo-responsive\"><strong>Chimica Lombarda: 30 y\u0131l\u0131 a\u015fk\u0131n s\u00fcredir poli\u00fcretan dispersiyonlar ve \u00e7apraz ba\u011flay\u0131c\u0131lar alan\u0131nda yenilik\u00e7i \u00e7\u00f6z\u00fcmler \u00fcreten bir firmad\u0131r.<\/strong><br>\n<\/h1><\/div><div class=\"empty-space-custom\" data-id=\"empty_space_custom_3\"><\/div>[\/vc_column_inner][vc_column_inner width=&#8221;7\/12&#8243;][\/vc_column_inner][\/vc_row_inner][vc_row_inner][vc_column_inner css=&#8221;.vc_custom_1741773509985{padding-top: 0px !important;padding-bottom: 0px !important;background-color: #FFFFFF1A !important;}&#8221;]<div class=\"empty-space-custom\" data-id=\"empty_space_custom_4\"><\/div>[\/vc_column_inner][\/vc_row_inner]<div class=\"empty-space-custom\" data-id=\"empty_space_custom_5\"><\/div>[\/video_background_gradient][\/vc_column][\/vc_row][vc_row full_width=&#8221;stretch_row&#8221; css=&#8221;.vc_custom_1741629619116{background-color: #030F0E !important;}&#8221;][vc_column width=&#8221;1\/6&#8243;][\/vc_column][vc_column width=&#8221;4\/6&#8243;]<div class=\"label-container text-center inverted\"><div class=\"label\"><i class=\"fa fa-chevron-right\"><\/i> <span>Tarih\u00e7emiz<\/span><\/div><\/div><div class=\"empty-space-custom\" data-id=\"empty_space_custom_6\"><\/div><div class=\"testo-responsive-container\" data-id=\"responsive_text_2\"><h3 class=\"testo-responsive\">1989 y\u0131l\u0131nda kurulan Chimica Lombarda, poli\u00fcretan dispersiyonlar\u0131 ve \u00e7apraz ba\u011flay\u0131c\u0131 ajanlar alan\u0131nda yenilik\u00e7i \u00e7\u00f6z\u00fcmler sunma hedefiyle yola \u00e7\u0131kt\u0131.<br>\n<\/h3><\/div><div class=\"empty-space-custom\" data-id=\"empty_space_custom_7\"><\/div><div class=\"testo-responsive-container\" data-id=\"responsive_text_3\"><p class=\"testo-responsive\">Y\u0131llar i\u00e7inde, inovasyon, g\u00fcvenilirlik ve performans odakl\u0131 i\u015f felsefemiz sayesinde sekt\u00f6rde k\u00fcresel bir lider haline geldik. \u00dcr\u00fcn portf\u00f6y\u00fcm\u00fczden \u00fcretim s\u00fcre\u00e7lerine kadar her karar\u0131m\u0131z, \u00e7evreye sayg\u0131 ve m\u00fc\u015fterilerimize de\u011fer yaratma anlay\u0131\u015f\u0131yla \u015fekilleniyor.<br>\n<\/p><\/div><div class=\"empty-space-custom\" data-id=\"empty_space_custom_8\"><\/div>[\/vc_column][vc_column width=&#8221;1\/6&#8243;][\/vc_column][\/vc_row][vc_row full_width=&#8221;stretch_row&#8221; css=&#8221;.vc_custom_1741777323755{background-color: #030F0E !important;}&#8221;][vc_column css=&#8221;.vc_custom_1741778561208{padding-top: 0px !important;}&#8221;]<div class=\"buttons-container\" data-id=\"buttons-container_1\"><a class=\"button  \" data-id=\"button_1\" target=\"\" href=\"\"><img decoding=\"async\" src=\"https:\/\/chimicalombarda.com\/wp-content\/uploads\/2025\/03\/innovazione.svg\" alt=\"icon\" \/><span>\u0130novasyon<br>\n<\/span><\/a><a class=\"button  \" data-id=\"button_2\" target=\"\" href=\"\"><img decoding=\"async\" src=\"https:\/\/chimicalombarda.com\/wp-content\/uploads\/2025\/03\/affidabilita.svg\" alt=\"icon\" \/><span>G\u00fcvenilirlik<br>\n<\/span><\/a><a class=\"button  \" data-id=\"button_3\" target=\"\" href=\"\"><img decoding=\"async\" src=\"https:\/\/chimicalombarda.com\/wp-content\/uploads\/2025\/03\/performance.svg\" alt=\"icon\" \/><span>Performans<br>\n<\/span><\/a><\/div><div class=\"empty-space-custom\" data-id=\"empty_space_custom_9\"><\/div>[\/vc_column][\/vc_row][vc_row full_width=&#8221;stretch_row&#8221; css=&#8221;.vc_custom_1741629619116{background-color: #030F0E !important;}&#8221;][vc_column width=&#8221;1\/6&#8243;][\/vc_column][vc_column width=&#8221;4\/6&#8243;]<div class=\"testo-responsive-container\" data-id=\"responsive_text_4\"><p class=\"testo-responsive\">\u00dcretim s\u00fcre\u00e7lerinden \u00fcr\u00fcn portf\u00f6ylerine kadar yapt\u0131\u011f\u0131m\u0131z her se\u00e7im, \u00e7evreye sayg\u0131 ve m\u00fc\u015fterilerimiz i\u00e7in de\u011fer yaratma taahh\u00fcd\u00fcm\u00fcz taraf\u0131ndan y\u00f6nlendirilmektedir.<br>\n<\/p><\/div><div class=\"empty-space-custom\" data-id=\"empty_space_custom_10\"><\/div>[\/vc_column][vc_column width=&#8221;1\/6&#8243;][\/vc_column][\/vc_row][vc_row full_width=&#8221;stretch_row&#8221; css=&#8221;.vc_custom_1741796339207{background-color: #030F0E !important;}&#8221;][vc_column css=&#8221;.vc_custom_1741796244727{background-color: #FFFFFF1A !important;}&#8221;]<div class=\"empty-space-custom\" data-id=\"empty_space_custom_11\"><\/div>[\/vc_column][\/vc_row][vc_row full_width=&#8221;stretch_row&#8221; css=&#8221;.vc_custom_1741796332587{background-color: #030F0E !important;}&#8221;][vc_column]<div class=\"empty-space-custom\" data-id=\"empty_space_custom_12\"><\/div>[vc_row_inner][vc_column_inner width=&#8221;1\/3&#8243;]<div class=\"label-container  inverted\"><div class=\"label\"><i class=\"fa fa-chevron-right\"><\/i> <span>Kapal\u0131 Pazar<\/span><\/div><\/div><div class=\"empty-space-custom\" data-id=\"empty_space_custom_13\"><\/div><div class=\"testo-responsive-container decorative-border\" data-id=\"responsive_text_5\"><h3 class=\"testo-responsive\">Pazar\u0131m\u0131z \u0130talya ile s\u0131n\u0131rl\u0131 de\u011fil:<br>\n<\/h3><\/div><div class=\"empty-space-custom\" data-id=\"empty_space_custom_14\"><\/div><div class=\"testo-responsive-container\" data-id=\"responsive_text_6\"><p class=\"testo-responsive\">Ayn\u0131 zamanda T\u00fcrkiye, Meksika, \u00c7in, Hindistan, Orta Do\u011fu ve Orta Avrupa gibi uluslararas\u0131 pazarlarda da faaliyet g\u00f6steriyoruz. Yerel form\u00fclat\u00f6rler ve son kullan\u0131c\u0131lar i\u00e7in \u00f6zel \u00e7\u00f6z\u00fcmler geli\u015ftirmek \u00fczere acentalar ve i\u015f ortaklar\u0131yla birlikte \u00e7al\u0131\u015f\u0131yoruz.<br>\n<\/p><\/div><div class=\"empty-space-custom\" data-id=\"empty_space_custom_15\"><\/div><a class=\"button  \" data-id=\"button_4\" target=\"\" href=\"https:\/\/chimicalombarda.com\/tr\/ortak-olun\/\"><img decoding=\"async\" src=\"https:\/\/chimicalombarda.com\/wp-content\/uploads\/2025\/03\/become-partner.svg\" alt=\"icon\" \/><span>Ortak olun\u200e<br>\n<\/span><\/a>[\/vc_column_inner][vc_column_inner width=&#8221;2\/3&#8243;]<div class=\"empty-space-custom\" data-id=\"empty_space_custom_16\"><\/div><div class=\"padding-container\" data-id=\"padding-container_1\"><div class=\" responsive-image\" data-id=\"responsive_image_1\"><div class=\"responsive-image-wrapper\"><img decoding=\"async\" class=\"img-fluid d-none d-sm-inline-block\" src=\"https:\/\/chimicalombarda.com\/wp-content\/uploads\/2025\/03\/mappa.svg\" alt=\"\" title=\"mappa\"><img decoding=\"async\" class=\"img-fluid d-inline-block d-sm-none\" src=\"https:\/\/chimicalombarda.com\/wp-content\/uploads\/2025\/03\/mappa.svg\" alt=\"\" title=\"mappa\"><\/div><\/div><\/div>[\/vc_column_inner][\/vc_row_inner]<div class=\"empty-space-custom\" data-id=\"empty_space_custom_17\"><\/div>[vc_row_inner][vc_column_inner css=&#8221;.vc_custom_1741804441771{background-color: #FFFFFF1A !important;}&#8221;]<div class=\"empty-space-custom\" data-id=\"empty_space_custom_18\"><\/div>[\/vc_column_inner][\/vc_row_inner][\/vc_column][\/vc_row][vc_row full_width=&#8221;stretch_row_content_no_spaces&#8221; css=&#8221;.vc_custom_1741805581506{background-color: #030F0E !important;}&#8221;][vc_column][video_background_gradient video_url=&#8221;https:\/\/chimicalombarda.com\/wp-content\/uploads\/2025\/03\/Video_header.mp4&#8243; gradient_rule=&#8221;linear-gradient(0deg, rgba(3,15,14,0.36738445378151263) 0%, rgba(3,15,14,1) 58%)&#8221;]<div class=\"empty-space-custom\" data-id=\"empty_space_custom_19\"><\/div>[vc_row_inner][vc_column_inner width=&#8221;7\/12&#8243; offset=&#8221;vc_hidden-sm vc_hidden-xs&#8221;]<div class=\"label-container  inverted\"><div class=\"label\"><i class=\"fa fa-chevron-right\"><\/i> <span>\u00c7evreye Kar\u015f\u0131 Sorumlulu\u011fumuz<\/span><\/div><\/div><div class=\"empty-space-custom\" data-id=\"empty_space_custom_20\"><\/div><div class=\"testo-responsive-container\" data-id=\"responsive_text_7\"><h1 class=\"testo-responsive\">S\u00fcrd\u00fcr\u00fclebilirlik misyonumuzun merkezinde yer al\u0131r<br>\n<\/h1><\/div><div class=\"empty-space-custom\" data-id=\"empty_space_custom_21\"><\/div><a class=\"button  \" data-id=\"button_5\" target=\"\" href=\"https:\/\/chimicalombarda.com\/tr\/surdurulebilirlik\/\"><img decoding=\"async\" src=\"https:\/\/chimicalombarda.com\/wp-content\/uploads\/2025\/03\/world-yellow-1.svg\" alt=\"icon\" \/><span>\u00c7evre ve s\u00fcrd\u00fcr\u00fclebilirlik<br>\n<\/span><\/a>[\/vc_column_inner][vc_column_inner width=&#8221;5\/12&#8243; offset=&#8221;vc_hidden-sm vc_hidden-xs&#8221;]<div class=\"padding-container\" data-id=\"padding-container_2\"><div class=\"empty-space-custom\" data-id=\"empty_space_custom_22\"><\/div><div class=\"testo-responsive-container\" data-id=\"responsive_text_8\"><p class=\"testo-responsive\">Chimica Lombarda, yenilenebilir hammaddeler kullanan ve sera gaz\u0131 (CO\u2082) emisyonlar\u0131n\u0131 azaltan \u00fcretim teknolojilerini entegre eden \u00e7evre dostu \u00fcr\u00fcnler geli\u015ftirmi\u015ftir. Bu yakla\u015f\u0131m sadece etik bir tercih de\u011fil, ayn\u0131 zamanda \u00fcr\u00fcn kalitesi ve performanstan \u00f6d\u00fcn vermeden daha ye\u015fil bir gelece\u011fe katk\u0131 sa\u011flama stratejisidir.<br>\n<\/p><\/div><\/div>[\/vc_column_inner][\/vc_row_inner][vc_row_inner][vc_column_inner offset=&#8221;vc_hidden-lg vc_hidden-md&#8221;]<div class=\"label-container  inverted\"><div class=\"label\"><i class=\"fa fa-chevron-right\"><\/i> <span>L&#039;impegno verso l&#039;ambiente<\/span><\/div><\/div><div class=\"empty-space-custom\" data-id=\"empty_space_custom_23\"><\/div><div class=\"testo-responsive-container\" data-id=\"responsive_text_9\"><h1 class=\"testo-responsive\">La <strong>sostenibilit\u00e0<\/strong> \u00e8 il cuore pulsante della nostra missione<br>\n<\/h1><\/div><div class=\"empty-space-custom\" data-id=\"empty_space_custom_24\"><\/div><div class=\"testo-responsive-container\" data-id=\"responsive_text_10\"><p class=\"testo-responsive\">Chimica Lombarda ha infatti sviluppato prodotti all\u2019avanguardia che riducono l\u2019impatto ambientale, integrando nei propri processi produttivi, materie prime bio-based e tecnologie abbattano le emissioni in atmosfera di gas serra (CO2). Questo approccio non \u00e8 solo una scelta etica, ma una strategia che ci consente di contribuire concretamente ad un futuro pi\u00f9 verde senza compromettere la qualit\u00e0 e la performance dei nostri prodotti.<br>\n<\/p><\/div><div class=\"empty-space-custom\" data-id=\"empty_space_custom_25\"><\/div><a class=\"button  \" data-id=\"button_6\" target=\"\" href=\"#\"><img decoding=\"async\" src=\"https:\/\/chimicalombarda.com\/wp-content\/uploads\/2025\/03\/world-yellow-1.svg\" alt=\"icon\" \/><span>Ambiente e sostenibilit\u00e0<br>\n<\/span><\/a>[\/vc_column_inner][\/vc_row_inner]<div class=\"empty-space-custom\" data-id=\"empty_space_custom_26\"><\/div>[\/video_background_gradient][\/vc_column][\/vc_row][vc_row][vc_column]<div class=\"empty-space-custom\" data-id=\"empty_space_custom_27\"><\/div>[vc_row_inner el_class=&#8221;d-flex flex-column flex-md-row&#8221;][vc_column_inner el_class=&#8221;order-2 order-md-1&#8243; width=&#8221;1\/2&#8243;]<div class=\"label-container \"><div class=\"label\"><i class=\"fa fa-chevron-right\"><\/i> <span>Ekibimiz<\/span><\/div><\/div><div class=\"empty-space-custom\" data-id=\"empty_space_custom_28\"><\/div><div class=\"testo-responsive-container decorative-border\" data-id=\"responsive_text_11\"><h3 class=\"testo-responsive\">The strength of Chimica Lombarda lies in the expertise of its team<br>\n<\/h3><\/div><div class=\"empty-space-custom\" data-id=\"empty_space_custom_29\"><\/div><div class=\"testo-responsive-container\" data-id=\"responsive_text_12\"><p class=\"testo-responsive\">Chimica Lombarda\u2019n\u0131n g\u00fcc\u00fc, uzman ekibinde yatmaktad\u0131r. Operasyonlar\u0131m\u0131z\u0131n merkezinde, kimyasal \u00f6zel \u00fcr\u00fcnler ve ara maddelerin s\u00fcrd\u00fcr\u00fclebilir sanayi i\u00e7in d\u00f6ng\u00fcsel bile\u015fenler olarak tasarland\u0131\u011f\u0131 ileri d\u00fczeyde bir Ar-Ge merkezi yer al\u0131yor. Bu merkezde, y\u00fcksek nitelikli kimya m\u00fchendisleri ve uygulama teknisyenlerinden olu\u015fan bir ekip g\u00f6rev yapmaktad\u0131r. \u0130novasyon, burada bilimle \u015fekilleniyor.<br>\n<\/p><\/div>[\/vc_column_inner][vc_column_inner el_class=&#8221;order-1 order-md-2&#8243; width=&#8221;1\/2&#8243;]<div class=\"padding-container\" data-id=\"padding-container_3\"><div class=\" responsive-image\" data-id=\"responsive_image_2\"><div class=\"responsive-image-wrapper\"><img decoding=\"async\" class=\"img-fluid d-none d-sm-inline-block\" src=\"https:\/\/chimicalombarda.com\/wp-content\/uploads\/2025\/03\/Immagine.png\" alt=\"\" title=\"Immagine\"><img decoding=\"async\" class=\"img-fluid d-inline-block d-sm-none\" src=\"https:\/\/chimicalombarda.com\/wp-content\/uploads\/2025\/03\/Immagine.png\" alt=\"\" title=\"Immagine\"><\/div><\/div><\/div><div class=\"empty-space-custom\" data-id=\"empty_space_custom_30\"><\/div>[\/vc_column_inner][\/vc_row_inner]<div class=\"empty-space-custom\" data-id=\"empty_space_custom_31\"><\/div>[\/vc_column][\/vc_row][vc_row][vc_column]<div class=\"empty-space-custom\" data-id=\"empty_space_custom_32\"><\/div>[vc_row_inner][vc_column_inner width=&#8221;1\/2&#8243;]<div class=\"padding-container\" data-id=\"padding-container_4\"><div class=\" responsive-image\" data-id=\"responsive_image_3\"><div class=\"responsive-image-wrapper\"><img decoding=\"async\" class=\"img-fluid d-none d-sm-inline-block\" src=\"https:\/\/chimicalombarda.com\/wp-content\/uploads\/2025\/03\/Immagine-1.png\" alt=\"\" title=\"Immagine (1)\"><img decoding=\"async\" class=\"img-fluid d-inline-block d-sm-none\" src=\"https:\/\/chimicalombarda.com\/wp-content\/uploads\/2025\/03\/Immagine-1.png\" alt=\"\" title=\"Immagine (1)\"><\/div><\/div><\/div><div class=\"empty-space-custom\" data-id=\"empty_space_custom_33\"><\/div>[\/vc_column_inner][vc_column_inner width=&#8221;1\/2&#8243;]<div class=\"label-container \"><div class=\"label\"><i class=\"fa fa-chevron-right\"><\/i> <span>D\u00fczenleyici Departman\u0131m\u0131z<\/span><\/div><\/div><div class=\"empty-space-custom\" data-id=\"empty_space_custom_34\"><\/div><div class=\"testo-responsive-container decorative-border\" data-id=\"responsive_text_13\"><h3 class=\"testo-responsive\">Ar-Ge departman\u0131na ek olarak, d\u00fczenleme departman\u0131m\u0131z da m\u00fc\u015fterilerimize \u00f6nemli destek sa\u011flar.<br>\n<\/h3><\/div><div class=\"empty-space-custom\" data-id=\"empty_space_custom_35\"><\/div><div class=\"testo-responsive-container\" data-id=\"responsive_text_14\"><p class=\"testo-responsive\">Su bazl\u0131 kimyasal y\u00fczey i\u015flemleri tasarlayarak \u00e7evresel ve d\u00fczenleyici gereklilikleri kar\u015f\u0131lamak \u00fczere \u00e7ok katmanl\u0131 bir yakla\u015f\u0131m benimsiyoruz. D\u00fczenleme ekibimiz, sat\u0131n alma birimine s\u00fcrd\u00fcr\u00fclebilir hammadde ve tedarik\u00e7i ara\u015ft\u0131rmalar\u0131nda, pazarlama departman\u0131na ise \u00fcr\u00fcnlerin sekt\u00f6rel standartlara ve uluslararas\u0131 reg\u00fclasyonlara uygunlu\u011fu konusunda destek sa\u011flar.<br>\n<\/p><\/div>[\/vc_column_inner][\/vc_row_inner]<div class=\"empty-space-custom\" data-id=\"empty_space_custom_36\"><\/div>[vc_row_inner][vc_column_inner css=&#8221;.vc_custom_1741804441771{background-color: #FFFFFF1A !important;}&#8221;]<div class=\"empty-space-custom\" data-id=\"empty_space_custom_37\"><\/div>[\/vc_column_inner][\/vc_row_inner][\/vc_column][\/vc_row][vc_row full_width=&#8221;stretch_row_content_no_spaces&#8221;][vc_column][video_background_gradient background_type=&#8221;immagine&#8221; background_image=&#8221;203&#8243; gradient_rule=&#8221;linear-gradient( to top, rgba(3, 15, 14, 0.8) 10%, rgba(3, 15, 14, 0) 100% ), linear-gradient( to right, rgba(3, 15, 14, 0.9) 10%, rgba(3, 15, 14, 0) 100% )&#8221;]<div class=\"empty-space-custom\" data-id=\"empty_space_custom_38\"><\/div>[vc_row_inner][vc_column_inner width=&#8221;1\/2&#8243;]<div class=\"label-container  inverted\"><div class=\"label\"><i class=\"fa fa-chevron-right\"><\/i> <span>\u0130novasyon<\/span><\/div><\/div><div class=\"empty-space-custom\" data-id=\"empty_space_custom_39\"><\/div><div class=\"testo-responsive-container decorative-border\" data-id=\"responsive_text_15\"><h3 class=\"testo-responsive\">Gelece\u011fe Y\u00f6nelik Vizyonumuz<br>\n<\/h3><\/div><div class=\"empty-space-custom\" data-id=\"empty_space_custom_40\"><\/div><div class=\"testo-responsive-container\" data-id=\"responsive_text_16\"><p class=\"testo-responsive\">Sa\u011flam bir deneyime sahip olan Chimica Lombarda, \u00e7al\u0131\u015fanlar\u0131n\u0131n e\u011fitimi ve bilgilendirilmesine, s\u00fcrd\u00fcr\u00fclebilir ve yenilik\u00e7i \u00e7\u00f6z\u00fcmlerin geli\u015ftirilmesine s\u00fcrekli yat\u0131r\u0131m yapmaktad\u0131r. Hedefimiz, gelenek ve inovasyonun bir arada var olabilece\u011fini g\u00f6stererek sekt\u00f6r\u00fcn referans noktas\u0131 olmaya devam etmek, g\u00fcnl\u00fck ya\u015famda kullan\u0131lan malzemelerin kalitesini art\u0131rmakt\u0131r.<br>\n<\/p><\/div><div class=\"empty-space-custom\" data-id=\"empty_space_custom_41\"><\/div><a class=\"button  \" data-id=\"button_7\" target=\"\" href=\"https:\/\/chimicalombarda.com\/tr\/iletisim\/\"><img decoding=\"async\" src=\"https:\/\/chimicalombarda.com\/wp-content\/uploads\/2025\/03\/mess.svg\" alt=\"icon\" \/><span>Bize Ula\u015f\u0131n<br>\n<\/span><\/a>[\/vc_column_inner][vc_column_inner width=&#8221;1\/2&#8243;][\/vc_column_inner][\/vc_row_inner]<div class=\"empty-space-custom\" data-id=\"empty_space_custom_42\"><\/div><div class=\"container-fluid cta\" data-col-base=\"1\"  data-col-lg=\"2\"  data-id=\"cta_1\"><div class=\"row\"><div class=\"col-12 col-lg-6 p-0\"><div><a href=\"https:\/\/chimicalombarda.com\/tr\/sertifikalar\/\"><div class=\"cta-content\"><span>Sertifikalar<\/span><span class=\"label d-inline-block d-md-none\">Discover more<\/span><\/div><\/a><\/div><\/div><div class=\"col-12 col-lg-6 p-0\"><div><a href=\"https:\/\/chimicalombarda.com\/tr\/arastirma-ve-gelistirme\/\"><div class=\"cta-content\"><span>Ar-Ge departman\u0131m\u0131z<\/span><span class=\"label d-inline-block d-md-none\">Discover more<\/span><\/div><\/a><\/div><\/div><\/div><\/div><div class=\"empty-space-custom\" data-id=\"empty_space_custom_43\"><\/div>[\/video_background_gradient][\/vc_column][\/vc_row]<\/p>\n<\/div>","protected":false},"excerpt":{"rendered":"<p>[vc_row full_width=&#8221;stretch_row_content_no_spaces&#8221; css=&#8221;.vc_custom_1743425449929{background-color: #030F0E !important;}&#8221;][vc_column][video_background_gradient background_type=&#8221;immagine&#8221; background_image=&#8221;368&#8243;][vc_row_inner][vc_column_inner width=&#8221;5\/12&#8243;][\/vc_column_inner][vc_column_inner width=&#8221;7\/12&#8243;][\/vc_column_inner][\/vc_row_inner][vc_row_inner][vc_column_inner css=&#8221;.vc_custom_1741773509985{padding-top: 0px !important;padding-bottom: 0px !important;background-color: #FFFFFF1A !important;}&#8221;][\/vc_column_inner][\/vc_row_inner][\/video_background_gradient][\/vc_column][\/vc_row][vc_row full_width=&#8221;stretch_row&#8221; css=&#8221;.vc_custom_1741629619116{background-color: #030F0E !important;}&#8221;][vc_column width=&#8221;1\/6&#8243;][\/vc_column][vc_column width=&#8221;4\/6&#8243;][\/vc_column][vc_column width=&#8221;1\/6&#8243;][\/vc_column][\/vc_row][vc_row full_width=&#8221;stretch_row&#8221; css=&#8221;.vc_custom_1741777323755{background-color: #030F0E !important;}&#8221;][vc_column css=&#8221;.vc_custom_1741778561208{padding-top: 0px !important;}&#8221;][\/vc_column][\/vc_row][vc_row full_width=&#8221;stretch_row&#8221; css=&#8221;.vc_custom_1741629619116{background-color: #030F0E !important;}&#8221;][vc_column width=&#8221;1\/6&#8243;][\/vc_column][vc_column width=&#8221;4\/6&#8243;][\/vc_column][vc_column width=&#8221;1\/6&#8243;][\/vc_column][\/vc_row][vc_row full_width=&#8221;stretch_row&#8221; css=&#8221;.vc_custom_1741796339207{background-color: #030F0E !important;}&#8221;][vc_column css=&#8221;.vc_custom_1741796244727{background-color: #FFFFFF1A !important;}&#8221;][\/vc_column][\/vc_row][vc_row full_width=&#8221;stretch_row&#8221; css=&#8221;.vc_custom_1741796332587{background-color: #030F0E !important;}&#8221;][vc_column][vc_row_inner][vc_column_inner width=&#8221;1\/3&#8243;][\/vc_column_inner][vc_column_inner width=&#8221;2\/3&#8243;][\/vc_column_inner][\/vc_row_inner][vc_row_inner][vc_column_inner css=&#8221;.vc_custom_1741804441771{background-color: #FFFFFF1A !important;}&#8221;][\/vc_column_inner][\/vc_row_inner][\/vc_column][\/vc_row][vc_row full_width=&#8221;stretch_row_content_no_spaces&#8221; css=&#8221;.vc_custom_1741805581506{background-color: [&hellip;]<\/p>\n","protected":false},"author":2,"featured_media":0,"parent":0,"menu_order":0,"comment_status":"closed","ping_status":"closed","template":"","meta":{"_acf_changed":false,"inline_featured_image":false,"footnotes":""},"class_list":["post-1151","page","type-page","status-publish","hentry"],"acf":[],"aioseo_notices":[],"_links":{"self":[{"href":"https:\/\/chimicalombarda.com\/tr\/wp-json\/wp\/v2\/pages\/1151","targetHints":{"allow":["GET"]}}],"collection":[{"href":"https:\/\/chimicalombarda.com\/tr\/wp-json\/wp\/v2\/pages"}],"about":[{"href":"https:\/\/chimicalombarda.com\/tr\/wp-json\/wp\/v2\/types\/page"}],"author":[{"embeddable":true,"href":"https:\/\/chimicalombarda.com\/tr\/wp-json\/wp\/v2\/users\/2"}],"replies":[{"embeddable":true,"href":"https:\/\/chimicalombarda.com\/tr\/wp-json\/wp\/v2\/comments?post=1151"}],"version-history":[{"count":3,"href":"https:\/\/chimicalombarda.com\/tr\/wp-json\/wp\/v2\/pages\/1151\/revisions"}],"predecessor-version":[{"id":1226,"href":"https:\/\/chimicalombarda.com\/tr\/wp-json\/wp\/v2\/pages\/1151\/revisions\/1226"}],"wp:attachment":[{"href":"https:\/\/chimicalombarda.com\/tr\/wp-json\/wp\/v2\/media?parent=1151"}],"curies":[{"name":"wp","href":"https:\/\/api.w.org\/{rel}","templated":true}]}}