{"id":1155,"date":"2025-03-08T19:42:56","date_gmt":"2025-03-08T18:42:56","guid":{"rendered":"https:\/\/chimicalombarda.com\/contact\/"},"modified":"2025-05-12T10:04:29","modified_gmt":"2025-05-12T08:04:29","slug":"iletisim","status":"publish","type":"page","link":"https:\/\/chimicalombarda.com\/tr\/iletisim\/","title":{"rendered":"Contact &#8211; Iletism"},"content":{"rendered":"<div class=\"wpb-content-wrapper\"><p>[vc_row][vc_column]<div class=\"empty-space-custom\" data-id=\"empty_space_custom_1\"><\/div>[\/vc_column][\/vc_row][vc_row][vc_column width=&#8221;1\/3&#8243;]<div class=\"label-container \"><div class=\"label\"><i class=\"fa fa-chevron-right\"><\/i> <span>Bize Ula\u015f\u0131n<\/span><\/div><\/div><div class=\"empty-space-custom\" data-id=\"empty_space_custom_2\"><\/div><div class=\"testo-responsive-container decorative-border\" data-id=\"responsive_text_1\"><h3 class=\"testo-responsive\">Bize Ula\u015f\u0131n<br>\n<\/h3><\/div><div class=\"empty-space-custom\" data-id=\"empty_space_custom_3\"><\/div><div class=\"testo-responsive-container\" data-id=\"responsive_text_2\"><h4 class=\"testo-responsive\">\u0130dari ve \u00dcretim Merkezi<br>\n<\/h4><\/div><div class=\"testo-responsive-container\" data-id=\"responsive_text_3\"><h4 class=\"testo-responsive\">Konum: Via A. Volta, 30, Fombio (LO), \u0130talya.<br>\nResepsiyon Saatleri: 8:00 &#8211; 11:45 \/ 13:30 &#8211; 16:45.<br>\nYasal Adres: Via F. Casati, 32 &#8211; 20124 Milano<br>\n\u0130leti\u015fim numaram\u0131z: Tel. +39 0377.433202<br \/>\nBizimle ileti\u015fime ge\u00e7mek i\u00e7in bize e-posta da g\u00f6nderebilirsiniz:\u00a0 <a href=\"mailto:commerciale@chimicalombarda.it\">commerciale@chimicalombarda.it<\/a><br>\n<\/h4><\/div><div class=\"empty-space-custom\" data-id=\"empty_space_custom_4\"><\/div><div class=\"testo-responsive-container\" data-id=\"responsive_text_4\"><h4 class=\"testo-responsive\">Hukuk Genel Merkezi<br>\n<\/h4><\/div><div class=\"testo-responsive-container\" data-id=\"responsive_text_5\"><h4 class=\"testo-responsive\">Via F. Casati, 32 &#8211; 20124 Milano (MI)<br \/>\nMilano \u015eirketler Sicili &#8211; Vergi Kodu \/ KDV No. 11359270151<br \/>\nR.E.A. MI 1463484 &#8211; Sermaye 10.400 \u20ac<br>\n<\/h4><\/div><div class=\"empty-space-custom\" data-id=\"empty_space_custom_5\"><\/div>[\/vc_column][vc_column width=&#8221;2\/3&#8243;]<div class=\"label-container \"><div class=\"label\"><i class=\"fa fa-chevron-right\"><\/i> <span>Bilgi talep edin<\/span><\/div><\/div><div class=\"empty-space-custom\" data-id=\"empty_space_custom_6\"><\/div><div class=\"testo-responsive-container decorative-border\" data-id=\"responsive_text_6\"><h3 class=\"testo-responsive\">Daha fazla bilgi istemek i\u00e7in formu doldurun<br>\n<\/h3><\/div><div class=\"empty-space-custom\" data-id=\"empty_space_custom_7\"><\/div>\n<div class=\"wpcf7 no-js\" id=\"wpcf7-f1282-o1\" lang=\"en-US\" dir=\"ltr\" data-wpcf7-id=\"1282\">\n<div class=\"screen-reader-response\"><p role=\"status\" aria-live=\"polite\" aria-atomic=\"true\"><\/p> <ul><\/ul><\/div>\n<form action=\"\/tr\/wp-json\/wp\/v2\/pages\/1155#wpcf7-f1282-o1\" method=\"post\" class=\"wpcf7-form init\" aria-label=\"Contact form\" novalidate=\"novalidate\" data-status=\"init\">\n<fieldset class=\"hidden-fields-container\"><input type=\"hidden\" name=\"_wpcf7\" value=\"1282\" \/><input type=\"hidden\" name=\"_wpcf7_version\" value=\"6.1.6\" \/><input type=\"hidden\" name=\"_wpcf7_locale\" value=\"en_US\" \/><input type=\"hidden\" name=\"_wpcf7_unit_tag\" value=\"wpcf7-f1282-o1\" \/><input type=\"hidden\" name=\"_wpcf7_container_post\" value=\"0\" \/><input type=\"hidden\" name=\"_wpcf7_posted_data_hash\" value=\"\" \/><input type=\"hidden\" name=\"_wpcf7_recaptcha_response\" value=\"\" \/>\n<\/fieldset>\n<div class=\"row gx-0 gx-lg-3\">\n  <div class=\"col-12 px-0 py-1 p-md\">\n      <span class=\"wpcf7-form-control-wrap\" data-name=\"nome-cognome\"><input size=\"40\" maxlength=\"400\" class=\"wpcf7-form-control wpcf7-text wpcf7-validates-as-required\" aria-required=\"true\" aria-invalid=\"false\" placeholder=\"Ad ve Soyad\u0131\" value=\"\" type=\"text\" name=\"nome-cognome\" \/><\/span>\n    <\/div>\n  <\/div>\n\n  <div class=\"row gx-0 gx-lg-3\">\n    <div class=\"col-12 col-md-6 px-0 py-1 p-md-1\">\n      <span class=\"wpcf7-form-control-wrap\" data-name=\"citta\"><input size=\"40\" maxlength=\"400\" class=\"wpcf7-form-control wpcf7-text wpcf7-validates-as-required\" aria-required=\"true\" aria-invalid=\"false\" placeholder=\"\u015eehir\" value=\"\" type=\"text\" name=\"citta\" \/><\/span>\n    <\/div>\n    <div class=\"col-12 col-md-6 px-0 py-1 p-md-1\">\n      <span class=\"wpcf7-form-control-wrap\" data-name=\"cap\"><input size=\"40\" maxlength=\"400\" class=\"wpcf7-form-control wpcf7-text wpcf7-validates-as-required\" aria-required=\"true\" aria-invalid=\"false\" placeholder=\"POSTA KODU\" value=\"\" type=\"text\" name=\"cap\" \/><\/span>\n    <\/div>\n  <\/div>\n\n  <div class=\"row gx-0 gx-lg-3\">\n    <div class=\"col-12 col-md-6 px-0 py-1 p-md-1\">\n      <span class=\"wpcf7-form-control-wrap\" data-name=\"stato\"><input size=\"40\" maxlength=\"400\" class=\"wpcf7-form-control wpcf7-text wpcf7-validates-as-required\" aria-required=\"true\" aria-invalid=\"false\" placeholder=\"\u00dclke\" value=\"\" type=\"text\" name=\"stato\" \/><\/span>\n    <\/div>\n    <div class=\"col-12 col-md-6 px-0 py-1 p-md-1\">\n      <span class=\"wpcf7-form-control-wrap\" data-name=\"telefono\"><input size=\"40\" maxlength=\"400\" class=\"wpcf7-form-control wpcf7-tel wpcf7-validates-as-required wpcf7-text wpcf7-validates-as-tel\" aria-required=\"true\" aria-invalid=\"false\" placeholder=\"Telefon\" value=\"\" type=\"tel\" name=\"telefono\" \/><\/span>\n    <\/div>\n  <\/div>\n\n  <div class=\"row gx-0 gx-lg-3\">\n    <div class=\"col-12 col-md-6 px-0 py-1 p-md-1\">\n      <span class=\"wpcf7-form-control-wrap\" data-name=\"email\"><input size=\"40\" maxlength=\"400\" class=\"wpcf7-form-control wpcf7-email wpcf7-validates-as-required wpcf7-text wpcf7-validates-as-email\" aria-required=\"true\" aria-invalid=\"false\" placeholder=\"E-posta\" value=\"\" type=\"email\" name=\"email\" \/><\/span>\n    <\/div>\n    <div class=\"col-12 col-md-6 px-0 py-1 p-md-1\">\n      <span class=\"wpcf7-form-control-wrap\" data-name=\"sito-internet\"><input size=\"40\" maxlength=\"400\" class=\"wpcf7-form-control wpcf7-url wpcf7-text wpcf7-validates-as-url\" aria-invalid=\"false\" placeholder=\"Web sitesi (optional)\" value=\"\" type=\"url\" name=\"sito-internet\" \/><\/span>\n    <\/div>\n  <\/div>\n\n  <div class=\"row gx-0 gx-lg-3\">\n    <div class=\"col-12 px-0 py-1 p-md-1\">\n      <span class=\"wpcf7-form-control-wrap\" data-name=\"messaggio\"><textarea cols=\"40\" rows=\"10\" maxlength=\"2000\" class=\"wpcf7-form-control wpcf7-textarea wpcf7-validates-as-required\" aria-required=\"true\" aria-invalid=\"false\" placeholder=\"Mesajla\u015fma\" name=\"messaggio\"><\/textarea><\/span>\n    <\/div>\n  <\/div>\n\n  <div class=\"row gx-0 gx-lg-3\">\n    <div class=\"col-12 px-0 py-1 p-md-1\">\n      <span class=\"wpcf7-form-control-wrap\" data-name=\"privacy\"><span class=\"wpcf7-form-control wpcf7-acceptance\"><span class=\"wpcf7-list-item\"><label><input type=\"checkbox\" name=\"privacy\" value=\"1\" class=\"form-check-input\" aria-invalid=\"false\" \/><span class=\"wpcf7-list-item-label\">Bu s\u00f6zle\u015fmenin ko\u015fullar\u0131n\u0131 kabul ediyorum. <a href=\"https:\/\/chimicalombarda.com\/tr\/privacy-policy\/\"target=\"_blank\">privacy<\/a><\/span><\/label><\/span><\/span><\/span>\n    <\/div>\n  <\/div>\n\n  <div class=\"row gx-0 gx-lg-3\">\n    <div class=\"col-12 px-0 py-1 p-md-1\">\n      <input class=\"wpcf7-form-control wpcf7-submit has-spinner btn btn-primary\" type=\"submit\" value=\"G\u00f6nder\" \/>\n    <\/div>\n  <\/div>\n<\/div><div class=\"wpcf7-response-output\" aria-hidden=\"true\"><\/div>\n<\/form>\n<\/div>\n[\/vc_column][\/vc_row][vc_row][vc_column]<div class=\"empty-space-custom\" data-id=\"empty_space_custom_8\"><\/div>[\/vc_column][\/vc_row][vc_row][vc_column][vc_gmaps link=&#8221;#E-8_JTNDaWZyYW1lJTIwc3JjJTNEJTIyaHR0cHMlM0ElMkYlMkZ3d3cuZ29vZ2xlLmNvbSUyRm1hcHMlMkZlbWJlZCUzRnBiJTNEJTIxMW0xNCUyMTFtOCUyMTFtMyUyMTFkMjI1MTQuNjIzNDgyMTM4NzMzJTIxMmQ5LjY3OTkxNCUyMTNkNDUuMTM5OTUzJTIxM20yJTIxMWkxMDI0JTIxMmk3NjglMjE0ZjEzLjElMjEzbTMlMjExbTIlMjExczB4NDc4MGRlZjdhOGY4MTJkZiUyNTNBMHhiZjc1ODdhMGM0YzhhMDFlJTIxMnNDaGltaWNhJTI1MjBMb21iYXJkYSUyNTIwUy5yLmwuJTIxNWUwJTIxM20yJTIxMXNpdCUyMTJzdXMlMjE0djE3NDM1OTU1Njk0NTMlMjE1bTIlMjExc2l0JTIxMnN1cyUyMiUyMHdpZHRoJTNEJTIyNjAwJTIyJTIwaGVpZ2h0JTNEJTIyNDUwJTIyJTIwc3R5bGUlM0QlMjJib3JkZXIlM0EwJTNCJTIyJTIwYWxsb3dmdWxsc2NyZWVuJTNEJTIyJTIyJTIwbG9hZGluZyUzRCUyMmxhenklMjIlMjByZWZlcnJlcnBvbGljeSUzRCUyMm5vLXJlZmVycmVyLXdoZW4tZG93bmdyYWRlJTIyJTNFJTNDJTJGaWZyYW1lJTNF&#8221; css=&#8221;&#8221;][\/vc_column][\/vc_row][vc_row][vc_column]<div class=\"empty-space-custom\" data-id=\"empty_space_custom_9\"><\/div>[\/vc_column][\/vc_row]<\/p>\n<\/div>","protected":false},"excerpt":{"rendered":"<p>[vc_row][vc_column][\/vc_column][\/vc_row][vc_row][vc_column width=&#8221;1\/3&#8243;][\/vc_column][vc_column width=&#8221;2\/3&#8243;][\/vc_column][\/vc_row][vc_row][vc_column][\/vc_column][\/vc_row][vc_row][vc_column][vc_gmaps link=&#8221;#E-8_JTNDaWZyYW1lJTIwc3JjJTNEJTIyaHR0cHMlM0ElMkYlMkZ3d3cuZ29vZ2xlLmNvbSUyRm1hcHMlMkZlbWJlZCUzRnBiJTNEJTIxMW0xNCUyMTFtOCUyMTFtMyUyMTFkMjI1MTQuNjIzNDgyMTM4NzMzJTIxMmQ5LjY3OTkxNCUyMTNkNDUuMTM5OTUzJTIxM20yJTIxMWkxMDI0JTIxMmk3NjglMjE0ZjEzLjElMjEzbTMlMjExbTIlMjExczB4NDc4MGRlZjdhOGY4MTJkZiUyNTNBMHhiZjc1ODdhMGM0YzhhMDFlJTIxMnNDaGltaWNhJTI1MjBMb21iYXJkYSUyNTIwUy5yLmwuJTIxNWUwJTIxM20yJTIxMXNpdCUyMTJzdXMlMjE0djE3NDM1OTU1Njk0NTMlMjE1bTIlMjExc2l0JTIxMnN1cyUyMiUyMHdpZHRoJTNEJTIyNjAwJTIyJTIwaGVpZ2h0JTNEJTIyNDUwJTIyJTIwc3R5bGUlM0QlMjJib3JkZXIlM0EwJTNCJTIyJTIwYWxsb3dmdWxsc2NyZWVuJTNEJTIyJTIyJTIwbG9hZGluZyUzRCUyMmxhenklMjIlMjByZWZlcnJlcnBvbGljeSUzRCUyMm5vLXJlZmVycmVyLXdoZW4tZG93bmdyYWRlJTIyJTNFJTNDJTJGaWZyYW1lJTNF&#8221; css=&#8221;&#8221;][\/vc_column][\/vc_row][vc_row][vc_column][\/vc_column][\/vc_row]<\/p>\n","protected":false},"author":1,"featured_media":0,"parent":0,"menu_order":0,"comment_status":"closed","ping_status":"closed","template":"","meta":{"_acf_changed":false,"inline_featured_image":false,"footnotes":""},"class_list":["post-1155","page","type-page","status-publish","hentry"],"acf":[],"aioseo_notices":[],"_links":{"self":[{"href":"https:\/\/chimicalombarda.com\/tr\/wp-json\/wp\/v2\/pages\/1155","targetHints":{"allow":["GET"]}}],"collection":[{"href":"https:\/\/chimicalombarda.com\/tr\/wp-json\/wp\/v2\/pages"}],"about":[{"href":"https:\/\/chimicalombarda.com\/tr\/wp-json\/wp\/v2\/types\/page"}],"author":[{"embeddable":true,"href":"https:\/\/chimicalombarda.com\/tr\/wp-json\/wp\/v2\/users\/1"}],"replies":[{"embeddable":true,"href":"https:\/\/chimicalombarda.com\/tr\/wp-json\/wp\/v2\/comments?post=1155"}],"version-history":[{"count":5,"href":"https:\/\/chimicalombarda.com\/tr\/wp-json\/wp\/v2\/pages\/1155\/revisions"}],"predecessor-version":[{"id":1283,"href":"https:\/\/chimicalombarda.com\/tr\/wp-json\/wp\/v2\/pages\/1155\/revisions\/1283"}],"wp:attachment":[{"href":"https:\/\/chimicalombarda.com\/tr\/wp-json\/wp\/v2\/media?parent=1155"}],"curies":[{"name":"wp","href":"https:\/\/api.w.org\/{rel}","templated":true}]}}