{"id":1157,"date":"2025-03-25T14:57:49","date_gmt":"2025-03-25T13:57:49","guid":{"rendered":"https:\/\/chimicalombarda.com\/logistics\/"},"modified":"2025-05-12T10:14:29","modified_gmt":"2025-05-12T08:14:29","slug":"lojistik","status":"publish","type":"page","link":"https:\/\/chimicalombarda.com\/tr\/lojistik\/","title":{"rendered":"Logistics &#8211; Lojistik"},"content":{"rendered":"<div class=\"wpb-content-wrapper\"><p>[vc_row full_width=&#8221;stretch_row_content_no_spaces&#8221; css=&#8221;.vc_custom_1743427916119{background-color: #030F0E !important;}&#8221;][vc_column][video_background_gradient background_type=&#8221;immagine&#8221; background_image=&#8221;203&#8243;][vc_row_inner][vc_column_inner width=&#8221;5\/12&#8243;]<div class=\"empty-space-custom\" data-id=\"empty_space_custom_1\"><\/div><div class=\"label-container  inverted\"><div class=\"label\"><i class=\"fa fa-chevron-right\"><\/i> <span>Lojistik<\/span><\/div><\/div><div class=\"empty-space-custom\" data-id=\"empty_space_custom_2\"><\/div><div class=\"testo-responsive-container decorative-border\" data-id=\"responsive_text_1\"><h1 class=\"testo-responsive\"><strong>Verimli bir lojistik sistemiyle m\u00fckemmel hizmet<\/strong><br>\n<\/h1><\/div><div class=\"empty-space-custom\" data-id=\"empty_space_custom_3\"><\/div>[\/vc_column_inner][vc_column_inner width=&#8221;7\/12&#8243;][\/vc_column_inner][\/vc_row_inner][vc_row_inner][vc_column_inner css=&#8221;.vc_custom_1741773509985{padding-top: 0px !important;padding-bottom: 0px !important;background-color: #FFFFFF1A !important;}&#8221;]<div class=\"empty-space-custom\" data-id=\"empty_space_custom_4\"><\/div>[\/vc_column_inner][\/vc_row_inner]<div class=\"empty-space-custom\" data-id=\"empty_space_custom_5\"><\/div>[\/video_background_gradient][\/vc_column][\/vc_row][vc_row full_width=&#8221;stretch_row&#8221; css=&#8221;.vc_custom_1741629619116{background-color: #030F0E !important;}&#8221;][vc_column width=&#8221;1\/6&#8243;][\/vc_column][vc_column width=&#8221;4\/6&#8243;]<div class=\"label-container text-center inverted\"><div class=\"label\"><i class=\"fa fa-chevron-right\"><\/i> <span>Lojistik Hizmeti<\/span><\/div><\/div><div class=\"empty-space-custom\" data-id=\"empty_space_custom_6\"><\/div><div class=\"testo-responsive-container\" data-id=\"responsive_text_2\"><p class=\"testo-responsive\">Lojistik, Chimica Lombarda\u2019n\u0131n sundu\u011fu hizmetin temel yap\u0131 ta\u015flar\u0131ndan biridir. Kusursuz organizasyonu ve optimize edilmi\u015f s\u00fcre\u00e7leri sayesinde, \u015firket m\u00fc\u015fteri taleplerinden itibaren 5 i\u015f g\u00fcn\u00fc i\u00e7inde \u0130talya i\u00e7i teslimat garantisi verir. Bu h\u0131z, end\u00fcstriyel ortaklar\u0131n bekleme s\u00fcrelerini azaltmas\u0131na ve operasyonel verimlili\u011fi art\u0131rmas\u0131na olanak tan\u0131r. M\u00fckemmel lojistik hedefi, \u015firket misyonunun ayr\u0131lmaz bir par\u00e7as\u0131d\u0131r ve m\u00fc\u015fterilere zaman\u0131nda ve g\u00fcvenilir teslimat sunar.<br>\n<\/p><\/div><div class=\"empty-space-custom\" data-id=\"empty_space_custom_7\"><\/div>[\/vc_column][vc_column width=&#8221;1\/6&#8243;][\/vc_column][\/vc_row][vc_row full_width=&#8221;stretch_row&#8221; css=&#8221;.vc_custom_1741777323755{background-color: #030F0E !important;}&#8221;][vc_column css=&#8221;.vc_custom_1741778561208{padding-top: 0px !important;}&#8221;]<div class=\"buttons-container\" data-id=\"buttons-container_1\"><a class=\"button  \" data-id=\"button_1\" target=\"\" href=\"\"><img decoding=\"async\" src=\"https:\/\/chimicalombarda.com\/wp-content\/uploads\/2025\/03\/innovazione.svg\" alt=\"icon\" \/><span>\u0130novasyon<br>\n<\/span><\/a><a class=\"button  \" data-id=\"button_2\" target=\"\" href=\"\"><img decoding=\"async\" src=\"https:\/\/chimicalombarda.com\/wp-content\/uploads\/2025\/03\/affidabilita.svg\" alt=\"icon\" \/><span>G\u00fcvenilirlik<br>\n<\/span><\/a><a class=\"button  \" data-id=\"button_3\" target=\"\" href=\"\"><img decoding=\"async\" src=\"https:\/\/chimicalombarda.com\/wp-content\/uploads\/2025\/03\/performance.svg\" alt=\"icon\" \/><span>Performans<br>\n<\/span><\/a><\/div><div class=\"empty-space-custom\" data-id=\"empty_space_custom_8\"><\/div>[\/vc_column][\/vc_row][vc_row full_width=&#8221;stretch_row&#8221; disable_element=&#8221;yes&#8221; css=&#8221;.vc_custom_1742906922175{background-color: #030F0E !important;}&#8221;][vc_column width=&#8221;1\/6&#8243;][\/vc_column][vc_column width=&#8221;4\/6&#8243;]<div class=\"testo-responsive-container\" data-id=\"responsive_text_3\"><p class=\"testo-responsive\">Every choice we make, from our production processes to our product portfolio, is guided by respect for the environment and a commitment to creating value for our customers.<br>\n<\/p><\/div><div class=\"empty-space-custom\" data-id=\"empty_space_custom_9\"><\/div>[\/vc_column][vc_column width=&#8221;1\/6&#8243;][\/vc_column][\/vc_row][vc_row full_width=&#8221;stretch_row&#8221; css=&#8221;.vc_custom_1741796339207{background-color: #030F0E !important;}&#8221;][vc_column css=&#8221;.vc_custom_1741796244727{background-color: #FFFFFF1A !important;}&#8221;]<div class=\"empty-space-custom\" data-id=\"empty_space_custom_10\"><\/div>[\/vc_column][\/vc_row][vc_row full_width=&#8221;stretch_row_content_no_spaces&#8221; css=&#8221;.vc_custom_1741805581506{background-color: #030F0E !important;}&#8221;][vc_column][video_background_gradient video_url=&#8221;https:\/\/chimicalombarda.com\/wp-content\/uploads\/2025\/03\/Video_header.mp4&#8243; gradient_rule=&#8221;linear-gradient(0deg, rgba(3,15,14,0.36738445378151263) 0%, rgba(3,15,14,1) 58%)&#8221;]<div class=\"empty-space-custom\" data-id=\"empty_space_custom_11\"><\/div>[vc_row_inner][vc_column_inner width=&#8221;7\/12&#8243;]<div class=\"label-container  inverted\"><div class=\"label\"><i class=\"fa fa-chevron-right\"><\/i> <span>Depolama ve Ta\u015f\u0131ma<\/span><\/div><\/div><div class=\"empty-space-custom\" data-id=\"empty_space_custom_12\"><\/div><div class=\"testo-responsive-container\" data-id=\"responsive_text_4\"><h2 class=\"testo-responsive\"><br>\n<h2>Chimica Lombarda\u2019n\u0131n lojistik sistemi, 1.600 m\u00b2\u2019den b\u00fcy\u00fck depolama alan\u0131na sahip bir depo \u00fczerine kuruludur.<\/h2>\n\n<\/h2><\/div>[\/vc_column_inner][vc_column_inner width=&#8221;5\/12&#8243;]<div class=\"padding-container\" data-id=\"padding-container_1\"><div class=\"empty-space-custom\" data-id=\"empty_space_custom_13\"><\/div><div class=\"testo-responsive-container\" data-id=\"responsive_text_5\"><p class=\"testo-responsive\">Bu depo, y\u00fcksek stok kapasitesi ve \u00fcr\u00fcnlerin haz\u0131r bulunabilirli\u011fini garanti edecek \u015fekilde tasarlanm\u0131\u015ft\u0131r. Geli\u015fmi\u015f dijital kontrol sistemi sayesinde, y\u00fckleme, bo\u015faltma ve sipari\u015f haz\u0131rlama i\u015flemleri verimli bir \u015fekilde y\u00f6netilir ve her sevkiyat\u0131n zaman\u0131nda haz\u0131r olmas\u0131 sa\u011flan\u0131r.<br>\nTa\u015f\u0131mac\u0131l\u0131k i\u00e7in, maksimum \u00f6zenle \u00e7al\u0131\u015fan g\u00fcvenilir sekt\u00f6rel i\u015f ortaklar\u0131 se\u00e7ilmi\u015ftir. Bu i\u015f ortaklar\u0131, \u00fcr\u00fcnlerin m\u00fckemmel ko\u015fullarda, g\u00fcvenlik ve zamanlama standartlar\u0131na uygun olarak var\u0131\u015f noktalar\u0131na ula\u015fmas\u0131n\u0131 garanti eder. Modern altyap\u0131 ve profesyonel ta\u015f\u0131ma a\u011f\u0131n\u0131n birle\u015fimi, Chimica Lombarda\u2019ya rekabet avantaj\u0131 sa\u011flar.<br>\n<\/p><\/div><\/div>[\/vc_column_inner][\/vc_row_inner]<div class=\"empty-space-custom\" data-id=\"empty_space_custom_14\"><\/div>[vc_row_inner][vc_column_inner]<div class=\"empty-space-custom\" data-id=\"empty_space_custom_15\"><\/div><div class=\"label-container  inverted\"><div class=\"label\"><i class=\"fa fa-chevron-right\"><\/i> <span>Sat\u0131\u015f Sonras\u0131 Hizmet<\/span><\/div><\/div><div class=\"empty-space-custom\" data-id=\"empty_space_custom_16\"><\/div><div class=\"testo-responsive-container\" data-id=\"responsive_text_6\"><h2 class=\"testo-responsive\">M\u00fc\u015fteri odakl\u0131 bir yakla\u015f\u0131m<br>\n<\/h2><\/div><div class=\"empty-space-custom\" data-id=\"empty_space_custom_17\"><\/div><div class=\"testo-responsive-container\" data-id=\"responsive_text_7\"><p class=\"testo-responsive\">Chimica Lombarda\u2019n\u0131n taahh\u00fcd\u00fc, \u00fcr\u00fcnlerin teslimat\u0131yla sona ermez. \u015eirket, sat\u0131\u015f sonras\u0131 hizmet kapsam\u0131nda her a\u015famada m\u00fc\u015fterilerine destek sunar. Teknik sorunlar\u0131n \u00e7\u00f6z\u00fcm\u00fcnden, d\u00fczenleyici belgelerin sa\u011flanmas\u0131na kadar bir\u00e7ok konuda yard\u0131mc\u0131 olunur. Bu m\u00fc\u015fteri odakl\u0131 yakla\u015f\u0131m, Chimica Lombarda\u2019ya duyulan g\u00fcveni peki\u015ftirir ve onu g\u00fcvenilir ve proaktif \u00a0bir i\u015f orta\u011f\u0131 olarak \u00f6ne \u00e7\u0131kar\u0131r.<br>\n<\/p><\/div><div class=\"empty-space-custom\" data-id=\"empty_space_custom_18\"><\/div>[\/vc_column_inner][\/vc_row_inner]<div class=\"empty-space-custom\" data-id=\"empty_space_custom_19\"><\/div>[vc_row_inner equal_height=&#8221;yes&#8221; css=&#8221;.vc_custom_1741970712250{background-color: #FFFFFF33 !important;}&#8221; el_class=&#8221;border-radius-12&#8243;][vc_column_inner width=&#8221;1\/2&#8243; offset=&#8221;vc_hidden-sm vc_hidden-xs&#8221; css=&#8221;.vc_custom_1741970726429{padding-top: 16px !important;padding-bottom: 16px !important;padding-left: 24px !important;}&#8221;]<div class=\"testo-responsive-container\" data-id=\"responsive_text_8\"><div class=\"testo-responsive has-icon\"><img decoding=\"async\" src=\"https:\/\/chimicalombarda.com\/wp-content\/uploads\/2025\/03\/consulenza.svg\" alt=\"icon\" \/><span>Dan\u0131\u015fmanl\u0131k talep edin<br>\n<\/span><\/div><\/div>[\/vc_column_inner][vc_column_inner width=&#8221;1\/2&#8243; offset=&#8221;vc_hidden-sm vc_hidden-xs&#8221; css=&#8221;.vc_custom_1741970736460{padding-top: 16px !important;padding-right: 24px !important;padding-bottom: 16px !important;}&#8221;]<div class=\"buttons-container\" data-id=\"buttons-container_2\"><a class=\"button  \" data-id=\"button_4\" target=\"\" href=\"https:\/\/chimicalombarda.com\/tr\/iletisim\/\"><img decoding=\"async\" src=\"https:\/\/chimicalombarda.com\/wp-content\/uploads\/2025\/03\/mess.svg\" alt=\"icon\" \/><span>Bize Ula\u015f\u0131n<br>\n<\/span><\/a><\/div>[\/vc_column_inner][\/vc_row_inner][\/video_background_gradient]<div class=\"empty-space-custom\" data-id=\"empty_space_custom_20\"><\/div>[\/vc_column][\/vc_row]<\/p>\n<\/div>","protected":false},"excerpt":{"rendered":"<p>[vc_row full_width=&#8221;stretch_row_content_no_spaces&#8221; css=&#8221;.vc_custom_1743427916119{background-color: #030F0E !important;}&#8221;][vc_column][video_background_gradient background_type=&#8221;immagine&#8221; background_image=&#8221;203&#8243;][vc_row_inner][vc_column_inner width=&#8221;5\/12&#8243;][\/vc_column_inner][vc_column_inner width=&#8221;7\/12&#8243;][\/vc_column_inner][\/vc_row_inner][vc_row_inner][vc_column_inner css=&#8221;.vc_custom_1741773509985{padding-top: 0px !important;padding-bottom: 0px !important;background-color: #FFFFFF1A !important;}&#8221;][\/vc_column_inner][\/vc_row_inner][\/video_background_gradient][\/vc_column][\/vc_row][vc_row full_width=&#8221;stretch_row&#8221; css=&#8221;.vc_custom_1741629619116{background-color: #030F0E !important;}&#8221;][vc_column width=&#8221;1\/6&#8243;][\/vc_column][vc_column width=&#8221;4\/6&#8243;][\/vc_column][vc_column width=&#8221;1\/6&#8243;][\/vc_column][\/vc_row][vc_row full_width=&#8221;stretch_row&#8221; css=&#8221;.vc_custom_1741777323755{background-color: #030F0E !important;}&#8221;][vc_column css=&#8221;.vc_custom_1741778561208{padding-top: 0px !important;}&#8221;][\/vc_column][\/vc_row][vc_row full_width=&#8221;stretch_row&#8221; disable_element=&#8221;yes&#8221; css=&#8221;.vc_custom_1742906922175{background-color: #030F0E !important;}&#8221;][vc_column width=&#8221;1\/6&#8243;][\/vc_column][vc_column width=&#8221;4\/6&#8243;][\/vc_column][vc_column width=&#8221;1\/6&#8243;][\/vc_column][\/vc_row][vc_row full_width=&#8221;stretch_row&#8221; css=&#8221;.vc_custom_1741796339207{background-color: #030F0E !important;}&#8221;][vc_column css=&#8221;.vc_custom_1741796244727{background-color: #FFFFFF1A !important;}&#8221;][\/vc_column][\/vc_row][vc_row full_width=&#8221;stretch_row_content_no_spaces&#8221; css=&#8221;.vc_custom_1741805581506{background-color: #030F0E !important;}&#8221;][vc_column][video_background_gradient video_url=&#8221;https:\/\/chimicalombarda.com\/wp-content\/uploads\/2025\/03\/Video_header.mp4&#8243; gradient_rule=&#8221;linear-gradient(0deg, rgba(3,15,14,0.36738445378151263) 0%, rgba(3,15,14,1) 58%)&#8221;][vc_row_inner][vc_column_inner [&hellip;]<\/p>\n","protected":false},"author":4,"featured_media":0,"parent":0,"menu_order":0,"comment_status":"closed","ping_status":"closed","template":"","meta":{"_acf_changed":false,"inline_featured_image":false,"footnotes":""},"class_list":["post-1157","page","type-page","status-publish","hentry"],"acf":[],"aioseo_notices":[],"_links":{"self":[{"href":"https:\/\/chimicalombarda.com\/tr\/wp-json\/wp\/v2\/pages\/1157","targetHints":{"allow":["GET"]}}],"collection":[{"href":"https:\/\/chimicalombarda.com\/tr\/wp-json\/wp\/v2\/pages"}],"about":[{"href":"https:\/\/chimicalombarda.com\/tr\/wp-json\/wp\/v2\/types\/page"}],"author":[{"embeddable":true,"href":"https:\/\/chimicalombarda.com\/tr\/wp-json\/wp\/v2\/users\/4"}],"replies":[{"embeddable":true,"href":"https:\/\/chimicalombarda.com\/tr\/wp-json\/wp\/v2\/comments?post=1157"}],"version-history":[{"count":3,"href":"https:\/\/chimicalombarda.com\/tr\/wp-json\/wp\/v2\/pages\/1157\/revisions"}],"predecessor-version":[{"id":1234,"href":"https:\/\/chimicalombarda.com\/tr\/wp-json\/wp\/v2\/pages\/1157\/revisions\/1234"}],"wp:attachment":[{"href":"https:\/\/chimicalombarda.com\/tr\/wp-json\/wp\/v2\/media?parent=1157"}],"curies":[{"name":"wp","href":"https:\/\/api.w.org\/{rel}","templated":true}]}}