{"id":1160,"date":"2025-03-25T16:01:07","date_gmt":"2025-03-25T15:01:07","guid":{"rendered":"https:\/\/chimicalombarda.com\/leather-coating\/"},"modified":"2025-10-03T12:54:18","modified_gmt":"2025-10-03T10:54:18","slug":"deri-finisaji","status":"publish","type":"page","link":"https:\/\/chimicalombarda.com\/tr\/deri-finisaji\/","title":{"rendered":"Leather Coating &#8211; Deri Finisaj\u0131"},"content":{"rendered":"<div class=\"wpb-content-wrapper\"><p>[vc_row full_width=&#8221;stretch_row_content_no_spaces&#8221; css=&#8221;.vc_custom_1743427888973{background-color: #030F0E !important;}&#8221;][vc_column][video_background_gradient background_type=&#8221;immagine&#8221; background_image=&#8221;784&#8243;][vc_row_inner][vc_column_inner width=&#8221;5\/12&#8243;]<div class=\"empty-space-custom\" data-id=\"empty_space_custom_1\"><\/div><div class=\"label-container  inverted\"><div class=\"label\"><i class=\"fa fa-chevron-right\"><\/i> <span>Deri Finisaj\u0131<\/span><\/div><\/div><div class=\"empty-space-custom\" data-id=\"empty_space_custom_2\"><\/div><div class=\"testo-responsive-container decorative-border\" data-id=\"responsive_text_1\"><h1 class=\"testo-responsive\"><strong>Chimica Lombarda\u2019n\u0131n poli\u00fcretan \u00e7\u00f6z\u00fcmleriyle derilerinizi performans ve s\u00fcrd\u00fcr\u00fclebilirlik dengesiyle kaplay\u0131n<\/strong><br>\n<\/h1><\/div><div class=\"empty-space-custom\" data-id=\"empty_space_custom_3\"><\/div>[\/vc_column_inner][vc_column_inner width=&#8221;7\/12&#8243;][\/vc_column_inner][\/vc_row_inner][vc_row_inner][vc_column_inner css=&#8221;.vc_custom_1741773509985{padding-top: 0px !important;padding-bottom: 0px !important;background-color: #FFFFFF1A !important;}&#8221;]<div class=\"empty-space-custom\" data-id=\"empty_space_custom_4\"><\/div>[\/vc_column_inner][\/vc_row_inner]<div class=\"empty-space-custom\" data-id=\"empty_space_custom_5\"><\/div>[\/video_background_gradient][\/vc_column][\/vc_row][vc_row full_width=&#8221;stretch_row&#8221; css=&#8221;.vc_custom_1741629619116{background-color: #030F0E !important;}&#8221;][vc_column width=&#8221;1\/6&#8243;][\/vc_column][vc_column width=&#8221;4\/6&#8243;]<div class=\"label-container text-center inverted\"><div class=\"label\"><i class=\"fa fa-chevron-right\"><\/i> <span>Geni\u015f bir y\u00fczey yelpazesi<\/span><\/div><\/div><div class=\"empty-space-custom\" data-id=\"empty_space_custom_6\"><\/div><div class=\"testo-responsive-container\" data-id=\"responsive_text_2\"><h3 class=\"testo-responsive\">\u00dcr\u00fcn portf\u00f6y\u00fcm\u00fczde her t\u00fcrl\u00fc deri i\u00e7in uygun \u00e7\u00f6z\u00fcmler mevcuttur. Chimica Lombarda, deri finisaj\u0131 i\u00e7in eksiksiz bir \u00fcr\u00fcn portf\u00f6y\u00fcne sahiptir ve bu sayede \u00e7ok \u00e7e\u015fitli finisaj t\u00fcrleri elde etmeye olanak sa\u011flar.<br>\n<\/h3><\/div><div class=\"empty-space-custom\" data-id=\"empty_space_custom_7\"><\/div><div class=\"testo-responsive-container\" data-id=\"responsive_text_3\"><p class=\"testo-responsive\">Farkl\u0131 deri t\u00fcrlerinin ve finisaj i\u015flemlerinin \u00fcretimini destekleyen yenilik\u00e7i \u00e7\u00f6z\u00fcmler sunarak, y\u00fczeyin g\u00f6r\u00fcn\u00fcm\u00fcn\u00fc ve \u00f6zelliklerini de\u011fi\u015ftirmenize, geli\u015ftirmenize veya yeniden yap\u0131land\u0131rman\u0131za yard\u0131mc\u0131 oluruz.<br>\n<\/p><\/div><div class=\"empty-space-custom\" data-id=\"empty_space_custom_8\"><\/div>[\/vc_column][vc_column width=&#8221;1\/6&#8243;][\/vc_column][\/vc_row][vc_row full_width=&#8221;stretch_row&#8221; css=&#8221;.vc_custom_1741777323755{background-color: #030F0E !important;}&#8221;][vc_column css=&#8221;.vc_custom_1741778561208{padding-top: 0px !important;}&#8221;]<div class=\"buttons-container\" data-id=\"buttons-container_1\"><a class=\"button  \" data-id=\"button_1\" target=\"\" href=\"\"><img decoding=\"async\" src=\"https:\/\/chimicalombarda.com\/wp-content\/uploads\/2025\/03\/innovazione.svg\" alt=\"icon\" \/><span>\u0130novasyon<br>\n<\/span><\/a><a class=\"button  \" data-id=\"button_2\" target=\"\" href=\"\"><img decoding=\"async\" src=\"https:\/\/chimicalombarda.com\/wp-content\/uploads\/2025\/03\/affidabilita.svg\" alt=\"icon\" \/><span>G\u00fcvenilirlik<br>\n<\/span><\/a><a class=\"button  \" data-id=\"button_3\" target=\"\" href=\"\"><img decoding=\"async\" src=\"https:\/\/chimicalombarda.com\/wp-content\/uploads\/2025\/03\/performance.svg\" alt=\"icon\" \/><span>Performans<br>\n<\/span><\/a><\/div><div class=\"empty-space-custom\" data-id=\"empty_space_custom_9\"><\/div>[\/vc_column][\/vc_row][vc_row full_width=&#8221;stretch_row&#8221; css=&#8221;.vc_custom_1741796339207{background-color: #030F0E !important;}&#8221;][vc_column css=&#8221;.vc_custom_1741796244727{background-color: #FFFFFF1A !important;}&#8221;]<div class=\"empty-space-custom\" data-id=\"empty_space_custom_10\"><\/div>[\/vc_column][\/vc_row][vc_row full_width=&#8221;stretch_row&#8221; disable_element=&#8221;yes&#8221; css=&#8221;.vc_custom_1742914295396{background-color: #030F0E !important;}&#8221;][vc_column]<div class=\"empty-space-custom\" data-id=\"empty_space_custom_11\"><\/div>[vc_row_inner][vc_column_inner width=&#8221;1\/3&#8243;]<div class=\"label-container  inverted\"><div class=\"label\"><i class=\"fa fa-chevron-right\"><\/i> <span>Our resins<\/span><\/div><\/div><div class=\"empty-space-custom\" data-id=\"empty_space_custom_12\"><\/div><div class=\"testo-responsive-container decorative-border\" data-id=\"responsive_text_4\"><h3 class=\"testo-responsive\">Il <strong>nostro mercato<\/strong> non si limita a quello italiano<br>\n<\/h3><\/div><div class=\"empty-space-custom\" data-id=\"empty_space_custom_13\"><\/div><div class=\"testo-responsive-container\" data-id=\"responsive_text_5\"><p class=\"testo-responsive\">Siamo anche presenti a <strong>livello internazionale<\/strong> in Turchia, Messico, Cina e India, nonch\u00e9 in Medio Oriente e nell\u2019Europa Centrale. Al fine di garantire un servizio puntuale ed efficiente collaboriamo con agenti e partner al fine di sviluppare soluzioni su misura ad hoc per i <strong>formulatori e gli utilizzatori locali<\/strong>.<br>\n<\/p><\/div><div class=\"empty-space-custom\" data-id=\"empty_space_custom_14\"><\/div><a class=\"button  \" data-id=\"button_4\" target=\"\" href=\"#\"><img decoding=\"async\" src=\"https:\/\/chimicalombarda.com\/wp-content\/uploads\/2025\/03\/become-partner.svg\" alt=\"icon\" \/><span>Diventa partner<br>\n<\/span><\/a>[\/vc_column_inner][vc_column_inner width=&#8221;2\/3&#8243;]<div class=\"empty-space-custom\" data-id=\"empty_space_custom_15\"><\/div><div class=\"padding-container\" data-id=\"padding-container_1\"><div class=\" responsive-image\" data-id=\"responsive_image_1\"><div class=\"responsive-image-wrapper\"><img decoding=\"async\" class=\"img-fluid d-none d-sm-inline-block\" src=\"https:\/\/chimicalombarda.com\/wp-content\/uploads\/2025\/03\/mappa.svg\" alt=\"\" title=\"mappa\"><img decoding=\"async\" class=\"img-fluid d-inline-block d-sm-none\" src=\"https:\/\/chimicalombarda.com\/wp-content\/uploads\/2025\/03\/mappa.svg\" alt=\"\" title=\"mappa\"><\/div><\/div><\/div>[\/vc_column_inner][\/vc_row_inner]<div class=\"empty-space-custom\" data-id=\"empty_space_custom_16\"><\/div>[vc_row_inner][vc_column_inner css=&#8221;.vc_custom_1741804441771{background-color: #FFFFFF1A !important;}&#8221;]<div class=\"empty-space-custom\" data-id=\"empty_space_custom_17\"><\/div>[\/vc_column_inner][\/vc_row_inner][\/vc_column][\/vc_row][vc_row full_width=&#8221;stretch_row_content_no_spaces&#8221; css=&#8221;.vc_custom_1741805581506{background-color: #030F0E !important;}&#8221;][vc_column][video_background_gradient video_url=&#8221;https:\/\/chimicalombarda.com\/wp-content\/uploads\/2025\/03\/Video_header.mp4&#8243; gradient_rule=&#8221;linear-gradient(0deg, rgba(3,15,14,0.36738445378151263) 0%, rgba(3,15,14,1) 58%)&#8221;]<div class=\"empty-space-custom\" data-id=\"empty_space_custom_18\"><\/div>[vc_row_inner][vc_column_inner width=&#8221;7\/12&#8243; offset=&#8221;vc_hidden-sm vc_hidden-xs&#8221;]<div class=\"label-container  inverted\"><div class=\"label\"><i class=\"fa fa-chevron-right\"><\/i> <span>Y\u00fcksek performansl\u0131 kaplamalar<\/span><\/div><\/div><div class=\"empty-space-custom\" data-id=\"empty_space_custom_19\"><\/div><div class=\"testo-responsive-container\" data-id=\"responsive_text_6\"><h2 class=\"testo-responsive\">Temel \u00f6zellikleri<br>\n<\/h2><\/div><div class=\"empty-space-custom\" data-id=\"empty_space_custom_20\"><\/div>[\/vc_column_inner][vc_column_inner width=&#8221;5\/12&#8243;]<div class=\"padding-container\" data-id=\"padding-container_2\"><div class=\"empty-space-custom\" data-id=\"empty_space_custom_21\"><\/div><div class=\"testo-responsive-container\" data-id=\"responsive_text_7\"><p class=\"testo-responsive\">\u00dcr\u00fcnlerimiz, kimyasal-fiziksel diren\u00e7, hidroliz direnci, bask\u0131 tutuculu\u011fu gibi avantajl\u0131 \u00f6zellikler sa\u011flayabilen y\u00fcksek performansl\u0131 poli\u00fcretan dispersiyonlard\u0131r. Ayr\u0131ca, y\u00fcksek esneklik sa\u011flarlar.<br \/>\nGerek y\u00fcksek hasl\u0131k , gerek temel astar boyama , mat bir finisaj, katyonik poli\u00fcretan dispersiyonu veya \u00f6zel efekt sa\u011flayan bir \u00fcr\u00fcn ar\u0131yor olun, ihtiya\u00e7lar\u0131n\u0131za uygun \u00e7\u00f6z\u00fcme biz sahibiz.<br \/>\nBu \u00e7\u00f6z\u00fcmler, y\u00fcksek performansl\u0131 finisajlar i\u00e7in geli\u015ftirilen poli\u00fcretan dispersiyonlara dayanmaktad\u0131r. A\u015f\u0131nma, kimyasal maddeler, hava ko\u015fullar\u0131 ve UV \u0131\u015f\u0131nlar\u0131na kar\u015f\u0131 diren\u00e7leriyle \u00f6ne \u00e7\u0131karlar ve en zorlu ko\u015fullarda dahi m\u00fckemmel koruma ve dayan\u0131kl\u0131l\u0131k sa\u011flarlar. Bu nedenle, otomotivden mobilyaya, ayakkab\u0131dan giyime ve deri \u00fcr\u00fcnlerine kadar \u00e7e\u015fitli sekt\u00f6rlerde yayg\u0131n olarak kullan\u0131l\u0131rlar.<br>\n<\/p><\/div><\/div>[\/vc_column_inner][\/vc_row_inner]<div class=\"empty-space-custom\" data-id=\"empty_space_custom_22\"><\/div>[\/video_background_gradient][\/vc_column][\/vc_row][vc_row][vc_column]<div class=\"empty-space-custom\" data-id=\"empty_space_custom_23\"><\/div>[vc_row_inner el_class=&#8221;d-flex flex-column flex-md-row&#8221;][vc_column_inner el_class=&#8221;order-2 order-md-1&#8243; width=&#8221;1\/2&#8243;]<div class=\"label-container \"><div class=\"label\"><i class=\"fa fa-chevron-right\"><\/i> <span>\u00c7evresel sorumluluk<\/span><\/div><\/div><div class=\"empty-space-custom\" data-id=\"empty_space_custom_24\"><\/div><div class=\"testo-responsive-container decorative-border\" data-id=\"responsive_text_8\"><h3 class=\"testo-responsive\">Da\u011f\u0131l\u0131mlar\u0131m\u0131z sekt\u00f6rler aras\u0131nda kullan\u0131lmaktad\u0131r<br>\n<\/h3><\/div><div class=\"empty-space-custom\" data-id=\"empty_space_custom_25\"><\/div><div class=\"testo-responsive-container\" data-id=\"responsive_text_9\"><p class=\"testo-responsive\">Deri finisajlar\u0131nda kullan\u0131lan kimyasal \u00fcr\u00fcnlerimizin en \u00f6nemli avantajlar\u0131ndan biri \u00e7evresel s\u00fcrd\u00fcr\u00fclebilirli\u011fe olan hassasiyettir. Chimica Lombarda\u2019n\u0131n deri finisaj portf\u00f6y\u00fc, deri \u00fcreticilerinin y\u00fcksek kaliteli finisajlar elde etmesini g\u00fcvenli ve sorunsuz bir \u015fekilde sa\u011flar. \u00dcr\u00fcnlerimiz, tehlikeli kimyasal maddelerin s\u0131f\u0131r de\u015farj\u0131 giri\u015fimi (ZDHC) kapsam\u0131ndaki \u00fcretim k\u0131s\u0131tlama listeleri (MRSL) de dahil olmak \u00fczere uluslararas\u0131 g\u00fcvenlik ve \u00e7evre standartlar\u0131na uygundur.<br>\n<\/p><\/div>[\/vc_column_inner][vc_column_inner el_class=&#8221;order-1 order-md-2&#8243; width=&#8221;1\/2&#8243;]<div class=\"padding-container\" data-id=\"padding-container_3\"><div class=\" responsive-image\" data-id=\"responsive_image_2\"><div class=\"responsive-image-wrapper\"><img decoding=\"async\" class=\"img-fluid d-none d-sm-inline-block\" src=\"https:\/\/chimicalombarda.com\/wp-content\/uploads\/2025\/03\/leather-coating.jpg\" alt=\"\" title=\"leather-coating\"><img decoding=\"async\" class=\"img-fluid d-inline-block d-sm-none\" src=\"https:\/\/chimicalombarda.com\/wp-content\/uploads\/2025\/03\/leather-coating.jpg\" alt=\"\" title=\"leather-coating\"><\/div><\/div><\/div><div class=\"empty-space-custom\" data-id=\"empty_space_custom_26\"><\/div>[\/vc_column_inner][\/vc_row_inner]<div class=\"empty-space-custom\" data-id=\"empty_space_custom_27\"><\/div>[\/vc_column][\/vc_row][vc_row][vc_column]<div class=\"empty-space-custom\" data-id=\"empty_space_custom_28\"><\/div>[vc_row_inner][vc_column_inner width=&#8221;1\/2&#8243;]<div class=\"padding-container\" data-id=\"padding-container_4\"><div class=\" responsive-image\" data-id=\"responsive_image_3\"><div class=\"responsive-image-wrapper\"><img decoding=\"async\" class=\"img-fluid d-none d-sm-inline-block\" src=\"https:\/\/chimicalombarda.com\/wp-content\/uploads\/2025\/03\/car-leather.jpg\" alt=\"\" title=\"car-leather\"><img decoding=\"async\" class=\"img-fluid d-inline-block d-sm-none\" src=\"https:\/\/chimicalombarda.com\/wp-content\/uploads\/2025\/03\/car-leather.jpg\" alt=\"\" title=\"car-leather\"><\/div><\/div><\/div><div class=\"empty-space-custom\" data-id=\"empty_space_custom_29\"><\/div>[\/vc_column_inner][vc_column_inner width=&#8221;1\/2&#8243;]<div class=\"label-container \"><div class=\"label\"><i class=\"fa fa-chevron-right\"><\/i> <span>\u00d6zelle\u015ftirilmi\u015f form\u00fclasyonlar<\/span><\/div><\/div><div class=\"empty-space-custom\" data-id=\"empty_space_custom_30\"><\/div><div class=\"testo-responsive-container decorative-border\" data-id=\"responsive_text_10\"><h3 class=\"testo-responsive\">End\u00fcstriyel kullan\u0131m i\u00e7in optimize edilmi\u015f \u00e7\u00f6z\u00fcmler<br>\n<\/h3><\/div><div class=\"empty-space-custom\" data-id=\"empty_space_custom_31\"><\/div><div class=\"testo-responsive-container\" data-id=\"responsive_text_11\"><p class=\"testo-responsive\">Kimyasal bile\u015fenlerin yan\u0131 s\u0131ra, Chimica Lombarda\u2019n\u0131n teknik deste\u011fi m\u00fc\u015fterilere \u00f6zelle\u015ftirilmi\u015f form\u00fclasyonlara eri\u015fim sa\u011flar; end\u00fcstriyel kullan\u0131ma uygun ve \u00fcretim verimlili\u011fini art\u0131rmaya y\u00f6nelik optimize edilmi\u015f \u00e7\u00f6z\u00fcmler sunar. \u015eirketimiz b\u00f6ylece, ki\u015fiselle\u015ftirme ihtiya\u00e7lar\u0131na yan\u0131t veren ve pazar trendlerine uyum sa\u011flayan \u00e7ok y\u00f6nl\u00fc \u00e7\u00f6z\u00fcmler garanti eder.<br>\n<\/p><\/div>[\/vc_column_inner][\/vc_row_inner]<div class=\"empty-space-custom\" data-id=\"empty_space_custom_32\"><\/div>[vc_row_inner][vc_column_inner css=&#8221;.vc_custom_1741804441771{background-color: #FFFFFF1A !important;}&#8221;]<div class=\"empty-space-custom\" data-id=\"empty_space_custom_33\"><\/div>[\/vc_column_inner][\/vc_row_inner][\/vc_column][\/vc_row][vc_row full_width=&#8221;stretch_row_content_no_spaces&#8221;][vc_column][video_background_gradient background_type=&#8221;immagine&#8221; background_image=&#8221;203&#8243; gradient_rule=&#8221;linear-gradient( to top, rgba(3, 15, 14, 0.8) 10%, rgba(3, 15, 14, 0) 100% ), linear-gradient( to right, rgba(3, 15, 14, 0.9) 10%, rgba(3, 15, 14, 0) 100% )&#8221;]<div class=\"empty-space-custom\" data-id=\"empty_space_custom_34\"><\/div>[vc_row_inner][vc_column_inner width=&#8221;1\/2&#8243;]<div class=\"label-container  inverted\"><div class=\"label\"><i class=\"fa fa-chevron-right\"><\/i> <span>Direnci art\u0131rmak i\u00e7in \u00e7\u00f6z\u00fcmler<\/span><\/div><\/div><div class=\"empty-space-custom\" data-id=\"empty_space_custom_35\"><\/div><div class=\"testo-responsive-container decorative-border\" data-id=\"responsive_text_12\"><h3 class=\"testo-responsive\"><strong>\u00c7apraz ba\u011flay\u0131c\u0131lar\u0131m\u0131zla y\u00fcksek performans<\/strong><br>\n<\/h3><\/div><div class=\"empty-space-custom\" data-id=\"empty_space_custom_36\"><\/div><div class=\"testo-responsive-container\" data-id=\"responsive_text_13\"><p class=\"testo-responsive\">Sadece poli\u00fcretan dispersiyonlarla s\u0131n\u0131rl\u0131 de\u011filiz. Chimica Lombarda, kaplama sistemlerinin dayan\u0131kl\u0131l\u0131\u011f\u0131n\u0131 art\u0131rmak i\u00e7in geni\u015f bir \u00e7apraz ba\u011flay\u0131c\u0131 yelpazesi sunar.<br>\n\u00c7apraz ba\u011flay\u0131c\u0131lar\u0131m\u0131z, hem astar (base-coat) hem de \u00fcst kaplama (top-coat) \u00e7\u00f6z\u00fcmlerinde y\u00fcksek performans sa\u011flar. Otomotivden ayakkab\u0131ya, giyimden mobilyaya ve deri \u00fcr\u00fcnlerine kadar bir\u00e7ok uygulama alan\u0131nda kullan\u0131l\u0131rlar.<br>\nPoli\u00fcretan dispersiyonlar\u0131m\u0131z ve \u00e7apraz ba\u011flay\u0131c\u0131lar\u0131m\u0131z hakk\u0131nda t\u00fcm \u00f6zellikleri \u00f6\u011frenmek i\u00e7in katalo\u011fu indirin.<br>\n<\/p><\/div><div class=\"empty-space-custom\" data-id=\"empty_space_custom_37\"><\/div><a class=\"button  \" data-id=\"button_5\" target=\"_blank\" href=\"https:\/\/chimicalombarda.com\/wp-content\/uploads\/2025\/10\/Acqueous_Polyurethane_Dispersions_v5_Digital_compressed.pdf\"><img decoding=\"async\" src=\"https:\/\/chimicalombarda.com\/wp-content\/uploads\/2025\/03\/mess.svg\" alt=\"icon\" \/><span>\u0130ndir pdf<br>\n<\/span><\/a>[\/vc_column_inner][vc_column_inner width=&#8221;1\/2&#8243;][\/vc_column_inner][\/vc_row_inner]<div class=\"empty-space-custom\" data-id=\"empty_space_custom_38\"><\/div><div class=\"container-fluid cta\" data-col-base=\"1\"  data-col-lg=\"2\"  data-id=\"cta_1\"><div class=\"row\"><div class=\"col-12 col-lg-6 p-0\"><div><a href=\"https:\/\/chimicalombarda.com\/tr\/sertifikalar\/\"><div class=\"cta-content\"><span>Sertifikalar<\/span><span class=\"label d-inline-block d-md-none\">Discover more<\/span><\/div><\/a><\/div><\/div><div class=\"col-12 col-lg-6 p-0\"><div><a href=\"https:\/\/chimicalombarda.com\/tr\/arastirma-ve-gelistirme\/\"><div class=\"cta-content\"><span>Ar-Ge departman\u0131m\u0131z<\/span><span class=\"label d-inline-block d-md-none\">Discover more<\/span><\/div><\/a><\/div><\/div><\/div><\/div><div class=\"empty-space-custom\" data-id=\"empty_space_custom_39\"><\/div>[\/video_background_gradient][\/vc_column][\/vc_row]<\/p>\n<\/div>","protected":false},"excerpt":{"rendered":"<p>[vc_row full_width=&#8221;stretch_row_content_no_spaces&#8221; css=&#8221;.vc_custom_1743427888973{background-color: #030F0E !important;}&#8221;][vc_column][video_background_gradient background_type=&#8221;immagine&#8221; background_image=&#8221;784&#8243;][vc_row_inner][vc_column_inner width=&#8221;5\/12&#8243;][\/vc_column_inner][vc_column_inner width=&#8221;7\/12&#8243;][\/vc_column_inner][\/vc_row_inner][vc_row_inner][vc_column_inner css=&#8221;.vc_custom_1741773509985{padding-top: 0px !important;padding-bottom: 0px !important;background-color: #FFFFFF1A !important;}&#8221;][\/vc_column_inner][\/vc_row_inner][\/video_background_gradient][\/vc_column][\/vc_row][vc_row full_width=&#8221;stretch_row&#8221; css=&#8221;.vc_custom_1741629619116{background-color: #030F0E !important;}&#8221;][vc_column width=&#8221;1\/6&#8243;][\/vc_column][vc_column width=&#8221;4\/6&#8243;][\/vc_column][vc_column width=&#8221;1\/6&#8243;][\/vc_column][\/vc_row][vc_row full_width=&#8221;stretch_row&#8221; css=&#8221;.vc_custom_1741777323755{background-color: #030F0E !important;}&#8221;][vc_column css=&#8221;.vc_custom_1741778561208{padding-top: 0px !important;}&#8221;][\/vc_column][\/vc_row][vc_row full_width=&#8221;stretch_row&#8221; css=&#8221;.vc_custom_1741796339207{background-color: #030F0E !important;}&#8221;][vc_column css=&#8221;.vc_custom_1741796244727{background-color: #FFFFFF1A !important;}&#8221;][\/vc_column][\/vc_row][vc_row full_width=&#8221;stretch_row&#8221; disable_element=&#8221;yes&#8221; css=&#8221;.vc_custom_1742914295396{background-color: #030F0E !important;}&#8221;][vc_column][vc_row_inner][vc_column_inner width=&#8221;1\/3&#8243;][\/vc_column_inner][vc_column_inner width=&#8221;2\/3&#8243;][\/vc_column_inner][\/vc_row_inner][vc_row_inner][vc_column_inner css=&#8221;.vc_custom_1741804441771{background-color: #FFFFFF1A !important;}&#8221;][\/vc_column_inner][\/vc_row_inner][\/vc_column][\/vc_row][vc_row full_width=&#8221;stretch_row_content_no_spaces&#8221; css=&#8221;.vc_custom_1741805581506{background-color: #030F0E !important;}&#8221;][vc_column][video_background_gradient video_url=&#8221;https:\/\/chimicalombarda.com\/wp-content\/uploads\/2025\/03\/Video_header.mp4&#8243; gradient_rule=&#8221;linear-gradient(0deg, rgba(3,15,14,0.36738445378151263) 0%, [&hellip;]<\/p>\n","protected":false},"author":4,"featured_media":0,"parent":0,"menu_order":0,"comment_status":"closed","ping_status":"closed","template":"","meta":{"_acf_changed":false,"inline_featured_image":false,"footnotes":""},"class_list":["post-1160","page","type-page","status-publish","hentry"],"acf":[],"aioseo_notices":[],"_links":{"self":[{"href":"https:\/\/chimicalombarda.com\/tr\/wp-json\/wp\/v2\/pages\/1160","targetHints":{"allow":["GET"]}}],"collection":[{"href":"https:\/\/chimicalombarda.com\/tr\/wp-json\/wp\/v2\/pages"}],"about":[{"href":"https:\/\/chimicalombarda.com\/tr\/wp-json\/wp\/v2\/types\/page"}],"author":[{"embeddable":true,"href":"https:\/\/chimicalombarda.com\/tr\/wp-json\/wp\/v2\/users\/4"}],"replies":[{"embeddable":true,"href":"https:\/\/chimicalombarda.com\/tr\/wp-json\/wp\/v2\/comments?post=1160"}],"version-history":[{"count":3,"href":"https:\/\/chimicalombarda.com\/tr\/wp-json\/wp\/v2\/pages\/1160\/revisions"}],"predecessor-version":[{"id":1395,"href":"https:\/\/chimicalombarda.com\/tr\/wp-json\/wp\/v2\/pages\/1160\/revisions\/1395"}],"wp:attachment":[{"href":"https:\/\/chimicalombarda.com\/tr\/wp-json\/wp\/v2\/media?parent=1160"}],"curies":[{"name":"wp","href":"https:\/\/api.w.org\/{rel}","templated":true}]}}