{"id":1163,"date":"2025-03-26T17:12:56","date_gmt":"2025-03-26T16:12:56","guid":{"rendered":"https:\/\/chimicalombarda.com\/paper-industry\/"},"modified":"2025-10-03T12:57:50","modified_gmt":"2025-10-03T10:57:50","slug":"kagit","status":"publish","type":"page","link":"https:\/\/chimicalombarda.com\/tr\/kagit\/","title":{"rendered":"Paper Industry &#8211; Ka\u011f\u0131t"},"content":{"rendered":"<div class=\"wpb-content-wrapper\"><p>[vc_row full_width=&#8221;stretch_row_content_no_spaces&#8221; css=&#8221;.vc_custom_1743426413487{background-color: #030F0E !important;}&#8221;][vc_column][video_background_gradient background_type=&#8221;immagine&#8221; background_image=&#8221;553&#8243;][vc_row_inner][vc_column_inner width=&#8221;5\/12&#8243;]<div class=\"empty-space-custom\" data-id=\"empty_space_custom_1\"><\/div><div class=\"label-container  inverted\"><div class=\"label\"><i class=\"fa fa-chevron-right\"><\/i> <span>Ka\u011f\u0131t end\u00fcstrisi<\/span><\/div><\/div><div class=\"empty-space-custom\" data-id=\"empty_space_custom_2\"><\/div><div class=\"testo-responsive-container decorative-border\" data-id=\"responsive_text_1\"><h1 class=\"testo-responsive\">Dayan\u0131kl\u0131 ve Eko-S\u00fcrd\u00fcr\u00fclebilir \u00e7\u00f6z\u00fcmlerle Ka\u011f\u0131d\u0131 Geli\u015ftirmek<br>\n<\/h1><\/div><div class=\"empty-space-custom\" data-id=\"empty_space_custom_3\"><\/div>[\/vc_column_inner][vc_column_inner width=&#8221;7\/12&#8243;][\/vc_column_inner][\/vc_row_inner][vc_row_inner][vc_column_inner css=&#8221;.vc_custom_1741773509985{padding-top: 0px !important;padding-bottom: 0px !important;background-color: #FFFFFF1A !important;}&#8221;]<div class=\"empty-space-custom\" data-id=\"empty_space_custom_4\"><\/div>[\/vc_column_inner][\/vc_row_inner]<div class=\"empty-space-custom\" data-id=\"empty_space_custom_5\"><\/div>[\/video_background_gradient][\/vc_column][\/vc_row][vc_row full_width=&#8221;stretch_row&#8221; css=&#8221;.vc_custom_1741629619116{background-color: #030F0E !important;}&#8221;][vc_column width=&#8221;1\/6&#8243;][\/vc_column][vc_column width=&#8221;4\/6&#8243;]<div class=\"label-container text-center inverted\"><div class=\"label\"><i class=\"fa fa-chevron-right\"><\/i> <span>Dayan\u0131kl\u0131 ve \u00e7evre dostu \u00e7\u00f6z\u00fcmlerle ka\u011f\u0131d\u0131 g\u00fc\u00e7lendirin<\/span><\/div><\/div><div class=\"empty-space-custom\" data-id=\"empty_space_custom_6\"><\/div><div class=\"testo-responsive-container\" data-id=\"responsive_text_2\"><h3 class=\"testo-responsive\">Chimica Lombarda\u2019n\u0131n ka\u011f\u0131t end\u00fcstrisine y\u00f6nelik kimyasal \u00fcr\u00fcnleri, y\u00fcksek performans ve \u00e7evre dostu \u00fcretim aras\u0131nda m\u00fckemmel bir denge sunarak sekt\u00f6re \u00f6nemli bir ilerleme sa\u011flar.<br>\n<\/h3><\/div><div class=\"empty-space-custom\" data-id=\"empty_space_custom_7\"><\/div><div class=\"testo-responsive-container\" data-id=\"responsive_text_3\"><p class=\"testo-responsive\">Chimica Lombarda\u2019n\u0131n su bazl\u0131 poli\u00fcretan dispersiyonlar\u0131, ka\u011f\u0131t end\u00fcstrisine kirlenme direnci, \u0131slak ve kuru mekanik dayan\u0131kl\u0131l\u0131k, \u00e7ift katlama direnci, bask\u0131 kalitesi ve su ge\u00e7irmezlik gibi \u00f6zellikleri art\u0131rmak i\u00e7in kullan\u0131l\u0131r. \u00d6zellikle l\u00fcks ambalaj, \u00f6zel kaplamal\u0131 ka\u011f\u0131tlar ve g\u00fcvenlik ka\u011f\u0131tlar\u0131 alanlar\u0131nda y\u00fczey i\u015flemleri i\u00e7in uygundur. \u00dcretti\u011fimiz su bazl\u0131 form\u00fclasyonlar, dayan\u0131kl\u0131l\u0131k ve s\u00fcrd\u00fcr\u00fclebilirlik sunarak ka\u011f\u0131t \u00fcreticilerinin zorlu taleplerini kar\u015f\u0131layan yenilik\u00e7i \u00e7\u00f6z\u00fcmler sa\u011flar.<br>\n<\/p><\/div><div class=\"empty-space-custom\" data-id=\"empty_space_custom_8\"><\/div>[\/vc_column][vc_column width=&#8221;1\/6&#8243;][\/vc_column][\/vc_row][vc_row full_width=&#8221;stretch_row&#8221; css=&#8221;.vc_custom_1741777323755{background-color: #030F0E !important;}&#8221;][vc_column css=&#8221;.vc_custom_1741778561208{padding-top: 0px !important;}&#8221;]<div class=\"buttons-container\" data-id=\"buttons-container_1\"><a class=\"button  \" data-id=\"button_1\" target=\"\" href=\"\"><img decoding=\"async\" src=\"https:\/\/chimicalombarda.com\/wp-content\/uploads\/2025\/03\/innovazione.svg\" alt=\"icon\" \/><span>\u0130novasyon<br>\n<\/span><\/a><a class=\"button  \" data-id=\"button_2\" target=\"\" href=\"\"><img decoding=\"async\" src=\"https:\/\/chimicalombarda.com\/wp-content\/uploads\/2025\/03\/affidabilita.svg\" alt=\"icon\" \/><span>G\u00fcvenilirlik<br>\n<\/span><\/a><a class=\"button  \" data-id=\"button_3\" target=\"\" href=\"\"><img decoding=\"async\" src=\"https:\/\/chimicalombarda.com\/wp-content\/uploads\/2025\/03\/performance.svg\" alt=\"icon\" \/><span>Performans<br>\n<\/span><\/a><\/div><div class=\"empty-space-custom\" data-id=\"empty_space_custom_9\"><\/div>[\/vc_column][\/vc_row][vc_row full_width=&#8221;stretch_row_content_no_spaces&#8221; css=&#8221;.vc_custom_1741805581506{background-color: #030F0E !important;}&#8221;][vc_column][video_background_gradient video_url=&#8221;https:\/\/chimicalombarda.com\/wp-content\/uploads\/2025\/03\/Video_header.mp4&#8243; gradient_rule=&#8221;linear-gradient(0deg, rgba(3,15,14,0.36738445378151263) 0%, rgba(3,15,14,1) 58%)&#8221;]<div class=\"empty-space-custom\" data-id=\"empty_space_custom_10\"><\/div>[vc_row_inner][vc_column_inner width=&#8221;7\/12&#8243; offset=&#8221;vc_hidden-sm vc_hidden-xs&#8221;]<div class=\"label-container  inverted\"><div class=\"label\"><i class=\"fa fa-chevron-right\"><\/i> <span>Performans ve s\u00fcrd\u00fcr\u00fclebilirlik<\/span><\/div><\/div><div class=\"empty-space-custom\" data-id=\"empty_space_custom_11\"><\/div><div class=\"testo-responsive-container\" data-id=\"responsive_text_4\"><h2 class=\"testo-responsive\">\u00d6zelle\u015ftirilmi\u015f ka\u011f\u0131t y\u00fczeyler i\u00e7in S\u00fcrd\u00fcr\u00fclebilir Su Bazl\u0131 Poli\u00fcretanlar<br>\n<\/h2><\/div><div class=\"empty-space-custom\" data-id=\"empty_space_custom_12\"><\/div><a class=\"button  \" data-id=\"button_4\" target=\"_blank\" href=\"https:\/\/chimicalombarda.com\/wp-content\/uploads\/2025\/10\/Acqueous_Polyurethane_Dispersions_v5_Digital_compressed.pdf\"><img decoding=\"async\" src=\"https:\/\/chimicalombarda.com\/wp-content\/uploads\/2025\/03\/world-yellow-1.svg\" alt=\"icon\" \/><span>\u0130ndir pdf<br>\n<\/span><\/a>[\/vc_column_inner][vc_column_inner width=&#8221;5\/12&#8243;]<div class=\"padding-container\" data-id=\"padding-container_1\"><div class=\"empty-space-custom\" data-id=\"empty_space_custom_13\"><\/div><div class=\"testo-responsive-container\" data-id=\"responsive_text_5\"><p class=\"testo-responsive\">Ka\u011f\u0131t end\u00fcstrisinde su bazl\u0131 poli\u00fcretan dispersiyonlar\u0131n kullan\u0131m\u0131, solvent bazl\u0131 \u00e7\u00f6z\u00fcmlere k\u0131yasla \u00e7evresel etkilerin \u00f6nemli \u00f6l\u00e7\u00fcde azalt\u0131lmas\u0131n\u0131 sa\u011flam\u0131\u015ft\u0131r. Chimica Lombarda, su bazl\u0131 ve solvent i\u00e7ermeyen form\u00fclasyonlara odaklanan ilk firmalardan biridir ve bu t\u00fcr \u00e7\u00f6z\u00fcmlerin ka\u011f\u0131t end\u00fcstrisindeki faydalar\u0131n\u0131 erken ke\u015ffetmi\u015ftir.<br>\nAyr\u0131ca, \u00fcretan re\u00e7inelerin sonsuz \u00f6zelle\u015ftirme imkan\u0131 sayesinde parlakl\u0131k ve doku gibi tasar\u0131msal ihtiya\u00e7lara uyumlu y\u00fczey i\u015flemleri elde edilebilir. Poli\u00fcretan \u00e7\u00f6z\u00fcmlerin uygulanmas\u0131, ka\u011f\u0131t \u00fcr\u00fcnlerinin \u00f6mr\u00fcn\u00fc \u00f6nemli \u00f6l\u00e7\u00fcde art\u0131r\u0131r ve a\u015f\u0131nmaya kar\u015f\u0131 daha fazla diren\u00e7 sa\u011flar.<br>\nAyn\u0131 zamanda, \u00fcst\u00fcn estetik kalite ve sofistike dekoratif efektler elde etme imkan\u0131, l\u00fcks ambalaj ve dekoratif malzeme \u00fcretimi yapan firmalar i\u00e7in b\u00fcy\u00fck bir avantajd\u0131r. T\u00fcm bu nedenlerle Chimica Lombarda, yenilik\u00e7i ve \u00e7evre dostu teknolojiye dayal\u0131 y\u00fcksek performansl\u0131 poli\u00fcretanlar sunarak ka\u011f\u0131t end\u00fcstrisi i\u00e7in ideal bir i\u015f orta\u011f\u0131d\u0131r.<br>\n<\/p><\/div><\/div>[\/vc_column_inner][\/vc_row_inner][vc_row_inner][vc_column_inner]<div class=\"empty-space-custom\" data-id=\"empty_space_custom_14\"><\/div>[\/vc_column_inner][\/vc_row_inner]<div class=\"empty-space-custom\" data-id=\"empty_space_custom_15\"><\/div>[\/video_background_gradient][\/vc_column][\/vc_row][vc_row][vc_column]<div class=\"empty-space-custom\" data-id=\"empty_space_custom_16\"><\/div>[vc_row_inner el_class=&#8221;d-flex flex-column flex-md-row&#8221;][vc_column_inner el_class=&#8221;order-2 order-md-1&#8243; width=&#8221;1\/2&#8243;]<div class=\"label-container \"><div class=\"label\"><i class=\"fa fa-chevron-right\"><\/i> <span>Ka\u011f\u0131t end\u00fcstrisinde Chimica Lombarda poli\u00fcretan dispersiyonlar\u0131n\u0131n kullan\u0131m alanlar\u0131<\/span><\/div><\/div><div class=\"empty-space-custom\" data-id=\"empty_space_custom_17\"><\/div><div class=\"testo-responsive-container\" data-id=\"responsive_text_6\"><p class=\"testo-responsive\">Poli\u00fcretan \u00e7\u00f6z\u00fcmlerinin uygulanmas\u0131, ka\u011f\u0131t \u00fcr\u00fcnlerinin uzun \u00f6m\u00fcrl\u00fcl\u00fc\u011f\u00fcn\u00fc ve dayan\u0131kl\u0131l\u0131\u011f\u0131n\u0131 \u00f6nemli \u00f6l\u00e7\u00fcde art\u0131rarak a\u015f\u0131nma direncini geli\u015ftirir. Ayn\u0131 zamanda, \u00fcst\u00fcn estetik kalite ve sofistike dekoratif efektler elde etme yetene\u011fi, l\u00fcks ambalaj ve dekoratif malzeme \u00fcretiminde faaliyet g\u00f6steren end\u00fcstriler i\u00e7in \u00f6nemli bir de\u011fer katmaktad\u0131r.<br>\nBu nedenlerle Chimica Lombarda, eko-s\u00fcrd\u00fcr\u00fclebilir teknoloji ile y\u00fcksek performans sa\u011flayan geni\u015f bir yenilik\u00e7i poli\u00fcretan yelpazesi sunarak ka\u011f\u0131t end\u00fcstrisi i\u00e7in ideal bir ortakt\u0131r.<br>\n<\/p><\/div>[\/vc_column_inner][vc_column_inner el_class=&#8221;order-1 order-md-2&#8243; width=&#8221;1\/2&#8243;]<div class=\"padding-container\" data-id=\"padding-container_2\"><div class=\" responsive-image\" data-id=\"responsive_image_1\"><div class=\"responsive-image-wrapper\"><img decoding=\"async\" class=\"img-fluid d-none d-sm-inline-block\" src=\"https:\/\/chimicalombarda.com\/wp-content\/uploads\/2025\/03\/paper-coating.jpg\" alt=\"\" title=\"paper-coating\"><img decoding=\"async\" class=\"img-fluid d-inline-block d-sm-none\" src=\"https:\/\/chimicalombarda.com\/wp-content\/uploads\/2025\/03\/paper-coating.jpg\" alt=\"\" title=\"paper-coating\"><\/div><\/div><\/div><div class=\"empty-space-custom\" data-id=\"empty_space_custom_18\"><\/div>[\/vc_column_inner][\/vc_row_inner]<div class=\"empty-space-custom\" data-id=\"empty_space_custom_19\"><\/div>[\/vc_column][\/vc_row][vc_row][vc_column]<div class=\"empty-space-custom\" data-id=\"empty_space_custom_20\"><\/div>[vc_row_inner][vc_column_inner width=&#8221;1\/2&#8243;]<div class=\"padding-container\" data-id=\"padding-container_3\"><div class=\" responsive-image\" data-id=\"responsive_image_2\"><div class=\"responsive-image-wrapper\"><img decoding=\"async\" class=\"img-fluid d-none d-sm-inline-block\" src=\"https:\/\/chimicalombarda.com\/wp-content\/uploads\/2025\/03\/luxury-paper.jpg\" alt=\"\" title=\"luxury-paper\"><img decoding=\"async\" class=\"img-fluid d-inline-block d-sm-none\" src=\"https:\/\/chimicalombarda.com\/wp-content\/uploads\/2025\/03\/luxury-paper.jpg\" alt=\"\" title=\"luxury-paper\"><\/div><\/div><\/div><div class=\"empty-space-custom\" data-id=\"empty_space_custom_21\"><\/div>[\/vc_column_inner][vc_column_inner width=&#8221;1\/2&#8243;]<div class=\"label-container \"><div class=\"label\"><i class=\"fa fa-chevron-right\"><\/i> <span>L\u00fcks ka\u011f\u0131tlar<\/span><\/div><\/div><div class=\"empty-space-custom\" data-id=\"empty_space_custom_22\"><\/div><div class=\"testo-responsive-container\" data-id=\"responsive_text_7\"><p class=\"testo-responsive\">Ambalaj, bir \u00fcr\u00fcn\u00fcn sat\u0131n al\u0131nma deneyiminde ilk izlenimi yarat\u0131r; dokunsal hisler l\u00fcks segmentte belirleyicidir ve marka tan\u0131n\u0131rl\u0131\u011f\u0131 i\u00e7in kritiktir. Chimica Lombarda, ka\u011f\u0131t ambalaj \u00e7\u00f6z\u00fcmlerine l\u00fcks bir his kazand\u0131rmak \u00fczere tasarlanm\u0131\u015f geni\u015f bir su bazl\u0131 film olu\u015fturucu \u00fcr\u00fcn yelpazesi sunar.<br>\n\u00dcr\u00fcn portf\u00f6y\u00fcm\u00fcz \u015funlar\u0131 i\u00e7erir:<br>\n<\/p><\/div><div class=\"empty-space-custom\" data-id=\"empty_space_custom_23\"><\/div><div class=\"testo-responsive-container\" data-id=\"responsive_text_8\"><div class=\"testo-responsive\"><br>\n<ul>\n<li>Y\u00fcksek opakl\u0131k sunan ve yumu\u015fak dokulu l\u00fcks his veren su bazl\u0131 poli\u00fcretan dispersiyonlar<\/li>\n<li>Farkl\u0131 sertlik\/yumu\u015fakl\u0131k ve dokunsal hissiyat d\u00fczeylerine sahip parlak su bazl\u0131 PU \u00fcr\u00fcnleri<\/li>\n<\/ul>\n\n<\/div><\/div><div class=\"empty-space-custom\" data-id=\"empty_space_custom_24\"><\/div>[\/vc_column_inner][\/vc_row_inner]<div class=\"empty-space-custom\" data-id=\"empty_space_custom_25\"><\/div>[vc_row_inner][vc_column_inner css=&#8221;.vc_custom_1741804441771{background-color: #FFFFFF1A !important;}&#8221;]<div class=\"empty-space-custom\" data-id=\"empty_space_custom_26\"><\/div>[\/vc_column_inner][\/vc_row_inner][\/vc_column][\/vc_row][vc_row][vc_column]<div class=\"empty-space-custom\" data-id=\"empty_space_custom_27\"><\/div>[vc_row_inner el_class=&#8221;d-flex flex-column flex-md-row&#8221;][vc_column_inner el_class=&#8221;order-2 order-md-1&#8243; width=&#8221;1\/2&#8243;]<div class=\"label-container \"><div class=\"label\"><i class=\"fa fa-chevron-right\"><\/i> <span>Banknot ka\u011f\u0131d\u0131<\/span><\/div><\/div><div class=\"empty-space-custom\" data-id=\"empty_space_custom_28\"><\/div><div class=\"testo-responsive-container\" data-id=\"responsive_text_9\"><p class=\"testo-responsive\">Chimica Lombarda, banknot ka\u011f\u0131d\u0131 \u00fcretimi i\u00e7in su bazl\u0131 \u00e7\u00f6z\u00fcmler geli\u015ftirmekte ve \u00fcretmektedir. \u00dcr\u00fcn portf\u00f6y\u00fcm\u00fcz, banknotlar\u0131n dayan\u0131kl\u0131l\u0131\u011f\u0131n\u0131 ve kirlenme direncini \u00f6nemli \u00f6l\u00e7\u00fcde art\u0131rarak ka\u011f\u0131t \u00fcreticilerine teknik performans\u0131 optimize etme ve s\u00fcrd\u00fcr\u00fclebilirli\u011fi en \u00fcst d\u00fczeye \u00e7\u0131karma imkan\u0131 sunar.<br>\nYenilenebilir hammaddelerle \u00fcretilmi\u015f su bazl\u0131 poli\u00fcretan dispersiyonlar sayesinde s\u00fcrd\u00fcr\u00fclebilirlik art\u0131r\u0131l\u0131r ve karbon sal\u0131n\u0131m\u0131 azalt\u0131l\u0131r. Portf\u00f6y\u00fcm\u00fczde, hidroksil ve karboksilik gruplarla reaksiyona girerek mekanik ve kimyasal dayan\u0131kl\u0131l\u0131\u011f\u0131 art\u0131ran NCO i\u00e7ermeyen \u00e7apraz ba\u011flay\u0131c\u0131lar da yer almaktad\u0131r. Bu \u00f6zellik, filmin esnekli\u011fini korurken performans\u0131n\u0131 y\u00fckseltir.<br>\nPoli\u00fcretan dispersiyonlar\u0131m\u0131z ve \u00e7apraz ba\u011flay\u0131c\u0131lar\u0131m\u0131z hakk\u0131nda daha fazla bilgi almak i\u00e7in katalo\u011fumuzu indirebilirsiniz.<br>\n<\/p><\/div>[\/vc_column_inner][vc_column_inner el_class=&#8221;order-1 order-md-2&#8243; width=&#8221;1\/2&#8243;]<div class=\"padding-container\" data-id=\"padding-container_4\"><div class=\" responsive-image\" data-id=\"responsive_image_3\"><div class=\"responsive-image-wrapper\"><img decoding=\"async\" class=\"img-fluid d-none d-sm-inline-block\" src=\"https:\/\/chimicalombarda.com\/wp-content\/uploads\/2025\/03\/banknote-paper.jpg\" alt=\"\" title=\"banknote-paper\"><img decoding=\"async\" class=\"img-fluid d-inline-block d-sm-none\" src=\"https:\/\/chimicalombarda.com\/wp-content\/uploads\/2025\/03\/banknote-paper.jpg\" alt=\"\" title=\"banknote-paper\"><\/div><\/div><\/div><div class=\"empty-space-custom\" data-id=\"empty_space_custom_29\"><\/div>[\/vc_column_inner][\/vc_row_inner]<div class=\"empty-space-custom\" data-id=\"empty_space_custom_30\"><\/div>[\/vc_column][\/vc_row][vc_row full_width=&#8221;stretch_row_content_no_spaces&#8221;][vc_column][video_background_gradient background_type=&#8221;immagine&#8221; background_image=&#8221;549&#8243; gradient_rule=&#8221;linear-gradient( to top, rgba(3, 15, 14, 0.8) 10%, rgba(3, 15, 14, 0) 100% ), linear-gradient( to right, rgba(3, 15, 14, 0.9) 10%, rgba(3, 15, 14, 0) 100% )&#8221;]<div class=\"empty-space-custom\" data-id=\"empty_space_custom_31\"><\/div>[vc_row_inner][vc_column_inner width=&#8221;1\/2&#8243;]<div class=\"label-container  inverted\"><div class=\"label\"><i class=\"fa fa-chevron-right\"><\/i> <span>Fonksiyonel ve kaplamal\u0131 ka\u011f\u0131tlar<\/span><\/div><\/div><div class=\"empty-space-custom\" data-id=\"empty_space_custom_32\"><\/div><div class=\"testo-responsive-container\" data-id=\"responsive_text_10\"><p class=\"testo-responsive\">Grafik ve ambalaj ka\u011f\u0131d\u0131 \u00fcretiminde kaplama form\u00fclasyonlar\u0131n\u0131n optimize edilmesi \u00e7ok \u00f6nemlidir. Reolojik modifikasyonlar, mumlar ve matla\u015ft\u0131r\u0131c\u0131 ajanlar arac\u0131l\u0131\u011f\u0131yla nihai \u00fcr\u00fcn kalitesini ve \u00fcretkenli\u011fi art\u0131ran \u00e7\u00f6z\u00fcmler sunuyoruz.<br>\nKa\u011f\u0131t \u00fcreticileri i\u00e7in \u00f6zel olarak geli\u015ftirdi\u011fimiz y\u00fczey i\u015flemleri; ya\u011f ve su direnci, mekanik dayan\u0131kl\u0131l\u0131k, kirlenme direnci, bask\u0131 kabiliyeti, m\u00fcrekkep ge\u00e7irgenli\u011fi ve y\u00fczey serbest b\u0131rakma gibi bir\u00e7ok performans \u00f6zelli\u011fini iyile\u015ftirir. Su bazl\u0131 y\u00fczey kimyas\u0131 \u00e7\u00f6z\u00fcmleri, s\u0131k\u0131 \u00e7evre d\u00fczenlemeleri ve sekt\u00f6rel gereksinimlere uygun olarak tasarlanm\u0131\u015ft\u0131r.<br>\n<\/p><\/div><div class=\"empty-space-custom\" data-id=\"empty_space_custom_33\"><\/div><div class=\"testo-responsive-container\" data-id=\"responsive_text_11\"><p class=\"testo-responsive\"><strong>Avantajlar ve \u00f6zellikler<\/strong><br>\n<\/p><\/div><div class=\"empty-space-custom\" data-id=\"empty_space_custom_34\"><\/div><div class=\"testo-responsive-container\" data-id=\"responsive_text_12\"><div class=\"testo-responsive\"><br>\n<ul>\n<li>M\u00fckemmel su direnci<\/li>\n<li>Y\u00fcksek yap\u0131\u015fma ve p\u00fcr\u00fczs\u00fcz y\u00fczeyler<\/li>\n<li>\u00c7izilme ve y\u0131rt\u0131lma direnci<\/li>\n<li>S\u00fcrd\u00fcr\u00fclebilir \u00fcretim i\u00e7in d\u00fc\u015f\u00fck emisyon<\/li>\n<li>Parlakl\u0131k ve doku \u00f6zelle\u015ftirme se\u00e7enekleri<\/li>\n<li>Geli\u015ftirilmi\u015f estetik ve y\u00fczey koruma<\/li>\n<li>Y\u00fcksek de\u011ferli ka\u011f\u0131t \u00fcr\u00fcnlerinde uzun \u00f6m\u00fcr<\/li>\n<li>\u00c7evre ve g\u00fcvenlik y\u00f6netmeliklerine tam uyum<\/li>\n<li>Zorlu uygulamalarda a\u015f\u0131nmay\u0131 azalt\u0131r<\/li>\n<li>\u00c7ok y\u00f6nl\u00fc kaplama efektleriyle tasar\u0131m se\u00e7eneklerini art\u0131r\u0131r<\/li>\n<\/ul>\n\n<\/div><\/div><div class=\"empty-space-custom\" data-id=\"empty_space_custom_35\"><\/div><a class=\"button  \" data-id=\"button_5\" target=\"\" href=\"https:\/\/chimicalombarda.com\/tr\/iletisim\/\"><img decoding=\"async\" src=\"https:\/\/chimicalombarda.com\/wp-content\/uploads\/2025\/03\/mess.svg\" alt=\"icon\" \/><span>Bize Ula\u015f\u0131n<br>\n<\/span><\/a>[\/vc_column_inner][vc_column_inner width=&#8221;1\/2&#8243;][\/vc_column_inner][\/vc_row_inner]<div class=\"empty-space-custom\" data-id=\"empty_space_custom_36\"><\/div><div class=\"empty-space-custom\" data-id=\"empty_space_custom_37\"><\/div>[\/video_background_gradient][\/vc_column][\/vc_row]<\/p>\n<\/div>","protected":false},"excerpt":{"rendered":"<p>[vc_row full_width=&#8221;stretch_row_content_no_spaces&#8221; css=&#8221;.vc_custom_1743426413487{background-color: #030F0E !important;}&#8221;][vc_column][video_background_gradient background_type=&#8221;immagine&#8221; background_image=&#8221;553&#8243;][vc_row_inner][vc_column_inner width=&#8221;5\/12&#8243;][\/vc_column_inner][vc_column_inner width=&#8221;7\/12&#8243;][\/vc_column_inner][\/vc_row_inner][vc_row_inner][vc_column_inner css=&#8221;.vc_custom_1741773509985{padding-top: 0px !important;padding-bottom: 0px !important;background-color: #FFFFFF1A !important;}&#8221;][\/vc_column_inner][\/vc_row_inner][\/video_background_gradient][\/vc_column][\/vc_row][vc_row full_width=&#8221;stretch_row&#8221; css=&#8221;.vc_custom_1741629619116{background-color: #030F0E !important;}&#8221;][vc_column width=&#8221;1\/6&#8243;][\/vc_column][vc_column width=&#8221;4\/6&#8243;][\/vc_column][vc_column width=&#8221;1\/6&#8243;][\/vc_column][\/vc_row][vc_row full_width=&#8221;stretch_row&#8221; css=&#8221;.vc_custom_1741777323755{background-color: #030F0E !important;}&#8221;][vc_column css=&#8221;.vc_custom_1741778561208{padding-top: 0px !important;}&#8221;][\/vc_column][\/vc_row][vc_row full_width=&#8221;stretch_row_content_no_spaces&#8221; css=&#8221;.vc_custom_1741805581506{background-color: #030F0E !important;}&#8221;][vc_column][video_background_gradient video_url=&#8221;https:\/\/chimicalombarda.com\/wp-content\/uploads\/2025\/03\/Video_header.mp4&#8243; gradient_rule=&#8221;linear-gradient(0deg, rgba(3,15,14,0.36738445378151263) 0%, rgba(3,15,14,1) 58%)&#8221;][vc_row_inner][vc_column_inner width=&#8221;7\/12&#8243; offset=&#8221;vc_hidden-sm vc_hidden-xs&#8221;][\/vc_column_inner][vc_column_inner width=&#8221;5\/12&#8243;][\/vc_column_inner][\/vc_row_inner][vc_row_inner][vc_column_inner][\/vc_column_inner][\/vc_row_inner][\/video_background_gradient][\/vc_column][\/vc_row][vc_row][vc_column][vc_row_inner el_class=&#8221;d-flex flex-column flex-md-row&#8221;][vc_column_inner el_class=&#8221;order-2 order-md-1&#8243; width=&#8221;1\/2&#8243;][\/vc_column_inner][vc_column_inner el_class=&#8221;order-1 order-md-2&#8243; width=&#8221;1\/2&#8243;][\/vc_column_inner][\/vc_row_inner][\/vc_column][\/vc_row][vc_row][vc_column][vc_row_inner][vc_column_inner width=&#8221;1\/2&#8243;][\/vc_column_inner][vc_column_inner width=&#8221;1\/2&#8243;][\/vc_column_inner][\/vc_row_inner][vc_row_inner][vc_column_inner [&hellip;]<\/p>\n","protected":false},"author":2,"featured_media":0,"parent":0,"menu_order":0,"comment_status":"closed","ping_status":"closed","template":"","meta":{"_acf_changed":false,"inline_featured_image":false,"footnotes":""},"class_list":["post-1163","page","type-page","status-publish","hentry"],"acf":[],"aioseo_notices":[],"_links":{"self":[{"href":"https:\/\/chimicalombarda.com\/tr\/wp-json\/wp\/v2\/pages\/1163","targetHints":{"allow":["GET"]}}],"collection":[{"href":"https:\/\/chimicalombarda.com\/tr\/wp-json\/wp\/v2\/pages"}],"about":[{"href":"https:\/\/chimicalombarda.com\/tr\/wp-json\/wp\/v2\/types\/page"}],"author":[{"embeddable":true,"href":"https:\/\/chimicalombarda.com\/tr\/wp-json\/wp\/v2\/users\/2"}],"replies":[{"embeddable":true,"href":"https:\/\/chimicalombarda.com\/tr\/wp-json\/wp\/v2\/comments?post=1163"}],"version-history":[{"count":4,"href":"https:\/\/chimicalombarda.com\/tr\/wp-json\/wp\/v2\/pages\/1163\/revisions"}],"predecessor-version":[{"id":1397,"href":"https:\/\/chimicalombarda.com\/tr\/wp-json\/wp\/v2\/pages\/1163\/revisions\/1397"}],"wp:attachment":[{"href":"https:\/\/chimicalombarda.com\/tr\/wp-json\/wp\/v2\/media?parent=1163"}],"curies":[{"name":"wp","href":"https:\/\/api.w.org\/{rel}","templated":true}]}}