{"id":1170,"date":"2025-03-26T12:05:13","date_gmt":"2025-03-26T11:05:13","guid":{"rendered":"https:\/\/chimicalombarda.com\/industrial-coatings\/"},"modified":"2025-10-03T12:58:46","modified_gmt":"2025-10-03T10:58:46","slug":"endustriyel-kaplama","status":"publish","type":"page","link":"https:\/\/chimicalombarda.com\/tr\/endustriyel-kaplama\/","title":{"rendered":"Industrial Coatings &#8211; End\u00fcstriyel Kaplama"},"content":{"rendered":"<div class=\"wpb-content-wrapper\"><p>[vc_row full_width=&#8221;stretch_row_content_no_spaces&#8221; css=&#8221;.vc_custom_1743424528133{background-color: #030F0E !important;}&#8221;][vc_column][video_background_gradient background_type=&#8221;immagine&#8221; background_image=&#8221;368&#8243;][vc_row_inner][vc_column_inner width=&#8221;5\/12&#8243;]<div class=\"empty-space-custom\" data-id=\"empty_space_custom_1\"><\/div><div class=\"label-container  inverted\"><div class=\"label\"><i class=\"fa fa-chevron-right\"><\/i> <span>End\u00fcstriyel Kaplama<\/span><\/div><\/div><div class=\"empty-space-custom\" data-id=\"empty_space_custom_2\"><\/div><div class=\"testo-responsive-container decorative-border\" data-id=\"responsive_text_1\"><h1 class=\"testo-responsive\"><strong>Zorlu ortamlar i\u00e7in end\u00fcstriyel poli\u00fcretan dispersiyonlar\u0131<\/strong><br>\n<\/h1><\/div><div class=\"empty-space-custom\" data-id=\"empty_space_custom_3\"><\/div>[\/vc_column_inner][vc_column_inner width=&#8221;7\/12&#8243;][\/vc_column_inner][\/vc_row_inner][vc_row_inner][vc_column_inner css=&#8221;.vc_custom_1741773509985{padding-top: 0px !important;padding-bottom: 0px !important;background-color: #FFFFFF1A !important;}&#8221;]<div class=\"empty-space-custom\" data-id=\"empty_space_custom_4\"><\/div>[\/vc_column_inner][\/vc_row_inner]<div class=\"empty-space-custom\" data-id=\"empty_space_custom_5\"><\/div>[\/video_background_gradient][\/vc_column][\/vc_row][vc_row full_width=&#8221;stretch_row&#8221; css=&#8221;.vc_custom_1741629619116{background-color: #030F0E !important;}&#8221;][vc_column width=&#8221;1\/6&#8243;][\/vc_column][vc_column width=&#8221;4\/6&#8243;]<div class=\"label-container text-center inverted\"><div class=\"label\"><i class=\"fa fa-chevron-right\"><\/i> <span>Y\u00fcksek performansl\u0131 End\u00fcstriyel Kaplama<\/span><\/div><\/div><div class=\"empty-space-custom\" data-id=\"empty_space_custom_6\"><\/div><div class=\"testo-responsive-container\" data-id=\"responsive_text_2\"><h3 class=\"testo-responsive\">Chimica Lombarda, geli\u015fmi\u015f poli\u00fcretan dispersiyonlar (NMP-NEP i\u00e7ermez, \u00e7ok d\u00fc\u015f\u00fck VOC seviyeleri ve solventsiz form\u00fclasyonlar) ve \u00e7apraz ba\u011flay\u0131c\u0131lar sunarak \u00e7ok \u00e7e\u015fitli end\u00fcstriyel kaplama uygulamalar\u0131na hizmet verir.<br>\n<\/h3><\/div><div class=\"empty-space-custom\" data-id=\"empty_space_custom_7\"><\/div><div class=\"testo-responsive-container\" data-id=\"responsive_text_3\"><p class=\"testo-responsive\">\u00dcr\u00fcnlerimiz, i\u00e7 ve d\u0131\u015f ortamlarda uzun vadeli dayan\u0131kl\u0131l\u0131k, g\u00fc\u00e7l\u00fc performans ve estetik g\u00f6r\u00fcn\u00fcm sa\u011flamak \u00fczere tasarlanm\u0131\u015ft\u0131r.<br \/>\nChimica Lombarda\u2019n\u0131n su bazl\u0131 poli\u00fcretan dispersiyonlar\u0131, mekanik sa\u011flaml\u0131k ve canl\u0131 esteti\u011fi birle\u015ftirerek y\u00fcksek performansl\u0131 end\u00fcstriyel kaplamalar form\u00fcle etmeye olanak tan\u0131r. Ah\u015fap, metal, plastik ve PVC y\u00fczeylerde kullan\u0131lan bu dispersiyonlar, geni\u015f \u00f6l\u00e7ekli end\u00fcstriyel uygulamalar i\u00e7in ideal \u00e7\u00f6z\u00fcmler sunar.<br>\n<\/p><\/div><div class=\"empty-space-custom\" data-id=\"empty_space_custom_8\"><\/div>[\/vc_column][vc_column width=&#8221;1\/6&#8243;][\/vc_column][\/vc_row][vc_row full_width=&#8221;stretch_row&#8221; css=&#8221;.vc_custom_1741777323755{background-color: #030F0E !important;}&#8221;][vc_column css=&#8221;.vc_custom_1741778561208{padding-top: 0px !important;}&#8221;]<div class=\"buttons-container\" data-id=\"buttons-container_1\"><a class=\"button  \" data-id=\"button_1\" target=\"\" href=\"\"><img decoding=\"async\" src=\"https:\/\/chimicalombarda.com\/wp-content\/uploads\/2025\/03\/innovazione.svg\" alt=\"icon\" \/><span>\u0130novasyon<br>\n<\/span><\/a><a class=\"button  \" data-id=\"button_2\" target=\"\" href=\"\"><img decoding=\"async\" src=\"https:\/\/chimicalombarda.com\/wp-content\/uploads\/2025\/03\/affidabilita.svg\" alt=\"icon\" \/><span>G\u00fcvenilirlik<br>\n<\/span><\/a><a class=\"button  \" data-id=\"button_3\" target=\"\" href=\"\"><img decoding=\"async\" src=\"https:\/\/chimicalombarda.com\/wp-content\/uploads\/2025\/03\/performance.svg\" alt=\"icon\" \/><span>Performans<br>\n<\/span><\/a><\/div><div class=\"empty-space-custom\" data-id=\"empty_space_custom_9\"><\/div>[\/vc_column][\/vc_row][vc_row full_width=&#8221;stretch_row_content_no_spaces&#8221; css=&#8221;.vc_custom_1741805581506{background-color: #030F0E !important;}&#8221;][vc_column][video_background_gradient video_url=&#8221;https:\/\/chimicalombarda.com\/wp-content\/uploads\/2025\/03\/Video_header.mp4&#8243; gradient_rule=&#8221;linear-gradient(0deg, rgba(3,15,14,0.36738445378151263) 0%, rgba(3,15,14,1) 58%)&#8221;]<div class=\"empty-space-custom\" data-id=\"empty_space_custom_10\"><\/div>[vc_row_inner][vc_column_inner width=&#8221;7\/12&#8243; offset=&#8221;vc_hidden-sm vc_hidden-xs&#8221;]<div class=\"label-container  inverted\"><div class=\"label\"><i class=\"fa fa-chevron-right\"><\/i> <span>\u00d6zellikler ve avantajlar<\/span><\/div><\/div><div class=\"empty-space-custom\" data-id=\"empty_space_custom_11\"><\/div><div class=\"testo-responsive-container\" data-id=\"responsive_text_4\"><h2 class=\"testo-responsive\">Ola\u011fan\u00fcst\u00fc niteliklere sahip kuma\u015flar<br>\n<\/h2><\/div><div class=\"empty-space-custom\" data-id=\"empty_space_custom_12\"><\/div><a class=\"button  \" data-id=\"button_4\" target=\"_blank\" href=\"https:\/\/chimicalombarda.com\/wp-content\/uploads\/2025\/10\/Acqueous_Polyurethane_Dispersions_v5_Digital_compressed.pdf\"><img decoding=\"async\" src=\"https:\/\/chimicalombarda.com\/wp-content\/uploads\/2025\/03\/chevron-right-1.svg\" alt=\"icon\" \/><span>\u0130ndir pdf<br>\n<\/span><\/a>[\/vc_column_inner][vc_column_inner width=&#8221;5\/12&#8243;]<div class=\"padding-container\" data-id=\"padding-container_1\"><div class=\"empty-space-custom\" data-id=\"empty_space_custom_13\"><\/div><div class=\"testo-responsive-container\" data-id=\"responsive_text_5\"><p class=\"testo-responsive\">Chimica Lombarda&#8217;n\u0131n PU kaplamalar\u0131, tekstil kaplamalar\u0131 ve bask\u0131 m\u00fcrekkepleri i\u00e7in geli\u015fmi\u015f \u00e7\u00f6z\u00fcmler sunarak pigmentli kuma\u015flara a\u015fa\u011f\u0131dakiler de dahil olmak \u00fczere ola\u011fan\u00fcst\u00fc nitelikler sa\u011flar:<br>\n<\/p><\/div><div class=\"empty-space-custom\" data-id=\"empty_space_custom_14\"><\/div><div class=\"testo-responsive-container\" data-id=\"responsive_text_6\"><div class=\"testo-responsive\"><br>\n<ul>\n<li>\u00dcst\u00fcn elastikiyet;<\/li>\n<li>Yumu\u015fak dokunu\u015f etkisi;<\/li>\n<li>Dayan\u0131kl\u0131l\u0131k;<\/li>\n<li>Su ge\u00e7irmezlik;<\/li>\n<li>Nefes alabilirlik;<\/li>\n<li>S\u00fcrd\u00fcr\u00fclebilirlik.<\/li>\n<\/ul>\n\n<\/div><\/div><\/div>[\/vc_column_inner][\/vc_row_inner][vc_row_inner][vc_column_inner]<div class=\"empty-space-custom\" data-id=\"empty_space_custom_15\"><\/div>[\/vc_column_inner][\/vc_row_inner]<div class=\"empty-space-custom\" data-id=\"empty_space_custom_16\"><\/div>[\/video_background_gradient][\/vc_column][\/vc_row][vc_row][vc_column]<div class=\"empty-space-custom\" data-id=\"empty_space_custom_17\"><\/div>[vc_row_inner el_class=&#8221;d-flex flex-column flex-md-row&#8221;][vc_column_inner el_class=&#8221;order-2 order-md-1&#8243; width=&#8221;1\/2&#8243;]<div class=\"label-container \"><div class=\"label\"><i class=\"fa fa-chevron-right\"><\/i> <span>Y\u00fcksek gerilimli y\u00fczeyler i\u00e7in m\u00fckemmeldir<\/span><\/div><\/div><div class=\"empty-space-custom\" data-id=\"empty_space_custom_18\"><\/div><div class=\"testo-responsive-container\" data-id=\"responsive_text_7\"><div class=\"testo-responsive\">Y\u00fcksek dayan\u0131kl\u0131l\u0131klar\u0131 sayesinde bu poli\u00fcretan dispersiyonlar, a\u015f\u0131r\u0131 zorlama alt\u0131ndaki y\u00fczeyler i\u00e7in idealdir. UV \u0131\u015f\u0131nlar\u0131na kar\u015f\u0131 diren\u00e7, kaplamalar\u0131n d\u0131\u015f mekan ko\u015fullar\u0131nda bile parlakl\u0131\u011f\u0131n\u0131 ve b\u00fct\u00fcnl\u00fc\u011f\u00fcn\u00fc korumas\u0131n\u0131 sa\u011flar. Ayn\u0131 zamanda, poli\u00fcretan dispersiyonlar\u0131n elastik yap\u0131s\u0131 \u00e7atlaklara ve deformasyonlara kar\u015f\u0131 dayan\u0131kl\u0131l\u0131k sa\u011flar ve \u00fcr\u00fcn \u00f6mr\u00fcn\u00fc uzat\u0131r.<br>\nBu \u00e7\u00f6z\u00fcmlerin bir di\u011fer avantaj\u0131, ah\u015fap, metal, plastik ve PVC gibi \u00e7e\u015fitli alt tabakalarda m\u00fckemmel yap\u0131\u015fma sa\u011flamalar\u0131d\u0131r. B\u00f6ylece \u00e7ok y\u00f6nl\u00fc uygulama imkan\u0131 sunarak her t\u00fcrl\u00fc sanayi ihtiyac\u0131na yan\u0131t verir.<br>\n<\/div><\/div><div class=\"empty-space-custom\" data-id=\"empty_space_custom_19\"><\/div><div class=\"testo-responsive-container\" data-id=\"responsive_text_8\"><p class=\"testo-responsive\">Dekoratif ve fonksiyonel kaplamalar\u0131n \u00f6zelle\u015ftirilebilmesi, tasar\u0131mc\u0131lar ve \u00fcreticiler i\u00e7in pazardaki taleplere uygun \u00e7\u00f6z\u00fcmler geli\u015ftirme olana\u011f\u0131 sa\u011flar.<br \/>\n\u00dcr\u00fcnlerimiz, saf olarak veya piyasadaki di\u011fer su bazl\u0131 re\u00e7ine ve katk\u0131 maddeleri ile kar\u0131\u015ft\u0131r\u0131larak kullan\u0131labilir. Pigmentler, matla\u015ft\u0131r\u0131c\u0131lar, ba\u011flay\u0131c\u0131 ajanlar, alev geciktiriciler ve end\u00fcstriyel kaplamalarda yayg\u0131n kullan\u0131lan yard\u0131mc\u0131 maddelerle kolayca form\u00fcle edilebilirler.<br>\n<\/p><\/div>[\/vc_column_inner][vc_column_inner el_class=&#8221;order-1 order-md-2&#8243; width=&#8221;1\/2&#8243;]<div class=\"padding-container\" data-id=\"padding-container_2\"><div class=\" responsive-image\" data-id=\"responsive_image_1\"><div class=\"responsive-image-wrapper\"><img decoding=\"async\" class=\"img-fluid d-none d-sm-inline-block\" src=\"https:\/\/chimicalombarda.com\/wp-content\/uploads\/2025\/03\/safed-polymer-1.jpg\" alt=\"\" title=\"safed-polymer\"><img decoding=\"async\" class=\"img-fluid d-inline-block d-sm-none\" src=\"https:\/\/chimicalombarda.com\/wp-content\/uploads\/2025\/03\/safed-polymer-1.jpg\" alt=\"\" title=\"safed-polymer\"><\/div><\/div><\/div><div class=\"empty-space-custom\" data-id=\"empty_space_custom_20\"><\/div>[\/vc_column_inner][\/vc_row_inner]<div class=\"empty-space-custom\" data-id=\"empty_space_custom_21\"><\/div>[\/vc_column][\/vc_row][vc_row][vc_column]<div class=\"empty-space-custom\" data-id=\"empty_space_custom_22\"><\/div>[vc_row_inner][vc_column_inner width=&#8221;1\/2&#8243;]<div class=\"padding-container\" data-id=\"padding-container_3\"><div class=\" responsive-image\" data-id=\"responsive_image_2\"><div class=\"responsive-image-wrapper\"><img decoding=\"async\" class=\"img-fluid d-none d-sm-inline-block\" src=\"https:\/\/chimicalombarda.com\/wp-content\/uploads\/2025\/03\/Immagine-1.png\" alt=\"\" title=\"Immagine (1)\"><img decoding=\"async\" class=\"img-fluid d-inline-block d-sm-none\" src=\"https:\/\/chimicalombarda.com\/wp-content\/uploads\/2025\/03\/Immagine-1.png\" alt=\"\" title=\"Immagine (1)\"><\/div><\/div><\/div><div class=\"empty-space-custom\" data-id=\"empty_space_custom_23\"><\/div>[\/vc_column_inner][vc_column_inner width=&#8221;1\/2&#8243;]<div class=\"label-container \"><div class=\"label\"><i class=\"fa fa-chevron-right\"><\/i> <span>End\u00fcstriyel kaplaman\u0131z i\u00e7in uygun \u00e7apraz ba\u011flay\u0131c\u0131y\u0131 ke\u015ffedin<\/span><\/div><\/div><div class=\"empty-space-custom\" data-id=\"empty_space_custom_24\"><\/div><div class=\"testo-responsive-container\" data-id=\"responsive_text_9\"><p class=\"testo-responsive\">Sadece poli\u00fcretan dispersiyonlar de\u011fil. Chimica Lombarda, end\u00fcstriyel kaplaman\u0131z\u0131n dayan\u0131kl\u0131l\u0131\u011f\u0131n\u0131 art\u0131rmak i\u00e7in geni\u015f bir \u00e7apraz ba\u011flay\u0131c\u0131 yelpazesi de sunar.<br>\nChimica Lombarda\u2019n\u0131n bloklanm\u0131\u015f poliizosiyanat bazl\u0131 \u00e7apraz ba\u011flay\u0131c\u0131lar\u0131, hem temel kat hem de son kat \u00e7\u00f6z\u00fcmlerinde y\u00fcksek performans sa\u011flar ve zorlu ko\u015fullarda bile dayan\u0131kl\u0131l\u0131\u011f\u0131 art\u0131r\u0131r.<br>\nSertle\u015ftiricilerimiz, iki bile\u015fenli (2K) veya tek bile\u015fenli (1K) poli\u00fcretan kaplama sistemlerinde kullan\u0131labilir; m\u00fckemmel esneklik, \u00e7izilme ve a\u015f\u0131nma direnci, renk dayan\u0131kl\u0131l\u0131\u011f\u0131 ve \u00e7evresel etkilere kar\u015f\u0131 diren\u00e7 sa\u011flar. Alternatif olarak, geleneksel kuruma sistemlerinde katk\u0131 maddesi olarak kullan\u0131larak reaktivite, esneklik ve yap\u0131\u015fma geli\u015ftirilir.<br>\n<\/p><\/div><div class=\"empty-space-custom\" data-id=\"empty_space_custom_25\"><\/div><div class=\"testo-responsive-container\" data-id=\"responsive_text_10\"><p class=\"testo-responsive\">Chimica Lombarda, geleneksel MEKO i\u00e7eren se\u00e7eneklere alternatif olarak MEKO i\u00e7ermeyen \u00e7\u00f6z\u00fcmler sunarak s\u00fcrekli yenilik ve \u00e7evre dostu tercihler sundu\u011funu bir kez daha g\u00f6steriyor.<br \/>\nChimica Lombarda, yenilik, y\u00fcksek performans ve \u00e7evre dostu \u00e7\u00f6z\u00fcmler aras\u0131nda ideal dengeyi sunarak end\u00fcstriyel kaplamalar i\u00e7in m\u00fckemmel i\u015f orta\u011f\u0131n\u0131zd\u0131r.<br \/>\nPoli\u00fcretan dispersiyonlar\u0131m\u0131z ve \u00e7apraz ba\u011flay\u0131c\u0131lar\u0131m\u0131z hakk\u0131nda daha fazla bilgi almak i\u00e7in katalo\u011fumuzu indirebilirsiniz.<br>\n<\/p><\/div><div class=\"empty-space-custom\" data-id=\"empty_space_custom_26\"><\/div>[\/vc_column_inner][\/vc_row_inner]<div class=\"empty-space-custom\" data-id=\"empty_space_custom_27\"><\/div>[vc_row_inner][vc_column_inner css=&#8221;.vc_custom_1741804441771{background-color: #FFFFFF1A !important;}&#8221;]<div class=\"empty-space-custom\" data-id=\"empty_space_custom_28\"><\/div>[\/vc_column_inner][\/vc_row_inner][\/vc_column][\/vc_row][vc_row full_width=&#8221;stretch_row_content_no_spaces&#8221; disable_element=&#8221;yes&#8221;][vc_column][video_background_gradient background_type=&#8221;immagine&#8221; background_image=&#8221;203&#8243; gradient_rule=&#8221;linear-gradient( to top, rgba(3, 15, 14, 0.8) 10%, rgba(3, 15, 14, 0) 100% ), linear-gradient( to right, rgba(3, 15, 14, 0.9) 10%, rgba(3, 15, 14, 0) 100% )&#8221;]<div class=\"empty-space-custom\" data-id=\"empty_space_custom_29\"><\/div>[vc_row_inner][vc_column_inner width=&#8221;1\/2&#8243;]<div class=\"label-container  inverted\"><div class=\"label\"><i class=\"fa fa-chevron-right\"><\/i> <span>Discover Our ACRALINK Cross-Linkers for Textile Finishing<\/span><\/div><\/div><div class=\"empty-space-custom\" data-id=\"empty_space_custom_30\"><\/div><div class=\"testo-responsive-container\" data-id=\"responsive_text_11\"><p class=\"testo-responsive\">Our <strong>ACRALINK cross-linkers<\/strong> are water based <strong>blocked poly-isocyanates<\/strong> ([link to cross-linking agents page]). They enhance the <strong>mechanical properties<\/strong>, <strong>chemical resistance<\/strong>, and <strong>sustainability<\/strong> of <strong>polyurethane-based textile coatings<\/strong>. Specifically formulated for mono or <strong>two-component polyurethane coatings<\/strong> for <strong>textile finishing<\/strong>, ACRALINK enables the creation of a wide range of <strong>high-performance<\/strong> and <strong>sustainable water-based PU coating systems<\/strong>, free from <strong>co-solvents<\/strong>.<br>\n<\/p><\/div><div class=\"empty-space-custom\" data-id=\"empty_space_custom_31\"><\/div><div class=\"testo-responsive-container\" data-id=\"responsive_text_12\"><p class=\"testo-responsive\">Typically, these solutions are used to produce <strong>low-VOC synthetic materials<\/strong> for fabrics in <strong>apparel<\/strong>, <strong>footwear<\/strong>, <strong>leather goods<\/strong>, <strong>sports equipment<\/strong>, and <strong>furniture<\/strong>. They are also utilized in coatings for <strong>technical fabrics<\/strong> such as conveyor belts and <strong>protective clothing<\/strong>.<br>\n<strong>Properties and Advantages<\/strong>:<br>\n<\/p><\/div><div class=\"empty-space-custom\" data-id=\"empty_space_custom_32\"><\/div><div class=\"testo-responsive-container\" data-id=\"responsive_text_13\"><p class=\"testo-responsive\"><br>\n<ul>\n<li>Enhances the <strong>longevity<\/strong> and <strong>durability<\/strong> of fabrics by improving the <strong>mechanical properties<\/strong>, <strong>chemical resistance<\/strong>, and <strong>sustainability<\/strong> of <strong>PU-based textile coatings<\/strong>.<\/li>\n<li>Supports <strong>sustainable production goals<\/strong> thanks to <strong>low VOCs<\/strong> and the absence of co-solvents.<\/li>\n<li>Improves <strong>print quality<\/strong> and design precision.<\/li>\n<li>Enables <strong>multi-purpose applications<\/strong> across various <strong>industrial sectors<\/strong>.<\/li>\n<\/ul>\n\n<\/p><\/div><div class=\"empty-space-custom\" data-id=\"empty_space_custom_33\"><\/div><a class=\"button  \" data-id=\"button_5\" target=\"\" href=\"#\"><img decoding=\"async\" src=\"https:\/\/chimicalombarda.com\/wp-content\/uploads\/2025\/03\/mess.svg\" alt=\"icon\" \/><span>Contact Us<br>\n<\/span><\/a>[\/vc_column_inner][vc_column_inner width=&#8221;1\/2&#8243;][\/vc_column_inner][\/vc_row_inner]<div class=\"empty-space-custom\" data-id=\"empty_space_custom_34\"><\/div><div class=\"container-fluid cta\" data-col-base=\"1\"  data-col-lg=\"2\"  data-id=\"cta_1\"><div class=\"row\"><div class=\"col-12 col-lg-6 p-0\"><div><a href=\"#\"><div class=\"cta-content\"><span>Certifications<\/span><span class=\"label d-inline-block d-md-none\">Discover more<\/span><\/div><\/a><\/div><\/div><div class=\"col-12 col-lg-6 p-0\"><div><a href=\"#\"><div class=\"cta-content\"><span>R&amp;D<\/span><span class=\"label d-inline-block d-md-none\">Discover more<\/span><\/div><\/a><\/div><\/div><\/div><\/div><div class=\"empty-space-custom\" data-id=\"empty_space_custom_35\"><\/div>[\/video_background_gradient][\/vc_column][\/vc_row]<\/p>\n<\/div>","protected":false},"excerpt":{"rendered":"<p>[vc_row full_width=&#8221;stretch_row_content_no_spaces&#8221; css=&#8221;.vc_custom_1743424528133{background-color: #030F0E !important;}&#8221;][vc_column][video_background_gradient background_type=&#8221;immagine&#8221; background_image=&#8221;368&#8243;][vc_row_inner][vc_column_inner width=&#8221;5\/12&#8243;][\/vc_column_inner][vc_column_inner width=&#8221;7\/12&#8243;][\/vc_column_inner][\/vc_row_inner][vc_row_inner][vc_column_inner css=&#8221;.vc_custom_1741773509985{padding-top: 0px !important;padding-bottom: 0px !important;background-color: #FFFFFF1A !important;}&#8221;][\/vc_column_inner][\/vc_row_inner][\/video_background_gradient][\/vc_column][\/vc_row][vc_row full_width=&#8221;stretch_row&#8221; css=&#8221;.vc_custom_1741629619116{background-color: #030F0E !important;}&#8221;][vc_column width=&#8221;1\/6&#8243;][\/vc_column][vc_column width=&#8221;4\/6&#8243;][\/vc_column][vc_column width=&#8221;1\/6&#8243;][\/vc_column][\/vc_row][vc_row full_width=&#8221;stretch_row&#8221; css=&#8221;.vc_custom_1741777323755{background-color: #030F0E !important;}&#8221;][vc_column css=&#8221;.vc_custom_1741778561208{padding-top: 0px !important;}&#8221;][\/vc_column][\/vc_row][vc_row full_width=&#8221;stretch_row_content_no_spaces&#8221; css=&#8221;.vc_custom_1741805581506{background-color: #030F0E !important;}&#8221;][vc_column][video_background_gradient video_url=&#8221;https:\/\/chimicalombarda.com\/wp-content\/uploads\/2025\/03\/Video_header.mp4&#8243; gradient_rule=&#8221;linear-gradient(0deg, rgba(3,15,14,0.36738445378151263) 0%, rgba(3,15,14,1) 58%)&#8221;][vc_row_inner][vc_column_inner width=&#8221;7\/12&#8243; offset=&#8221;vc_hidden-sm vc_hidden-xs&#8221;][\/vc_column_inner][vc_column_inner width=&#8221;5\/12&#8243;][\/vc_column_inner][\/vc_row_inner][vc_row_inner][vc_column_inner][\/vc_column_inner][\/vc_row_inner][\/video_background_gradient][\/vc_column][\/vc_row][vc_row][vc_column][vc_row_inner el_class=&#8221;d-flex flex-column flex-md-row&#8221;][vc_column_inner el_class=&#8221;order-2 order-md-1&#8243; width=&#8221;1\/2&#8243;][\/vc_column_inner][vc_column_inner el_class=&#8221;order-1 order-md-2&#8243; width=&#8221;1\/2&#8243;][\/vc_column_inner][\/vc_row_inner][\/vc_column][\/vc_row][vc_row][vc_column][vc_row_inner][vc_column_inner width=&#8221;1\/2&#8243;][\/vc_column_inner][vc_column_inner width=&#8221;1\/2&#8243;][\/vc_column_inner][\/vc_row_inner][vc_row_inner][vc_column_inner [&hellip;]<\/p>\n","protected":false},"author":4,"featured_media":0,"parent":0,"menu_order":0,"comment_status":"closed","ping_status":"closed","template":"","meta":{"_acf_changed":false,"inline_featured_image":false,"footnotes":""},"class_list":["post-1170","page","type-page","status-publish","hentry"],"acf":[],"aioseo_notices":[],"_links":{"self":[{"href":"https:\/\/chimicalombarda.com\/tr\/wp-json\/wp\/v2\/pages\/1170","targetHints":{"allow":["GET"]}}],"collection":[{"href":"https:\/\/chimicalombarda.com\/tr\/wp-json\/wp\/v2\/pages"}],"about":[{"href":"https:\/\/chimicalombarda.com\/tr\/wp-json\/wp\/v2\/types\/page"}],"author":[{"embeddable":true,"href":"https:\/\/chimicalombarda.com\/tr\/wp-json\/wp\/v2\/users\/4"}],"replies":[{"embeddable":true,"href":"https:\/\/chimicalombarda.com\/tr\/wp-json\/wp\/v2\/comments?post=1170"}],"version-history":[{"count":3,"href":"https:\/\/chimicalombarda.com\/tr\/wp-json\/wp\/v2\/pages\/1170\/revisions"}],"predecessor-version":[{"id":1398,"href":"https:\/\/chimicalombarda.com\/tr\/wp-json\/wp\/v2\/pages\/1170\/revisions\/1398"}],"wp:attachment":[{"href":"https:\/\/chimicalombarda.com\/tr\/wp-json\/wp\/v2\/media?parent=1170"}],"curies":[{"name":"wp","href":"https:\/\/api.w.org\/{rel}","templated":true}]}}