{"id":1172,"date":"2025-03-27T14:15:27","date_gmt":"2025-03-27T13:15:27","guid":{"rendered":"https:\/\/chimicalombarda.com\/polyaziridines\/"},"modified":"2025-05-12T10:14:29","modified_gmt":"2025-05-12T08:14:29","slug":"poli-aziridin","status":"publish","type":"page","link":"https:\/\/chimicalombarda.com\/tr\/poli-aziridin\/","title":{"rendered":"Polyaziridines &#8211; Poli-aziridin"},"content":{"rendered":"<div class=\"wpb-content-wrapper\"><p>[vc_row full_width=&#8221;stretch_row_content_no_spaces&#8221; css=&#8221;.vc_custom_1743426675240{background-color: #030F0E !important;}&#8221;][vc_column][video_background_gradient background_type=&#8221;immagine&#8221; background_image=&#8221;549&#8243;][vc_row_inner][vc_column_inner width=&#8221;5\/12&#8243;]<div class=\"empty-space-custom\" data-id=\"empty_space_custom_1\"><\/div><div class=\"label-container  inverted\"><div class=\"label\"><i class=\"fa fa-chevron-right\"><\/i> <span>Poli-aziridin<\/span><\/div><\/div><div class=\"empty-space-custom\" data-id=\"empty_space_custom_2\"><\/div><div class=\"testo-responsive-container decorative-border\" data-id=\"responsive_text_1\"><h1 class=\"testo-responsive\"><strong>\u00c7apraz ba\u011flay\u0131c\u0131lar \u2013 Poliaziridinler: Polimer inovasyonunda yeni bir d\u00f6nem<\/strong><br>\n<\/h1><\/div><div class=\"empty-space-custom\" data-id=\"empty_space_custom_3\"><\/div>[\/vc_column_inner][vc_column_inner width=&#8221;7\/12&#8243;][\/vc_column_inner][\/vc_row_inner][vc_row_inner][vc_column_inner css=&#8221;.vc_custom_1741773509985{padding-top: 0px !important;padding-bottom: 0px !important;background-color: #FFFFFF1A !important;}&#8221;]<div class=\"empty-space-custom\" data-id=\"empty_space_custom_4\"><\/div>[\/vc_column_inner][\/vc_row_inner]<div class=\"empty-space-custom\" data-id=\"empty_space_custom_5\"><\/div>[\/video_background_gradient][\/vc_column][\/vc_row][vc_row full_width=&#8221;stretch_row&#8221; css=&#8221;.vc_custom_1741629619116{background-color: #030F0E !important;}&#8221;][vc_column width=&#8221;1\/6&#8243;][\/vc_column][vc_column width=&#8221;4\/6&#8243;]<div class=\"label-container text-center inverted\"><div class=\"label\"><i class=\"fa fa-chevron-right\"><\/i> <span>Son derece d\u00fc\u015f\u00fck toksisite ile en y\u00fcksek d\u00fczeyde i\u015flevsel performans<\/span><\/div><\/div><div class=\"empty-space-custom\" data-id=\"empty_space_custom_6\"><\/div><div class=\"testo-responsive-container\" data-id=\"responsive_text_2\"><h3 class=\"testo-responsive\">Chimica Lombarda, pazarda mevcut ilk polimerik aziridin teknolojisini tan\u0131tm\u0131\u015ft\u0131r. Bu yenilik\u00e7i ve ileri d\u00fczey teknoloji, en y\u00fcksek i\u015flevsel performans seviyelerini son derece d\u00fc\u015f\u00fck toksisiteyle birle\u015ftirir.<br>\n<\/h3><\/div><div class=\"empty-space-custom\" data-id=\"empty_space_custom_7\"><\/div><div class=\"testo-responsive-container\" data-id=\"responsive_text_3\"><p class=\"testo-responsive\">Yeni POLY GREEN 70 polimerik \u00e7apraz ba\u011flay\u0131c\u0131m\u0131z devrim niteli\u011finde bir inovasyonu temsil eder. Geleneksel aziridinlerin performans seviyelerini koruyarak, \u00e7ok daha g\u00fcvenli ve \u00e7evre dostu bir \u00e7\u00f6z\u00fcm sunar.<br>\nBu yeni \u00fcr\u00fcn portf\u00f6y\u00fc, \u015firketin bilimi kullanarak mevcut geleneksel alternatiflerden daha \u00fcst\u00fcn, s\u00fcrd\u00fcr\u00fclebilir \u00e7\u00f6z\u00fcmler geli\u015ftirme konusundaki kararl\u0131l\u0131\u011f\u0131n\u0131n somut bir g\u00f6stergesidir.<br>\n<\/p><\/div><div class=\"empty-space-custom\" data-id=\"empty_space_custom_8\"><\/div>[\/vc_column][vc_column width=&#8221;1\/6&#8243;][\/vc_column][\/vc_row][vc_row full_width=&#8221;stretch_row&#8221; css=&#8221;.vc_custom_1741777323755{background-color: #030F0E !important;}&#8221;][vc_column css=&#8221;.vc_custom_1741778561208{padding-top: 0px !important;}&#8221;]<div class=\"buttons-container\" data-id=\"buttons-container_1\"><a class=\"button  \" data-id=\"button_1\" target=\"\" href=\"\"><img decoding=\"async\" src=\"https:\/\/chimicalombarda.com\/wp-content\/uploads\/2025\/03\/innovazione.svg\" alt=\"icon\" \/><span>\u0130novasyon<br>\n<\/span><\/a><a class=\"button  \" data-id=\"button_2\" target=\"\" href=\"\"><img decoding=\"async\" src=\"https:\/\/chimicalombarda.com\/wp-content\/uploads\/2025\/03\/affidabilita.svg\" alt=\"icon\" \/><span>G\u00fcvenilirlik<br>\n<\/span><\/a><a class=\"button  \" data-id=\"button_3\" target=\"\" href=\"\"><img decoding=\"async\" src=\"https:\/\/chimicalombarda.com\/wp-content\/uploads\/2025\/03\/performance.svg\" alt=\"icon\" \/><span>Performans<br>\n<\/span><\/a><\/div><div class=\"empty-space-custom\" data-id=\"empty_space_custom_9\"><\/div>[\/vc_column][\/vc_row][vc_row full_width=&#8221;stretch_row_content_no_spaces&#8221; css=&#8221;.vc_custom_1741805581506{background-color: #030F0E !important;}&#8221;][vc_column][video_background_gradient video_url=&#8221;https:\/\/chimicalombarda.com\/wp-content\/uploads\/2025\/03\/Video_header.mp4&#8243; gradient_rule=&#8221;linear-gradient(0deg, rgba(3,15,14,0.36738445378151263) 0%, rgba(3,15,14,1) 58%)&#8221;]<div class=\"empty-space-custom\" data-id=\"empty_space_custom_10\"><\/div>[vc_row_inner][vc_column_inner width=&#8221;7\/12&#8243;]<div class=\"label-container  inverted\"><div class=\"label\"><i class=\"fa fa-chevron-right\"><\/i> <span>\u00d6zellikler ve avantajlar<\/span><\/div><\/div><div class=\"empty-space-custom\" data-id=\"empty_space_custom_11\"><\/div><div class=\"testo-responsive-container\" data-id=\"responsive_text_4\"><h2 class=\"testo-responsive\"><strong>POLY GREEN 70<\/strong><br>\n<\/h2><\/div><div class=\"empty-space-custom\" data-id=\"empty_space_custom_12\"><\/div><div class=\"testo-responsive-container\" data-id=\"responsive_text_5\"><div class=\"testo-responsive\"><br>\n<ul>\n<li>D\u00fc\u015f\u00fck dozajlarda bile y\u00fcksek su ve kimyasal dayan\u0131m\u0131<\/li>\n<li>Farkl\u0131 alt katmanlara m\u00fckemmel yap\u0131\u015fma<\/li>\n<li>Y\u00fcksek termal kararl\u0131l\u0131k ve reaktivite<\/li>\n<li>Uygulama sonras\u0131 kurutma veya \u0131s\u0131tma gerektirmez<\/li>\n<li>Ya\u015flanma s\u00fcrecinde sararma yapmaz<\/li>\n<li>Geni\u015f pH aral\u0131\u011f\u0131nda uygulanabilirlik<\/li>\n<li>Sulu akrilik em\u00fclsiyonlar ve fonksiyonel \u00fcretan dispersiyonlarla reaktivite<\/li>\n<li>D\u00fc\u015f\u00fck toksisite (genotoksik veya mutajenik de\u011fildir)<\/li>\n<\/ul>\n\n<\/div><\/div><div class=\"empty-space-custom\" data-id=\"empty_space_custom_13\"><\/div><a class=\"button  \" data-id=\"button_4\" target=\"_blank\" href=\"https:\/\/chimicalombarda.com\/wp-content\/uploads\/2025\/04\/Cross-Linking_Agents_v5_Digital.pdf\"><img decoding=\"async\" src=\"https:\/\/chimicalombarda.com\/wp-content\/uploads\/2025\/03\/world-yellow-1.svg\" alt=\"icon\" \/><span>\u0130ndir pdf<br>\n<\/span><\/a>[\/vc_column_inner][vc_column_inner width=&#8221;5\/12&#8243; offset=&#8221;vc_hidden-sm vc_hidden-xs&#8221;][\/vc_column_inner][\/vc_row_inner][vc_row_inner][vc_column_inner]<div class=\"empty-space-custom\" data-id=\"empty_space_custom_14\"><\/div>[\/vc_column_inner][\/vc_row_inner]<div class=\"empty-space-custom\" data-id=\"empty_space_custom_15\"><\/div>[\/video_background_gradient][\/vc_column][\/vc_row][vc_row][vc_column]<div class=\"empty-space-custom\" data-id=\"empty_space_custom_16\"><\/div>[vc_row_inner el_class=&#8221;d-flex flex-column flex-md-row&#8221;][vc_column_inner el_class=&#8221;order-2 order-md-1&#8243; width=&#8221;1\/2&#8243;]<div class=\"label-container \"><div class=\"label\"><i class=\"fa fa-chevron-right\"><\/i> <span>Sa\u011fl\u0131k ve G\u00fcvenlik Avantajlar\u0131<\/span><\/div><\/div><div class=\"empty-space-custom\" data-id=\"empty_space_custom_17\"><\/div><div class=\"testo-responsive-container\" data-id=\"responsive_text_6\"><p class=\"testo-responsive\">POLY GREEN 70\u2019in d\u00fc\u015f\u00fck toksisitesi sadece insan sa\u011fl\u0131\u011f\u0131 i\u00e7in daha g\u00fcvenli bir \u00e7\u00f6z\u00fcm sunmakla kalmaz; ayn\u0131 zamanda form\u00fclat\u00f6rlerin ve \u00fcreticilerin \u00fcr\u00fcnlerinden en kritik g\u00fcvenlik etiketlerini kald\u0131rmas\u0131na olanak tan\u0131r. Bu da \u00fcretimi \u00e7al\u0131\u015fanlar i\u00e7in daha g\u00fcvenli, t\u00fcketiciler i\u00e7in ise daha cazip hale getirir.<br>\n<\/p><\/div><div class=\"empty-space-custom\" data-id=\"empty_space_custom_18\"><\/div>[\/vc_column_inner][vc_column_inner el_class=&#8221;order-1 order-md-2&#8243; width=&#8221;1\/2&#8243;]<div class=\"padding-container\" data-id=\"padding-container_1\"><div class=\" responsive-image\" data-id=\"responsive_image_1\"><div class=\"responsive-image-wrapper\"><img decoding=\"async\" class=\"img-fluid d-none d-sm-inline-block\" src=\"https:\/\/chimicalombarda.com\/wp-content\/uploads\/2025\/03\/plymer.jpg\" alt=\"\" title=\"plymer\"><img decoding=\"async\" class=\"img-fluid d-inline-block d-sm-none\" src=\"https:\/\/chimicalombarda.com\/wp-content\/uploads\/2025\/03\/plymer.jpg\" alt=\"\" title=\"plymer\"><\/div><\/div><\/div><div class=\"empty-space-custom\" data-id=\"empty_space_custom_19\"><\/div>[\/vc_column_inner][\/vc_row_inner]<div class=\"empty-space-custom\" data-id=\"empty_space_custom_20\"><\/div>[\/vc_column][\/vc_row][vc_row][vc_column]<div class=\"empty-space-custom\" data-id=\"empty_space_custom_21\"><\/div>[vc_row_inner][vc_column_inner width=&#8221;1\/2&#8243;]<div class=\"padding-container\" data-id=\"padding-container_2\"><div class=\" responsive-image\" data-id=\"responsive_image_2\"><div class=\"responsive-image-wrapper\"><img decoding=\"async\" class=\"img-fluid d-none d-sm-inline-block\" src=\"https:\/\/chimicalombarda.com\/wp-content\/uploads\/2025\/03\/safed-polymer.jpg\" alt=\"\" title=\"safed-polymer\"><img decoding=\"async\" class=\"img-fluid d-inline-block d-sm-none\" src=\"https:\/\/chimicalombarda.com\/wp-content\/uploads\/2025\/03\/safed-polymer.jpg\" alt=\"\" title=\"safed-polymer\"><\/div><\/div><\/div><div class=\"empty-space-custom\" data-id=\"empty_space_custom_22\"><\/div>[\/vc_column_inner][vc_column_inner width=&#8221;1\/2&#8243;]<div class=\"label-container \"><div class=\"label\"><i class=\"fa fa-chevron-right\"><\/i> <span>\u00dcst\u00fcn Yap\u0131\u015fma ve Performans<\/span><\/div><\/div><div class=\"empty-space-custom\" data-id=\"empty_space_custom_23\"><\/div><div class=\"testo-responsive-container\" data-id=\"responsive_text_7\"><p class=\"testo-responsive\">Aziridin d\u00fcnyas\u0131nda bu polimerik inovasyon, \u00e7ok \u00e7e\u015fitli alt katmanlara m\u00fckemmel yap\u0131\u015fma sa\u011flar ve baz\u0131 durumlarda geleneksel aziridinlerden bile daha y\u00fcksek performans sunar. Kaplaman\u0131z ister a\u015fa\u011f\u0131dakiler i\u00e7in tasarlanm\u0131\u015f olsun:<br>\n<\/p><\/div><div class=\"empty-space-custom\" data-id=\"empty_space_custom_24\"><\/div><div class=\"testo-responsive-container\" data-id=\"responsive_text_8\"><p class=\"testo-responsive\"><br>\n<ul>\n<li>Ah\u015fap<\/li>\n<li>Metal<\/li>\n<li>Tekstil<\/li>\n<li>Deri<\/li>\n<\/ul>\n\n<\/p><\/div><div class=\"empty-space-custom\" data-id=\"empty_space_custom_25\"><\/div><div class=\"testo-responsive-container\" data-id=\"responsive_text_9\"><p class=\"testo-responsive\">POLY GREEN 70 bekledi\u011finiz \u00e7\u00f6z\u00fcmd\u00fcr.<br>\n<\/p><\/div><div class=\"empty-space-custom\" data-id=\"empty_space_custom_26\"><\/div>[\/vc_column_inner][\/vc_row_inner]<div class=\"empty-space-custom\" data-id=\"empty_space_custom_27\"><\/div>[vc_row_inner][vc_column_inner css=&#8221;.vc_custom_1741804441771{background-color: #FFFFFF1A !important;}&#8221;]<div class=\"empty-space-custom\" data-id=\"empty_space_custom_28\"><\/div>[\/vc_column_inner][\/vc_row_inner][\/vc_column][\/vc_row][vc_row][vc_column]<div class=\"empty-space-custom\" data-id=\"empty_space_custom_29\"><\/div>[vc_row_inner el_class=&#8221;d-flex flex-column flex-md-row&#8221;][vc_column_inner el_class=&#8221;order-2 order-md-1&#8243; width=&#8221;1\/2&#8243;]<div class=\"label-container \"><div class=\"label\"><i class=\"fa fa-chevron-right\"><\/i> <span>Uzat\u0131lm\u0131\u015f Kap \u00d6mr\u00fc ve Verimlilik<\/span><\/div><\/div><div class=\"empty-space-custom\" data-id=\"empty_space_custom_30\"><\/div><div class=\"testo-responsive-container\" data-id=\"responsive_text_10\"><p class=\"testo-responsive\">\u00d6zel kimyasal \u00f6zellikleri ve sudaki y\u00fcksek kararl\u0131l\u0131\u011f\u0131 sayesinde pot-life s\u00fcresi bir haftaya kadar uzayabilir; bu da kar\u0131\u015f\u0131m\u0131n tekrar haz\u0131rlanmas\u0131na gerek kalmadan kullan\u0131labilmesini sa\u011fl. Bu, \u00fcr\u00fcn g\u00fcvenilirli\u011fini art\u0131r\u0131r ve \u00fcreticilerin, form\u00fclat\u00f6rlerin ve son kullan\u0131m uygulay\u0131c\u0131lar\u0131n\u0131n:<br>\n<\/p><\/div><div class=\"empty-space-custom\" data-id=\"empty_space_custom_31\"><\/div><div class=\"testo-responsive-container\" data-id=\"responsive_text_11\"><p class=\"testo-responsive\"><br>\n<ul>\n<li>\u00dcr\u00fcn israf\u0131n\u0131 azalt\u0131n<\/li>\n<li>Zaman i\u00e7inde \u00f6d\u00fcn vermeden y\u00fcksek verimlilik seviyelerine ula\u015f\u0131n.<\/li>\n<\/ul>\n\n<\/p><\/div><div class=\"empty-space-custom\" data-id=\"empty_space_custom_32\"><\/div><div class=\"testo-responsive-container\" data-id=\"responsive_text_12\"><p class=\"testo-responsive\">Chimica Lombarda sayesinde her end\u00fcstriyel uygulama i\u00e7in \u00f6zel olarak uyarlanm\u0131\u015f, %100 \u0130talyan teknolojisine sahip \u00e7\u00f6z\u00fcmlere ula\u015fabilirsiniz.<br>\n<\/p><\/div><div class=\"empty-space-custom\" data-id=\"empty_space_custom_33\"><\/div><a class=\"button  \" data-id=\"button_5\" target=\"_blank\" href=\"https:\/\/chimicalombarda.com\/wp-content\/uploads\/2025\/03\/Cross-Linking_Agents.pdf\"><img decoding=\"async\" src=\"https:\/\/chimicalombarda.com\/wp-content\/uploads\/2025\/03\/world-yellow-1.svg\" alt=\"icon\" \/><span>\u0130ndir pdf<br>\n<\/span><\/a>[\/vc_column_inner][vc_column_inner el_class=&#8221;order-1 order-md-2&#8243; width=&#8221;1\/2&#8243;]<div class=\"padding-container\" data-id=\"padding-container_3\"><div class=\" responsive-image\" data-id=\"responsive_image_3\"><div class=\"responsive-image-wrapper\"><img decoding=\"async\" class=\"img-fluid d-none d-sm-inline-block\" src=\"https:\/\/chimicalombarda.com\/wp-content\/uploads\/2025\/03\/water-plymer.jpg\" alt=\"\" title=\"water-plymer\"><img decoding=\"async\" class=\"img-fluid d-inline-block d-sm-none\" src=\"https:\/\/chimicalombarda.com\/wp-content\/uploads\/2025\/03\/water-plymer.jpg\" alt=\"\" title=\"water-plymer\"><\/div><\/div><\/div><div class=\"empty-space-custom\" data-id=\"empty_space_custom_34\"><\/div>[\/vc_column_inner][\/vc_row_inner]<div class=\"empty-space-custom\" data-id=\"empty_space_custom_35\"><\/div>[\/vc_column][\/vc_row]<\/p>\n<\/div>","protected":false},"excerpt":{"rendered":"<p>[vc_row full_width=&#8221;stretch_row_content_no_spaces&#8221; css=&#8221;.vc_custom_1743426675240{background-color: #030F0E !important;}&#8221;][vc_column][video_background_gradient background_type=&#8221;immagine&#8221; background_image=&#8221;549&#8243;][vc_row_inner][vc_column_inner width=&#8221;5\/12&#8243;][\/vc_column_inner][vc_column_inner width=&#8221;7\/12&#8243;][\/vc_column_inner][\/vc_row_inner][vc_row_inner][vc_column_inner css=&#8221;.vc_custom_1741773509985{padding-top: 0px !important;padding-bottom: 0px !important;background-color: #FFFFFF1A !important;}&#8221;][\/vc_column_inner][\/vc_row_inner][\/video_background_gradient][\/vc_column][\/vc_row][vc_row full_width=&#8221;stretch_row&#8221; css=&#8221;.vc_custom_1741629619116{background-color: #030F0E !important;}&#8221;][vc_column width=&#8221;1\/6&#8243;][\/vc_column][vc_column width=&#8221;4\/6&#8243;][\/vc_column][vc_column width=&#8221;1\/6&#8243;][\/vc_column][\/vc_row][vc_row full_width=&#8221;stretch_row&#8221; css=&#8221;.vc_custom_1741777323755{background-color: #030F0E !important;}&#8221;][vc_column css=&#8221;.vc_custom_1741778561208{padding-top: 0px !important;}&#8221;][\/vc_column][\/vc_row][vc_row full_width=&#8221;stretch_row_content_no_spaces&#8221; css=&#8221;.vc_custom_1741805581506{background-color: #030F0E !important;}&#8221;][vc_column][video_background_gradient video_url=&#8221;https:\/\/chimicalombarda.com\/wp-content\/uploads\/2025\/03\/Video_header.mp4&#8243; gradient_rule=&#8221;linear-gradient(0deg, rgba(3,15,14,0.36738445378151263) 0%, rgba(3,15,14,1) 58%)&#8221;][vc_row_inner][vc_column_inner width=&#8221;7\/12&#8243;][\/vc_column_inner][vc_column_inner width=&#8221;5\/12&#8243; offset=&#8221;vc_hidden-sm vc_hidden-xs&#8221;][\/vc_column_inner][\/vc_row_inner][vc_row_inner][vc_column_inner][\/vc_column_inner][\/vc_row_inner][\/video_background_gradient][\/vc_column][\/vc_row][vc_row][vc_column][vc_row_inner el_class=&#8221;d-flex flex-column flex-md-row&#8221;][vc_column_inner el_class=&#8221;order-2 order-md-1&#8243; width=&#8221;1\/2&#8243;][\/vc_column_inner][vc_column_inner el_class=&#8221;order-1 order-md-2&#8243; width=&#8221;1\/2&#8243;][\/vc_column_inner][\/vc_row_inner][\/vc_column][\/vc_row][vc_row][vc_column][vc_row_inner][vc_column_inner width=&#8221;1\/2&#8243;][\/vc_column_inner][vc_column_inner width=&#8221;1\/2&#8243;][\/vc_column_inner][\/vc_row_inner][vc_row_inner][vc_column_inner [&hellip;]<\/p>\n","protected":false},"author":4,"featured_media":0,"parent":0,"menu_order":0,"comment_status":"closed","ping_status":"closed","template":"","meta":{"_acf_changed":false,"inline_featured_image":false,"footnotes":""},"class_list":["post-1172","page","type-page","status-publish","hentry"],"acf":[],"aioseo_notices":[],"_links":{"self":[{"href":"https:\/\/chimicalombarda.com\/tr\/wp-json\/wp\/v2\/pages\/1172","targetHints":{"allow":["GET"]}}],"collection":[{"href":"https:\/\/chimicalombarda.com\/tr\/wp-json\/wp\/v2\/pages"}],"about":[{"href":"https:\/\/chimicalombarda.com\/tr\/wp-json\/wp\/v2\/types\/page"}],"author":[{"embeddable":true,"href":"https:\/\/chimicalombarda.com\/tr\/wp-json\/wp\/v2\/users\/4"}],"replies":[{"embeddable":true,"href":"https:\/\/chimicalombarda.com\/tr\/wp-json\/wp\/v2\/comments?post=1172"}],"version-history":[{"count":2,"href":"https:\/\/chimicalombarda.com\/tr\/wp-json\/wp\/v2\/pages\/1172\/revisions"}],"predecessor-version":[{"id":1237,"href":"https:\/\/chimicalombarda.com\/tr\/wp-json\/wp\/v2\/pages\/1172\/revisions\/1237"}],"wp:attachment":[{"href":"https:\/\/chimicalombarda.com\/tr\/wp-json\/wp\/v2\/media?parent=1172"}],"curies":[{"name":"wp","href":"https:\/\/api.w.org\/{rel}","templated":true}]}}