{"id":1181,"date":"2025-03-26T12:26:24","date_gmt":"2025-03-26T11:26:24","guid":{"rendered":"https:\/\/chimicalombarda.com\/polyisocyanates\/"},"modified":"2025-05-12T10:14:29","modified_gmt":"2025-05-12T08:14:29","slug":"poli-izosiyanatlar","status":"publish","type":"page","link":"https:\/\/chimicalombarda.com\/tr\/poli-izosiyanatlar\/","title":{"rendered":"Polyisocyanates &#8211; Poliizosiyanatlar"},"content":{"rendered":"<div class=\"wpb-content-wrapper\"><p>[vc_row full_width=&#8221;stretch_row_content_no_spaces&#8221; css=&#8221;.vc_custom_1743426893868{background-color: #030F0E !important;}&#8221;][vc_column][video_background_gradient background_type=&#8221;immagine&#8221; background_image=&#8221;368&#8243;][vc_row_inner][vc_column_inner width=&#8221;5\/12&#8243;]<div class=\"empty-space-custom\" data-id=\"empty_space_custom_1\"><\/div><div class=\"label-container  inverted\"><div class=\"label\"><i class=\"fa fa-chevron-right\"><\/i> <span>\u00c7apraz ba\u011flay\u0131c\u0131lar \u2013 Poliizosiyanatlar<\/span><\/div><\/div><div class=\"empty-space-custom\" data-id=\"empty_space_custom_2\"><\/div><div class=\"testo-responsive-container decorative-border\" data-id=\"responsive_text_1\"><h1 class=\"testo-responsive\">Tekstil Terbiyesi i\u00e7in Poli\u00fcretan Dispersiyonlar\u0131m\u0131z\u0131n \u00d6zellikleri<br>\n<\/h1><\/div><div class=\"empty-space-custom\" data-id=\"empty_space_custom_3\"><\/div>[\/vc_column_inner][vc_column_inner width=&#8221;7\/12&#8243;][\/vc_column_inner][\/vc_row_inner][vc_row_inner][vc_column_inner css=&#8221;.vc_custom_1741773509985{padding-top: 0px !important;padding-bottom: 0px !important;background-color: #FFFFFF1A !important;}&#8221;]<div class=\"empty-space-custom\" data-id=\"empty_space_custom_4\"><\/div>[\/vc_column_inner][\/vc_row_inner]<div class=\"empty-space-custom\" data-id=\"empty_space_custom_5\"><\/div>[\/video_background_gradient][\/vc_column][\/vc_row][vc_row full_width=&#8221;stretch_row&#8221; css=&#8221;.vc_custom_1741629619116{background-color: #030F0E !important;}&#8221;][vc_column width=&#8221;1\/6&#8243;][\/vc_column][vc_column width=&#8221;4\/6&#8243;]<div class=\"label-container text-center inverted\"><div class=\"label\"><i class=\"fa fa-chevron-right\"><\/i> <span>Y\u00fcksek Performansl\u0131 \u00c7apraz Ba\u011flay\u0131c\u0131lar<\/span><\/div><\/div><div class=\"empty-space-custom\" data-id=\"empty_space_custom_6\"><\/div><div class=\"testo-responsive-container\" data-id=\"responsive_text_2\"><h3 class=\"testo-responsive\">Chimica Lombarda\u2019n\u0131n poliizosiyanatlar\u0131, y\u00fcksek performansl\u0131 kaplama sistemleri i\u00e7in hekzametilen diizosiyanat (HDI) ve izoforon diizosiyanat (IPDI) bazl\u0131 alifatik \u00e7apraz ba\u011flay\u0131c\u0131lard\u0131r.<br>\n<\/h3><\/div><div class=\"empty-space-custom\" data-id=\"empty_space_custom_7\"><\/div><div class=\"testo-responsive-container\" data-id=\"responsive_text_3\"><p class=\"testo-responsive\">Bu sertle\u015ftiriciler, hidroksil grubu i\u00e7eren polimerler veya ba\u011flay\u0131c\u0131larla birlikte ya da iki bile\u015fenli poli\u00fcretan kaplama sistemlerinde (PUR) kullan\u0131l\u0131r. \u00dcr\u00fcn yelpazemizde d\u00fc\u015f\u00fck viskoziteli ve su bazl\u0131 \u00e7ift bile\u015fenli kaplamalara uygun hidrofiller de yer almaktad\u0131r.<br>\n<\/p><\/div><div class=\"empty-space-custom\" data-id=\"empty_space_custom_8\"><\/div>[\/vc_column][vc_column width=&#8221;1\/6&#8243;][\/vc_column][\/vc_row][vc_row full_width=&#8221;stretch_row&#8221; css=&#8221;.vc_custom_1741777323755{background-color: #030F0E !important;}&#8221;][vc_column css=&#8221;.vc_custom_1741778561208{padding-top: 0px !important;}&#8221;]<div class=\"buttons-container\" data-id=\"buttons-container_1\"><a class=\"button  \" data-id=\"button_1\" target=\"\" href=\"\"><img decoding=\"async\" src=\"https:\/\/chimicalombarda.com\/wp-content\/uploads\/2025\/03\/innovazione.svg\" alt=\"icon\" \/><span>\u0130novasyon<br>\n<\/span><\/a><a class=\"button  \" data-id=\"button_2\" target=\"\" href=\"\"><img decoding=\"async\" src=\"https:\/\/chimicalombarda.com\/wp-content\/uploads\/2025\/03\/affidabilita.svg\" alt=\"icon\" \/><span>G\u00fcvenilirlik<br>\n<\/span><\/a><a class=\"button  \" data-id=\"button_3\" target=\"\" href=\"\"><img decoding=\"async\" src=\"https:\/\/chimicalombarda.com\/wp-content\/uploads\/2025\/03\/performance.svg\" alt=\"icon\" \/><span>Performans<br>\n<\/span><\/a><\/div><div class=\"empty-space-custom\" data-id=\"empty_space_custom_9\"><\/div>[\/vc_column][\/vc_row][vc_row full_width=&#8221;stretch_row&#8221; css=&#8221;.vc_custom_1741796332587{background-color: #030F0E !important;}&#8221;][vc_column][vc_row_inner disable_element=&#8221;yes&#8221;][vc_column_inner width=&#8221;1\/3&#8243;]<div class=\"label-container  inverted\"><div class=\"label\"><i class=\"fa fa-chevron-right\"><\/i> <span>Mercati coperti<\/span><\/div><\/div><div class=\"empty-space-custom\" data-id=\"empty_space_custom_10\"><\/div><div class=\"testo-responsive-container decorative-border\" data-id=\"responsive_text_4\"><h3 class=\"testo-responsive\">Il <strong>nostro mercato<\/strong> non si limita a quello italiano<br>\n<\/h3><\/div><div class=\"empty-space-custom\" data-id=\"empty_space_custom_11\"><\/div><div class=\"testo-responsive-container\" data-id=\"responsive_text_5\"><p class=\"testo-responsive\">Siamo anche presenti a <strong>livello internazionale<\/strong> in Turchia, Messico, Cina e India, nonch\u00e9 in Medio Oriente e nell\u2019Europa Centrale. Al fine di garantire un servizio puntuale ed efficiente collaboriamo con agenti e partner al fine di sviluppare soluzioni su misura ad hoc per i <strong>formulatori e gli utilizzatori locali<\/strong>.<br>\n<\/p><\/div><div class=\"empty-space-custom\" data-id=\"empty_space_custom_12\"><\/div><a class=\"button  \" data-id=\"button_4\" target=\"\" href=\"#\"><img decoding=\"async\" src=\"https:\/\/chimicalombarda.com\/wp-content\/uploads\/2025\/03\/become-partner.svg\" alt=\"icon\" \/><span>Diventa partner<br>\n<\/span><\/a>[\/vc_column_inner][vc_column_inner width=&#8221;2\/3&#8243;]<div class=\"empty-space-custom\" data-id=\"empty_space_custom_13\"><\/div><div class=\"padding-container\" data-id=\"padding-container_1\"><div class=\" responsive-image\" data-id=\"responsive_image_1\"><div class=\"responsive-image-wrapper\"><img decoding=\"async\" class=\"img-fluid d-none d-sm-inline-block\" src=\"https:\/\/chimicalombarda.com\/wp-content\/uploads\/2025\/03\/mappa.svg\" alt=\"\" title=\"mappa\"><img decoding=\"async\" class=\"img-fluid d-inline-block d-sm-none\" src=\"https:\/\/chimicalombarda.com\/wp-content\/uploads\/2025\/03\/mappa.svg\" alt=\"\" title=\"mappa\"><\/div><\/div><\/div>[\/vc_column_inner][\/vc_row_inner][\/vc_column][\/vc_row][vc_row full_width=&#8221;stretch_row_content_no_spaces&#8221; css=&#8221;.vc_custom_1741805581506{background-color: #030F0E !important;}&#8221;][vc_column][video_background_gradient video_url=&#8221;https:\/\/chimicalombarda.com\/wp-content\/uploads\/2025\/03\/Video_header.mp4&#8243; gradient_rule=&#8221;linear-gradient(0deg, rgba(3,15,14,0.36738445378151263) 0%, rgba(3,15,14,1) 58%)&#8221;]<div class=\"empty-space-custom\" data-id=\"empty_space_custom_14\"><\/div>[vc_row_inner][vc_column_inner width=&#8221;7\/12&#8243; offset=&#8221;vc_hidden-sm vc_hidden-xs&#8221;]<div class=\"label-container  inverted\"><div class=\"label\"><i class=\"fa fa-chevron-right\"><\/i> <span>\u00d6zellikler ve avantajlar<\/span><\/div><\/div><div class=\"empty-space-custom\" data-id=\"empty_space_custom_15\"><\/div><div class=\"testo-responsive-container\" data-id=\"responsive_text_6\"><h2 class=\"testo-responsive\">Chimica Lombarda&#8217;n\u0131n poli-izosiyanat \u00e7apraz ba\u011flama maddeleri, \u00e7ok \u00e7e\u015fitli kaplama end\u00fcstrileri i\u00e7in \u00f6nemli bir \u00e7\u00f6z\u00fcmd\u00fcr<br>\n<\/h2><\/div><div class=\"empty-space-custom\" data-id=\"empty_space_custom_16\"><\/div><a class=\"button  \" data-id=\"button_5\" target=\"_blank\" href=\"https:\/\/chimicalombarda.com\/wp-content\/uploads\/2025\/04\/Cross-Linking_Agents_v5_Digital.pdf\"><img decoding=\"async\" src=\"https:\/\/chimicalombarda.com\/wp-content\/uploads\/2025\/03\/world-yellow-1.svg\" alt=\"icon\" \/><span>\u0130ndir pdf<br>\n<\/span><\/a>[\/vc_column_inner][vc_column_inner width=&#8221;5\/12&#8243;]<div class=\"padding-container\" data-id=\"padding-container_2\"><div class=\"empty-space-custom\" data-id=\"empty_space_custom_17\"><\/div><div class=\"testo-responsive-container\" data-id=\"responsive_text_7\"><div class=\"testo-responsive\"><br>\n<ul>\n<li>Farkl\u0131 y\u00fczeylerle y\u00fcksek reaktivite<\/li>\n<li>\u00dcst\u00fcn kimyasal dayan\u0131m<\/li>\n<li>M\u00fckemmel fiziksel \u00f6zellikler<\/li>\n<li>Sararma yapmaz<\/li>\n<li>Kaplaman\u0131n netli\u011fini ve parlakl\u0131k tutulumunu art\u0131r\u0131r<\/li>\n<li>Dayan\u0131m\u0131 ve a\u015f\u0131nma direncini art\u0131r\u0131r<\/li>\n<li>\u00c7oklu y\u00fczeylerde \u00fcst\u00fcn yap\u0131\u015fma sa\u011flar<\/li>\n<li>Kuruma s\u00fcresini k\u0131saltarak \u00fcretimi art\u0131r\u0131r<\/li>\n<\/ul>\n\n<\/div><\/div><\/div>[\/vc_column_inner][\/vc_row_inner][vc_row_inner][vc_column_inner offset=&#8221;vc_hidden-lg vc_hidden-md&#8221;]<div class=\"label-container  inverted\"><div class=\"label\"><i class=\"fa fa-chevron-right\"><\/i> <span>L&#039;impegno verso l&#039;ambiente<\/span><\/div><\/div><div class=\"empty-space-custom\" data-id=\"empty_space_custom_18\"><\/div><div class=\"testo-responsive-container\" data-id=\"responsive_text_8\"><h1 class=\"testo-responsive\">La <strong>sostenibilit\u00e0<\/strong> \u00e8 il cuore pulsante della nostra missione<br>\n<\/h1><\/div><div class=\"empty-space-custom\" data-id=\"empty_space_custom_19\"><\/div><div class=\"testo-responsive-container\" data-id=\"responsive_text_9\"><p class=\"testo-responsive\">Chimica Lombarda ha infatti sviluppato prodotti all\u2019avanguardia che riducono l\u2019impatto ambientale, integrando nei propri processi produttivi, materie prime bio-based e tecnologie abbattano le emissioni in atmosfera di gas serra (CO2). Questo approccio non \u00e8 solo una scelta etica, ma una strategia che ci consente di contribuire concretamente ad un futuro pi\u00f9 verde senza compromettere la qualit\u00e0 e la performance dei nostri prodotti.<br>\n<\/p><\/div><div class=\"empty-space-custom\" data-id=\"empty_space_custom_20\"><\/div><a class=\"button  \" data-id=\"button_6\" target=\"\" href=\"#\"><img decoding=\"async\" src=\"https:\/\/chimicalombarda.com\/wp-content\/uploads\/2025\/03\/world-yellow-1.svg\" alt=\"icon\" \/><span>Ambiente e sostenibilit\u00e0<br>\n<\/span><\/a>[\/vc_column_inner][\/vc_row_inner]<div class=\"empty-space-custom\" data-id=\"empty_space_custom_21\"><\/div>[\/video_background_gradient][\/vc_column][\/vc_row][vc_row][vc_column]<div class=\"empty-space-custom\" data-id=\"empty_space_custom_22\"><\/div>[vc_row_inner el_class=&#8221;d-flex flex-column flex-md-row&#8221;][vc_column_inner el_class=&#8221;order-2 order-md-1&#8243; width=&#8221;1\/2&#8243;]<div class=\"label-container \"><div class=\"label\"><i class=\"fa fa-chevron-right\"><\/i> <span>\u00dcst\u00fcn Kaplamalar i\u00e7in \u00c7ok Y\u00f6nl\u00fc \u00c7apraz Ba\u011flay\u0131c\u0131lar<\/span><\/div><\/div><div class=\"empty-space-custom\" data-id=\"empty_space_custom_23\"><\/div><div class=\"testo-responsive-container\" data-id=\"responsive_text_10\"><p class=\"testo-responsive\">Poliizosiyanat esasl\u0131 \u00e7apraz ba\u011flay\u0131c\u0131lar, kaplama end\u00fcstrisinin bir\u00e7ok alan\u0131 i\u00e7in temel \u00e7\u00f6z\u00fcmlerden biridir. Geni\u015f y\u00fczey \u00e7e\u015fitlili\u011fi ile etkile\u015fime ge\u00e7me yetenekleri sayesinde dayan\u0131kl\u0131l\u0131k, performans ve uzun \u00f6m\u00fcrl\u00fcl\u00fck a\u00e7\u0131s\u0131ndan y\u00fcksek seviyede katk\u0131 sa\u011flarlar.<br \/>\nKimyasal reaktiviteleri sayesinde ortam s\u0131cakl\u0131\u011f\u0131nda veya y\u00fcksek s\u0131cakl\u0131kta h\u0131zl\u0131 polimerle\u015fme sa\u011flarlar. Retik\u00fclasyonla elde edilen homojen partik\u00fcl da\u011f\u0131l\u0131m\u0131, kaplamalar\u0131n \u015feffafl\u0131\u011f\u0131n\u0131 art\u0131r\u0131r ve parlakl\u0131\u011f\u0131n zamanla korunmas\u0131n\u0131 sa\u011flar. Su ve solvent bazl\u0131 sistemlerle y\u00fcksek uyumluluklar\u0131 sayesinde bir\u00e7ok sanayi uygulamas\u0131na uygundurlar.<br>\n<\/p><\/div><div class=\"empty-space-custom\" data-id=\"empty_space_custom_24\"><\/div>[\/vc_column_inner][vc_column_inner el_class=&#8221;order-1 order-md-2&#8243; width=&#8221;1\/2&#8243;]<div class=\"padding-container\" data-id=\"padding-container_3\"><div class=\" responsive-image\" data-id=\"responsive_image_2\"><div class=\"responsive-image-wrapper\"><img decoding=\"async\" class=\"img-fluid d-none d-sm-inline-block\" src=\"https:\/\/chimicalombarda.com\/wp-content\/uploads\/2025\/03\/Immagine.png\" alt=\"\" title=\"Immagine\"><img decoding=\"async\" class=\"img-fluid d-inline-block d-sm-none\" src=\"https:\/\/chimicalombarda.com\/wp-content\/uploads\/2025\/03\/Immagine.png\" alt=\"\" title=\"Immagine\"><\/div><\/div><\/div><div class=\"empty-space-custom\" data-id=\"empty_space_custom_25\"><\/div>[\/vc_column_inner][\/vc_row_inner]<div class=\"empty-space-custom\" data-id=\"empty_space_custom_26\"><\/div>[\/vc_column][\/vc_row][vc_row][vc_column]<div class=\"empty-space-custom\" data-id=\"empty_space_custom_27\"><\/div>[vc_row_inner][vc_column_inner width=&#8221;1\/2&#8243;]<div class=\"padding-container\" data-id=\"padding-container_4\"><div class=\" responsive-image\" data-id=\"responsive_image_3\"><div class=\"responsive-image-wrapper\"><img decoding=\"async\" class=\"img-fluid d-none d-sm-inline-block\" src=\"https:\/\/chimicalombarda.com\/wp-content\/uploads\/2025\/03\/Immagine-1.png\" alt=\"\" title=\"Immagine (1)\"><img decoding=\"async\" class=\"img-fluid d-inline-block d-sm-none\" src=\"https:\/\/chimicalombarda.com\/wp-content\/uploads\/2025\/03\/Immagine-1.png\" alt=\"\" title=\"Immagine (1)\"><\/div><\/div><\/div><div class=\"empty-space-custom\" data-id=\"empty_space_custom_28\"><\/div>[\/vc_column_inner][vc_column_inner width=&#8221;1\/2&#8243;]<div class=\"label-container \"><div class=\"label\"><i class=\"fa fa-chevron-right\"><\/i> <span>Poli-\u0130zosiyanatlar\u0131n Avantajlar\u0131<\/span><\/div><\/div><div class=\"empty-space-custom\" data-id=\"empty_space_custom_29\"><\/div><div class=\"testo-responsive-container\" data-id=\"responsive_text_11\"><p class=\"testo-responsive\"><br>\n<ul>\n<li>Dayan\u0131kl\u0131l\u0131\u011f\u0131 ve a\u015f\u0131nma direncini artt\u0131r\u0131r.<\/li>\n<li>\u00c7e\u015fitli malzemeler \u00fczerinde \u00fcst\u00fcn yap\u0131\u015fma sa\u011flar.<\/li>\n<li>Kuruma s\u00fcrelerini k\u0131saltarak \u00fcretim verimlili\u011fini art\u0131r\u0131r.<\/li>\n<li>Y\u00fczeyleri kimyasal ve mekanik etkenlerden koruyarak uzun \u00f6m\u00fcrl\u00fc kalite sa\u011flar.<\/li>\n<\/ul>\n\n<\/p><\/div><div class=\"empty-space-custom\" data-id=\"empty_space_custom_30\"><\/div><div class=\"testo-responsive-container\" data-id=\"responsive_text_12\"><p class=\"testo-responsive\">Chimica Lombarda\u2019n\u0131n poliizosiyanatlar\u0131n\u0131 se\u00e7mek; yenilik, kalite ve s\u00fcrd\u00fcr\u00fclebilirli\u011fin birle\u015fimini tercih etmek, sekt\u00f6r\u00fcn\u00fcz\u00fcn \u00f6zel ihtiya\u00e7lar\u0131na y\u00f6nelik \u00f6zelle\u015ftirilmi\u015f \u00e7\u00f6z\u00fcmlerden faydalanmak demektir.<br>\n<\/p><\/div><div class=\"empty-space-custom\" data-id=\"empty_space_custom_31\"><\/div>[\/vc_column_inner][\/vc_row_inner]<div class=\"empty-space-custom\" data-id=\"empty_space_custom_32\"><\/div>[vc_row_inner][vc_column_inner css=&#8221;.vc_custom_1741804441771{background-color: #FFFFFF1A !important;}&#8221;]<div class=\"empty-space-custom\" data-id=\"empty_space_custom_33\"><\/div>[\/vc_column_inner][\/vc_row_inner][\/vc_column][\/vc_row]<\/p>\n<\/div>","protected":false},"excerpt":{"rendered":"<p>[vc_row full_width=&#8221;stretch_row_content_no_spaces&#8221; css=&#8221;.vc_custom_1743426893868{background-color: #030F0E !important;}&#8221;][vc_column][video_background_gradient background_type=&#8221;immagine&#8221; background_image=&#8221;368&#8243;][vc_row_inner][vc_column_inner width=&#8221;5\/12&#8243;][\/vc_column_inner][vc_column_inner width=&#8221;7\/12&#8243;][\/vc_column_inner][\/vc_row_inner][vc_row_inner][vc_column_inner css=&#8221;.vc_custom_1741773509985{padding-top: 0px !important;padding-bottom: 0px !important;background-color: #FFFFFF1A !important;}&#8221;][\/vc_column_inner][\/vc_row_inner][\/video_background_gradient][\/vc_column][\/vc_row][vc_row full_width=&#8221;stretch_row&#8221; css=&#8221;.vc_custom_1741629619116{background-color: #030F0E !important;}&#8221;][vc_column width=&#8221;1\/6&#8243;][\/vc_column][vc_column width=&#8221;4\/6&#8243;][\/vc_column][vc_column width=&#8221;1\/6&#8243;][\/vc_column][\/vc_row][vc_row full_width=&#8221;stretch_row&#8221; css=&#8221;.vc_custom_1741777323755{background-color: #030F0E !important;}&#8221;][vc_column css=&#8221;.vc_custom_1741778561208{padding-top: 0px !important;}&#8221;][\/vc_column][\/vc_row][vc_row full_width=&#8221;stretch_row&#8221; css=&#8221;.vc_custom_1741796332587{background-color: #030F0E !important;}&#8221;][vc_column][vc_row_inner disable_element=&#8221;yes&#8221;][vc_column_inner width=&#8221;1\/3&#8243;][\/vc_column_inner][vc_column_inner width=&#8221;2\/3&#8243;][\/vc_column_inner][\/vc_row_inner][\/vc_column][\/vc_row][vc_row full_width=&#8221;stretch_row_content_no_spaces&#8221; css=&#8221;.vc_custom_1741805581506{background-color: #030F0E !important;}&#8221;][vc_column][video_background_gradient video_url=&#8221;https:\/\/chimicalombarda.com\/wp-content\/uploads\/2025\/03\/Video_header.mp4&#8243; gradient_rule=&#8221;linear-gradient(0deg, rgba(3,15,14,0.36738445378151263) 0%, rgba(3,15,14,1) 58%)&#8221;][vc_row_inner][vc_column_inner width=&#8221;7\/12&#8243; offset=&#8221;vc_hidden-sm vc_hidden-xs&#8221;][\/vc_column_inner][vc_column_inner width=&#8221;5\/12&#8243;][\/vc_column_inner][\/vc_row_inner][vc_row_inner][vc_column_inner offset=&#8221;vc_hidden-lg vc_hidden-md&#8221;][\/vc_column_inner][\/vc_row_inner][\/video_background_gradient][\/vc_column][\/vc_row][vc_row][vc_column][vc_row_inner el_class=&#8221;d-flex flex-column [&hellip;]<\/p>\n","protected":false},"author":2,"featured_media":0,"parent":0,"menu_order":0,"comment_status":"closed","ping_status":"closed","template":"","meta":{"_acf_changed":false,"inline_featured_image":false,"footnotes":""},"class_list":["post-1181","page","type-page","status-publish","hentry"],"acf":[],"aioseo_notices":[],"_links":{"self":[{"href":"https:\/\/chimicalombarda.com\/tr\/wp-json\/wp\/v2\/pages\/1181","targetHints":{"allow":["GET"]}}],"collection":[{"href":"https:\/\/chimicalombarda.com\/tr\/wp-json\/wp\/v2\/pages"}],"about":[{"href":"https:\/\/chimicalombarda.com\/tr\/wp-json\/wp\/v2\/types\/page"}],"author":[{"embeddable":true,"href":"https:\/\/chimicalombarda.com\/tr\/wp-json\/wp\/v2\/users\/2"}],"replies":[{"embeddable":true,"href":"https:\/\/chimicalombarda.com\/tr\/wp-json\/wp\/v2\/comments?post=1181"}],"version-history":[{"count":4,"href":"https:\/\/chimicalombarda.com\/tr\/wp-json\/wp\/v2\/pages\/1181\/revisions"}],"predecessor-version":[{"id":1240,"href":"https:\/\/chimicalombarda.com\/tr\/wp-json\/wp\/v2\/pages\/1181\/revisions\/1240"}],"wp:attachment":[{"href":"https:\/\/chimicalombarda.com\/tr\/wp-json\/wp\/v2\/media?parent=1181"}],"curies":[{"name":"wp","href":"https:\/\/api.w.org\/{rel}","templated":true}]}}