{"id":1183,"date":"2025-03-27T10:28:29","date_gmt":"2025-03-27T09:28:29","guid":{"rendered":"https:\/\/chimicalombarda.com\/blocked-polyisocyanates\/"},"modified":"2025-05-12T10:13:21","modified_gmt":"2025-05-12T08:13:21","slug":"bloke-edilmis-poliizosiyanatlar","status":"publish","type":"page","link":"https:\/\/chimicalombarda.com\/tr\/bloke-edilmis-poliizosiyanatlar\/","title":{"rendered":"Blocked Polyisocyanates &#8211; Bloke edilmi\u015f poliizosiyanatlar"},"content":{"rendered":"<div class=\"wpb-content-wrapper\"><p>[vc_row full_width=&#8221;stretch_row_content_no_spaces&#8221; css=&#8221;.vc_custom_1743427782620{background-color: #030F0E !important;}&#8221;][vc_column][video_background_gradient background_type=&#8221;immagine&#8221; gradient_rule=&#8221;radial-gradient(circle, rgba(3,15,14,0.3617822128851541) 0%, rgba(3,15,14,1) 45%)&#8221; background_image=&#8221;549&#8243;][vc_row_inner][vc_column_inner width=&#8221;5\/12&#8243;]<div class=\"empty-space-custom\" data-id=\"empty_space_custom_1\"><\/div><div class=\"label-container  inverted\"><div class=\"label\"><i class=\"fa fa-chevron-right\"><\/i> <span>Bloke edilmi\u015f poliizosiyanatlar<\/span><\/div><\/div><div class=\"empty-space-custom\" data-id=\"empty_space_custom_2\"><\/div><div class=\"testo-responsive-container decorative-border\" data-id=\"responsive_text_1\"><h1 class=\"testo-responsive\"><strong>\u00c7apraz ba\u011flay\u0131c\u0131lar \u2013 Bloklanm\u0131\u015f poliizosiyanatlar: hassas uygulamalar i\u00e7in kararl\u0131l\u0131k ve performans<\/strong><br>\n<\/h1><\/div><div class=\"empty-space-custom\" data-id=\"empty_space_custom_3\"><\/div>[\/vc_column_inner][vc_column_inner width=&#8221;7\/12&#8243;][\/vc_column_inner][\/vc_row_inner][vc_row_inner][vc_column_inner css=&#8221;.vc_custom_1741773509985{padding-top: 0px !important;padding-bottom: 0px !important;background-color: #FFFFFF1A !important;}&#8221;]<div class=\"empty-space-custom\" data-id=\"empty_space_custom_4\"><\/div>[\/vc_column_inner][\/vc_row_inner]<div class=\"empty-space-custom\" data-id=\"empty_space_custom_5\"><\/div>[\/video_background_gradient][\/vc_column][\/vc_row][vc_row full_width=&#8221;stretch_row&#8221; css=&#8221;.vc_custom_1741629619116{background-color: #030F0E !important;}&#8221;][vc_column width=&#8221;1\/6&#8243;][\/vc_column][vc_column width=&#8221;4\/6&#8243;]<div class=\"label-container text-center inverted\"><div class=\"label\"><i class=\"fa fa-chevron-right\"><\/i> <span>Y\u00fcksek s\u0131cakl\u0131klar i\u00e7in<\/span><\/div><\/div><div class=\"empty-space-custom\" data-id=\"empty_space_custom_6\"><\/div><div class=\"testo-responsive-container\" data-id=\"responsive_text_2\"><h3 class=\"testo-responsive\">Chimica Lombarda\u2019n\u0131n bloklanm\u0131\u015f poliizosiyanatlar\u0131, kimyasal olarak bloke edilmi\u015f reaktiviteye sahip \u00e7apraz ba\u011flay\u0131c\u0131lar ve yap\u0131\u015fma artt\u0131r\u0131c\u0131lard\u0131r. Tek veya \u00e7ift bile\u015fenli kurutma sistemlerinin form\u00fclasyonunda idealdirler.<br>\n<\/h3><\/div><div class=\"empty-space-custom\" data-id=\"empty_space_custom_7\"><\/div><div class=\"testo-responsive-container\" data-id=\"responsive_text_3\"><p class=\"testo-responsive\">Kurutma a\u015famas\u0131nda s\u0131cakl\u0131k artt\u0131\u011f\u0131nda, bu \u00e7ok i\u015flevli bloklu poliizosiyanatlar, kaplama alt tabakas\u0131ndaki tamamlay\u0131c\u0131 fonksiyonel gruplarla reaksiyona girerek \u00e7apraz ba\u011flanmay\u0131 ba\u015flat\u0131r. ACRALINK serimiz, iyonik olmayan ve anyonik alternatifleri kapsayan geni\u015f bir pH aral\u0131\u011f\u0131nda form\u00fcle edilebilir ve bir\u00e7ok su bazl\u0131 polimer ve ba\u011flay\u0131c\u0131 ile uyumludur.<br>\n<\/p><\/div><div class=\"empty-space-custom\" data-id=\"empty_space_custom_8\"><\/div>[\/vc_column][vc_column width=&#8221;1\/6&#8243;][\/vc_column][\/vc_row][vc_row full_width=&#8221;stretch_row&#8221; css=&#8221;.vc_custom_1741777323755{background-color: #030F0E !important;}&#8221;][vc_column css=&#8221;.vc_custom_1741778561208{padding-top: 0px !important;}&#8221;]<div class=\"buttons-container\" data-id=\"buttons-container_1\"><a class=\"button  \" data-id=\"button_1\" target=\"\" href=\"\"><img decoding=\"async\" src=\"https:\/\/chimicalombarda.com\/wp-content\/uploads\/2025\/03\/innovazione.svg\" alt=\"icon\" \/><span>\u0130novasyon<br>\n<\/span><\/a><a class=\"button  \" data-id=\"button_2\" target=\"\" href=\"\"><img decoding=\"async\" src=\"https:\/\/chimicalombarda.com\/wp-content\/uploads\/2025\/03\/affidabilita.svg\" alt=\"icon\" \/><span>G\u00fcvenilirlik<br>\n<\/span><\/a><a class=\"button  \" data-id=\"button_3\" target=\"\" href=\"\"><img decoding=\"async\" src=\"https:\/\/chimicalombarda.com\/wp-content\/uploads\/2025\/03\/performance.svg\" alt=\"icon\" \/><span>Performans<br>\n<\/span><\/a><\/div><div class=\"empty-space-custom\" data-id=\"empty_space_custom_9\"><\/div>[\/vc_column][\/vc_row][vc_row full_width=&#8221;stretch_row_content_no_spaces&#8221; css=&#8221;.vc_custom_1741805581506{background-color: #030F0E !important;}&#8221;][vc_column][video_background_gradient video_url=&#8221;https:\/\/chimicalombarda.com\/wp-content\/uploads\/2025\/03\/Video_header.mp4&#8243; gradient_rule=&#8221;linear-gradient(0deg, rgba(3,15,14,0.36738445378151263) 0%, rgba(3,15,14,1) 58%)&#8221;]<div class=\"empty-space-custom\" data-id=\"empty_space_custom_10\"><\/div>[vc_row_inner][vc_column_inner width=&#8221;7\/12&#8243; offset=&#8221;vc_hidden-sm vc_hidden-xs&#8221;]<div class=\"label-container  inverted\"><div class=\"label\"><i class=\"fa fa-chevron-right\"><\/i> <span>Neden Chimica Lombarda&#039;n\u0131n Bloklu Poli-\u0130zosiyanatlar\u0131n\u0131 Se\u00e7melisiniz?<\/span><\/div><\/div><div class=\"empty-space-custom\" data-id=\"empty_space_custom_11\"><\/div><div class=\"testo-responsive-container\" data-id=\"responsive_text_4\"><h2 class=\"testo-responsive\"><strong>Bloklanm\u0131\u015f poliizosiyanatlar\u0131n \u00f6zellikleri ve avantajlar\u0131<\/strong><br>\n<\/h2><\/div><div class=\"empty-space-custom\" data-id=\"empty_space_custom_12\"><\/div><a class=\"button  \" data-id=\"button_4\" target=\"_blank\" href=\"https:\/\/chimicalombarda.com\/wp-content\/uploads\/2025\/04\/Cross-Linking_Agents_v5_Digital.pdf\"><img decoding=\"async\" src=\"https:\/\/chimicalombarda.com\/wp-content\/uploads\/2025\/03\/world-yellow-1.svg\" alt=\"icon\" \/><span>\u0130ndir pdf<br>\n<\/span><\/a>[\/vc_column_inner][vc_column_inner width=&#8221;5\/12&#8243; offset=&#8221;vc_hidden-sm vc_hidden-xs&#8221;]<div class=\"padding-container\" data-id=\"padding-container_1\"><div class=\"empty-space-custom\" data-id=\"empty_space_custom_13\"><\/div><div class=\"testo-responsive-container\" data-id=\"responsive_text_5\"><div class=\"testo-responsive\"><br>\n<ul>\n<li>\u00d6nerilen \u00e7\u00f6z\u00fclme s\u0131cakl\u0131\u011f\u0131nda kontroll\u00fc reaktiviteyle 1K sistemlerde kolay form\u00fclasyon<\/li>\n<li>Sprey, dald\u0131rma, rulo, b\u0131\u00e7ak, f\u0131r\u00e7a gibi farkl\u0131 uygulama tekniklerine uygundur<\/li>\n<li>Termal polimerizasyon sayesinde kontroll\u00fc ko\u015fullarda reaktivite<\/li>\n<li>Su bazl\u0131, d\u00fc\u015f\u00fck VOC\u2019li ve serbest izosiyanat y\u00f6netimi gerektirmeyen s\u00fcrd\u00fcr\u00fclebilir \u00e7\u00f6z\u00fcmler<\/li>\n<li>Darbelere, \u00e7izilmelere ve kimyasallara kar\u015f\u0131 dayan\u0131m\u0131 art\u0131r\u0131r<\/li>\n<li>Renk stabilitesi sa\u011flar<\/li>\n<li>Yap\u0131\u015fmay\u0131, \u00e7ekme dayan\u0131m\u0131n\u0131 ve y\u0131kanabilirli\u011fi zorlu ko\u015fullarda geli\u015ftirir<\/li>\n<li>Anyonik ve noniyonik bir\u00e7ok derece se\u00e7ene\u011fiyle geni\u015f uygulama esnekli\u011fi<\/li>\n<\/ul>\n\n<\/div><\/div><\/div>[\/vc_column_inner][\/vc_row_inner][vc_row_inner][vc_column_inner]<div class=\"empty-space-custom\" data-id=\"empty_space_custom_14\"><\/div>[\/vc_column_inner][\/vc_row_inner]<div class=\"empty-space-custom\" data-id=\"empty_space_custom_15\"><\/div>[\/video_background_gradient][\/vc_column][\/vc_row][vc_row][vc_column]<div class=\"empty-space-custom\" data-id=\"empty_space_custom_16\"><\/div>[vc_row_inner el_class=&#8221;d-flex flex-column flex-md-row&#8221;][vc_column_inner el_class=&#8221;order-2 order-md-1&#8243; width=&#8221;1\/2&#8243;]<div class=\"label-container \"><div class=\"label\"><i class=\"fa fa-chevron-right\"><\/i> <span>Chimica Lombarda&#039;n\u0131n ACRALINK \u00fcr\u00fcnleri<\/span><\/div><\/div><div class=\"empty-space-custom\" data-id=\"empty_space_custom_17\"><\/div><div class=\"testo-responsive-container\" data-id=\"responsive_text_6\"><p class=\"testo-responsive\">Chimica Lombarda\u2019n\u0131n geli\u015ftirdi\u011fi ACRALINK \u00fcr\u00fcnleri, daha d\u00fc\u015f\u00fck \u00e7\u00f6z\u00fclme s\u0131cakl\u0131klar\u0131nda bile \u00fcst\u00fcn performans sa\u011flayan yenilik\u00e7i bloklu \u00e7apraz ba\u011flay\u0131c\u0131lard\u0131r.<br \/>\nTermoaktif gizli reaktivite, \u00fcretim s\u00fcrecini daha g\u00fcvenli ve stabil k\u0131lar. \u00d6zellikle i\u015fleme ve depolama s\u0131ras\u0131nda g\u00fcvenlik sa\u011flar.<br>\n<\/p><\/div><div class=\"empty-space-custom\" data-id=\"empty_space_custom_18\"><\/div><div class=\"testo-responsive-container\" data-id=\"responsive_text_7\"><p class=\"testo-responsive\"><strong>Key Advantages<\/strong><br>\n<\/p><\/div><div class=\"testo-responsive-container\" data-id=\"responsive_text_8\"><div class=\"testo-responsive\"><br>\n<ul>\n<li>Kontroll\u00fc uygulama ile \u00fcretim s\u00fcre\u00e7lerini basitle\u015ftirin.<\/li>\n<li>Hidroliz riskini en aza indirin ve uzun s\u00fcreli depolama ko\u015fullar\u0131nda bile stabiliteyi koruyun.<\/li>\n<\/ul>\n\n<\/div><\/div>[\/vc_column_inner][vc_column_inner el_class=&#8221;order-1 order-md-2&#8243; width=&#8221;1\/2&#8243;]<div class=\"padding-container\" data-id=\"padding-container_2\"><div class=\" responsive-image\" data-id=\"responsive_image_1\"><div class=\"responsive-image-wrapper\"><img decoding=\"async\" class=\"img-fluid d-none d-sm-inline-block\" src=\"https:\/\/chimicalombarda.com\/wp-content\/uploads\/2025\/03\/Senza-titolo-1.jpg\" alt=\"ACRALINK products\" title=\"ACRALINK products\"><img decoding=\"async\" class=\"img-fluid d-inline-block d-sm-none\" src=\"https:\/\/chimicalombarda.com\/wp-content\/uploads\/2025\/03\/Senza-titolo-1.jpg\" alt=\"ACRALINK products\" title=\"ACRALINK products\"><\/div><\/div><\/div><div class=\"empty-space-custom\" data-id=\"empty_space_custom_19\"><\/div>[\/vc_column_inner][\/vc_row_inner]<div class=\"empty-space-custom\" data-id=\"empty_space_custom_20\"><\/div>[\/vc_column][\/vc_row][vc_row][vc_column]<div class=\"empty-space-custom\" data-id=\"empty_space_custom_21\"><\/div>[vc_row_inner][vc_column_inner width=&#8221;1\/2&#8243;]<div class=\"padding-container\" data-id=\"padding-container_3\"><div class=\" responsive-image\" data-id=\"responsive_image_2\"><div class=\"responsive-image-wrapper\"><img decoding=\"async\" class=\"img-fluid d-none d-sm-inline-block\" src=\"https:\/\/chimicalombarda.com\/wp-content\/uploads\/2025\/03\/water-base.jpg\" alt=\"\" title=\"water-base\"><img decoding=\"async\" class=\"img-fluid d-inline-block d-sm-none\" src=\"https:\/\/chimicalombarda.com\/wp-content\/uploads\/2025\/03\/water-base.jpg\" alt=\"\" title=\"water-base\"><\/div><\/div><\/div><div class=\"empty-space-custom\" data-id=\"empty_space_custom_22\"><\/div>[\/vc_column_inner][vc_column_inner width=&#8221;1\/2&#8243;]<div class=\"label-container \"><div class=\"label\"><i class=\"fa fa-chevron-right\"><\/i> <span>Y\u00fcksek Performansl\u0131 Akralink<\/span><\/div><\/div><div class=\"empty-space-custom\" data-id=\"empty_space_custom_23\"><\/div><div class=\"testo-responsive-container\" data-id=\"responsive_text_9\"><p class=\"testo-responsive\">ACRALINK serimiz, yard\u0131mc\u0131 \u00e7\u00f6z\u00fcc\u00fcler kullan\u0131lmadan y\u00fcksek performansl\u0131, s\u00fcrd\u00fcr\u00fclebilir su bazl\u0131 PU kaplama sistemlerinin olu\u015fturulmas\u0131n\u0131 sa\u011flar. \u00d6ncelikle tekstil \u00fcr\u00fcnleri i\u00e7in d\u00fc\u015f\u00fck VOC&#8217;li sentetik malzemelerin \u00fcretiminde kullan\u0131l\u0131rlar:<br>\n<\/p><\/div><div class=\"empty-space-custom\" data-id=\"empty_space_custom_24\"><\/div><div class=\"testo-responsive-container\" data-id=\"responsive_text_10\"><p class=\"testo-responsive\"><br>\n<ul>\n<li>Konfeksiyon<\/li>\n<li>Ayakkab\u0131<\/li>\n<li>Deri \u00fcr\u00fcnler<\/li>\n<li>Spor ekipmanlar\u0131<\/li>\n<li>D\u00f6\u015femeler<\/li>\n<\/ul>\n\n<\/p><\/div><div class=\"empty-space-custom\" data-id=\"empty_space_custom_25\"><\/div><div class=\"testo-responsive-container\" data-id=\"responsive_text_11\"><p class=\"testo-responsive\">Ayr\u0131ca konvey\u00f6r bantlar\u0131, koruyucu giysiler ve giysiler ve ayakkab\u0131lar i\u00e7in nefes alabilen ve buhar ge\u00e7iren mikro g\u00f6zenekli tekstil kaplamalar\u0131 gibi teknik kuma\u015f kaplamalar\u0131nda da yayg\u0131n olarak uygulanmaktad\u0131r.<br>\n<\/p><\/div><div class=\"empty-space-custom\" data-id=\"empty_space_custom_26\"><\/div>[\/vc_column_inner][\/vc_row_inner]<div class=\"empty-space-custom\" data-id=\"empty_space_custom_27\"><\/div>[vc_row_inner][vc_column_inner css=&#8221;.vc_custom_1741804441771{background-color: #FFFFFF1A !important;}&#8221;]<div class=\"empty-space-custom\" data-id=\"empty_space_custom_28\"><\/div>[\/vc_column_inner][\/vc_row_inner][\/vc_column][\/vc_row][vc_row][vc_column]<div class=\"empty-space-custom\" data-id=\"empty_space_custom_29\"><\/div>[vc_row_inner el_class=&#8221;d-flex flex-column flex-md-row&#8221;][vc_column_inner el_class=&#8221;order-2 order-md-1&#8243; width=&#8221;1\/2&#8243;]<div class=\"label-container \"><div class=\"label\"><i class=\"fa fa-chevron-right\"><\/i> <span>Y\u00fcksek Performansl\u0131 Kaplamalar<\/span><\/div><\/div><div class=\"empty-space-custom\" data-id=\"empty_space_custom_30\"><\/div><div class=\"testo-responsive-container\" data-id=\"responsive_text_12\"><p class=\"testo-responsive\">ACRALINK ile i\u015flenen kaplamalar, en zorlu performans standartlar\u0131n\u0131 kar\u015f\u0131layarak \u00fcst\u00fcn diren\u00e7, parlakl\u0131k ve dayan\u0131kl\u0131l\u0131k sa\u011flar.<br>\nChimica Lombarda, en y\u00fcksek kalite standartlar\u0131n\u0131 kar\u015f\u0131lamak \u00fczere geli\u015ftirilmi\u015f \u00e7\u00f6z\u00fcmler sunarak bu alanda lider olarak \u00f6ne \u00e7\u0131kmaktad\u0131r.<br>\nBloklanm\u0131\u015f poli-izosiyanatlar\u0131m\u0131z\u0131 se\u00e7erek, \u00f6zel ihtiya\u00e7lar\u0131n\u0131za g\u00f6re uyarlanm\u0131\u015f yenilik\u00e7i, s\u00fcrd\u00fcr\u00fclebilir ve \u00f6zelle\u015ftirilebilir \u00e7\u00f6z\u00fcmlerden faydalanabilirsiniz.<br>\n\u00c7apraz ba\u011flama maddeleri katalo\u011fumuzu indirin ve sizin i\u00e7in do\u011fru olan ACRALINK \u00fcr\u00fcn\u00fcn\u00fc bulun.<br>\n<\/p><\/div><div class=\"empty-space-custom\" data-id=\"empty_space_custom_31\"><\/div><a class=\"button  \" data-id=\"button_5\" target=\"_blank\" href=\"https:\/\/chimicalombarda.com\/wp-content\/uploads\/2025\/03\/Cross-Linking_Agents.pdf\"><img decoding=\"async\" src=\"https:\/\/chimicalombarda.com\/wp-content\/uploads\/2025\/03\/world-yellow-1.svg\" alt=\"icon\" \/><span>\u0130ndir pdf<br>\n<\/span><\/a>[\/vc_column_inner][vc_column_inner el_class=&#8221;order-1 order-md-2&#8243; width=&#8221;1\/2&#8243;]<div class=\"padding-container\" data-id=\"padding-container_4\"><div class=\" responsive-image\" data-id=\"responsive_image_3\"><div class=\"responsive-image-wrapper\"><img decoding=\"async\" class=\"img-fluid d-none d-sm-inline-block\" src=\"https:\/\/chimicalombarda.com\/wp-content\/uploads\/2025\/03\/akralink.jpg\" alt=\"\" title=\"akralink\"><img decoding=\"async\" class=\"img-fluid d-inline-block d-sm-none\" src=\"https:\/\/chimicalombarda.com\/wp-content\/uploads\/2025\/03\/akralink.jpg\" alt=\"\" title=\"akralink\"><\/div><\/div><\/div><div class=\"empty-space-custom\" data-id=\"empty_space_custom_32\"><\/div>[\/vc_column_inner][\/vc_row_inner]<div class=\"empty-space-custom\" data-id=\"empty_space_custom_33\"><\/div>[\/vc_column][\/vc_row]<\/p>\n<\/div>","protected":false},"excerpt":{"rendered":"<p>[vc_row full_width=&#8221;stretch_row_content_no_spaces&#8221; css=&#8221;.vc_custom_1743427782620{background-color: #030F0E !important;}&#8221;][vc_column][video_background_gradient background_type=&#8221;immagine&#8221; gradient_rule=&#8221;radial-gradient(circle, rgba(3,15,14,0.3617822128851541) 0%, rgba(3,15,14,1) 45%)&#8221; background_image=&#8221;549&#8243;][vc_row_inner][vc_column_inner width=&#8221;5\/12&#8243;][\/vc_column_inner][vc_column_inner width=&#8221;7\/12&#8243;][\/vc_column_inner][\/vc_row_inner][vc_row_inner][vc_column_inner css=&#8221;.vc_custom_1741773509985{padding-top: 0px !important;padding-bottom: 0px !important;background-color: #FFFFFF1A !important;}&#8221;][\/vc_column_inner][\/vc_row_inner][\/video_background_gradient][\/vc_column][\/vc_row][vc_row full_width=&#8221;stretch_row&#8221; css=&#8221;.vc_custom_1741629619116{background-color: #030F0E !important;}&#8221;][vc_column width=&#8221;1\/6&#8243;][\/vc_column][vc_column width=&#8221;4\/6&#8243;][\/vc_column][vc_column width=&#8221;1\/6&#8243;][\/vc_column][\/vc_row][vc_row full_width=&#8221;stretch_row&#8221; css=&#8221;.vc_custom_1741777323755{background-color: #030F0E !important;}&#8221;][vc_column css=&#8221;.vc_custom_1741778561208{padding-top: 0px !important;}&#8221;][\/vc_column][\/vc_row][vc_row full_width=&#8221;stretch_row_content_no_spaces&#8221; css=&#8221;.vc_custom_1741805581506{background-color: #030F0E !important;}&#8221;][vc_column][video_background_gradient video_url=&#8221;https:\/\/chimicalombarda.com\/wp-content\/uploads\/2025\/03\/Video_header.mp4&#8243; gradient_rule=&#8221;linear-gradient(0deg, rgba(3,15,14,0.36738445378151263) 0%, rgba(3,15,14,1) 58%)&#8221;][vc_row_inner][vc_column_inner width=&#8221;7\/12&#8243; offset=&#8221;vc_hidden-sm vc_hidden-xs&#8221;][\/vc_column_inner][vc_column_inner width=&#8221;5\/12&#8243; offset=&#8221;vc_hidden-sm vc_hidden-xs&#8221;][\/vc_column_inner][\/vc_row_inner][vc_row_inner][vc_column_inner][\/vc_column_inner][\/vc_row_inner][\/video_background_gradient][\/vc_column][\/vc_row][vc_row][vc_column][vc_row_inner el_class=&#8221;d-flex flex-column flex-md-row&#8221;][vc_column_inner el_class=&#8221;order-2 [&hellip;]<\/p>\n","protected":false},"author":2,"featured_media":0,"parent":0,"menu_order":0,"comment_status":"closed","ping_status":"closed","template":"","meta":{"_acf_changed":false,"inline_featured_image":false,"footnotes":""},"class_list":["post-1183","page","type-page","status-publish","hentry"],"acf":[],"aioseo_notices":[],"_links":{"self":[{"href":"https:\/\/chimicalombarda.com\/tr\/wp-json\/wp\/v2\/pages\/1183","targetHints":{"allow":["GET"]}}],"collection":[{"href":"https:\/\/chimicalombarda.com\/tr\/wp-json\/wp\/v2\/pages"}],"about":[{"href":"https:\/\/chimicalombarda.com\/tr\/wp-json\/wp\/v2\/types\/page"}],"author":[{"embeddable":true,"href":"https:\/\/chimicalombarda.com\/tr\/wp-json\/wp\/v2\/users\/2"}],"replies":[{"embeddable":true,"href":"https:\/\/chimicalombarda.com\/tr\/wp-json\/wp\/v2\/comments?post=1183"}],"version-history":[{"count":3,"href":"https:\/\/chimicalombarda.com\/tr\/wp-json\/wp\/v2\/pages\/1183\/revisions"}],"predecessor-version":[{"id":1221,"href":"https:\/\/chimicalombarda.com\/tr\/wp-json\/wp\/v2\/pages\/1183\/revisions\/1221"}],"wp:attachment":[{"href":"https:\/\/chimicalombarda.com\/tr\/wp-json\/wp\/v2\/media?parent=1183"}],"curies":[{"name":"wp","href":"https:\/\/api.w.org\/{rel}","templated":true}]}}