{"id":1188,"date":"2025-03-24T19:12:33","date_gmt":"2025-03-24T18:12:33","guid":{"rendered":"https:\/\/chimicalombarda.com\/became-partner\/"},"modified":"2025-05-12T10:12:45","modified_gmt":"2025-05-12T08:12:45","slug":"ortak-olun","status":"publish","type":"page","link":"https:\/\/chimicalombarda.com\/tr\/ortak-olun\/","title":{"rendered":"Become a Partner &#8211; Ortak olun"},"content":{"rendered":"<div class=\"wpb-content-wrapper\"><p>[vc_row][vc_column]<div class=\"empty-space-custom\" data-id=\"empty_space_custom_1\"><\/div>[\/vc_column][\/vc_row][vc_row el_id=&#8221;form&#8221;][vc_column width=&#8221;1\/3&#8243;]<div class=\"label-container \"><div class=\"label\"><i class=\"fa fa-chevron-right\"><\/i> <span>\u0130leti\u015fim<\/span><\/div><\/div><div class=\"empty-space-custom\" data-id=\"empty_space_custom_2\"><\/div><div class=\"testo-responsive-container decorative-border\" data-id=\"responsive_text_1\"><h3 class=\"testo-responsive\">Bize Ula\u015f\u0131n<br>\n<\/h3><\/div><div class=\"empty-space-custom\" data-id=\"empty_space_custom_3\"><\/div><div class=\"testo-responsive-container\" data-id=\"responsive_text_2\"><h4 class=\"testo-responsive\">\u0130dari ve \u00dcretim Merkezi<br>\n<\/h4><\/div><div class=\"testo-responsive-container\" data-id=\"responsive_text_3\"><h4 class=\"testo-responsive\">Via A. Volta, 30, Fombio (LO), \u0130talya.<br \/>\n\u0130leti\u015fim numaram\u0131z: +39.0377.433.202<br \/>\nBizimle ileti\u015fime ge\u00e7mek i\u00e7in bize e-posta da g\u00f6nderebilirsiniz: <strong>commerciale@chimicalombarda.it\u00a0<\/strong><br>\n<\/h4><\/div><div class=\"empty-space-custom\" data-id=\"empty_space_custom_4\"><\/div><div class=\"testo-responsive-container\" data-id=\"responsive_text_4\"><h4 class=\"testo-responsive\">Yasal Adres<br>\n<\/h4><\/div><div class=\"testo-responsive-container\" data-id=\"responsive_text_5\"><h4 class=\"testo-responsive\">Via F. Casati, 32 \u2013 20124 Milan<br>\n<\/h4><\/div><div class=\"empty-space-custom\" data-id=\"empty_space_custom_5\"><\/div>[\/vc_column][vc_column width=&#8221;2\/3&#8243;]<div class=\"label-container \"><div class=\"label\"><i class=\"fa fa-chevron-right\"><\/i> <span>Bilgi talep edin<\/span><\/div><\/div><div class=\"empty-space-custom\" data-id=\"empty_space_custom_6\"><\/div><div class=\"testo-responsive-container decorative-border\" data-id=\"responsive_text_6\"><h3 class=\"testo-responsive\">Daha fazla bilgi istemek i\u00e7in formu doldurun<br>\n<\/h3><\/div><div class=\"empty-space-custom\" data-id=\"empty_space_custom_7\"><\/div>\n<div class=\"wpcf7 no-js\" id=\"wpcf7-f1284-o1\" lang=\"en-US\" dir=\"ltr\" data-wpcf7-id=\"1284\">\n<div class=\"screen-reader-response\"><p role=\"status\" aria-live=\"polite\" aria-atomic=\"true\"><\/p> <ul><\/ul><\/div>\n<form action=\"\/tr\/wp-json\/wp\/v2\/pages\/1188#wpcf7-f1284-o1\" method=\"post\" class=\"wpcf7-form init\" aria-label=\"Contact form\" novalidate=\"novalidate\" data-status=\"init\">\n<fieldset class=\"hidden-fields-container\"><input type=\"hidden\" name=\"_wpcf7\" value=\"1284\" \/><input type=\"hidden\" name=\"_wpcf7_version\" value=\"6.1.6\" \/><input type=\"hidden\" name=\"_wpcf7_locale\" value=\"en_US\" \/><input type=\"hidden\" name=\"_wpcf7_unit_tag\" value=\"wpcf7-f1284-o1\" \/><input type=\"hidden\" name=\"_wpcf7_container_post\" value=\"0\" \/><input type=\"hidden\" name=\"_wpcf7_posted_data_hash\" value=\"\" \/><input type=\"hidden\" name=\"_wpcf7_recaptcha_response\" value=\"\" \/>\n<\/fieldset>\n<div class=\"container-fluid px-0 px-lg-3\">\n  <div class=\"row gx-0 gx-lg-3\">\n    <div class=\"col-12 col-md-6 px-0 py-1 p-md-1\">\n      <span class=\"wpcf7-form-control-wrap\" data-name=\"nome-cognome\"><input size=\"40\" maxlength=\"400\" class=\"wpcf7-form-control wpcf7-text wpcf7-validates-as-required\" aria-required=\"true\" aria-invalid=\"false\" placeholder=\"Ad Soyad *\" value=\"\" type=\"text\" name=\"nome-cognome\" \/><\/span>\n    <\/div>\n    <div class=\"col-12 col-md-6 px-0 py-1 p-md-1\">\n      <span class=\"wpcf7-form-control-wrap\" data-name=\"posizione-lavorativa\"><input size=\"40\" maxlength=\"400\" class=\"wpcf7-form-control wpcf7-text wpcf7-validates-as-required\" aria-required=\"true\" aria-invalid=\"false\" placeholder=\"Pozisyon\/B\u00f6l\u00fcm*\" value=\"\" type=\"text\" name=\"posizione-lavorativa\" \/><\/span>\n    <\/div>\n  <\/div>\n\n  <div class=\"row gx-0 gx-lg-3\">\n    <div class=\"col-12 col-md-6 px-0 py-1 p-md-1\">\n      <span class=\"wpcf7-form-control-wrap\" data-name=\"nome-azienda\"><input size=\"40\" maxlength=\"400\" class=\"wpcf7-form-control wpcf7-text wpcf7-validates-as-required\" aria-required=\"true\" aria-invalid=\"false\" placeholder=\"\u015eirket ad\u0131 *\" value=\"\" type=\"text\" name=\"nome-azienda\" \/><\/span>\n    <\/div>\n    <div class=\"col-12 col-md-6 px-0 py-1 p-md-1\">\n      <span class=\"wpcf7-form-control-wrap\" data-name=\"gruppo-aziendale\"><input size=\"40\" maxlength=\"400\" class=\"wpcf7-form-control wpcf7-text\" aria-invalid=\"false\" placeholder=\"\u015eirket Grubu (optional)\" value=\"\" type=\"text\" name=\"gruppo-aziendale\" \/><\/span>\n    <\/div>\n  <\/div>\n\n  <div class=\"row gx-0 gx-lg-3\">\n    <div class=\"col-12 col-md-6 px-0 py-1 p-md-1\">\n      <span class=\"wpcf7-form-control-wrap\" data-name=\"divisione-aziendale\"><input size=\"40\" maxlength=\"400\" class=\"wpcf7-form-control wpcf7-text\" aria-invalid=\"false\" placeholder=\"\u015eirket Birimi (optional)\" value=\"\" type=\"text\" name=\"divisione-aziendale\" \/><\/span>\n    <\/div>\n    <div class=\"col-12 col-md-6 px-0 py-1 p-md-1\">\n      <div class=\"select-wrap\">\n        <span class=\"wpcf7-form-control-wrap\" data-name=\"tipo-azienda\"><select class=\"wpcf7-form-control wpcf7-select\" aria-invalid=\"false\" name=\"tipo-azienda\"><option value=\"\">\u015eirket T\u00fcr\u00fc (optional)<\/option><option value=\"\u00dcretici\/form\u00fclat\u00f6r\">\u00dcretici\/form\u00fclat\u00f6r<\/option><option value=\"T\u00fcccar\/da\u011f\u0131t\u0131c\u0131\">T\u00fcccar\/da\u011f\u0131t\u0131c\u0131<\/option><option value=\"Nihai kullan\u0131c\u0131\">Nihai kullan\u0131c\u0131<\/option><option value=\"Di\u011fer\">Di\u011fer<\/option><\/select><\/span>\n      <\/div>\n    <\/div>\n  <\/div>\n\n  <div class=\"row gx-0 gx-lg-3\">\n    <div class=\"col-12 col-md-6 px-0 py-1 p-md-1\">\n      <span class=\"wpcf7-form-control-wrap\" data-name=\"citta\"><input size=\"40\" maxlength=\"400\" class=\"wpcf7-form-control wpcf7-text wpcf7-validates-as-required\" aria-required=\"true\" aria-invalid=\"false\" placeholder=\"\u015eehir  *\" value=\"\" type=\"text\" name=\"citta\" \/><\/span>\n    <\/div>\n    <div class=\"col-12 col-md-6 px-0 py-1 p-md-1\">\n      <span class=\"wpcf7-form-control-wrap\" data-name=\"cap\"><input size=\"40\" maxlength=\"400\" class=\"wpcf7-form-control wpcf7-text wpcf7-validates-as-required\" aria-required=\"true\" aria-invalid=\"false\" placeholder=\"Posta  *\" value=\"\" type=\"text\" name=\"cap\" \/><\/span>\n    <\/div>\n  <\/div>\n\n  <div class=\"row gx-0 gx-lg-3\">\n    <div class=\"col-12 col-md-6 px-0 py-1 p-md-1\">\n      <span class=\"wpcf7-form-control-wrap\" data-name=\"stato\"><input size=\"40\" maxlength=\"400\" class=\"wpcf7-form-control wpcf7-text wpcf7-validates-as-required\" aria-required=\"true\" aria-invalid=\"false\" placeholder=\"\u00dclke  *\" value=\"\" type=\"text\" name=\"stato\" \/><\/span>\n    <\/div>\n    <div class=\"col-12 col-md-6 px-0 py-1 p-md-1\">\n      <span class=\"wpcf7-form-control-wrap\" data-name=\"telefono\"><input size=\"40\" maxlength=\"400\" class=\"wpcf7-form-control wpcf7-tel wpcf7-validates-as-required wpcf7-text wpcf7-validates-as-tel\" aria-required=\"true\" aria-invalid=\"false\" placeholder=\"Telefon  *\" value=\"\" type=\"tel\" name=\"telefono\" \/><\/span>\n    <\/div>\n  <\/div>\n\n  <div class=\"row gx-0 gx-lg-3\">\n    <div class=\"col-12 col-md-6 px-0 py-1 p-md-1\">\n      <span class=\"wpcf7-form-control-wrap\" data-name=\"email\"><input size=\"40\" maxlength=\"400\" class=\"wpcf7-form-control wpcf7-email wpcf7-validates-as-required wpcf7-text wpcf7-validates-as-email\" aria-required=\"true\" aria-invalid=\"false\" placeholder=\"E-posta*\" value=\"\" type=\"email\" name=\"email\" \/><\/span>\n    <\/div>\n    <div class=\"col-12 col-md-6 px-0 py-1 p-md-1\">\n      <span class=\"wpcf7-form-control-wrap\" data-name=\"sito-internet\"><input size=\"40\" maxlength=\"400\" class=\"wpcf7-form-control wpcf7-url wpcf7-text wpcf7-validates-as-url\" aria-invalid=\"false\" placeholder=\"Web Sitesi (optional)\" value=\"\" type=\"url\" name=\"sito-internet\" \/><\/span>\n    <\/div>\n  <\/div>\n\n  <div class=\"row gx-0 gx-lg-3\">\n    <div class=\"col-12 px-0 py-1 p-md-1\">\n      <span class=\"wpcf7-form-control-wrap\" data-name=\"messaggio\"><textarea cols=\"40\" rows=\"10\" maxlength=\"2000\" class=\"wpcf7-form-control wpcf7-textarea wpcf7-validates-as-required\" aria-required=\"true\" aria-invalid=\"false\" placeholder=\"Mesaj  *\" name=\"messaggio\"><\/textarea><\/span>\n    <\/div>\n  <\/div>\n\n  <div class=\"row gx-0 gx-lg-3\">\n    <div class=\"col-12 px-0 py-1 p-md-1\">\n      <span class=\"wpcf7-form-control-wrap\" data-name=\"privacy\"><span class=\"wpcf7-form-control wpcf7-acceptance\"><span class=\"wpcf7-list-item\"><label><input type=\"checkbox\" name=\"privacy\" value=\"1\" class=\"form-check-input\" aria-invalid=\"false\" \/><span class=\"wpcf7-list-item-label\">Ko\u015fullar\u0131n\u0131 kabul ediyorum <a href=\"https:\/\/chimicalombarda.com\/tr\/privacy-policy\/\"target=\"_blank\">privacy<\/a><\/span><\/label><\/span><\/span><\/span>\n    <\/div>\n  <\/div>\n\n  <div class=\"row gx-0 gx-lg-3\">\n    <div class=\"col-12 px-0 py-1 p-md-1\">\n      <input class=\"wpcf7-form-control wpcf7-submit has-spinner btn btn-primary\" type=\"submit\" value=\"G\u00f6nder\" \/>\n    <\/div>\n  <\/div>\n<\/div><div class=\"wpcf7-response-output\" aria-hidden=\"true\"><\/div>\n<\/form>\n<\/div>\n[\/vc_column][\/vc_row][vc_row full_width=&#8221;stretch_row&#8221; css=&#8221;.vc_custom_1743428640418{background-color: #030F0E !important;}&#8221;][vc_column]<div class=\"empty-space-custom\" data-id=\"empty_space_custom_8\"><\/div>[vc_row_inner][vc_column_inner width=&#8221;1\/3&#8243;]<div class=\"label-container  inverted\"><div class=\"label\"><i class=\"fa fa-chevron-right\"><\/i> <span>Chimica Lombarda d\u00fcnyada: k\u00fcresel bir varl\u0131k<\/span><\/div><\/div><div class=\"empty-space-custom\" data-id=\"empty_space_custom_9\"><\/div><div class=\"testo-responsive-container decorative-border\" data-id=\"responsive_text_7\"><h3 class=\"testo-responsive\"><strong>Chimica Lombarda d\u00fcnyada: k\u00fcresel bir varl\u0131k<\/strong><br>\n<\/h3><\/div><div class=\"empty-space-custom\" data-id=\"empty_space_custom_10\"><\/div><div class=\"testo-responsive-container\" data-id=\"responsive_text_8\"><p class=\"testo-responsive\"><strong>Avrupa<\/strong><br>\nChimica Lombarda, Avrupa&#8217;da bir\u00e7ok stratejik pazarla i\u015f birli\u011fi yaparak varl\u0131\u011f\u0131n\u0131 sa\u011flamla\u015ft\u0131rm\u0131\u015ft\u0131r. \u015eirketin merkezi olan \u0130talya\u2019da kimyasal ara\u015ft\u0131rma ve inovasyon konusunda bir referans noktas\u0131d\u0131r. Etki alan\u0131 \u0130spanya, Fransa, Almanya, Polonya ve \u00c7ek Cumhuriyeti\u2019ne kadar uzan\u0131r; bu \u00fclkelerde farkl\u0131 sanayi sekt\u00f6rlerine geli\u015fmi\u015f \u00e7\u00f6z\u00fcmler sunarak firmalar\u0131n s\u00fcrd\u00fcr\u00fclebilirli\u011fini ve rekabet\u00e7ili\u011fini art\u0131r\u0131r. Ayr\u0131ca T\u00fcrkiye&#8217;de de h\u0131zla b\u00fcy\u00fcyen bir pazarda Orta Do\u011fu\u2019ya a\u00e7\u0131lan bir k\u00f6pr\u00fc olarak faaliyet g\u00f6stermektedir.<br>\n<\/p><\/div><div class=\"empty-space-custom\" data-id=\"empty_space_custom_11\"><\/div><a class=\"button  \" data-id=\"button_1\" target=\"\" href=\"https:\/\/chimicalombarda.com\/tr\/ortak-olun\/\"><img decoding=\"async\" src=\"https:\/\/chimicalombarda.com\/wp-content\/uploads\/2025\/03\/become-partner.svg\" alt=\"icon\" \/><span>Became partner<br>\n<\/span><\/a>[\/vc_column_inner][vc_column_inner width=&#8221;2\/3&#8243;]<div class=\"empty-space-custom\" data-id=\"empty_space_custom_12\"><\/div><div class=\"padding-container\" data-id=\"padding-container_1\"><div class=\" responsive-image\" data-id=\"responsive_image_1\"><div class=\"responsive-image-wrapper\"><img decoding=\"async\" class=\"img-fluid d-none d-sm-inline-block\" src=\"https:\/\/chimicalombarda.com\/wp-content\/uploads\/2025\/03\/mappa.svg\" alt=\"\" title=\"mappa\"><img decoding=\"async\" class=\"img-fluid d-inline-block d-sm-none\" src=\"https:\/\/chimicalombarda.com\/wp-content\/uploads\/2025\/03\/mappa.svg\" alt=\"\" title=\"mappa\"><\/div><\/div><\/div>[\/vc_column_inner][\/vc_row_inner]<div class=\"empty-space-custom\" data-id=\"empty_space_custom_13\"><\/div>[vc_row_inner][vc_column_inner css=&#8221;.vc_custom_1741804441771{background-color: #FFFFFF1A !important;}&#8221;]<div class=\"empty-space-custom\" data-id=\"empty_space_custom_14\"><\/div>[\/vc_column_inner][\/vc_row_inner]<div class=\"empty-space-custom\" data-id=\"empty_space_custom_15\"><\/div>[vc_row_inner][vc_column_inner width=&#8221;1\/3&#8243;]<div class=\"testo-responsive-container\" data-id=\"responsive_text_9\"><p class=\"testo-responsive\"><strong>Orta Do\u011fu ve Afrika<\/strong><br \/>\nOrta Do\u011fu ve Afrika\u2019da \u015firket; M\u0131s\u0131r, \u0130ran, Suriye ve Sudan\u2019da faaliyet g\u00f6stermekte, yerel sanayilerin geli\u015fimine y\u00fcksek kaliteli kimyasal \u00fcr\u00fcnlerle destek vermektedir. Bu pazarlardaki varl\u0131\u011f\u0131, s\u00fcrd\u00fcr\u00fclebilir kalk\u0131nmaya ve inovasyona olan ba\u011fl\u0131l\u0131\u011f\u0131n\u0131 yans\u0131t\u0131r.<br>\n<\/p><\/div>[\/vc_column_inner][vc_column_inner width=&#8221;1\/3&#8243;]<div class=\"testo-responsive-container\" data-id=\"responsive_text_10\"><p class=\"testo-responsive\"><strong>Asya<\/strong><br \/>\nAsya\u2019da Chimica Lombarda; Hindistan, Banglade\u015f, Pakistan, Endonezya, Vietnam ve \u00c7in gibi geli\u015fmekte olan \u00fclkelerde faaliyet g\u00f6stererek deri finisaj ve tekstil apre sekt\u00f6rlerinde s\u00fcrd\u00fcr\u00fclebilir \u00e7\u00f6z\u00fcmler sunmaktad\u0131r.<br>\n<\/p><\/div>[\/vc_column_inner][vc_column_inner width=&#8221;1\/3&#8243;]<div class=\"testo-responsive-container\" data-id=\"responsive_text_11\"><p class=\"testo-responsive\"><strong>Latin Amerika<\/strong><br \/>\nBrezilya\u2019da \u015firket, deri sanayi, tekstil apre i\u015flemleri ve end\u00fcstriyel kaplama sekt\u00f6rlerinin geli\u015fimine destek vermekte; \u00e7evresel etkileri azaltarak kaliteyi art\u0131ran yenilikler ve ileri teknolojiler sunmaktad\u0131r.<br>\nChimica Lombarda, b\u00fcy\u00fcmeye odaklanm\u0131\u015ft\u0131r ve k\u00fcresel \u00f6l\u00e7ekte stratejik ve geli\u015fen pazarlarda g\u00fcvenilir i\u015f ortaklar\u0131 aray\u0131\u015f\u0131n\u0131 s\u00fcrd\u00fcrmektedir.<br>\n<\/p><\/div>[\/vc_column_inner][\/vc_row_inner]<div class=\"empty-space-custom\" data-id=\"empty_space_custom_16\"><\/div>[\/vc_column][\/vc_row]<\/p>\n<\/div>","protected":false},"excerpt":{"rendered":"<p>[vc_row][vc_column][\/vc_column][\/vc_row][vc_row el_id=&#8221;form&#8221;][vc_column width=&#8221;1\/3&#8243;][\/vc_column][vc_column width=&#8221;2\/3&#8243;][\/vc_column][\/vc_row][vc_row full_width=&#8221;stretch_row&#8221; css=&#8221;.vc_custom_1743428640418{background-color: #030F0E !important;}&#8221;][vc_column][vc_row_inner][vc_column_inner width=&#8221;1\/3&#8243;][\/vc_column_inner][vc_column_inner width=&#8221;2\/3&#8243;][\/vc_column_inner][\/vc_row_inner][vc_row_inner][vc_column_inner css=&#8221;.vc_custom_1741804441771{background-color: #FFFFFF1A !important;}&#8221;][\/vc_column_inner][\/vc_row_inner][vc_row_inner][vc_column_inner width=&#8221;1\/3&#8243;][\/vc_column_inner][vc_column_inner width=&#8221;1\/3&#8243;][\/vc_column_inner][vc_column_inner width=&#8221;1\/3&#8243;][\/vc_column_inner][\/vc_row_inner][\/vc_column][\/vc_row]<\/p>\n","protected":false},"author":2,"featured_media":0,"parent":0,"menu_order":0,"comment_status":"closed","ping_status":"closed","template":"","meta":{"_acf_changed":false,"inline_featured_image":false,"footnotes":""},"class_list":["post-1188","page","type-page","status-publish","hentry"],"acf":[],"aioseo_notices":[],"_links":{"self":[{"href":"https:\/\/chimicalombarda.com\/tr\/wp-json\/wp\/v2\/pages\/1188","targetHints":{"allow":["GET"]}}],"collection":[{"href":"https:\/\/chimicalombarda.com\/tr\/wp-json\/wp\/v2\/pages"}],"about":[{"href":"https:\/\/chimicalombarda.com\/tr\/wp-json\/wp\/v2\/types\/page"}],"author":[{"embeddable":true,"href":"https:\/\/chimicalombarda.com\/tr\/wp-json\/wp\/v2\/users\/2"}],"replies":[{"embeddable":true,"href":"https:\/\/chimicalombarda.com\/tr\/wp-json\/wp\/v2\/comments?post=1188"}],"version-history":[{"count":3,"href":"https:\/\/chimicalombarda.com\/tr\/wp-json\/wp\/v2\/pages\/1188\/revisions"}],"predecessor-version":[{"id":1285,"href":"https:\/\/chimicalombarda.com\/tr\/wp-json\/wp\/v2\/pages\/1188\/revisions\/1285"}],"wp:attachment":[{"href":"https:\/\/chimicalombarda.com\/tr\/wp-json\/wp\/v2\/media?parent=1188"}],"curies":[{"name":"wp","href":"https:\/\/api.w.org\/{rel}","templated":true}]}}