{"id":1190,"date":"2025-03-27T14:35:17","date_gmt":"2025-03-27T13:35:17","guid":{"rendered":"https:\/\/chimicalombarda.com\/carbodiimides\/"},"modified":"2025-05-12T10:14:29","modified_gmt":"2025-05-12T08:14:29","slug":"poli-karbodiimmidi","status":"publish","type":"page","link":"https:\/\/chimicalombarda.com\/tr\/poli-karbodiimmidi\/","title":{"rendered":"Carbodiimides &#8211; Poli-karbodiimmidi"},"content":{"rendered":"<div class=\"wpb-content-wrapper\"><p>[vc_row full_width=&#8221;stretch_row_content_no_spaces&#8221; css=&#8221;.vc_custom_1743427819737{background-color: #030F0E !important;}&#8221;][vc_column][video_background_gradient background_type=&#8221;immagine&#8221; gradient_rule=&#8221;radial-gradient(circle, rgba(3,15,14,0.3617822128851541) 0%, rgba(3,15,14,1) 45%)&#8221; background_image=&#8221;549&#8243;][vc_row_inner][vc_column_inner width=&#8221;5\/12&#8243;]<div class=\"empty-space-custom\" data-id=\"empty_space_custom_1\"><\/div><div class=\"label-container  inverted\"><div class=\"label\"><i class=\"fa fa-chevron-right\"><\/i> <span>Poli-karbodiimmidi<\/span><\/div><\/div><div class=\"empty-space-custom\" data-id=\"empty_space_custom_2\"><\/div><div class=\"testo-responsive-container decorative-border\" data-id=\"responsive_text_1\"><h1 class=\"testo-responsive\"><strong>\u00c7apraz ba\u011flay\u0131c\u0131lar \u2013 Poli-karbodiimidler: d\u00fc\u015f\u00fck toksisite ile y\u00fcksek performans dengesi<\/strong><br>\n<\/h1><\/div><div class=\"empty-space-custom\" data-id=\"empty_space_custom_3\"><\/div>[\/vc_column_inner][vc_column_inner width=&#8221;7\/12&#8243;][\/vc_column_inner][\/vc_row_inner][vc_row_inner][vc_column_inner css=&#8221;.vc_custom_1741773509985{padding-top: 0px !important;padding-bottom: 0px !important;background-color: #FFFFFF1A !important;}&#8221;]<div class=\"empty-space-custom\" data-id=\"empty_space_custom_4\"><\/div>[\/vc_column_inner][\/vc_row_inner]<div class=\"empty-space-custom\" data-id=\"empty_space_custom_5\"><\/div>[\/video_background_gradient][\/vc_column][\/vc_row][vc_row full_width=&#8221;stretch_row&#8221; css=&#8221;.vc_custom_1741629619116{background-color: #030F0E !important;}&#8221;][vc_column width=&#8221;1\/6&#8243;][\/vc_column][vc_column width=&#8221;4\/6&#8243;]<div class=\"label-container text-center inverted\"><div class=\"label\"><i class=\"fa fa-chevron-right\"><\/i> <span>Su bazl\u0131 poli-karbodiimid re\u00e7ineler<\/span><\/div><\/div><div class=\"empty-space-custom\" data-id=\"empty_space_custom_6\"><\/div><div class=\"testo-responsive-container\" data-id=\"responsive_text_2\"><h3 class=\"testo-responsive\">Chimica Lombarda\u2019n\u0131n karbodiimidleri, [\u2013N=C=N\u2013] karbodiimid grubunu i\u00e7eren hidrofilik segmentlere sahip su bazl\u0131 poli-karbodiimid re\u00e7ineleridir.<br>\nBunlar d\u00fc\u015f\u00fck toksisiteli ve y\u00fcksek reaktiviteye sahip \u00e7apraz ba\u011flay\u0131c\u0131lard\u0131r; karboksilik gruplarla reaksiyona girerler. Oda s\u0131cakl\u0131\u011f\u0131nda ya da daha y\u00fcksek s\u0131cakl\u0131klarda reaksiyonu h\u0131zland\u0131rmak \u00fczere \u00e7apraz ba\u011flanabilirler.<br>\n<\/h3><\/div><div class=\"empty-space-custom\" data-id=\"empty_space_custom_7\"><\/div><div class=\"testo-responsive-container\" data-id=\"responsive_text_3\"><p class=\"testo-responsive\">\u00c7apraz ba\u011flama, kaplama performans\u0131n\u0131 a\u015f\u0131nma, kimyasallara diren\u00e7 ve dayan\u0131kl\u0131l\u0131k gibi \u00f6zelliklerde geli\u015ftirmek i\u00e7in yayg\u0131n olarak kullan\u0131lan bir y\u00f6ntemdir. Karbodiimid \u00e7apraz ba\u011flay\u0131c\u0131lar\u0131m\u0131z (CDI), kaplama end\u00fcstrisinde \u00e7evre dostu ve y\u00fcksek performansl\u0131 \u00e7\u00f6z\u00fcmler arayan form\u00fclat\u00f6rler i\u00e7in s\u00fcrd\u00fcr\u00fclebilir bir alternatiftir.<br>\nGeleneksel \u00e7apraz ba\u011flay\u0131c\u0131lara (aziridin, izosiyanatlar, melaminler) k\u0131yasla, poli-karbodiimidler bir\u00e7ok avantaja sahiptir. Suyla temasa kar\u015f\u0131 daha az hassast\u0131rlar ve uzun pot-life (reaktivite s\u00fcresi) sa\u011flarlar.<br>\n<\/p><\/div><div class=\"empty-space-custom\" data-id=\"empty_space_custom_8\"><\/div>[\/vc_column][vc_column width=&#8221;1\/6&#8243;][\/vc_column][\/vc_row][vc_row full_width=&#8221;stretch_row&#8221; css=&#8221;.vc_custom_1741777323755{background-color: #030F0E !important;}&#8221;][vc_column css=&#8221;.vc_custom_1741778561208{padding-top: 0px !important;}&#8221;]<div class=\"buttons-container\" data-id=\"buttons-container_1\"><a class=\"button  \" data-id=\"button_1\" target=\"\" href=\"\"><img decoding=\"async\" src=\"https:\/\/chimicalombarda.com\/wp-content\/uploads\/2025\/03\/innovazione.svg\" alt=\"icon\" \/><span>\u0130novasyon<br>\n<\/span><\/a><a class=\"button  \" data-id=\"button_2\" target=\"\" href=\"\"><img decoding=\"async\" src=\"https:\/\/chimicalombarda.com\/wp-content\/uploads\/2025\/03\/affidabilita.svg\" alt=\"icon\" \/><span>G\u00fcvenilirlik<br>\n<\/span><\/a><a class=\"button  \" data-id=\"button_3\" target=\"\" href=\"\"><img decoding=\"async\" src=\"https:\/\/chimicalombarda.com\/wp-content\/uploads\/2025\/03\/performance.svg\" alt=\"icon\" \/><span>Performans<br>\n<\/span><\/a><\/div><div class=\"empty-space-custom\" data-id=\"empty_space_custom_9\"><\/div>[\/vc_column][\/vc_row][vc_row full_width=&#8221;stretch_row_content_no_spaces&#8221; css=&#8221;.vc_custom_1741805581506{background-color: #030F0E !important;}&#8221;][vc_column][video_background_gradient video_url=&#8221;https:\/\/chimicalombarda.com\/wp-content\/uploads\/2025\/03\/Video_header.mp4&#8243; gradient_rule=&#8221;linear-gradient(0deg, rgba(3,15,14,0.36738445378151263) 0%, rgba(3,15,14,1) 58%)&#8221;]<div class=\"empty-space-custom\" data-id=\"empty_space_custom_10\"><\/div>[vc_row_inner][vc_column_inner width=&#8221;7\/12&#8243;]<div class=\"label-container  inverted\"><div class=\"label\"><i class=\"fa fa-chevron-right\"><\/i> <span>Temel faydalar<\/span><\/div><\/div><div class=\"empty-space-custom\" data-id=\"empty_space_custom_11\"><\/div><div class=\"testo-responsive-container\" data-id=\"responsive_text_4\"><h2 class=\"testo-responsive\"><br>\n<h2>Geleneksel \u00c7apraz Ba\u011flay\u0131c\u0131lara G\u00f6re Avantajlar\u0131<\/h2>\n\n<\/h2><\/div><div class=\"empty-space-custom\" data-id=\"empty_space_custom_12\"><\/div><a class=\"button  \" data-id=\"button_4\" target=\"_blank\" href=\"https:\/\/chimicalombarda.com\/wp-content\/uploads\/2025\/04\/Cross-Linking_Agents_v5_Digital.pdf\"><img decoding=\"async\" src=\"https:\/\/chimicalombarda.com\/wp-content\/uploads\/2025\/03\/world-yellow-1.svg\" alt=\"icon\" \/><span>Download pdf<br>\n<\/span><\/a>[\/vc_column_inner][vc_column_inner width=&#8221;5\/12&#8243;]<div class=\"padding-container\" data-id=\"padding-container_1\"><div class=\"empty-space-custom\" data-id=\"empty_space_custom_13\"><\/div><div class=\"testo-responsive-container\" data-id=\"responsive_text_5\"><p class=\"testo-responsive\">Aziridinler, izosiyanatlar ve melaminler gibi geleneksel \u00e7apraz ba\u011flay\u0131c\u0131larla kar\u015f\u0131la\u015ft\u0131r\u0131ld\u0131\u011f\u0131nda, poli-karbodiimidler birka\u00e7 \u00f6nemli avantaj sunar:<br>\n<\/p><\/div><div class=\"empty-space-custom\" data-id=\"empty_space_custom_14\"><\/div><div class=\"testo-responsive-container\" data-id=\"responsive_text_6\"><div class=\"testo-responsive\"><br>\n<ul>\n<li>Suya kar\u015f\u0131 \u00e7ok daha az duyarl\u0131d\u0131rlar.<\/li>\n<li>Daha uzun bir kap \u00f6mr\u00fc elde edin.<\/li>\n<\/ul>\n\n<\/div><\/div><\/div>[\/vc_column_inner][\/vc_row_inner][vc_row_inner][vc_column_inner]<div class=\"empty-space-custom\" data-id=\"empty_space_custom_15\"><\/div>[\/vc_column_inner][\/vc_row_inner]<div class=\"empty-space-custom\" data-id=\"empty_space_custom_16\"><\/div>[\/video_background_gradient][\/vc_column][\/vc_row][vc_row][vc_column]<div class=\"empty-space-custom\" data-id=\"empty_space_custom_17\"><\/div>[vc_row_inner el_class=&#8221;d-flex flex-column flex-md-row&#8221;][vc_column_inner el_class=&#8221;order-2 order-md-1&#8243; width=&#8221;1\/2&#8243;]<div class=\"label-container \"><div class=\"label\"><i class=\"fa fa-chevron-right\"><\/i> <span>Uygulama alanlar\u0131 ve kullan\u0131mlar<\/span><\/div><\/div><div class=\"empty-space-custom\" data-id=\"empty_space_custom_18\"><\/div><div class=\"testo-responsive-container\" data-id=\"responsive_text_7\"><p class=\"testo-responsive\">Karbodiimidlerimiz, karboksilik gruplar i\u00e7eren polimer re\u00e7ine ve ba\u011flay\u0131c\u0131larla reaksiyona girerek \u00e7apraz ba\u011flanma sa\u011flayan, d\u00fc\u015f\u00fck toksisiteli ancak y\u00fcksek reaktiviteye sahip \u00e7apraz ba\u011flay\u0131c\u0131lard\u0131r. Oda s\u0131cakl\u0131\u011f\u0131nda veya daha y\u00fcksek s\u0131cakl\u0131klarda reaksiyona girerek etkin bir \u015fekilde uygulanabilirler.<br>\n<\/p><\/div><div class=\"empty-space-custom\" data-id=\"empty_space_custom_19\"><\/div><div class=\"testo-responsive-container\" data-id=\"responsive_text_8\"><p class=\"testo-responsive\"><strong>Key Advantages<\/strong><br>\n<\/p><\/div><div class=\"testo-responsive-container\" data-id=\"responsive_text_9\"><p class=\"testo-responsive\">Ayr\u0131ca, \u00e7e\u015fitli alt tabakalara yap\u0131\u015fmay\u0131 art\u0131ran ve polyester veya epoksi gibi re\u00e7inelerin hidrolize kar\u015f\u0131 dayan\u0131kl\u0131l\u0131\u011f\u0131n\u0131 art\u0131ran karbodiimid katk\u0131 maddeleri de portf\u00f6y\u00fcm\u00fczde yer almaktad\u0131r. Bu katk\u0131lar, su emilimini azaltarak malzemenin bozulmas\u0131n\u0131 \u00f6nler.<br>\n<\/p><\/div>[\/vc_column_inner][vc_column_inner el_class=&#8221;order-1 order-md-2&#8243; width=&#8221;1\/2&#8243;]<div class=\"padding-container\" data-id=\"padding-container_2\"><div class=\" responsive-image\" data-id=\"responsive_image_1\"><div class=\"responsive-image-wrapper\"><img decoding=\"async\" class=\"img-fluid d-none d-sm-inline-block\" src=\"https:\/\/chimicalombarda.com\/wp-content\/uploads\/2025\/03\/Senza-titolo-1.jpg\" alt=\"ACRALINK products\" title=\"ACRALINK products\"><img decoding=\"async\" class=\"img-fluid d-inline-block d-sm-none\" src=\"https:\/\/chimicalombarda.com\/wp-content\/uploads\/2025\/03\/Senza-titolo-1.jpg\" alt=\"ACRALINK products\" title=\"ACRALINK products\"><\/div><\/div><\/div><div class=\"empty-space-custom\" data-id=\"empty_space_custom_20\"><\/div>[\/vc_column_inner][\/vc_row_inner]<div class=\"empty-space-custom\" data-id=\"empty_space_custom_21\"><\/div>[\/vc_column][\/vc_row][vc_row][vc_column]<div class=\"empty-space-custom\" data-id=\"empty_space_custom_22\"><\/div>[vc_row_inner][vc_column_inner width=&#8221;1\/2&#8243;]<div class=\"padding-container\" data-id=\"padding-container_3\"><div class=\" responsive-image\" data-id=\"responsive_image_2\"><div class=\"responsive-image-wrapper\"><img decoding=\"async\" class=\"img-fluid d-none d-sm-inline-block\" src=\"https:\/\/chimicalombarda.com\/wp-content\/uploads\/2025\/03\/water-base.jpg\" alt=\"\" title=\"water-base\"><img decoding=\"async\" class=\"img-fluid d-inline-block d-sm-none\" src=\"https:\/\/chimicalombarda.com\/wp-content\/uploads\/2025\/03\/water-base.jpg\" alt=\"\" title=\"water-base\"><\/div><\/div><\/div><div class=\"empty-space-custom\" data-id=\"empty_space_custom_23\"><\/div>[\/vc_column_inner][vc_column_inner width=&#8221;1\/2&#8243;]<div class=\"label-container \"><div class=\"label\"><i class=\"fa fa-chevron-right\"><\/i> <span>\u00d6zellikler ve avantajlar<\/span><\/div><\/div><div class=\"empty-space-custom\" data-id=\"empty_space_custom_24\"><\/div><div class=\"testo-responsive-container\" data-id=\"responsive_text_10\"><p class=\"testo-responsive\"><br>\n<ol>\n<li>D\u00fc\u015f\u00fck veya s\u0131f\u0131r toksisite<\/li>\n<li>\u00c7evre dostu (VOC i\u00e7ermez)<\/li>\n<li>\u00c7ok uzun raf \u00f6mr\u00fc (pot-life)<\/li>\n<li>Kullan\u0131m\u0131 kolay (\u00f6n kar\u0131\u015ft\u0131rma gerekmez)<\/li>\n<li>Suya ve kimyasallara kar\u015f\u0131 dayan\u0131kl\u0131l\u0131k<\/li>\n<li>Geli\u015ftirilmi\u015f yap\u0131\u015fma \u00f6zellikleri<\/li>\n<li>\u00dcst\u00fcn hidroliz direnci<\/li>\n<li>M\u00fckemmel esneklik<\/li>\n<\/ol>\n\n<\/p><\/div><div class=\"empty-space-custom\" data-id=\"empty_space_custom_25\"><\/div>[\/vc_column_inner][\/vc_row_inner]<div class=\"empty-space-custom\" data-id=\"empty_space_custom_26\"><\/div>[vc_row_inner][vc_column_inner css=&#8221;.vc_custom_1741804441771{background-color: #FFFFFF1A !important;}&#8221;]<div class=\"empty-space-custom\" data-id=\"empty_space_custom_27\"><\/div>[\/vc_column_inner][\/vc_row_inner][\/vc_column][\/vc_row][vc_row][vc_column]<div class=\"empty-space-custom\" data-id=\"empty_space_custom_28\"><\/div>[vc_row_inner el_class=&#8221;d-flex flex-column flex-md-row&#8221;][vc_column_inner el_class=&#8221;order-2 order-md-1&#8243; width=&#8221;1\/2&#8243;]<div class=\"label-container \"><div class=\"label\"><i class=\"fa fa-chevron-right\"><\/i> <span>S\u00fcrd\u00fcr\u00fclebilir \u0130novasyon<\/span><\/div><\/div><div class=\"empty-space-custom\" data-id=\"empty_space_custom_29\"><\/div><div class=\"testo-responsive-container\" data-id=\"responsive_text_11\"><p class=\"testo-responsive\">Chimica Lombarda\u2019n\u0131n poli-karbodiimidleri, modern uygulamalar\u0131n ihtiya\u00e7lar\u0131n\u0131 kar\u015f\u0131layan, farkl\u0131 end\u00fcstri alanlar\u0131na uygun, yenilik\u00e7i ve \u00e7evreye duyarl\u0131 \u00e7\u00f6z\u00fcmler sunar. Yenilik\u00e7i form\u00fclasyonlar\u0131 sayesinde, verimli \u00e7apraz ba\u011flanma ile d\u00fc\u015f\u00fck \u00e7evresel etkiyi bir araya getirerek s\u00fcrd\u00fcr\u00fclebilir \u00fcretim s\u00fcre\u00e7lerine katk\u0131 sa\u011flarlar. Bu yakla\u015f\u0131m, \u015firketimizin benimsedi\u011fi \u00e7evre vizyonuyla tamamen uyumludur.<br>\n<\/p><\/div><div class=\"empty-space-custom\" data-id=\"empty_space_custom_30\"><\/div><a class=\"button  \" data-id=\"button_5\" target=\"_blank\" href=\"https:\/\/chimicalombarda.com\/wp-content\/uploads\/2025\/03\/Cross-Linking_Agents.pdf\"><img decoding=\"async\" src=\"https:\/\/chimicalombarda.com\/wp-content\/uploads\/2025\/03\/world-yellow-1.svg\" alt=\"icon\" \/><span>\u0130ndir pdf<br>\n<\/span><\/a>[\/vc_column_inner][vc_column_inner el_class=&#8221;order-1 order-md-2&#8243; width=&#8221;1\/2&#8243;]<div class=\"padding-container\" data-id=\"padding-container_4\"><div class=\" responsive-image\" data-id=\"responsive_image_3\"><div class=\"responsive-image-wrapper\"><img decoding=\"async\" class=\"img-fluid d-none d-sm-inline-block\" src=\"https:\/\/chimicalombarda.com\/wp-content\/uploads\/2025\/03\/akralink.jpg\" alt=\"\" title=\"akralink\"><img decoding=\"async\" class=\"img-fluid d-inline-block d-sm-none\" src=\"https:\/\/chimicalombarda.com\/wp-content\/uploads\/2025\/03\/akralink.jpg\" alt=\"\" title=\"akralink\"><\/div><\/div><\/div><div class=\"empty-space-custom\" data-id=\"empty_space_custom_31\"><\/div>[\/vc_column_inner][\/vc_row_inner]<div class=\"empty-space-custom\" data-id=\"empty_space_custom_32\"><\/div>[\/vc_column][\/vc_row]<\/p>\n<\/div>","protected":false},"excerpt":{"rendered":"<p>[vc_row full_width=&#8221;stretch_row_content_no_spaces&#8221; css=&#8221;.vc_custom_1743427819737{background-color: #030F0E !important;}&#8221;][vc_column][video_background_gradient background_type=&#8221;immagine&#8221; gradient_rule=&#8221;radial-gradient(circle, rgba(3,15,14,0.3617822128851541) 0%, rgba(3,15,14,1) 45%)&#8221; background_image=&#8221;549&#8243;][vc_row_inner][vc_column_inner width=&#8221;5\/12&#8243;][\/vc_column_inner][vc_column_inner width=&#8221;7\/12&#8243;][\/vc_column_inner][\/vc_row_inner][vc_row_inner][vc_column_inner css=&#8221;.vc_custom_1741773509985{padding-top: 0px !important;padding-bottom: 0px !important;background-color: #FFFFFF1A !important;}&#8221;][\/vc_column_inner][\/vc_row_inner][\/video_background_gradient][\/vc_column][\/vc_row][vc_row full_width=&#8221;stretch_row&#8221; css=&#8221;.vc_custom_1741629619116{background-color: #030F0E !important;}&#8221;][vc_column width=&#8221;1\/6&#8243;][\/vc_column][vc_column width=&#8221;4\/6&#8243;][\/vc_column][vc_column width=&#8221;1\/6&#8243;][\/vc_column][\/vc_row][vc_row full_width=&#8221;stretch_row&#8221; css=&#8221;.vc_custom_1741777323755{background-color: #030F0E !important;}&#8221;][vc_column css=&#8221;.vc_custom_1741778561208{padding-top: 0px !important;}&#8221;][\/vc_column][\/vc_row][vc_row full_width=&#8221;stretch_row_content_no_spaces&#8221; css=&#8221;.vc_custom_1741805581506{background-color: #030F0E !important;}&#8221;][vc_column][video_background_gradient video_url=&#8221;https:\/\/chimicalombarda.com\/wp-content\/uploads\/2025\/03\/Video_header.mp4&#8243; gradient_rule=&#8221;linear-gradient(0deg, rgba(3,15,14,0.36738445378151263) 0%, rgba(3,15,14,1) 58%)&#8221;][vc_row_inner][vc_column_inner width=&#8221;7\/12&#8243;][\/vc_column_inner][vc_column_inner width=&#8221;5\/12&#8243;][\/vc_column_inner][\/vc_row_inner][vc_row_inner][vc_column_inner][\/vc_column_inner][\/vc_row_inner][\/video_background_gradient][\/vc_column][\/vc_row][vc_row][vc_column][vc_row_inner el_class=&#8221;d-flex flex-column flex-md-row&#8221;][vc_column_inner el_class=&#8221;order-2 order-md-1&#8243; width=&#8221;1\/2&#8243;][\/vc_column_inner][vc_column_inner el_class=&#8221;order-1 order-md-2&#8243; [&hellip;]<\/p>\n","protected":false},"author":4,"featured_media":0,"parent":0,"menu_order":0,"comment_status":"closed","ping_status":"closed","template":"","meta":{"_acf_changed":false,"inline_featured_image":false,"footnotes":""},"class_list":["post-1190","page","type-page","status-publish","hentry"],"acf":[],"aioseo_notices":[],"_links":{"self":[{"href":"https:\/\/chimicalombarda.com\/tr\/wp-json\/wp\/v2\/pages\/1190","targetHints":{"allow":["GET"]}}],"collection":[{"href":"https:\/\/chimicalombarda.com\/tr\/wp-json\/wp\/v2\/pages"}],"about":[{"href":"https:\/\/chimicalombarda.com\/tr\/wp-json\/wp\/v2\/types\/page"}],"author":[{"embeddable":true,"href":"https:\/\/chimicalombarda.com\/tr\/wp-json\/wp\/v2\/users\/4"}],"replies":[{"embeddable":true,"href":"https:\/\/chimicalombarda.com\/tr\/wp-json\/wp\/v2\/comments?post=1190"}],"version-history":[{"count":2,"href":"https:\/\/chimicalombarda.com\/tr\/wp-json\/wp\/v2\/pages\/1190\/revisions"}],"predecessor-version":[{"id":1222,"href":"https:\/\/chimicalombarda.com\/tr\/wp-json\/wp\/v2\/pages\/1190\/revisions\/1222"}],"wp:attachment":[{"href":"https:\/\/chimicalombarda.com\/tr\/wp-json\/wp\/v2\/media?parent=1190"}],"curies":[{"name":"wp","href":"https:\/\/api.w.org\/{rel}","templated":true}]}}