{"id":1199,"date":"2025-03-27T18:16:14","date_gmt":"2025-03-27T17:16:14","guid":{"rendered":"https:\/\/chimicalombarda.com\/textile-finishing\/"},"modified":"2025-10-03T12:57:28","modified_gmt":"2025-10-03T10:57:28","slug":"tekstil-finisaji","status":"publish","type":"page","link":"https:\/\/chimicalombarda.com\/tr\/tekstil-finisaji\/","title":{"rendered":"Textile Finishing &#8211; Tekstil Finisaj\u0131"},"content":{"rendered":"<div class=\"wpb-content-wrapper\"><p>[vc_row full_width=&#8221;stretch_row_content_no_spaces&#8221; css=&#8221;.vc_custom_1743427671406{background-color: #030F0E !important;}&#8221;][vc_column][video_background_gradient background_type=&#8221;immagine&#8221; background_image=&#8221;787&#8243;][vc_row_inner][vc_column_inner width=&#8221;5\/12&#8243;]<div class=\"empty-space-custom\" data-id=\"empty_space_custom_1\"><\/div><div class=\"label-container  inverted\"><div class=\"label\"><i class=\"fa fa-chevron-right\"><\/i> <span>Tekstil Finisaj\u0131<\/span><\/div><\/div><div class=\"empty-space-custom\" data-id=\"empty_space_custom_2\"><\/div><div class=\"testo-responsive-container decorative-border\" data-id=\"responsive_text_1\"><h1 class=\"testo-responsive\"><strong>Tekstil apreleme i\u00e7in poli\u00fcretan dispersiyonlar\u0131m\u0131z\u0131n \u00f6zellikleri<\/strong><br>\n<\/h1><\/div><div class=\"empty-space-custom\" data-id=\"empty_space_custom_3\"><\/div>[\/vc_column_inner][vc_column_inner width=&#8221;7\/12&#8243;][\/vc_column_inner][\/vc_row_inner][vc_row_inner][vc_column_inner css=&#8221;.vc_custom_1741773509985{padding-top: 0px !important;padding-bottom: 0px !important;background-color: #FFFFFF1A !important;}&#8221;]<div class=\"empty-space-custom\" data-id=\"empty_space_custom_4\"><\/div>[\/vc_column_inner][\/vc_row_inner]<div class=\"empty-space-custom\" data-id=\"empty_space_custom_5\"><\/div>[\/video_background_gradient][\/vc_column][\/vc_row][vc_row full_width=&#8221;stretch_row&#8221; css=&#8221;.vc_custom_1741629619116{background-color: #030F0E !important;}&#8221;][vc_column width=&#8221;1\/6&#8243;][\/vc_column][vc_column width=&#8221;4\/6&#8243;]<div class=\"label-container text-center inverted\"><div class=\"label\"><i class=\"fa fa-chevron-right\"><\/i> <span>Y\u00fcksek performansl\u0131 y\u00fczeyler<\/span><\/div><\/div><div class=\"empty-space-custom\" data-id=\"empty_space_custom_6\"><\/div><div class=\"testo-responsive-container\" data-id=\"responsive_text_2\"><h3 class=\"testo-responsive\">Chimica Lombarda, tekstil end\u00fcstrisi i\u00e7in \u00f6zel kimyasal \u00fcr\u00fcnlerin \u00fcretimi ve tedarikinde d\u00fcnya lideridir. Amac\u0131m\u0131z, \u00fcretim s\u00fcre\u00e7lerini optimize etmek ve kuma\u015flar\u0131n kalitesini ve dayan\u0131kl\u0131l\u0131\u011f\u0131n\u0131 art\u0131rmakt\u0131r. Bu hedeflere, tekstil elyaflar\u0131na istenilen apre \u00f6zelliklerini kazand\u0131rabilecek kimyasal \u00fcr\u00fcnleri geli\u015ftirerek ve \u00fcreterek ula\u015f\u0131yoruz.<br>\n<\/h3><\/div><div class=\"empty-space-custom\" data-id=\"empty_space_custom_7\"><\/div><div class=\"testo-responsive-container\" data-id=\"responsive_text_3\"><p class=\"testo-responsive\">\u00dcr\u00fcnlerimiz, modern tekstil ve end\u00fcstriyel uygulamalar\u0131n ihtiya\u00e7lar\u0131n\u0131 kar\u015f\u0131layan y\u00fcksek performansl\u0131 apreler sunma konusunda m\u00fckemmeldir. \u00c7evre dostu ve \u00e7ok y\u00f6nl\u00fc form\u00fclasyonlar sayesinde hem fonksiyonel hem de dekoratif gereksinimlere yan\u0131t veririz.<br>\nChimica Lombarda\u2019n\u0131n tekstil apreleme i\u00e7in poli\u00fcretan dispersiyonlar\u0131, tekstillerin kalitesini ve dayan\u0131kl\u0131l\u0131\u011f\u0131n\u0131 art\u0131rmak i\u00e7in yenilik\u00e7i bir \u00e7\u00f6z\u00fcmd\u00fcr ve \u00e7e\u015fitli end\u00fcstriyel sekt\u00f6rlerin teknik ve estetik ihtiya\u00e7lar\u0131n\u0131 kar\u015f\u0131lar.<br>\n<\/p><\/div><div class=\"empty-space-custom\" data-id=\"empty_space_custom_8\"><\/div>[\/vc_column][vc_column width=&#8221;1\/6&#8243;][\/vc_column][\/vc_row][vc_row full_width=&#8221;stretch_row&#8221; css=&#8221;.vc_custom_1741777323755{background-color: #030F0E !important;}&#8221;][vc_column css=&#8221;.vc_custom_1741778561208{padding-top: 0px !important;}&#8221;]<div class=\"buttons-container\" data-id=\"buttons-container_1\"><a class=\"button  \" data-id=\"button_1\" target=\"\" href=\"\"><img decoding=\"async\" src=\"https:\/\/chimicalombarda.com\/wp-content\/uploads\/2025\/03\/innovazione.svg\" alt=\"icon\" \/><span>\u0130novasyon<br>\n<\/span><\/a><a class=\"button  \" data-id=\"button_2\" target=\"\" href=\"\"><img decoding=\"async\" src=\"https:\/\/chimicalombarda.com\/wp-content\/uploads\/2025\/03\/affidabilita.svg\" alt=\"icon\" \/><span>G\u00fcvenilirlik<br>\n<\/span><\/a><a class=\"button  \" data-id=\"button_3\" target=\"\" href=\"\"><img decoding=\"async\" src=\"https:\/\/chimicalombarda.com\/wp-content\/uploads\/2025\/03\/performance.svg\" alt=\"icon\" \/><span>Performans<br>\n<\/span><\/a><\/div><div class=\"empty-space-custom\" data-id=\"empty_space_custom_9\"><\/div>[\/vc_column][\/vc_row][vc_row full_width=&#8221;stretch_row_content_no_spaces&#8221; css=&#8221;.vc_custom_1741805581506{background-color: #030F0E !important;}&#8221;][vc_column][video_background_gradient video_url=&#8221;https:\/\/chimicalombarda.com\/wp-content\/uploads\/2025\/03\/Video_header.mp4&#8243; gradient_rule=&#8221;linear-gradient(0deg, rgba(3,15,14,0.36738445378151263) 0%, rgba(3,15,14,1) 58%)&#8221;]<div class=\"empty-space-custom\" data-id=\"empty_space_custom_10\"><\/div>[vc_row_inner][vc_column_inner width=&#8221;7\/12&#8243; offset=&#8221;vc_hidden-sm vc_hidden-xs&#8221;]<div class=\"label-container  inverted\"><div class=\"label\"><i class=\"fa fa-chevron-right\"><\/i> <span>Tekstil kaplamalar\u0131 i\u00e7in ileri d\u00fczey \u00e7\u00f6z\u00fcmler<\/span><\/div><\/div><div class=\"empty-space-custom\" data-id=\"empty_space_custom_11\"><\/div><div class=\"testo-responsive-container\" data-id=\"responsive_text_4\"><h2 class=\"testo-responsive\">Ola\u011fan\u00fcst\u00fc niteliklere sahip kuma\u015flar<br>\n<\/h2><\/div><div class=\"empty-space-custom\" data-id=\"empty_space_custom_12\"><\/div><a class=\"button  \" data-id=\"button_4\" target=\"\" href=\"https:\/\/chimicalombarda.com\/tr\/surdurulebilirlik\/\"><img decoding=\"async\" src=\"https:\/\/chimicalombarda.com\/wp-content\/uploads\/2025\/03\/world-yellow-1.svg\" alt=\"icon\" \/><span>S\u00fcrd\u00fcr\u00fclebilirlik<br>\n<\/span><\/a>[\/vc_column_inner][vc_column_inner width=&#8221;5\/12&#8243;]<div class=\"padding-container\" data-id=\"padding-container_1\"><div class=\"empty-space-custom\" data-id=\"empty_space_custom_13\"><\/div><div class=\"testo-responsive-container\" data-id=\"responsive_text_5\"><p class=\"testo-responsive\">Chimica Lombarda&#8217;n\u0131n y\u00fcksek kaliteli PU kaplamalar\u0131, pigmentli kuma\u015flar i\u00e7in ola\u011fan\u00fcst\u00fc niteliklere sahip kaplamalar ve bask\u0131 m\u00fcrekkepleri \u00fcretmek \u00fczere tasarlanm\u0131\u015ft\u0131r. \u00d6ne \u00e7\u0131kan \u00f6zellikleri \u015funlard\u0131r:<br \/>\n\u2022 \u00dcst\u00fcn elastikiyet<br \/>\n\u2022 Yumu\u015fak dokunu\u015f efekti<br \/>\n\u2022 Dayan\u0131kl\u0131l\u0131k<br \/>\n\u2022 Suya dayan\u0131kl\u0131l\u0131k<br \/>\n\u2022 Nefes alabilirlik<br \/>\n\u2022 S\u00fcrd\u00fcr\u00fclebilirlik<br>\n<\/p><\/div><\/div>[\/vc_column_inner][\/vc_row_inner][vc_row_inner][vc_column_inner]<div class=\"empty-space-custom\" data-id=\"empty_space_custom_14\"><\/div>[\/vc_column_inner][\/vc_row_inner]<div class=\"empty-space-custom\" data-id=\"empty_space_custom_15\"><\/div>[\/video_background_gradient][\/vc_column][\/vc_row][vc_row][vc_column]<div class=\"empty-space-custom\" data-id=\"empty_space_custom_16\"><\/div>[vc_row_inner el_class=&#8221;d-flex flex-column flex-md-row&#8221;][vc_column_inner el_class=&#8221;order-2 order-md-1&#8243; width=&#8221;1\/2&#8243;]<div class=\"label-container \"><div class=\"label\"><i class=\"fa fa-chevron-right\"><\/i> <span>\u00d6zellikler ve avantajlar<\/span><\/div><\/div><div class=\"empty-space-custom\" data-id=\"empty_space_custom_17\"><\/div><div class=\"testo-responsive-container\" data-id=\"responsive_text_6\"><p class=\"testo-responsive\"><br>\n<ul>\n<li>Kuma\u015flara \u00fcst\u00fcn dayan\u0131kl\u0131l\u0131k ve etkileyici g\u00f6rsellik kazand\u0131ran y\u00fcksek performansl\u0131 malzemeler<\/li>\n<li>Yumu\u015fak dokunu\u015f hissiyle ki\u015fiselle\u015ftirilebilir tekstil kaplamalar\u0131<\/li>\n<li>Spor giyim, otomotiv, moda ve mobilya sekt\u00f6rlerinde g\u00fcvenilir kullan\u0131m<\/li>\n<li>Su bazl\u0131 poli\u00fcretan ba\u011flay\u0131c\u0131lar sayesinde d\u00fc\u015f\u00fck kokulu ve d\u00fc\u015f\u00fck VOC\u2019li \u00e7evre dostu malzemeler<\/li>\n<\/ul>\n\n<\/p><\/div><div class=\"empty-space-custom\" data-id=\"empty_space_custom_18\"><\/div><div class=\"testo-responsive-container\" data-id=\"responsive_text_7\"><p class=\"testo-responsive\">En be\u011fenilen \u00f6zelliklerden biri, y\u0131kama ve a\u015f\u0131nmaya kar\u015f\u0131 diren\u00e7tir; bu da tekstillerin zorlu ko\u015fullarda bile uzun \u00f6m\u00fcrl\u00fc ve sa\u011flam kalmas\u0131n\u0131 sa\u011flar. Ayr\u0131ca, termal stabilite ve kimyasal diren\u00e7 sayesinde bu \u00e7\u00f6z\u00fcmler yo\u011fun kullan\u0131m gerektiren uygulamalarda (\u00f6rne\u011fin teknik giyim veya otomotiv tekstilleri) idealdir.<br>\nPoli\u00fcretan dispersiyonlar ayn\u0131 zamanda \u015feffaf apreler ve stabil renkler sa\u011flar; b\u00f6ylece kuma\u015f\u0131n tasar\u0131m\u0131 ve g\u00f6r\u00fcn\u00fcm\u00fc zamanla bozulmaz. S\u00fcrd\u00fcr\u00fclebilir yakla\u015f\u0131mla form\u00fcle edilen dispersiyonlar\u0131m\u0131z, OEKO TEX ve GOTS gibi s\u0131k\u0131 \u00e7evre d\u00fczenlemelerine uygundur. \u00c7evre dostu \u00fcretim anlay\u0131\u015f\u0131m\u0131z sayesinde, y\u00fcksek kaliteyi \u00e7evreye zarar vermeden sunuyoruz.<br>\nChimica Lombarda, \u00e7evresel etkiyi azaltan ve tekstil sekt\u00f6r\u00fcnde gelece\u011fi \u015fekillendiren s\u00fcrd\u00fcr\u00fclebilir yenilikler sa\u011flar.<br>\n<\/p><\/div>[\/vc_column_inner][vc_column_inner el_class=&#8221;order-1 order-md-2&#8243; width=&#8221;1\/2&#8243;]<div class=\"padding-container\" data-id=\"padding-container_2\"><div class=\" responsive-image\" data-id=\"responsive_image_1\"><div class=\"responsive-image-wrapper\"><img decoding=\"async\" class=\"img-fluid d-none d-sm-inline-block\" src=\"https:\/\/chimicalombarda.com\/wp-content\/uploads\/2025\/03\/shoes-finishing.jpg\" alt=\"\" title=\"shoes-finishing\"><img decoding=\"async\" class=\"img-fluid d-inline-block d-sm-none\" src=\"https:\/\/chimicalombarda.com\/wp-content\/uploads\/2025\/03\/shoes-finishing.jpg\" alt=\"\" title=\"shoes-finishing\"><\/div><\/div><\/div><div class=\"empty-space-custom\" data-id=\"empty_space_custom_19\"><\/div>[\/vc_column_inner][\/vc_row_inner]<div class=\"empty-space-custom\" data-id=\"empty_space_custom_20\"><\/div>[\/vc_column][\/vc_row][vc_row][vc_column]<div class=\"empty-space-custom\" data-id=\"empty_space_custom_21\"><\/div>[vc_row_inner][vc_column_inner width=&#8221;1\/2&#8243;]<div class=\"padding-container\" data-id=\"padding-container_3\"><div class=\" responsive-image\" data-id=\"responsive_image_2\"><div class=\"responsive-image-wrapper\"><img decoding=\"async\" class=\"img-fluid d-none d-sm-inline-block\" src=\"https:\/\/chimicalombarda.com\/wp-content\/uploads\/2025\/03\/clothe-finishing.jpg\" alt=\"\" title=\"clothe-finishing\"><img decoding=\"async\" class=\"img-fluid d-inline-block d-sm-none\" src=\"https:\/\/chimicalombarda.com\/wp-content\/uploads\/2025\/03\/clothe-finishing.jpg\" alt=\"\" title=\"clothe-finishing\"><\/div><\/div><\/div><div class=\"empty-space-custom\" data-id=\"empty_space_custom_22\"><\/div>[\/vc_column_inner][vc_column_inner width=&#8221;1\/2&#8243;]<div class=\"label-container \"><div class=\"label\"><i class=\"fa fa-chevron-right\"><\/i> <span>Ye\u015fil Teknoloji ile Tekstil Performans\u0131n\u0131n Geli\u015ftirilmesi<\/span><\/div><\/div><div class=\"empty-space-custom\" data-id=\"empty_space_custom_23\"><\/div><div class=\"testo-responsive-container\" data-id=\"responsive_text_8\"><p class=\"testo-responsive\">Tekstil terbiyesine y\u00f6nelik poli\u00fcretan dispersiyonlar ayr\u0131ca \u015feffaf apreler ve renk stabilitesi sa\u011flayarak kuma\u015f\u0131n tasar\u0131m\u0131n\u0131n ve g\u00f6r\u00fcn\u00fcm\u00fcn\u00fcn zaman i\u00e7inde de\u011fi\u015fmeden kalmas\u0131n\u0131 sa\u011flar. S\u00fcrd\u00fcr\u00fclebilir bir yakla\u015f\u0131mla form\u00fcle edilen poli\u00fcretan dispersiyonlar\u0131m\u0131z sekt\u00f6r\u00fcn en kat\u0131 \u00e7evre standartlar\u0131na (OEKO-TEX &amp; GOTS) uygundur.<br>\n<\/p><\/div><div class=\"empty-space-custom\" data-id=\"empty_space_custom_24\"><\/div><div class=\"testo-responsive-container\" data-id=\"responsive_text_9\"><p class=\"testo-responsive\">Eko-uyumluluk konusundaki kararl\u0131l\u0131\u011f\u0131m\u0131z, performanstan \u00f6d\u00fcn vermeden \u00e7evresel etkiyi azaltan y\u00fcksek kaliteli poli\u00fcretanlar \u00fcretmemizi sa\u011flar.<br \/>\nChimica Lombarda, tekstil sekt\u00f6r\u00fc i\u00e7in ola\u011fan\u00fcst\u00fc kalite ve performans sunarken daha ye\u015fil bir gelece\u011fi destekleyen s\u00fcrd\u00fcr\u00fclebilir yenilikler sa\u011flar.<br>\n<\/p><\/div><div class=\"empty-space-custom\" data-id=\"empty_space_custom_25\"><\/div>[\/vc_column_inner][\/vc_row_inner]<div class=\"empty-space-custom\" data-id=\"empty_space_custom_26\"><\/div>[vc_row_inner][vc_column_inner css=&#8221;.vc_custom_1741804441771{background-color: #FFFFFF1A !important;}&#8221;]<div class=\"empty-space-custom\" data-id=\"empty_space_custom_27\"><\/div>[\/vc_column_inner][\/vc_row_inner][\/vc_column][\/vc_row][vc_row full_width=&#8221;stretch_row_content_no_spaces&#8221;][vc_column][video_background_gradient background_type=&#8221;immagine&#8221; background_image=&#8221;203&#8243; gradient_rule=&#8221;linear-gradient( to top, rgba(3, 15, 14, 0.8) 10%, rgba(3, 15, 14, 0) 100% ), linear-gradient( to right, rgba(3, 15, 14, 0.9) 10%, rgba(3, 15, 14, 0) 100% )&#8221;]<div class=\"empty-space-custom\" data-id=\"empty_space_custom_28\"><\/div>[vc_row_inner][vc_column_inner width=&#8221;1\/2&#8243;]<div class=\"label-container  inverted\"><div class=\"label\"><i class=\"fa fa-chevron-right\"><\/i> <span>ACRALINK Cross-linker\u2019lerimizi ke\u015ffedin<\/span><\/div><\/div><div class=\"empty-space-custom\" data-id=\"empty_space_custom_29\"><\/div><div class=\"testo-responsive-container\" data-id=\"responsive_text_10\"><p class=\"testo-responsive\">ACRALINK, poli\u00fcretan bazl\u0131 tekstil kaplamalar\u0131n\u0131n mekanik ve kimyasal dayan\u0131m\u0131n\u0131 art\u0131ran bloke poliizosiyanat bazl\u0131 \u00e7apraz ba\u011flay\u0131c\u0131lard\u0131r. Su bazl\u0131 ve y\u00fcksek performansl\u0131 PU sistemleri i\u00e7in form\u00fcle edilmi\u015ftir ve \u00e7\u00f6z\u00fcc\u00fc i\u00e7ermezler.<br>\n<\/p><\/div><div class=\"empty-space-custom\" data-id=\"empty_space_custom_30\"><\/div><div class=\"testo-responsive-container\" data-id=\"responsive_text_11\"><p class=\"testo-responsive\">Genellikle d\u00fc\u015f\u00fck VOC emisyonlu sentetik malzemelerin \u00fcretiminde kullan\u0131l\u0131r: giyim, ayakkab\u0131, \u00e7anta, spor malzemeleri ve mobilya kuma\u015flar\u0131nda oldu\u011fu gibi. Ayr\u0131ca, ta\u015f\u0131y\u0131c\u0131 bantlar ve koruyucu giysiler gibi teknik kuma\u015flar\u0131n kaplanmas\u0131nda da kullan\u0131l\u0131rlar.<br>\n<strong>\u00d6zellikler ve avantajlar:<\/strong><br>\n<\/p><\/div><div class=\"empty-space-custom\" data-id=\"empty_space_custom_31\"><\/div><div class=\"testo-responsive-container\" data-id=\"responsive_text_12\"><div class=\"testo-responsive\"><br>\n<ul>\n<li>PU bazl\u0131 tekstil kaplamalar\u0131n\u0131n mekanik, kimyasal ve s\u00fcrd\u00fcr\u00fclebilirlik \u00f6zelliklerini art\u0131rarak kuma\u015flar\u0131n \u00f6mr\u00fcn\u00fc uzat\u0131r<\/li>\n<li>D\u00fc\u015f\u00fck VOC ve \u00e7\u00f6z\u00fcc\u00fc i\u00e7ermeyen yap\u0131s\u0131 ile s\u00fcrd\u00fcr\u00fclebilir \u00fcretim hedeflerini destekler<\/li>\n<li>Bask\u0131 kalitesini ve tasar\u0131m hassasiyetini art\u0131r\u0131r<\/li>\n<li>Farkl\u0131 end\u00fcstriyel sekt\u00f6rlerde \u00e7ok ama\u00e7l\u0131 kullan\u0131m imk\u00e2n\u0131 sunar<\/li>\n<\/ul>\n\n<\/div><\/div><div class=\"empty-space-custom\" data-id=\"empty_space_custom_32\"><\/div><div class=\"testo-responsive-container\" data-id=\"responsive_text_13\"><p class=\"testo-responsive\">Poli\u00fcretan re\u00e7inelerimizi, \u00e7apraz ba\u011flay\u0131c\u0131lar\u0131m\u0131z\u0131 ve teknik \u00f6zelliklerini \u00f6\u011frenmek i\u00e7in katalo\u011fumuzu indirin.<br>\n<\/p><\/div><div class=\"empty-space-custom\" data-id=\"empty_space_custom_33\"><\/div><a class=\"button  \" data-id=\"button_5\" target=\"_blank\" href=\"https:\/\/chimicalombarda.com\/wp-content\/uploads\/2025\/10\/Acqueous_Polyurethane_Dispersions_v5_Digital_compressed.pdf\"><img decoding=\"async\" src=\"https:\/\/chimicalombarda.com\/wp-content\/uploads\/2025\/03\/mess.svg\" alt=\"icon\" \/><span>\u0130ndir pdf<br>\n<\/span><\/a>[\/vc_column_inner][vc_column_inner width=&#8221;1\/2&#8243;][\/vc_column_inner][\/vc_row_inner]<div class=\"empty-space-custom\" data-id=\"empty_space_custom_34\"><\/div><div class=\"container-fluid cta\" data-col-base=\"1\"  data-col-lg=\"2\"  data-id=\"cta_1\"><div class=\"row\"><div class=\"col-12 col-lg-6 p-0\"><div><a href=\"https:\/\/chimicalombarda.com\/tr\/sertifikalar\/\"><div class=\"cta-content\"><span>Sertifikalar<\/span><span class=\"label d-inline-block d-md-none\">Discover more<\/span><\/div><\/a><\/div><\/div><div class=\"col-12 col-lg-6 p-0\"><div><a href=\"http:\/\/:%20https:\/\/chimicalombarda.com\/tr\/arastirma-ve-gelistirme\/\"><div class=\"cta-content\"><span>Ara\u015ft\u0131rma ve Geli\u015ftirme<\/span><span class=\"label d-inline-block d-md-none\">Discover more<\/span><\/div><\/a><\/div><\/div><\/div><\/div><div class=\"empty-space-custom\" data-id=\"empty_space_custom_35\"><\/div>[\/video_background_gradient][\/vc_column][\/vc_row]<\/p>\n<\/div>","protected":false},"excerpt":{"rendered":"<p>[vc_row full_width=&#8221;stretch_row_content_no_spaces&#8221; css=&#8221;.vc_custom_1743427671406{background-color: #030F0E !important;}&#8221;][vc_column][video_background_gradient background_type=&#8221;immagine&#8221; background_image=&#8221;787&#8243;][vc_row_inner][vc_column_inner width=&#8221;5\/12&#8243;][\/vc_column_inner][vc_column_inner width=&#8221;7\/12&#8243;][\/vc_column_inner][\/vc_row_inner][vc_row_inner][vc_column_inner css=&#8221;.vc_custom_1741773509985{padding-top: 0px !important;padding-bottom: 0px !important;background-color: #FFFFFF1A !important;}&#8221;][\/vc_column_inner][\/vc_row_inner][\/video_background_gradient][\/vc_column][\/vc_row][vc_row full_width=&#8221;stretch_row&#8221; css=&#8221;.vc_custom_1741629619116{background-color: #030F0E !important;}&#8221;][vc_column width=&#8221;1\/6&#8243;][\/vc_column][vc_column width=&#8221;4\/6&#8243;][\/vc_column][vc_column width=&#8221;1\/6&#8243;][\/vc_column][\/vc_row][vc_row full_width=&#8221;stretch_row&#8221; css=&#8221;.vc_custom_1741777323755{background-color: #030F0E !important;}&#8221;][vc_column css=&#8221;.vc_custom_1741778561208{padding-top: 0px !important;}&#8221;][\/vc_column][\/vc_row][vc_row full_width=&#8221;stretch_row_content_no_spaces&#8221; css=&#8221;.vc_custom_1741805581506{background-color: #030F0E !important;}&#8221;][vc_column][video_background_gradient video_url=&#8221;https:\/\/chimicalombarda.com\/wp-content\/uploads\/2025\/03\/Video_header.mp4&#8243; gradient_rule=&#8221;linear-gradient(0deg, rgba(3,15,14,0.36738445378151263) 0%, rgba(3,15,14,1) 58%)&#8221;][vc_row_inner][vc_column_inner width=&#8221;7\/12&#8243; offset=&#8221;vc_hidden-sm vc_hidden-xs&#8221;][\/vc_column_inner][vc_column_inner width=&#8221;5\/12&#8243;][\/vc_column_inner][\/vc_row_inner][vc_row_inner][vc_column_inner][\/vc_column_inner][\/vc_row_inner][\/video_background_gradient][\/vc_column][\/vc_row][vc_row][vc_column][vc_row_inner el_class=&#8221;d-flex flex-column flex-md-row&#8221;][vc_column_inner el_class=&#8221;order-2 order-md-1&#8243; width=&#8221;1\/2&#8243;][\/vc_column_inner][vc_column_inner el_class=&#8221;order-1 order-md-2&#8243; width=&#8221;1\/2&#8243;][\/vc_column_inner][\/vc_row_inner][\/vc_column][\/vc_row][vc_row][vc_column][vc_row_inner][vc_column_inner width=&#8221;1\/2&#8243;][\/vc_column_inner][vc_column_inner width=&#8221;1\/2&#8243;][\/vc_column_inner][\/vc_row_inner][vc_row_inner][vc_column_inner [&hellip;]<\/p>\n","protected":false},"author":4,"featured_media":0,"parent":0,"menu_order":0,"comment_status":"closed","ping_status":"closed","template":"","meta":{"_acf_changed":false,"inline_featured_image":false,"footnotes":""},"class_list":["post-1199","page","type-page","status-publish","hentry"],"acf":[],"aioseo_notices":[],"_links":{"self":[{"href":"https:\/\/chimicalombarda.com\/tr\/wp-json\/wp\/v2\/pages\/1199","targetHints":{"allow":["GET"]}}],"collection":[{"href":"https:\/\/chimicalombarda.com\/tr\/wp-json\/wp\/v2\/pages"}],"about":[{"href":"https:\/\/chimicalombarda.com\/tr\/wp-json\/wp\/v2\/types\/page"}],"author":[{"embeddable":true,"href":"https:\/\/chimicalombarda.com\/tr\/wp-json\/wp\/v2\/users\/4"}],"replies":[{"embeddable":true,"href":"https:\/\/chimicalombarda.com\/tr\/wp-json\/wp\/v2\/comments?post=1199"}],"version-history":[{"count":5,"href":"https:\/\/chimicalombarda.com\/tr\/wp-json\/wp\/v2\/pages\/1199\/revisions"}],"predecessor-version":[{"id":1396,"href":"https:\/\/chimicalombarda.com\/tr\/wp-json\/wp\/v2\/pages\/1199\/revisions\/1396"}],"wp:attachment":[{"href":"https:\/\/chimicalombarda.com\/tr\/wp-json\/wp\/v2\/media?parent=1199"}],"curies":[{"name":"wp","href":"https:\/\/api.w.org\/{rel}","templated":true}]}}